{"id":53260,"date":"2018-04-16T10:56:17","date_gmt":"2018-04-16T10:56:17","guid":{"rendered":"https:\/\/business.roovi.com\/puzzle-adulti-1000-piese-john-everett-millais-ophelia\/p\/"},"modified":"2022-07-13T10:24:22","modified_gmt":"2022-07-13T10:24:22","slug":"puzzle-adulte-de-1000-pieces-john-everett-millais-ophelie","status":"publish","type":"product","link":"https:\/\/business.roovi.com\/fr\/puzzle-adulte-de-1000-pieces-john-everett-millais-ophelie\/p\/","title":{"rendered":"Puzzle adulte de 1000 pi\u00e8ces John Everett Millais &#8211; Oph\u00e9lie"},"content":{"rendered":"<p><span style=\"font-weight: 400; font-size: 14px;\">Tu t&rsquo;ennuies pendant les soir\u00e9es pluvieuses qui te retiennent \u00e0 l&rsquo;int\u00e9rieur ? Essaie les puzzles d&rsquo;art ! Tu vas red\u00e9couvrir une activit\u00e9 classique qui est amusante et relaxante. Ach\u00e8te maintenant des puzzles de 1000 pi\u00e8ces avec des images de tableaux c\u00e9l\u00e8bres et donne de la couleur \u00e0 ton temps libre !<\/span><\/p>\n<p><span style=\"font-weight: 400; font-size: 14px;\">Le puzzle de 1000 pi\u00e8ces de John Everett Millais &#8211; Oph\u00e9lie est une reproduction du c\u00e9l\u00e8bre tableau inspir\u00e9 d&rsquo;une sc\u00e8ne de la pi\u00e8ce Hamlet de Shakespeare. Oph\u00e9lie, accabl\u00e9e de chagrin, est allong\u00e9e dans l&rsquo;eau en chantant, entour\u00e9e de fleurs, comme si elle n&rsquo;avait pas conscience du danger qu&rsquo;elle court. Le tableau refl\u00e8te majestueusement la sc\u00e8ne de mort la plus po\u00e9tique jamais repr\u00e9sent\u00e9e dans la litt\u00e9rature. Sois le seul \u00e0 cr\u00e9er ce chef-d&rsquo;\u0153uvre artistique de tes propres mains.<\/span><\/p>\n<p><span style=\"font-weight: 400; font-size: 14px;\">Pour recr\u00e9er le tableau, tu as besoin d&rsquo;une table basse standard car les dimensions du puzzle de 1000 pi\u00e8ces sont de 50 x 70 cm.<\/span><\/p>\n<p><span style=\"font-weight: 400; font-size: 14px;\">D\u00e9couvre les autres caract\u00e9ristiques de ce puzzle artistique ci-dessous :<\/span><\/p>\n<p><span style=\"font-size: 14px;\"><strong>Mat\u00e9riau du puzzle <\/strong><\/span><\/p>\n<p><span style=\"font-size: 14px;\"><strong>carton bleu de haute qualit\u00e9<\/strong><\/span><\/p>\n<p><span style=\"font-size: 14px;\"><strong>des mat\u00e9riaux durables et recyclables<\/strong><\/span><\/p>\n<p><span style=\"font-size: 14px;\"><strong>finition semi-brillante, couleurs vives<\/strong><\/span><\/p>\n<p><span style=\"font-size: 14px;\"><strong>Nombre de pi\u00e8ces de puzzle : 1000<\/strong><\/span><\/p>\n<p><span style=\"font-size: 14px;\"><strong>\u00c2ge recommand\u00e9 : 14+<\/strong><\/span><\/p>\n<p><span style=\"font-size: 14px;\"><strong>Les puzzles pour adultes te donnent beaucoup d&rsquo;\u00e9nergie positive<\/strong><\/span><\/p>\n<p><span style=\"font-weight: 400; font-size: 14px;\">Tu veux un rem\u00e8de contre le stress et l&rsquo;\u00e9nergie n\u00e9gative ? Les jeux de puzzle sont l&rsquo;option parfaite. Chaque fois que tu es engag\u00e9 dans une telle activit\u00e9, ton cerveau s\u00e9cr\u00e8te de la dopamine. Cette substance b\u00e9n\u00e9fique est responsable de l&rsquo;humeur, de l&rsquo;optimisme, des pens\u00e9es positives, ainsi que de la m\u00e9moire et de l&rsquo;attention. C&rsquo;est pourquoi tu ressens une grande satisfaction et une grande joie chaque fois que tu participes \u00e0 un jeu de r\u00e9flexion.<\/span><\/p>\n<p><span style=\"font-size: 14px;\"><strong>Puzzles pour adultes et productivit\u00e9 au travail<\/strong><\/span><\/p>\n<p><span style=\"font-weight: 400; font-size: 14px;\">L&rsquo;augmentation de la productivit\u00e9 au travail est un autre avantage dont tu profiteras gr\u00e2ce \u00e0 la passion de reconstituer des puzzles de 1000 pi\u00e8ces. L&rsquo;entra\u00eenement avec de petits puzzles de 1000 pi\u00e8ces est particuli\u00e8rement efficace pour augmenter l&rsquo;attention aux d\u00e9tails, la capacit\u00e9 d&rsquo;attention et la pers\u00e9v\u00e9rance. Tu utilises ces comp\u00e9tences pour travailler ou \u00e9tudier pour des examens difficiles. Tu as donc toutes les raisons d&rsquo;acheter tes jeux de r\u00e9flexion pr\u00e9f\u00e9r\u00e9s !<\/span><\/p>\n<p><span style=\"font-size: 14px;\"><strong>Tu savais pour Oph\u00e9lie ?<\/strong><\/span><\/p>\n<p><span style=\"font-weight: 400; font-size: 14px;\">Elle est consid\u00e9r\u00e9e comme la peinture la plus brillante de tout l&rsquo;art anglais.<\/span><\/p>\n<p><span style=\"font-weight: 400; font-size: 14px;\">Au Japon, les reproductions de cette peinture ont \u00e9t\u00e9 interdites par crainte que les jeunes filles ne se suicident \u00e0 cause d&rsquo;elle.<\/span><\/p>\n<p><span style=\"font-size: 14px;\"><span style=\"font-weight: 400;\">Le mod\u00e8le vivant d&rsquo;apr\u00e8s lequel il a \u00e9t\u00e9 d\u00e9peint <\/span><em><span style=\"font-weight: 400;\">Ophelia<\/span><\/em><span style=\"font-weight: 400;\"> \u00e9tait Elizabeth Siddal, une jeune fille de 19 ans.<\/span><\/span><\/p>\n<p><span style=\"font-weight: 400; font-size: 14px;\">Elizabeth est tomb\u00e9e malade de la pneumonie pendant la peinture parce que Millais l&rsquo;a fait asseoir dans une baignoire d&rsquo;eau pendant l&rsquo;hiver. Son p\u00e8re a demand\u00e9 au peintre de payer ses soins m\u00e9dicaux.<\/span><\/p>\n<p><span style=\"font-weight: 400; font-size: 14px;\">De nombreux peintres pr\u00e9rapha\u00e9lites ont peint Oph\u00e9lie dans diff\u00e9rentes poses, mais le tableau de Millais est de loin le plus r\u00e9ussi.<\/span><\/p>\n<p><span style=\"font-size: 14px;\"><span style=\"font-weight: 400;\">Aujourd&rsquo;hui, <\/span><em><span style=\"font-weight: 400;\">Ophelia <\/span><\/em><span style=\"font-weight: 400;\">est maintenant accroch\u00e9 \u00e0 la Tate Britain de Londres et est estim\u00e9 par les experts \u00e0 environ 30 millions d&rsquo;euros <\/span><span style=\"font-weight: 400;\">\u00a3.<\/span><\/span><\/p>\n<p><span style=\"font-size: 14px;\"><strong>Les \u00e9nigmes artistiques d\u00e9veloppent ta culture g\u00e9n\u00e9rale<\/strong><\/span><\/p>\n<p><span style=\"font-weight: 400; font-size: 14px;\">Les puzzles d&rsquo;art aiguisent ton app\u00e9tit pour les peintures c\u00e9l\u00e8bres. Une fois que tu commences \u00e0 travailler sur une peinture d&rsquo;une image artistique, tu commences \u00e0 vouloir savoir quelle histoire tu recr\u00e9es avec tes mains. Toute raison de savoir t&rsquo;enrichit intellectuellement, et les \u00e9nigmes artistiques sont une de ces occasions.<\/span><\/p>\n<p><span style=\"font-weight: 400; font-size: 14px;\">Admirer le tableau le plus c\u00e9l\u00e8bre de Grande-Bretagne dans ta propre maison est un r\u00eave devenu r\u00e9alit\u00e9 lorsque tu ach\u00e8tes le puzzle artistique John Everett Millais &#8211; Ophelia. Recr\u00e9e ce chef-d&rsquo;\u0153uvre artistique \u00e0 partir du puzzle de 1000 pi\u00e8ces et encadre le tableau obtenu. Ce merveilleux jeu de puzzle de la collection de puzzles d&rsquo;art donnera \u00e0 ta maison un aspect exquis <\/span><\/p>\n<p><span style=\"font-weight: 400; font-size: 14px;\">Tu cherches un cadeau sp\u00e9cial pour surprendre tes amis ? Le puzzle artistique John Everett Millais &#8211; Oph\u00e9lie est exactement ce qu&rsquo;il te faut !<\/span><\/p><\/p>\n","protected":false},"excerpt":{"rendered":"<p>Tu t&rsquo;ennuies pendant les soir\u00e9es pluvieuses qui te retiennent \u00e0 l&rsquo;int\u00e9rieur ? Essaie les puzzles d&rsquo;art ! Tu vas red\u00e9couvrir<\/p>\n","protected":false},"featured_media":63634,"template":"","meta":[],"product_brand":[],"product_cat":[2314,2316,2315],"product_tag":[],"class_list":{"0":"post-53260","1":"product","2":"type-product","3":"status-publish","4":"has-post-thumbnail","6":"product_cat-puzzles-fr","7":"product_cat-puzzles-de-1000-pieces","8":"product_cat-puzzles-pour-adultes","9":"pa_brand-d_toys-fr","10":"pa_country_of_manufacture-ro-fr","11":"pa_filter_age-14-fr","12":"pa_painter-johneverettmillais-fr","13":"pa_tip_ambalaj-boite","14":"pa_tip_puzzle-classique","16":"first","17":"onbackorder","18":"taxable","19":"shipping-taxable","20":"product-type-simple"},"yoast_head":"<!-- This site is optimized with the Yoast SEO plugin v20.1 - https:\/\/yoast.com\/wordpress\/plugins\/seo\/ -->\n<title>Puzzle adulte de 1000 pi\u00e8ces John Everett Millais - Oph\u00e9lie<\/title>\n<meta name=\"description\" content=\"Puzzle adulte de 1000 pi\u00e8ces John Everett Millais - Oph\u00e9lie\" \/>\n<meta name=\"robots\" content=\"index, follow, max-snippet:-1, max-image-preview:large, max-video-preview:-1\" \/>\n<link rel=\"canonical\" href=\"https:\/\/business.roovi.com\/fr\/puzzle-adulte-de-1000-pieces-john-everett-millais-ophelie\/p\/\" \/>\n<meta property=\"og:locale\" content=\"fr_FR\" \/>\n<meta property=\"og:type\" content=\"article\" \/>\n<meta property=\"og:title\" content=\"Puzzle adulte de 1000 pi\u00e8ces John Everett Millais - Oph\u00e9lie\" \/>\n<meta property=\"og:description\" content=\"Puzzle adulte de 1000 pi\u00e8ces John Everett Millais - Oph\u00e9lie\" \/>\n<meta property=\"og:url\" content=\"https:\/\/business.roovi.com\/fr\/puzzle-adulte-de-1000-pieces-john-everett-millais-ophelie\/p\/\" \/>\n<meta property=\"og:site_name\" content=\"Roovi B2B\" \/>\n<meta property=\"article:publisher\" content=\"https:\/\/www.facebook.com\/wwwjucariero\" \/>\n<meta property=\"article:modified_time\" content=\"2022-07-13T10:24:22+00:00\" \/>\n<meta property=\"og:image\" content=\"https:\/\/business.roovi.com\/wp-content\/uploads\/2018\/04\/73815-01_ansamblu_dimensiuni_cutie_cm_1200x1200.png\" \/>\n\t<meta property=\"og:image:width\" content=\"1200\" \/>\n\t<meta property=\"og:image:height\" content=\"1200\" \/>\n\t<meta property=\"og:image:type\" content=\"image\/png\" \/>\n<meta name=\"twitter:label1\" content=\"Dur\u00e9e de lecture estim\u00e9e\" \/>\n\t<meta name=\"twitter:data1\" content=\"3 minutes\" \/>\n<script type=\"application\/ld+json\" class=\"yoast-schema-graph\">{\"@context\":\"https:\/\/schema.org\",\"@graph\":[{\"@type\":\"WebPage\",\"@id\":\"https:\/\/business.roovi.com\/fr\/puzzle-adulte-de-1000-pieces-john-everett-millais-ophelie\/p\/\",\"url\":\"https:\/\/business.roovi.com\/fr\/puzzle-adulte-de-1000-pieces-john-everett-millais-ophelie\/p\/\",\"name\":\"Puzzle adulte de 1000 pi\u00e8ces John Everett Millais - Oph\u00e9lie\",\"isPartOf\":{\"@id\":\"https:\/\/business.roovi.com\/fr\/#website\"},\"datePublished\":\"2018-04-16T10:56:17+00:00\",\"dateModified\":\"2022-07-13T10:24:22+00:00\",\"description\":\"Puzzle adulte de 1000 pi\u00e8ces John Everett Millais - Oph\u00e9lie\",\"breadcrumb\":{\"@id\":\"https:\/\/business.roovi.com\/fr\/puzzle-adulte-de-1000-pieces-john-everett-millais-ophelie\/p\/#breadcrumb\"},\"inLanguage\":\"fr-FR\",\"potentialAction\":[{\"@type\":\"ReadAction\",\"target\":[\"https:\/\/business.roovi.com\/fr\/puzzle-adulte-de-1000-pieces-john-everett-millais-ophelie\/p\/\"]}]},{\"@type\":\"BreadcrumbList\",\"@id\":\"https:\/\/business.roovi.com\/fr\/puzzle-adulte-de-1000-pieces-john-everett-millais-ophelie\/p\/#breadcrumb\",\"itemListElement\":[{\"@type\":\"ListItem\",\"position\":1,\"name\":\"Home\",\"item\":\"https:\/\/business.roovi.com\/fr\/\"},{\"@type\":\"ListItem\",\"position\":2,\"name\":\"Boutique\",\"item\":\"https:\/\/business.roovi.com\/fr\/boutique\/\"},{\"@type\":\"ListItem\",\"position\":3,\"name\":\"Puzzle adulte de 1000 pi\u00e8ces John Everett Millais &#8211; Oph\u00e9lie\"}]},{\"@type\":\"WebSite\",\"@id\":\"https:\/\/business.roovi.com\/fr\/#website\",\"url\":\"https:\/\/business.roovi.com\/fr\/\",\"name\":\"Roovi B2B\",\"description\":\"Roovi Business Website\",\"potentialAction\":[{\"@type\":\"SearchAction\",\"target\":{\"@type\":\"EntryPoint\",\"urlTemplate\":\"https:\/\/business.roovi.com\/fr\/?s={search_term_string}\"},\"query-input\":\"required name=search_term_string\"}],\"inLanguage\":\"fr-FR\"}]}<\/script>\n<!-- \/ Yoast SEO plugin. -->","yoast_head_json":{"title":"Puzzle adulte de 1000 pi\u00e8ces John Everett Millais - Oph\u00e9lie","description":"Puzzle adulte de 1000 pi\u00e8ces John Everett Millais - Oph\u00e9lie","robots":{"index":"index","follow":"follow","max-snippet":"max-snippet:-1","max-image-preview":"max-image-preview:large","max-video-preview":"max-video-preview:-1"},"canonical":"https:\/\/business.roovi.com\/fr\/puzzle-adulte-de-1000-pieces-john-everett-millais-ophelie\/p\/","og_locale":"fr_FR","og_type":"article","og_title":"Puzzle adulte de 1000 pi\u00e8ces John Everett Millais - Oph\u00e9lie","og_description":"Puzzle adulte de 1000 pi\u00e8ces John Everett Millais - Oph\u00e9lie","og_url":"https:\/\/business.roovi.com\/fr\/puzzle-adulte-de-1000-pieces-john-everett-millais-ophelie\/p\/","og_site_name":"Roovi B2B","article_publisher":"https:\/\/www.facebook.com\/wwwjucariero","article_modified_time":"2022-07-13T10:24:22+00:00","og_image":[{"width":1200,"height":1200,"url":"https:\/\/business.roovi.com\/wp-content\/uploads\/2018\/04\/73815-01_ansamblu_dimensiuni_cutie_cm_1200x1200.png","type":"image\/png"}],"twitter_misc":{"Dur\u00e9e de lecture estim\u00e9e":"3 minutes"},"schema":{"@context":"https:\/\/schema.org","@graph":[{"@type":"WebPage","@id":"https:\/\/business.roovi.com\/fr\/puzzle-adulte-de-1000-pieces-john-everett-millais-ophelie\/p\/","url":"https:\/\/business.roovi.com\/fr\/puzzle-adulte-de-1000-pieces-john-everett-millais-ophelie\/p\/","name":"Puzzle adulte de 1000 pi\u00e8ces John Everett Millais - Oph\u00e9lie","isPartOf":{"@id":"https:\/\/business.roovi.com\/fr\/#website"},"datePublished":"2018-04-16T10:56:17+00:00","dateModified":"2022-07-13T10:24:22+00:00","description":"Puzzle adulte de 1000 pi\u00e8ces John Everett Millais - Oph\u00e9lie","breadcrumb":{"@id":"https:\/\/business.roovi.com\/fr\/puzzle-adulte-de-1000-pieces-john-everett-millais-ophelie\/p\/#breadcrumb"},"inLanguage":"fr-FR","potentialAction":[{"@type":"ReadAction","target":["https:\/\/business.roovi.com\/fr\/puzzle-adulte-de-1000-pieces-john-everett-millais-ophelie\/p\/"]}]},{"@type":"BreadcrumbList","@id":"https:\/\/business.roovi.com\/fr\/puzzle-adulte-de-1000-pieces-john-everett-millais-ophelie\/p\/#breadcrumb","itemListElement":[{"@type":"ListItem","position":1,"name":"Home","item":"https:\/\/business.roovi.com\/fr\/"},{"@type":"ListItem","position":2,"name":"Boutique","item":"https:\/\/business.roovi.com\/fr\/boutique\/"},{"@type":"ListItem","position":3,"name":"Puzzle adulte de 1000 pi\u00e8ces John Everett Millais &#8211; Oph\u00e9lie"}]},{"@type":"WebSite","@id":"https:\/\/business.roovi.com\/fr\/#website","url":"https:\/\/business.roovi.com\/fr\/","name":"Roovi B2B","description":"Roovi Business Website","potentialAction":[{"@type":"SearchAction","target":{"@type":"EntryPoint","urlTemplate":"https:\/\/business.roovi.com\/fr\/?s={search_term_string}"},"query-input":"required name=search_term_string"}],"inLanguage":"fr-FR"}]}},"_links":{"self":[{"href":"https:\/\/business.roovi.com\/fr\/wp-json\/wp\/v2\/product\/53260","targetHints":{"allow":["GET"]}}],"collection":[{"href":"https:\/\/business.roovi.com\/fr\/wp-json\/wp\/v2\/product"}],"about":[{"href":"https:\/\/business.roovi.com\/fr\/wp-json\/wp\/v2\/types\/product"}],"version-history":[{"count":0,"href":"https:\/\/business.roovi.com\/fr\/wp-json\/wp\/v2\/product\/53260\/revisions"}],"wp:featuredmedia":[{"embeddable":true,"href":"https:\/\/business.roovi.com\/fr\/wp-json\/wp\/v2\/media\/63634"}],"wp:attachment":[{"href":"https:\/\/business.roovi.com\/fr\/wp-json\/wp\/v2\/media?parent=53260"}],"wp:term":[{"taxonomy":"product_brand","embeddable":true,"href":"https:\/\/business.roovi.com\/fr\/wp-json\/wp\/v2\/product_brand?post=53260"},{"taxonomy":"product_cat","embeddable":true,"href":"https:\/\/business.roovi.com\/fr\/wp-json\/wp\/v2\/product_cat?post=53260"},{"taxonomy":"product_tag","embeddable":true,"href":"https:\/\/business.roovi.com\/fr\/wp-json\/wp\/v2\/product_tag?post=53260"}],"curies":[{"name":"wp","href":"https:\/\/api.w.org\/{rel}","templated":true}]}}