{"id":53262,"date":"2018-04-16T10:56:17","date_gmt":"2018-04-16T10:56:17","guid":{"rendered":"https:\/\/business.roovi.com\/puzzle-adulti-1000-piese-john-collier-the-sleeping-beauty-frumoasa-adormita\/p\/"},"modified":"2022-07-13T10:24:23","modified_gmt":"2022-07-13T10:24:23","slug":"puzzle-adulte-john-collier-1000-pieces-la-belle-au-bois-dormant","status":"publish","type":"product","link":"https:\/\/business.roovi.com\/fr\/puzzle-adulte-john-collier-1000-pieces-la-belle-au-bois-dormant\/p\/","title":{"rendered":"Puzzle adulte John Collier 1000 pi\u00e8ces &#8211; La Belle au bois dormant"},"content":{"rendered":"<p><span style=\"font-weight: 400;\">Si tu aimais les histoires de princes et de princesses et que tu attendais la fin en retenant ton souffle, alors un puzzle pour adultes capturant une sc\u00e8ne de l&rsquo;histoire de la Belle au bois dormant, vue par le peintre John Collier, va certainement raviver de nombreux souvenirs.<\/span><\/p>\n<p><span style=\"font-weight: 400;\">Il y a tellement de variations de cette histoire, tellement d&rsquo;images et tellement d&rsquo;imaginations, qu&rsquo;on pourrait croire que plus rien ne peut te surprendre. Jusqu&rsquo;\u00e0 ce que tu rassembles ce puzzle de 1000 pi\u00e8ces repr\u00e9sentant une sc\u00e8ne de l&rsquo;histoire dans la vision de Collier <\/span><\/p>\n<p><span style=\"font-weight: 400;\">L&rsquo;image vue de la chambre m\u00eame o\u00f9 la princesse dort avec ses servantes, mais avec le visage d\u00e9tourn\u00e9 de la fen\u00eatre, vers la for\u00eat o\u00f9 elle sera secourue, est une interpr\u00e9tation inhabituelle, mais elle vient comme un symbole d&rsquo;espoir.<\/span><\/p>\n<p><span style=\"font-weight: 400;\">Assemble chaque pi\u00e8ce de l&rsquo;art du puzzle et construis ta propre histoire de la Belle au bois dormant, dans une profusion de d\u00e9tails et un magnifique jeu d&rsquo;ombres et de lumi\u00e8res que John Collier parvient \u00e0 transmettre parfaitement, capturant l&rsquo;immobilit\u00e9 et la profondeur du moment <\/span><\/p>\n<p><span style=\"font-weight: 400;\">Admire chaque d\u00e9tail mis en valeur dans ce tableau peint en 1921 dans le style pr\u00e9rapha\u00e9lite adopt\u00e9 par Collier, une \u0153uvre charmante \u00e0 l&rsquo;huile sur toile, et d\u00e9tends-toi en assemblant un puzzle de 1000 pi\u00e8ces pour le recr\u00e9er.<\/span><\/p>\n<h3><strong>Pourquoi choisir un puzzle adulte John Collier 1000 pi\u00e8ces<\/strong><\/h3>\n<ul>\n<li><span style=\"font-weight: 400;\">Tu recevras une peinture incroyablement d\u00e9taill\u00e9e de La Belle au bois dormant, sign\u00e9e par John Collier<\/span><\/li>\n<li><span style=\"font-weight: 400;\">Taille du puzzle d&rsquo;art 68 x 47 cm<\/span><\/li>\n<li><span style=\"font-weight: 400;\">Pi\u00e8ces fabriqu\u00e9es en carton durable et de haute qualit\u00e9<\/span><\/li>\n<li><span style=\"font-weight: 400;\">Fab Fab fabriqu\u00e9 \u00e0 partir de mat\u00e9riaux durables et recyclables<\/span><\/li>\n<li><span style=\"font-weight: 400;\">La finition est semi-brillante et les couleurs sont vives et vibrantes<\/span><\/li>\n<li><span style=\"font-weight: 400;\">Convient \u00e0 partir de 14 ans &#8211; une excellente occasion de faire d\u00e9couvrir aux adolescents le monde fascinant de l&rsquo;art<\/span><\/li>\n<\/ul>\n<p><span style=\"font-weight: 400;\">Assembler un puzzle artistique pr\u00e9sente de nombreux avantages qui se refl\u00e8tent \u00e0 plusieurs niveaux :<\/span><\/p>\n<ul>\n<li><span style=\"font-weight: 400;\">C&rsquo;est une activit\u00e9 relaxante et amusante<\/span><\/li>\n<li><span style=\"font-weight: 400;\">Am\u00e9liore la m\u00e9moire \u00e0 court terme<\/span><\/li>\n<li><span style=\"font-weight: 400;\"><\/span><\/li>\n<li><span style=\"font-weight: 400;\">Cela peut \u00eatre une bonne occasion de se reconnecter avec soi-m\u00eame<\/span><\/li>\n<li><span style=\"font-weight: 400;\">Aide \u00e0 rester concentr\u00e9 sur une seule activit\u00e9 <\/span><\/li>\n<\/ul>\n<h3><strong>Tu savais que&#8230; ?<\/strong><\/h3>\n<p><span style=\"font-weight: 400;\">James Collier \u00e9tait un artiste prolifique, laissant derri\u00e8re lui une collection de plus de 1100 \u0153uvres d&rsquo;art, dont la seule Acad\u00e9mie royale lui a donn\u00e9 140 \u0153uvres.<\/span><\/p>\n<p><span style=\"font-weight: 400;\">Il s&rsquo;est distingu\u00e9 en tant que portraitiste et, bien qu&rsquo;il ait \u00e9galement peint des femmes, il s&rsquo;est sp\u00e9cialis\u00e9 dans les portraits d&rsquo;hommes, pour lesquels il pouvait capturer la profondeur des d\u00e9tails beaucoup mieux <\/span><\/p>\n<p><span style=\"font-weight: 400;\">Bien que les th\u00e8mes litt\u00e9raires, comme la Belle au bois dormant, soient consid\u00e9r\u00e9s comme d\u00e9mod\u00e9s apr\u00e8s 1890, John Collier a continu\u00e9 \u00e0 peindre des images aussi spectaculaires.<\/span><\/p>\n<p><span style=\"font-weight: 400;\">Parmi les personnalit\u00e9s de l&rsquo;\u00e9poque que John Collier a peintes, il y a Charles Darwin, George Bernard Shaw et Rudyard Kipling.<\/span><\/p>\n<h3><strong>Le puzzle pour adultes de la Belle au bois dormant pour des histoires relaxantes et un amusement sans fin<\/strong><\/h3>\n<p><span style=\"font-weight: 400;\">Choisis de recr\u00e9er une belle sc\u00e8ne de l&rsquo;histoire de la Belle au bois dormant dans le style unique du peintre John Collier \u00e0 la maison sous la forme d&rsquo;un puzzle artistique. Laisse la magie du conte de f\u00e9es t&rsquo;envahir et profite des heures de plaisir avec tes chers amis et ta famille.<\/span><\/p>\n<p><span style=\"font-weight: 400;\">De plus, un puzzle de 1000 pi\u00e8ces est comme une chasse au tr\u00e9sor, o\u00f9 chaque pi\u00e8ce a de la valeur pour le r\u00e9sultat final. Et \u00e0 la fin, quand le tableau est termin\u00e9, tu peux le d\u00e9monter ou le garder ainsi &#8211; ta propre \u0153uvre d&rsquo;art, pr\u00eate \u00e0 \u00eatre expos\u00e9e.<\/span><\/p>\n","protected":false},"excerpt":{"rendered":"<p>Si tu aimais les histoires de princes et de princesses et que tu attendais la fin en retenant ton souffle,<\/p>\n","protected":false},"featured_media":63640,"template":"","meta":[],"product_brand":[],"product_cat":[2314,2316,2315],"product_tag":[],"class_list":{"0":"post-53262","1":"product","2":"type-product","3":"status-publish","4":"has-post-thumbnail","6":"product_cat-puzzles-fr","7":"product_cat-puzzles-de-1000-pieces","8":"product_cat-puzzles-pour-adultes","9":"pa_brand-d_toys-fr","10":"pa_country_of_manufacture-ro-fr","11":"pa_filter_age-14-fr","12":"pa_painter-johncollier-fr","13":"pa_tip_ambalaj-boite","14":"pa_tip_puzzle-classique","16":"first","17":"instock","18":"taxable","19":"shipping-taxable","20":"product-type-simple"},"yoast_head":"<!-- This site is optimized with the Yoast SEO plugin v20.1 - https:\/\/yoast.com\/wordpress\/plugins\/seo\/ -->\n<title>Puzzle adulte John Collier 1000 pi\u00e8ces - La Belle au bois dormant<\/title>\n<meta name=\"description\" content=\"Puzzle adulte John Collier 1000 pi\u00e8ces - La Belle au bois dormant\" \/>\n<meta name=\"robots\" content=\"index, follow, max-snippet:-1, max-image-preview:large, max-video-preview:-1\" \/>\n<link rel=\"canonical\" href=\"https:\/\/business.roovi.com\/fr\/puzzle-adulte-john-collier-1000-pieces-la-belle-au-bois-dormant\/p\/\" \/>\n<meta property=\"og:locale\" content=\"fr_FR\" \/>\n<meta property=\"og:type\" content=\"article\" \/>\n<meta property=\"og:title\" content=\"Puzzle adulte John Collier 1000 pi\u00e8ces - La Belle au bois dormant\" \/>\n<meta property=\"og:description\" content=\"Puzzle adulte John Collier 1000 pi\u00e8ces - La Belle au bois dormant\" \/>\n<meta property=\"og:url\" content=\"https:\/\/business.roovi.com\/fr\/puzzle-adulte-john-collier-1000-pieces-la-belle-au-bois-dormant\/p\/\" \/>\n<meta property=\"og:site_name\" content=\"Roovi B2B\" \/>\n<meta property=\"article:publisher\" content=\"https:\/\/www.facebook.com\/wwwjucariero\" \/>\n<meta property=\"article:modified_time\" content=\"2022-07-13T10:24:23+00:00\" \/>\n<meta property=\"og:image\" content=\"https:\/\/business.roovi.com\/wp-content\/uploads\/2018\/04\/73822_01.jpg\" \/>\n\t<meta property=\"og:image:width\" content=\"1200\" \/>\n\t<meta property=\"og:image:height\" content=\"1200\" \/>\n\t<meta property=\"og:image:type\" content=\"image\/jpeg\" \/>\n<meta name=\"twitter:label1\" content=\"Dur\u00e9e de lecture estim\u00e9e\" \/>\n\t<meta name=\"twitter:data1\" content=\"3 minutes\" \/>\n<script type=\"application\/ld+json\" class=\"yoast-schema-graph\">{\"@context\":\"https:\/\/schema.org\",\"@graph\":[{\"@type\":\"WebPage\",\"@id\":\"https:\/\/business.roovi.com\/fr\/puzzle-adulte-john-collier-1000-pieces-la-belle-au-bois-dormant\/p\/\",\"url\":\"https:\/\/business.roovi.com\/fr\/puzzle-adulte-john-collier-1000-pieces-la-belle-au-bois-dormant\/p\/\",\"name\":\"Puzzle adulte John Collier 1000 pi\u00e8ces - La Belle au bois dormant\",\"isPartOf\":{\"@id\":\"https:\/\/business.roovi.com\/fr\/#website\"},\"datePublished\":\"2018-04-16T10:56:17+00:00\",\"dateModified\":\"2022-07-13T10:24:23+00:00\",\"description\":\"Puzzle adulte John Collier 1000 pi\u00e8ces - La Belle au bois dormant\",\"breadcrumb\":{\"@id\":\"https:\/\/business.roovi.com\/fr\/puzzle-adulte-john-collier-1000-pieces-la-belle-au-bois-dormant\/p\/#breadcrumb\"},\"inLanguage\":\"fr-FR\",\"potentialAction\":[{\"@type\":\"ReadAction\",\"target\":[\"https:\/\/business.roovi.com\/fr\/puzzle-adulte-john-collier-1000-pieces-la-belle-au-bois-dormant\/p\/\"]}]},{\"@type\":\"BreadcrumbList\",\"@id\":\"https:\/\/business.roovi.com\/fr\/puzzle-adulte-john-collier-1000-pieces-la-belle-au-bois-dormant\/p\/#breadcrumb\",\"itemListElement\":[{\"@type\":\"ListItem\",\"position\":1,\"name\":\"Home\",\"item\":\"https:\/\/business.roovi.com\/fr\/\"},{\"@type\":\"ListItem\",\"position\":2,\"name\":\"Boutique\",\"item\":\"https:\/\/business.roovi.com\/fr\/boutique\/\"},{\"@type\":\"ListItem\",\"position\":3,\"name\":\"Puzzle adulte John Collier 1000 pi\u00e8ces &#8211; La Belle au bois dormant\"}]},{\"@type\":\"WebSite\",\"@id\":\"https:\/\/business.roovi.com\/fr\/#website\",\"url\":\"https:\/\/business.roovi.com\/fr\/\",\"name\":\"Roovi B2B\",\"description\":\"Roovi Business Website\",\"potentialAction\":[{\"@type\":\"SearchAction\",\"target\":{\"@type\":\"EntryPoint\",\"urlTemplate\":\"https:\/\/business.roovi.com\/fr\/?s={search_term_string}\"},\"query-input\":\"required name=search_term_string\"}],\"inLanguage\":\"fr-FR\"}]}<\/script>\n<!-- \/ Yoast SEO plugin. -->","yoast_head_json":{"title":"Puzzle adulte John Collier 1000 pi\u00e8ces - La Belle au bois dormant","description":"Puzzle adulte John Collier 1000 pi\u00e8ces - La Belle au bois dormant","robots":{"index":"index","follow":"follow","max-snippet":"max-snippet:-1","max-image-preview":"max-image-preview:large","max-video-preview":"max-video-preview:-1"},"canonical":"https:\/\/business.roovi.com\/fr\/puzzle-adulte-john-collier-1000-pieces-la-belle-au-bois-dormant\/p\/","og_locale":"fr_FR","og_type":"article","og_title":"Puzzle adulte John Collier 1000 pi\u00e8ces - La Belle au bois dormant","og_description":"Puzzle adulte John Collier 1000 pi\u00e8ces - La Belle au bois dormant","og_url":"https:\/\/business.roovi.com\/fr\/puzzle-adulte-john-collier-1000-pieces-la-belle-au-bois-dormant\/p\/","og_site_name":"Roovi B2B","article_publisher":"https:\/\/www.facebook.com\/wwwjucariero","article_modified_time":"2022-07-13T10:24:23+00:00","og_image":[{"width":1200,"height":1200,"url":"https:\/\/business.roovi.com\/wp-content\/uploads\/2018\/04\/73822_01.jpg","type":"image\/jpeg"}],"twitter_misc":{"Dur\u00e9e de lecture estim\u00e9e":"3 minutes"},"schema":{"@context":"https:\/\/schema.org","@graph":[{"@type":"WebPage","@id":"https:\/\/business.roovi.com\/fr\/puzzle-adulte-john-collier-1000-pieces-la-belle-au-bois-dormant\/p\/","url":"https:\/\/business.roovi.com\/fr\/puzzle-adulte-john-collier-1000-pieces-la-belle-au-bois-dormant\/p\/","name":"Puzzle adulte John Collier 1000 pi\u00e8ces - La Belle au bois dormant","isPartOf":{"@id":"https:\/\/business.roovi.com\/fr\/#website"},"datePublished":"2018-04-16T10:56:17+00:00","dateModified":"2022-07-13T10:24:23+00:00","description":"Puzzle adulte John Collier 1000 pi\u00e8ces - La Belle au bois dormant","breadcrumb":{"@id":"https:\/\/business.roovi.com\/fr\/puzzle-adulte-john-collier-1000-pieces-la-belle-au-bois-dormant\/p\/#breadcrumb"},"inLanguage":"fr-FR","potentialAction":[{"@type":"ReadAction","target":["https:\/\/business.roovi.com\/fr\/puzzle-adulte-john-collier-1000-pieces-la-belle-au-bois-dormant\/p\/"]}]},{"@type":"BreadcrumbList","@id":"https:\/\/business.roovi.com\/fr\/puzzle-adulte-john-collier-1000-pieces-la-belle-au-bois-dormant\/p\/#breadcrumb","itemListElement":[{"@type":"ListItem","position":1,"name":"Home","item":"https:\/\/business.roovi.com\/fr\/"},{"@type":"ListItem","position":2,"name":"Boutique","item":"https:\/\/business.roovi.com\/fr\/boutique\/"},{"@type":"ListItem","position":3,"name":"Puzzle adulte John Collier 1000 pi\u00e8ces &#8211; La Belle au bois dormant"}]},{"@type":"WebSite","@id":"https:\/\/business.roovi.com\/fr\/#website","url":"https:\/\/business.roovi.com\/fr\/","name":"Roovi B2B","description":"Roovi Business Website","potentialAction":[{"@type":"SearchAction","target":{"@type":"EntryPoint","urlTemplate":"https:\/\/business.roovi.com\/fr\/?s={search_term_string}"},"query-input":"required name=search_term_string"}],"inLanguage":"fr-FR"}]}},"_links":{"self":[{"href":"https:\/\/business.roovi.com\/fr\/wp-json\/wp\/v2\/product\/53262","targetHints":{"allow":["GET"]}}],"collection":[{"href":"https:\/\/business.roovi.com\/fr\/wp-json\/wp\/v2\/product"}],"about":[{"href":"https:\/\/business.roovi.com\/fr\/wp-json\/wp\/v2\/types\/product"}],"version-history":[{"count":0,"href":"https:\/\/business.roovi.com\/fr\/wp-json\/wp\/v2\/product\/53262\/revisions"}],"wp:featuredmedia":[{"embeddable":true,"href":"https:\/\/business.roovi.com\/fr\/wp-json\/wp\/v2\/media\/63640"}],"wp:attachment":[{"href":"https:\/\/business.roovi.com\/fr\/wp-json\/wp\/v2\/media?parent=53262"}],"wp:term":[{"taxonomy":"product_brand","embeddable":true,"href":"https:\/\/business.roovi.com\/fr\/wp-json\/wp\/v2\/product_brand?post=53262"},{"taxonomy":"product_cat","embeddable":true,"href":"https:\/\/business.roovi.com\/fr\/wp-json\/wp\/v2\/product_cat?post=53262"},{"taxonomy":"product_tag","embeddable":true,"href":"https:\/\/business.roovi.com\/fr\/wp-json\/wp\/v2\/product_tag?post=53262"}],"curies":[{"name":"wp","href":"https:\/\/api.w.org\/{rel}","templated":true}]}}