{"id":53263,"date":"2018-04-16T10:56:17","date_gmt":"2018-04-16T10:56:17","guid":{"rendered":"https:\/\/business.roovi.com\/puzzle-adulti-1000-piese-ilya-repin-sadko-in-the-underwater-kingdom\/p\/"},"modified":"2022-07-13T10:24:24","modified_gmt":"2022-07-13T10:24:24","slug":"puzzle-adulte-de-1000-pieces-ilya-repin-sadko-dans-le-royaume-sous-marin","status":"publish","type":"product","link":"https:\/\/business.roovi.com\/fr\/puzzle-adulte-de-1000-pieces-ilya-repin-sadko-dans-le-royaume-sous-marin\/p\/","title":{"rendered":"Puzzle adulte de 1000 pi\u00e8ces Ilya Repin &#8211; Sadko dans le royaume sous-marin"},"content":{"rendered":"<p><span style=\"font-weight: 400; font-size: 14px;\">Red\u00e9couvre le plaisir des jeux de puzzle gr\u00e2ce \u00e0 la plus grande collection de puzzles d&rsquo;art de Roumanie ! Tu auras de nombreuses heures de d\u00e9tente, et \u00e0 la fin, ton travail sera c\u00e9l\u00e9br\u00e9 par d&rsquo;impressionnants tableaux d&rsquo;art faits de puzzles de 1000 pi\u00e8ces.<\/span><\/p>\n<p><span style=\"font-weight: 400; font-size: 14px;\">D\u00e9couvre la peinture russe \u00e0 travers Ilya Repin &#8211; Sadko dans le Royaume sous-marin puzzle de 1000 pi\u00e8ces. Cr\u00e9e \u00e0 partir de pi\u00e8ces de puzzle les beaut\u00e9s repr\u00e9sentant les personnifications des diff\u00e9rentes nations dans la peinture originale. Pour cr\u00e9er ce tableau, l&rsquo;artiste a \u00e9tudi\u00e9 des cartes du monde marin et a essay\u00e9 de donner un maximum d&rsquo;authenticit\u00e9 \u00e0 cette \u0153uvre. Le r\u00e9sultat est fabuleux et tu seras convaincue une fois que tu auras termin\u00e9 la peinture.<\/span><\/p>\n<p><span style=\"font-weight: 400; font-size: 14px;\">Tu peux utiliser une table basse ordinaire pour assembler et soutenir les 1000 pi\u00e8ces du puzzle. L&rsquo;image reconstitu\u00e9e mesure 50 x 70 cm.<\/span><\/p>\n<p><span style=\"font-weight: 400; font-size: 14px;\">Autres caract\u00e9ristiques du puzzle artistique Ilya Repin &#8211; Sadko dans le Royaume sous-marin<\/span><\/p>\n<p><span style=\"font-size: 14px;\"><strong>Mat\u00e9riau du puzzle <\/strong><\/span><\/p>\n<p><span style=\"font-size: 14px;\"><strong>carton bleu de haute qualit\u00e9<\/strong><\/span><\/p>\n<p><span style=\"font-size: 14px;\"><strong>des mat\u00e9riaux durables et recyclables<\/strong><\/span><\/p>\n<p><span style=\"font-size: 14px;\"><strong>finition semi-brillante, couleurs vives<\/strong><\/span><\/p>\n<p><span style=\"font-size: 14px;\"><strong>Nombre de pi\u00e8ces de puzzle : 1000<\/strong><\/span><\/p>\n<p><span style=\"font-size: 14px;\"><strong>\u00c2ge recommand\u00e9 : 14+<\/strong><\/span><\/p>\n<p><span style=\"font-size: 14px;\"><strong>Les jeux de puzzle am\u00e9liorent ta capacit\u00e9 \u00e0 r\u00e9soudre des probl\u00e8mes<\/strong><\/span><\/p>\n<p><span style=\"font-weight: 400; font-size: 14px;\">Tu veux \u00eatre mieux pr\u00e9par\u00e9 aux&#8230; probl\u00e8mes de la vie ? R\u00e9soudre des puzzles de 1000 pi\u00e8ces t&rsquo;aide \u00e0 le faire. Les jeux de puzzle te permettent de rester concentr\u00e9 et de d\u00e9velopper ton attention aux d\u00e9tails. Tu pourras donc trouver la solution \u00e0 chaque fois.<\/span><\/p>\n<p><span style=\"font-weight: 400; font-size: 14px;\">En plus de cet avantage, les jeux de puzzle te donnent la possibilit\u00e9 de :<\/span><\/p>\n<ul>\n<li>\n<p><span style=\"font-weight: 400; font-size: 14px;\">D\u00e9tends-toi apr\u00e8s une journ\u00e9e dure et charg\u00e9e.<\/span><\/p>\n<\/li>\n<li>\n<p><span style=\"font-weight: 400; font-size: 14px;\">D\u00e9connecte-toi des \u00e9crans des appareils intelligents.<\/span><\/p>\n<\/li>\n<li>\n<p><span style=\"font-weight: 400; font-size: 14px;\">Soulage le stress.<\/span><\/p>\n<\/li>\n<li>\n<p><span style=\"font-weight: 400; font-size: 14px;\">Profitez de merveilleux moments pass\u00e9s avec vos proches lorsque vous compl\u00e9terez ensemble les images du puzzle de 1000 pi\u00e8ces <\/span><\/p>\n<\/li>\n<\/ul>\n<p><span style=\"font-size: 14px;\"><strong>Ilya Repin en un coup d&rsquo;\u0153il :<\/strong><\/span><\/p>\n<p><span style=\"font-weight: 400; font-size: 14px;\">Il est consid\u00e9r\u00e9 comme le peintre russe le plus important.<\/span><\/p>\n<p><span style=\"font-weight: 400; font-size: 14px;\">Il a appris \u00e0 peindre aupr\u00e8s d&rsquo;un peintre d&rsquo;ic\u00f4nes.<\/span><\/p>\n<p><span style=\"font-weight: 400; font-size: 14px;\">Ses \u0153uvres cachent des symboles profonds, exprimant souvent les tensions sociales existant \u00e0 son \u00e9poque.<\/span><\/p>\n<p><span style=\"font-weight: 400; font-size: 14px;\">Il aimait dormir \u00e0 l&rsquo;ext\u00e9rieur, \u00e9t\u00e9 comme hiver.<\/span><\/p>\n<p><span style=\"font-weight: 400; font-size: 14px;\">Sa deuxi\u00e8me femme \u00e9tait v\u00e9g\u00e9tarienne, et Repin a adopt\u00e9 son menu.<\/span><\/p>\n<p><span style=\"font-weight: 400; font-size: 14px;\">L&#8217;empereur Alexandre III lui a personnellement command\u00e9 plusieurs peintures.<\/span><\/p>\n<p><span style=\"font-size: 14px;\"><strong>Assemble le puzzle et m\u00e9dite !<\/strong><\/span><\/p>\n<p><span style=\"font-weight: 400; font-size: 14px;\">Le jeu de puzzle est comme une merveilleuse s\u00e9ance de m\u00e9ditation. Tu te concentres sur une seule pens\u00e9e, celle de compl\u00e9ter l&rsquo;image devant toi, et tu entres dans une connexion profonde avec toi-m\u00eame. Tu vis dans le pr\u00e9sent et tu te charges d&rsquo;\u00e9nergie positive gr\u00e2ce \u00e0 une activit\u00e9 qui te passionne. N&rsquo;est-ce pas g\u00e9nial ?<\/span><\/p>\n<p><span style=\"font-weight: 400; font-size: 14px;\">Ach\u00e8te maintenant le puzzle de 1000 pi\u00e8ces Ilya Repin &#8211; Sadko dans le Royaume sous-marin et vis un \u00e9tat de relaxation incroyable ! Cr\u00e9e un tableau unique, une expression de l&rsquo;art russe le plus raffin\u00e9 et ravis tes yeux avec un objet d\u00e9coratif du puzzle de 1000 pi\u00e8ces. Si tu veux offrir un cadeau exceptionnel \u00e0 un ami passionn\u00e9 de jeux de r\u00e9flexion, ce merveilleux puzzle d&rsquo;art est l&rsquo;option id\u00e9ale.<\/span><\/p>\n<p><\/p>\n","protected":false},"excerpt":{"rendered":"<p>Red\u00e9couvre le plaisir des jeux de puzzle gr\u00e2ce \u00e0 la plus grande collection de puzzles d&rsquo;art de Roumanie ! Tu<\/p>\n","protected":false},"featured_media":63645,"template":"","meta":[],"product_brand":[],"product_cat":[2314,2316,2315],"product_tag":[],"class_list":{"0":"post-53263","1":"product","2":"type-product","3":"status-publish","4":"has-post-thumbnail","6":"product_cat-puzzles-fr","7":"product_cat-puzzles-de-1000-pieces","8":"product_cat-puzzles-pour-adultes","9":"pa_brand-d_toys-fr","10":"pa_country_of_manufacture-ro-fr","11":"pa_filter_age-14-fr","12":"pa_painter-ilyarepin-fr","13":"pa_tip_ambalaj-boite","14":"pa_tip_puzzle-classique","16":"first","17":"instock","18":"taxable","19":"shipping-taxable","20":"product-type-simple"},"yoast_head":"<!-- This site is optimized with the Yoast SEO plugin v20.1 - https:\/\/yoast.com\/wordpress\/plugins\/seo\/ -->\n<title>Puzzle adulte de 1000 pi\u00e8ces Ilya Repin - Sadko dans le royaume sous-marin<\/title>\n<meta name=\"description\" content=\"Puzzle adulte de 1000 pi\u00e8ces Ilya Repin - Sadko dans le royaume sous-marin\" \/>\n<meta name=\"robots\" content=\"index, follow, max-snippet:-1, max-image-preview:large, max-video-preview:-1\" \/>\n<link rel=\"canonical\" href=\"https:\/\/business.roovi.com\/fr\/puzzle-adulte-de-1000-pieces-ilya-repin-sadko-dans-le-royaume-sous-marin\/p\/\" \/>\n<meta property=\"og:locale\" content=\"fr_FR\" \/>\n<meta property=\"og:type\" content=\"article\" \/>\n<meta property=\"og:title\" content=\"Puzzle adulte de 1000 pi\u00e8ces Ilya Repin - Sadko dans le royaume sous-marin\" \/>\n<meta property=\"og:description\" content=\"Puzzle adulte de 1000 pi\u00e8ces Ilya Repin - Sadko dans le royaume sous-marin\" \/>\n<meta property=\"og:url\" content=\"https:\/\/business.roovi.com\/fr\/puzzle-adulte-de-1000-pieces-ilya-repin-sadko-dans-le-royaume-sous-marin\/p\/\" \/>\n<meta property=\"og:site_name\" content=\"Roovi B2B\" \/>\n<meta property=\"article:publisher\" content=\"https:\/\/www.facebook.com\/wwwjucariero\" \/>\n<meta property=\"article:modified_time\" content=\"2022-07-13T10:24:24+00:00\" \/>\n<meta property=\"og:image\" content=\"https:\/\/business.roovi.com\/wp-content\/uploads\/2018\/04\/73839-01_ansamblu_dimensiuni_cutie_cm_vertical.png\" \/>\n\t<meta property=\"og:image:width\" content=\"1200\" \/>\n\t<meta property=\"og:image:height\" content=\"1200\" \/>\n\t<meta property=\"og:image:type\" content=\"image\/png\" \/>\n<meta name=\"twitter:label1\" content=\"Dur\u00e9e de lecture estim\u00e9e\" \/>\n\t<meta name=\"twitter:data1\" content=\"3 minutes\" \/>\n<script type=\"application\/ld+json\" class=\"yoast-schema-graph\">{\"@context\":\"https:\/\/schema.org\",\"@graph\":[{\"@type\":\"WebPage\",\"@id\":\"https:\/\/business.roovi.com\/fr\/puzzle-adulte-de-1000-pieces-ilya-repin-sadko-dans-le-royaume-sous-marin\/p\/\",\"url\":\"https:\/\/business.roovi.com\/fr\/puzzle-adulte-de-1000-pieces-ilya-repin-sadko-dans-le-royaume-sous-marin\/p\/\",\"name\":\"Puzzle adulte de 1000 pi\u00e8ces Ilya Repin - Sadko dans le royaume sous-marin\",\"isPartOf\":{\"@id\":\"https:\/\/business.roovi.com\/fr\/#website\"},\"datePublished\":\"2018-04-16T10:56:17+00:00\",\"dateModified\":\"2022-07-13T10:24:24+00:00\",\"description\":\"Puzzle adulte de 1000 pi\u00e8ces Ilya Repin - Sadko dans le royaume sous-marin\",\"breadcrumb\":{\"@id\":\"https:\/\/business.roovi.com\/fr\/puzzle-adulte-de-1000-pieces-ilya-repin-sadko-dans-le-royaume-sous-marin\/p\/#breadcrumb\"},\"inLanguage\":\"fr-FR\",\"potentialAction\":[{\"@type\":\"ReadAction\",\"target\":[\"https:\/\/business.roovi.com\/fr\/puzzle-adulte-de-1000-pieces-ilya-repin-sadko-dans-le-royaume-sous-marin\/p\/\"]}]},{\"@type\":\"BreadcrumbList\",\"@id\":\"https:\/\/business.roovi.com\/fr\/puzzle-adulte-de-1000-pieces-ilya-repin-sadko-dans-le-royaume-sous-marin\/p\/#breadcrumb\",\"itemListElement\":[{\"@type\":\"ListItem\",\"position\":1,\"name\":\"Home\",\"item\":\"https:\/\/business.roovi.com\/fr\/\"},{\"@type\":\"ListItem\",\"position\":2,\"name\":\"Boutique\",\"item\":\"https:\/\/business.roovi.com\/fr\/boutique\/\"},{\"@type\":\"ListItem\",\"position\":3,\"name\":\"Puzzle adulte de 1000 pi\u00e8ces Ilya Repin &#8211; Sadko dans le royaume sous-marin\"}]},{\"@type\":\"WebSite\",\"@id\":\"https:\/\/business.roovi.com\/fr\/#website\",\"url\":\"https:\/\/business.roovi.com\/fr\/\",\"name\":\"Roovi B2B\",\"description\":\"Roovi Business Website\",\"potentialAction\":[{\"@type\":\"SearchAction\",\"target\":{\"@type\":\"EntryPoint\",\"urlTemplate\":\"https:\/\/business.roovi.com\/fr\/?s={search_term_string}\"},\"query-input\":\"required name=search_term_string\"}],\"inLanguage\":\"fr-FR\"}]}<\/script>\n<!-- \/ Yoast SEO plugin. -->","yoast_head_json":{"title":"Puzzle adulte de 1000 pi\u00e8ces Ilya Repin - Sadko dans le royaume sous-marin","description":"Puzzle adulte de 1000 pi\u00e8ces Ilya Repin - Sadko dans le royaume sous-marin","robots":{"index":"index","follow":"follow","max-snippet":"max-snippet:-1","max-image-preview":"max-image-preview:large","max-video-preview":"max-video-preview:-1"},"canonical":"https:\/\/business.roovi.com\/fr\/puzzle-adulte-de-1000-pieces-ilya-repin-sadko-dans-le-royaume-sous-marin\/p\/","og_locale":"fr_FR","og_type":"article","og_title":"Puzzle adulte de 1000 pi\u00e8ces Ilya Repin - Sadko dans le royaume sous-marin","og_description":"Puzzle adulte de 1000 pi\u00e8ces Ilya Repin - Sadko dans le royaume sous-marin","og_url":"https:\/\/business.roovi.com\/fr\/puzzle-adulte-de-1000-pieces-ilya-repin-sadko-dans-le-royaume-sous-marin\/p\/","og_site_name":"Roovi B2B","article_publisher":"https:\/\/www.facebook.com\/wwwjucariero","article_modified_time":"2022-07-13T10:24:24+00:00","og_image":[{"width":1200,"height":1200,"url":"https:\/\/business.roovi.com\/wp-content\/uploads\/2018\/04\/73839-01_ansamblu_dimensiuni_cutie_cm_vertical.png","type":"image\/png"}],"twitter_misc":{"Dur\u00e9e de lecture estim\u00e9e":"3 minutes"},"schema":{"@context":"https:\/\/schema.org","@graph":[{"@type":"WebPage","@id":"https:\/\/business.roovi.com\/fr\/puzzle-adulte-de-1000-pieces-ilya-repin-sadko-dans-le-royaume-sous-marin\/p\/","url":"https:\/\/business.roovi.com\/fr\/puzzle-adulte-de-1000-pieces-ilya-repin-sadko-dans-le-royaume-sous-marin\/p\/","name":"Puzzle adulte de 1000 pi\u00e8ces Ilya Repin - Sadko dans le royaume sous-marin","isPartOf":{"@id":"https:\/\/business.roovi.com\/fr\/#website"},"datePublished":"2018-04-16T10:56:17+00:00","dateModified":"2022-07-13T10:24:24+00:00","description":"Puzzle adulte de 1000 pi\u00e8ces Ilya Repin - Sadko dans le royaume sous-marin","breadcrumb":{"@id":"https:\/\/business.roovi.com\/fr\/puzzle-adulte-de-1000-pieces-ilya-repin-sadko-dans-le-royaume-sous-marin\/p\/#breadcrumb"},"inLanguage":"fr-FR","potentialAction":[{"@type":"ReadAction","target":["https:\/\/business.roovi.com\/fr\/puzzle-adulte-de-1000-pieces-ilya-repin-sadko-dans-le-royaume-sous-marin\/p\/"]}]},{"@type":"BreadcrumbList","@id":"https:\/\/business.roovi.com\/fr\/puzzle-adulte-de-1000-pieces-ilya-repin-sadko-dans-le-royaume-sous-marin\/p\/#breadcrumb","itemListElement":[{"@type":"ListItem","position":1,"name":"Home","item":"https:\/\/business.roovi.com\/fr\/"},{"@type":"ListItem","position":2,"name":"Boutique","item":"https:\/\/business.roovi.com\/fr\/boutique\/"},{"@type":"ListItem","position":3,"name":"Puzzle adulte de 1000 pi\u00e8ces Ilya Repin &#8211; Sadko dans le royaume sous-marin"}]},{"@type":"WebSite","@id":"https:\/\/business.roovi.com\/fr\/#website","url":"https:\/\/business.roovi.com\/fr\/","name":"Roovi B2B","description":"Roovi Business Website","potentialAction":[{"@type":"SearchAction","target":{"@type":"EntryPoint","urlTemplate":"https:\/\/business.roovi.com\/fr\/?s={search_term_string}"},"query-input":"required name=search_term_string"}],"inLanguage":"fr-FR"}]}},"_links":{"self":[{"href":"https:\/\/business.roovi.com\/fr\/wp-json\/wp\/v2\/product\/53263","targetHints":{"allow":["GET"]}}],"collection":[{"href":"https:\/\/business.roovi.com\/fr\/wp-json\/wp\/v2\/product"}],"about":[{"href":"https:\/\/business.roovi.com\/fr\/wp-json\/wp\/v2\/types\/product"}],"version-history":[{"count":0,"href":"https:\/\/business.roovi.com\/fr\/wp-json\/wp\/v2\/product\/53263\/revisions"}],"wp:featuredmedia":[{"embeddable":true,"href":"https:\/\/business.roovi.com\/fr\/wp-json\/wp\/v2\/media\/63645"}],"wp:attachment":[{"href":"https:\/\/business.roovi.com\/fr\/wp-json\/wp\/v2\/media?parent=53263"}],"wp:term":[{"taxonomy":"product_brand","embeddable":true,"href":"https:\/\/business.roovi.com\/fr\/wp-json\/wp\/v2\/product_brand?post=53263"},{"taxonomy":"product_cat","embeddable":true,"href":"https:\/\/business.roovi.com\/fr\/wp-json\/wp\/v2\/product_cat?post=53263"},{"taxonomy":"product_tag","embeddable":true,"href":"https:\/\/business.roovi.com\/fr\/wp-json\/wp\/v2\/product_tag?post=53263"}],"curies":[{"name":"wp","href":"https:\/\/api.w.org\/{rel}","templated":true}]}}