{"id":53268,"date":"2018-04-16T10:56:17","date_gmt":"2018-04-16T10:56:17","guid":{"rendered":"https:\/\/business.roovi.com\/puzzle-adulti-1000-piese-kurti-andrea-paris\/p\/"},"modified":"2022-07-13T10:24:26","modified_gmt":"2022-07-13T10:24:26","slug":"puzzle-adulte-1000-pieces-kurti-andrea-paris","status":"publish","type":"product","link":"https:\/\/business.roovi.com\/fr\/puzzle-adulte-1000-pieces-kurti-andrea-paris\/p\/","title":{"rendered":"Puzzle adulte 1000 pi\u00e8ces K\u00fcrti Andrea &#8211; Paris"},"content":{"rendered":"<p><span style=\"font-weight: 400;\">Pars pour un voyage imaginaire dans le Paris romantique avec l&rsquo;aide du puzzle K\u00fcrti Andrea &#8211; Paris de 1000 pi\u00e8ces. Une illustration anim\u00e9e originale t&#8217;emm\u00e8nera pr\u00e8s de la Tour Eiffel et tu ressentiras la vivacit\u00e9 de la ville effervescente \u00e0 travers le prisme d&rsquo;un jeu de puzzle \u00e9tonnant.<\/span><\/p>\n<p><span style=\"font-weight: 400;\">Si tu es passionn\u00e9 par les puzzles de 1000 pi\u00e8ces et que tu as envie de composer une image unique, le puzzle de 1000 pi\u00e8ces K\u00fcrti Andrea &#8211; Paris te conviendra parfaitement. Ce puzzle pour adultes est une illustration sp\u00e9ciale mettant en sc\u00e8ne l&rsquo;imposante Tour Eiffel avec des ballons color\u00e9s flottant autour d&rsquo;elle et deux amoureux vivant leur baiser pr\u00e8s de l&rsquo;un des sites les plus visit\u00e9s au monde <\/span><\/p>\n<p><span style=\"font-weight: 400;\">L&rsquo;artiste contemporaine K\u00fcrti Andrea a imagin\u00e9 un monde parfait aux couleurs chaudes o\u00f9 r\u00e8gnent l&rsquo;amour et l&rsquo;harmonie. Les minuscules d\u00e9tails de couleur mettront \u00e0 l&rsquo;\u00e9preuve tes comp\u00e9tences et ton sens du d\u00e9tail, mais \u00e0 la fin, tu auras un intense sentiment de satisfaction d&rsquo;avoir cr\u00e9\u00e9 une v\u00e9ritable \u0153uvre d&rsquo;art.<\/span><\/p>\n<p><span style=\"font-weight: 400;\">Tu peux utiliser une table basse standard pour supporter les 1000 pi\u00e8ces du puzzle. La peinture reconstitu\u00e9e mesure 50 x 70 cm.<\/span><\/p>\n<p><span style=\"font-weight: 400;\">Autres caract\u00e9ristiques du puzzle d&rsquo;art de Paris :<\/span><\/p>\n<p><strong>Mat\u00e9riau du puzzle <\/strong><\/p>\n<p><strong>carton bleu de haute qualit\u00e9<\/strong><\/p>\n<p><strong>des mat\u00e9riaux durables et recyclables<\/strong><\/p>\n<p><strong>finition semi-brillante, couleurs vives<\/strong><\/p>\n<p><strong>Nombre de pi\u00e8ces de puzzle : 1000<\/strong><\/p>\n<p><strong>\u00c2ge recommand\u00e9 : 14+<\/strong><\/p>\n<p><strong>Quels sont les avantages de compl\u00e9ter un puzzle artistique ?<\/strong><\/p>\n<p><span style=\"font-weight: 400;\">Tu obtiens une belle peinture, l&rsquo;expression d&rsquo;une \u0153uvre d&rsquo;art contemporaine que tu peux utiliser pour d\u00e9corer ta maison.<\/span><\/p>\n<p><span style=\"font-weight: 400;\">Il te met au d\u00e9fi de sortir de ta zone de confort et d&rsquo;exercer tes comp\u00e9tences en mati\u00e8re de r\u00e9alisation de puzzle.<\/span><\/p>\n<p><span style=\"font-weight: 400;\">Il d\u00e9veloppe ton imagination et te donne l&rsquo;impression d&rsquo;\u00eatre un vrai d\u00e9tective \u00e0 la recherche d&rsquo;indices pour r\u00e9soudre l&rsquo;un des myst\u00e8res de Paris.<\/span><\/p>\n<p><span style=\"font-weight: 400;\">C&rsquo;est l&rsquo;occasion de se d\u00e9tendre et de s&rsquo;\u00e9loigner des probl\u00e8mes quotidiens.<\/span><\/p>\n<p><span style=\"font-weight: 400;\">Cela peut \u00eatre une bonne occasion de passer du temps avec tes enfants.<\/span><\/p>\n<p><strong>Tu savais que&#8230; ?<\/strong><\/p>\n<p><span style=\"font-weight: 400;\">Il y a environ 6 100 rues \u00e0 Paris et la plus courte d&rsquo;entre elles ne fait que 5,75 m de long.<\/span><\/p>\n<p><span style=\"font-weight: 400;\">Bien que ce soit une capitale tr\u00e8s anim\u00e9e, il n&rsquo;y a qu&rsquo;un seul panneau Stop dans tout Paris.<\/span><\/p>\n<p><span style=\"font-weight: 400;\">Un appartement \u00e0 Paris est rest\u00e9 inoccup\u00e9, sous cl\u00e9, pendant 70 ans, et apr\u00e8s la mort du propri\u00e9taire, un tableau d&rsquo;une valeur de 2 millions de dollars a \u00e9t\u00e9 d\u00e9couvert \u00e0 l&rsquo;int\u00e9rieur.<\/span><\/p>\n<p><span style=\"font-weight: 400;\">Il y a <\/span><em><span style=\"font-weight: 400;\">Le syndrome de Paris, <\/span><\/em><span style=\"font-weight: 400;\">commune chez les Japonais en particulier. Ils finissent par se soigner \u00e0 cause de la d\u00e9ception qu&rsquo;ils \u00e9prouvent lorsqu&rsquo;ils r\u00e9alisent qu&rsquo;ils ont cr\u00e9\u00e9 une image d\u00e9form\u00e9e de la c\u00e9l\u00e8bre ville.<\/span><\/p>\n<p><strong>Le puzzle de 1000 pi\u00e8ces Paris colore ton temps avec tes proches<\/strong><\/p>\n<p><span style=\"font-weight: 400;\">Passer du temps de qualit\u00e9 avec tes proches est extr\u00eamement important pour maintenir ton bien-\u00eatre et ta sant\u00e9 mentale. Les jeux de r\u00e9flexion sont l&rsquo;occasion parfaite de s&rsquo;amuser et de se d\u00e9tendre avec les personnes les plus importantes de ta vie.<\/span><\/p>\n<p><span style=\"font-weight: 400;\">\u00c9tablissez des strat\u00e9gies d&rsquo;assemblage, partagez la t\u00e2che de compl\u00e9ter l&rsquo;image avec chaque participant ou travaillez en \u00e9quipe pour refaire l&rsquo;illustration. La satisfaction de coller la derni\u00e8re pi\u00e8ce est inestimable pour toute l&rsquo;\u00e9quipe. C\u00e9l\u00e8bre ton dur labeur en encadrant le tableau termin\u00e9 ou d\u00e9monte l&rsquo;image et reprends l&rsquo;activit\u00e9 chaque fois que tu ressens le besoin d&rsquo;un d\u00e9fi cr\u00e9atif.<\/span><\/p>\n<p><span style=\"font-weight: 400;\">Ach\u00e8te maintenant le puzzle de 1000 pi\u00e8ces K\u00fcrti Andrea &#8211; Paris et vis une exp\u00e9rience cr\u00e9ative incroyable. D\u00e9couvre d&rsquo;autres mod\u00e8les de la gamme de puzzles de 1000 pi\u00e8ces avec des images artistiques et cr\u00e9e une collection d&rsquo;art fascinante.<\/span><\/p>\n<p><span style=\"font-weight: 400;\">Le puzzle Paris de 1000 pi\u00e8ces peut \u00eatre un excellent cadeau pour les membres de la famille ou les amis qui aiment les jeux de puzzle.<\/span><\/p><\/p>\n","protected":false},"excerpt":{"rendered":"<p>Pars pour un voyage imaginaire dans le Paris romantique avec l&rsquo;aide du puzzle K\u00fcrti Andrea &#8211; Paris de 1000 pi\u00e8ces.<\/p>\n","protected":false},"featured_media":49373,"template":"","meta":[],"product_brand":[],"product_cat":[2314,2316,2315],"product_tag":[],"class_list":{"0":"post-53268","1":"product","2":"type-product","3":"status-publish","4":"has-post-thumbnail","6":"product_cat-puzzles-fr","7":"product_cat-puzzles-de-1000-pieces","8":"product_cat-puzzles-pour-adultes","9":"pa_brand-d_toys-fr","10":"pa_country_of_manufacture-ro-fr","11":"pa_filter_age-14-fr","12":"pa_painter-kurtiandrea-fr","13":"pa_tip_ambalaj-boite","14":"pa_tip_puzzle-classique","16":"first","17":"instock","18":"taxable","19":"shipping-taxable","20":"product-type-simple"},"yoast_head":"<!-- This site is optimized with the Yoast SEO plugin v20.1 - https:\/\/yoast.com\/wordpress\/plugins\/seo\/ -->\n<title>Puzzle adulte 1000 pi\u00e8ces K\u00fcrti Andrea - Paris<\/title>\n<meta name=\"description\" content=\"Puzzle adulte 1000 pi\u00e8ces K\u00fcrti Andrea - Paris\" \/>\n<meta name=\"robots\" content=\"index, follow, max-snippet:-1, max-image-preview:large, max-video-preview:-1\" \/>\n<link rel=\"canonical\" href=\"https:\/\/business.roovi.com\/fr\/puzzle-adulte-1000-pieces-kurti-andrea-paris\/p\/\" \/>\n<meta property=\"og:locale\" content=\"fr_FR\" \/>\n<meta property=\"og:type\" content=\"article\" \/>\n<meta property=\"og:title\" content=\"Puzzle adulte 1000 pi\u00e8ces K\u00fcrti Andrea - Paris\" \/>\n<meta property=\"og:description\" content=\"Puzzle adulte 1000 pi\u00e8ces K\u00fcrti Andrea - Paris\" \/>\n<meta property=\"og:url\" content=\"https:\/\/business.roovi.com\/fr\/puzzle-adulte-1000-pieces-kurti-andrea-paris\/p\/\" \/>\n<meta property=\"og:site_name\" content=\"Roovi B2B\" \/>\n<meta property=\"article:publisher\" content=\"https:\/\/www.facebook.com\/wwwjucariero\" \/>\n<meta property=\"article:modified_time\" content=\"2022-07-13T10:24:26+00:00\" \/>\n<meta property=\"og:image\" content=\"https:\/\/business.roovi.com\/wp-content\/uploads\/2018\/04\/73730-2_ansamblu_dimensiuni_cutie_cm_vertical_1200x1200.png\" \/>\n\t<meta property=\"og:image:width\" content=\"1200\" \/>\n\t<meta property=\"og:image:height\" content=\"1200\" \/>\n\t<meta property=\"og:image:type\" content=\"image\/png\" \/>\n<meta name=\"twitter:label1\" content=\"Dur\u00e9e de lecture estim\u00e9e\" \/>\n\t<meta name=\"twitter:data1\" content=\"3 minutes\" \/>\n<script type=\"application\/ld+json\" class=\"yoast-schema-graph\">{\"@context\":\"https:\/\/schema.org\",\"@graph\":[{\"@type\":\"WebPage\",\"@id\":\"https:\/\/business.roovi.com\/fr\/puzzle-adulte-1000-pieces-kurti-andrea-paris\/p\/\",\"url\":\"https:\/\/business.roovi.com\/fr\/puzzle-adulte-1000-pieces-kurti-andrea-paris\/p\/\",\"name\":\"Puzzle adulte 1000 pi\u00e8ces K\u00fcrti Andrea - Paris\",\"isPartOf\":{\"@id\":\"https:\/\/business.roovi.com\/fr\/#website\"},\"datePublished\":\"2018-04-16T10:56:17+00:00\",\"dateModified\":\"2022-07-13T10:24:26+00:00\",\"description\":\"Puzzle adulte 1000 pi\u00e8ces K\u00fcrti Andrea - Paris\",\"breadcrumb\":{\"@id\":\"https:\/\/business.roovi.com\/fr\/puzzle-adulte-1000-pieces-kurti-andrea-paris\/p\/#breadcrumb\"},\"inLanguage\":\"fr-FR\",\"potentialAction\":[{\"@type\":\"ReadAction\",\"target\":[\"https:\/\/business.roovi.com\/fr\/puzzle-adulte-1000-pieces-kurti-andrea-paris\/p\/\"]}]},{\"@type\":\"BreadcrumbList\",\"@id\":\"https:\/\/business.roovi.com\/fr\/puzzle-adulte-1000-pieces-kurti-andrea-paris\/p\/#breadcrumb\",\"itemListElement\":[{\"@type\":\"ListItem\",\"position\":1,\"name\":\"Home\",\"item\":\"https:\/\/business.roovi.com\/fr\/\"},{\"@type\":\"ListItem\",\"position\":2,\"name\":\"Boutique\",\"item\":\"https:\/\/business.roovi.com\/fr\/boutique\/\"},{\"@type\":\"ListItem\",\"position\":3,\"name\":\"Puzzle adulte 1000 pi\u00e8ces K\u00fcrti Andrea &#8211; Paris\"}]},{\"@type\":\"WebSite\",\"@id\":\"https:\/\/business.roovi.com\/fr\/#website\",\"url\":\"https:\/\/business.roovi.com\/fr\/\",\"name\":\"Roovi B2B\",\"description\":\"Roovi Business Website\",\"potentialAction\":[{\"@type\":\"SearchAction\",\"target\":{\"@type\":\"EntryPoint\",\"urlTemplate\":\"https:\/\/business.roovi.com\/fr\/?s={search_term_string}\"},\"query-input\":\"required name=search_term_string\"}],\"inLanguage\":\"fr-FR\"}]}<\/script>\n<!-- \/ Yoast SEO plugin. -->","yoast_head_json":{"title":"Puzzle adulte 1000 pi\u00e8ces K\u00fcrti Andrea - Paris","description":"Puzzle adulte 1000 pi\u00e8ces K\u00fcrti Andrea - Paris","robots":{"index":"index","follow":"follow","max-snippet":"max-snippet:-1","max-image-preview":"max-image-preview:large","max-video-preview":"max-video-preview:-1"},"canonical":"https:\/\/business.roovi.com\/fr\/puzzle-adulte-1000-pieces-kurti-andrea-paris\/p\/","og_locale":"fr_FR","og_type":"article","og_title":"Puzzle adulte 1000 pi\u00e8ces K\u00fcrti Andrea - Paris","og_description":"Puzzle adulte 1000 pi\u00e8ces K\u00fcrti Andrea - Paris","og_url":"https:\/\/business.roovi.com\/fr\/puzzle-adulte-1000-pieces-kurti-andrea-paris\/p\/","og_site_name":"Roovi B2B","article_publisher":"https:\/\/www.facebook.com\/wwwjucariero","article_modified_time":"2022-07-13T10:24:26+00:00","og_image":[{"width":1200,"height":1200,"url":"https:\/\/business.roovi.com\/wp-content\/uploads\/2018\/04\/73730-2_ansamblu_dimensiuni_cutie_cm_vertical_1200x1200.png","type":"image\/png"}],"twitter_misc":{"Dur\u00e9e de lecture estim\u00e9e":"3 minutes"},"schema":{"@context":"https:\/\/schema.org","@graph":[{"@type":"WebPage","@id":"https:\/\/business.roovi.com\/fr\/puzzle-adulte-1000-pieces-kurti-andrea-paris\/p\/","url":"https:\/\/business.roovi.com\/fr\/puzzle-adulte-1000-pieces-kurti-andrea-paris\/p\/","name":"Puzzle adulte 1000 pi\u00e8ces K\u00fcrti Andrea - Paris","isPartOf":{"@id":"https:\/\/business.roovi.com\/fr\/#website"},"datePublished":"2018-04-16T10:56:17+00:00","dateModified":"2022-07-13T10:24:26+00:00","description":"Puzzle adulte 1000 pi\u00e8ces K\u00fcrti Andrea - Paris","breadcrumb":{"@id":"https:\/\/business.roovi.com\/fr\/puzzle-adulte-1000-pieces-kurti-andrea-paris\/p\/#breadcrumb"},"inLanguage":"fr-FR","potentialAction":[{"@type":"ReadAction","target":["https:\/\/business.roovi.com\/fr\/puzzle-adulte-1000-pieces-kurti-andrea-paris\/p\/"]}]},{"@type":"BreadcrumbList","@id":"https:\/\/business.roovi.com\/fr\/puzzle-adulte-1000-pieces-kurti-andrea-paris\/p\/#breadcrumb","itemListElement":[{"@type":"ListItem","position":1,"name":"Home","item":"https:\/\/business.roovi.com\/fr\/"},{"@type":"ListItem","position":2,"name":"Boutique","item":"https:\/\/business.roovi.com\/fr\/boutique\/"},{"@type":"ListItem","position":3,"name":"Puzzle adulte 1000 pi\u00e8ces K\u00fcrti Andrea &#8211; Paris"}]},{"@type":"WebSite","@id":"https:\/\/business.roovi.com\/fr\/#website","url":"https:\/\/business.roovi.com\/fr\/","name":"Roovi B2B","description":"Roovi Business Website","potentialAction":[{"@type":"SearchAction","target":{"@type":"EntryPoint","urlTemplate":"https:\/\/business.roovi.com\/fr\/?s={search_term_string}"},"query-input":"required name=search_term_string"}],"inLanguage":"fr-FR"}]}},"_links":{"self":[{"href":"https:\/\/business.roovi.com\/fr\/wp-json\/wp\/v2\/product\/53268","targetHints":{"allow":["GET"]}}],"collection":[{"href":"https:\/\/business.roovi.com\/fr\/wp-json\/wp\/v2\/product"}],"about":[{"href":"https:\/\/business.roovi.com\/fr\/wp-json\/wp\/v2\/types\/product"}],"version-history":[{"count":0,"href":"https:\/\/business.roovi.com\/fr\/wp-json\/wp\/v2\/product\/53268\/revisions"}],"wp:featuredmedia":[{"embeddable":true,"href":"https:\/\/business.roovi.com\/fr\/wp-json\/wp\/v2\/media\/49373"}],"wp:attachment":[{"href":"https:\/\/business.roovi.com\/fr\/wp-json\/wp\/v2\/media?parent=53268"}],"wp:term":[{"taxonomy":"product_brand","embeddable":true,"href":"https:\/\/business.roovi.com\/fr\/wp-json\/wp\/v2\/product_brand?post=53268"},{"taxonomy":"product_cat","embeddable":true,"href":"https:\/\/business.roovi.com\/fr\/wp-json\/wp\/v2\/product_cat?post=53268"},{"taxonomy":"product_tag","embeddable":true,"href":"https:\/\/business.roovi.com\/fr\/wp-json\/wp\/v2\/product_tag?post=53268"}],"curies":[{"name":"wp","href":"https:\/\/api.w.org\/{rel}","templated":true}]}}