{"id":53271,"date":"2018-04-16T10:56:17","date_gmt":"2018-04-16T10:56:17","guid":{"rendered":"https:\/\/business.roovi.com\/puzzle-adulti-1000-piese-kurti-andrea-venetia\/p\/"},"modified":"2022-07-13T10:24:26","modified_gmt":"2022-07-13T10:24:26","slug":"puzzle-adulte-1000-pieces-kurti-andrea-venise","status":"publish","type":"product","link":"https:\/\/business.roovi.com\/fr\/puzzle-adulte-1000-pieces-kurti-andrea-venise\/p\/","title":{"rendered":"Puzzle adulte 1000 pi\u00e8ces K\u00fcrti Andrea &#8211; Venise"},"content":{"rendered":"<p><span style=\"font-weight: 400;\">D\u00e9couvre la merveilleuse Venise \u00e0 travers un jeu de puzzle fascinant ! Une illustration fabuleuse, aux couleurs chaudes et aux vibrations \u00e9lev\u00e9es, te met au d\u00e9fi de la recr\u00e9er dans un puzzle de 1000 pi\u00e8ces.<\/span><\/p>\n<p><span style=\"font-weight: 400;\">Le puzzle de 1000 pi\u00e8ces de K\u00fcrti Andrea &#8211; Venise r\u00e9v\u00e8le l&rsquo;une des villes les plus visit\u00e9es du monde d&rsquo;une mani\u00e8re unique. Un jeune gondolier semble t&rsquo;inviter \u00e0 te promener sur les canaux de la ville au clair de lune, d\u00e9guis\u00e9 en femme fantastique. Ou peut-\u00eatre que l&rsquo;image de la lune rappelle le c\u00e9l\u00e8bre carnaval qui se tient ici chaque ann\u00e9e.<\/span><\/p>\n<p><span style=\"font-weight: 400;\">Si tu veux d\u00e9couvrir les myst\u00e8res cach\u00e9s dans cette \u0153uvre d&rsquo;art originale, le puzzle 1000 pi\u00e8ces &#8211; Venise te donne l&rsquo;occasion parfaite. Laisse-toi emporter dans un voyage imaginaire vers la Venise romantique et vis un \u00e9tat de relaxation profonde.<\/span><\/p>\n<p><span style=\"font-weight: 400;\">Installe ta table basse dans le salon &#8211; c&rsquo;est tout ce dont tu as besoin pour travailler sur le tableau de 50 x 70 cm &#8211; et commence \u00e0 travailler sur le tableau puzzle de 1000 pi\u00e8ces le plus spectaculaire que tu aies jamais assembl\u00e9.<\/span><\/p>\n<p><span style=\"font-weight: 400;\">Caract\u00e9ristiques du puzzle 1000 pi\u00e8ces &#8211; Venise :<\/span><\/p>\n<p><strong>Mat\u00e9riau du puzzle <\/strong><\/p>\n<p><strong>carton bleu de haute qualit\u00e9<\/strong><\/p>\n<p><strong>des mat\u00e9riaux durables et recyclables<\/strong><\/p>\n<p><strong>finition semi-brillante, couleurs vives<\/strong><\/p>\n<p><strong>Nombre de pi\u00e8ces de puzzle : 1000<\/strong><\/p>\n<p><strong>\u00c2ge recommand\u00e9 : 14+<\/strong><\/p>\n<p><span style=\"font-weight: 400;\">Les jeux de puzzle am\u00e9liorent plusieurs comp\u00e9tences que tu utilises dans tes activit\u00e9s quotidiennes :<\/span><\/p>\n<p><span style=\"font-weight: 400;\">Attention aux d\u00e9tails<\/span><\/p>\n<p><span style=\"font-weight: 400;\">Pers\u00e9v\u00e9rance<\/span><\/p>\n<p><span style=\"font-weight: 400;\">M\u00e9moire \u00e0 court terme<\/span><\/p>\n<p><span style=\"font-weight: 400;\">Comp\u00e9tences en r\u00e9solution de probl\u00e8mes<\/span><\/p>\n<p><span style=\"font-weight: 400;\">Pens\u00e9e logique<\/span><\/p>\n<p><span style=\"font-weight: 400;\">Cr\u00e9ativit\u00e9.<\/span><\/p>\n<p><strong>Tu savais que&#8230; ?<\/strong><\/p>\n<p><span style=\"font-weight: 400;\">Il \u00e9tait une fois la R\u00e9publique de Venise, un empire ind\u00e9pendant prosp\u00e8re avec une histoire de 1000 ans.<\/span><\/p>\n<p><span style=\"font-weight: 400;\">Venise est travers\u00e9e par 177 canaux.<\/span><\/p>\n<p><span style=\"font-weight: 400;\">La population de Venise a consid\u00e9rablement diminu\u00e9 au cours des 50 derni\u00e8res ann\u00e9es. Certains disent que sans les touristes, ce serait une ville fant\u00f4me.<\/span><\/p>\n<p><span style=\"font-weight: 400;\">La premi\u00e8re femme dipl\u00f4m\u00e9e d&rsquo;universit\u00e9 au monde est n\u00e9e \u00e0 Venise.<\/span><\/p>\n<p><span style=\"font-weight: 400;\">Les b\u00e2timents de Venise sont construits sur des fondations en bois.<\/span><\/p>\n<p><span style=\"font-weight: 400;\">Les V\u00e9nitiens ont invent\u00e9&#8230; la quarantaine. Le terme vient de <\/span><em><span style=\"font-weight: 400;\">quaranta <\/span><\/em><span style=\"font-weight: 400;\">ce qui, dans le pass\u00e9, signifiait que les navires devaient rester en mer pendant 40 jours pour \u00e9viter de propager les maladies qu&rsquo;ils pouvaient apporter de leur voyage.<\/span><\/p>\n<p><strong>Choisis un puzzle de Venise de 1000 pi\u00e8ces pour t&rsquo;amuser en famille<\/strong><\/p>\n<p><span style=\"font-weight: 400;\">Si tu utilises un peu ton imagination, tu peux transformer la t\u00e2che d&rsquo;assembler les puzzles de 1000 pi\u00e8ces en une exp\u00e9rience amusante. Choisis les pi\u00e8ces de diff\u00e9rentes teintes ou organise le travail d&rsquo;assemblage de mani\u00e8re \u00e0 ce qu&rsquo;aucun des participants n&rsquo;ait de r\u00e9pit.<\/span><\/p>\n<p><span style=\"font-weight: 400;\">Pr\u00e9parez des informations originales sur Venise et pr\u00e9sentez-les aux enfants de mani\u00e8re originale. Fais un voyage dans la ville des eaux et imagine-toi en train de monter une gondole le long des canaux. Cr\u00e9e des moments magiques avec un jeu de puzzle exceptionnel. Tes enfants ch\u00e9riront le temps pass\u00e9 ensemble et auront des souvenirs inoubliables pass\u00e9s en famille.<\/span><\/p>\n<p><span style=\"font-weight: 400;\">Ach\u00e8te le puzzle de Venise de 1000 pi\u00e8ces et vis une exp\u00e9rience cr\u00e9ative incroyable. Garde le jeu de puzzle \u00e0 la maison pour y rejouer quand tu veux rompre la monotonie ou offre-le en cadeau \u00e0 des amis adultes amateurs de puzzle.<\/span><\/p><\/p>\n","protected":false},"excerpt":{"rendered":"<p>D\u00e9couvre la merveilleuse Venise \u00e0 travers un jeu de puzzle fascinant ! Une illustration fabuleuse, aux couleurs chaudes et aux<\/p>\n","protected":false},"featured_media":49384,"template":"","meta":[],"product_brand":[],"product_cat":[2314,2316,2315],"product_tag":[],"class_list":{"0":"post-53271","1":"product","2":"type-product","3":"status-publish","4":"has-post-thumbnail","6":"product_cat-puzzles-fr","7":"product_cat-puzzles-de-1000-pieces","8":"product_cat-puzzles-pour-adultes","9":"pa_brand-d_toys-fr","10":"pa_country_of_manufacture-ro-fr","11":"pa_filter_age-14-fr","12":"pa_painter-kurtiandrea-fr","13":"pa_tip_ambalaj-boite","14":"pa_tip_puzzle-classique","16":"first","17":"instock","18":"taxable","19":"shipping-taxable","20":"product-type-simple"},"yoast_head":"<!-- This site is optimized with the Yoast SEO plugin v20.1 - https:\/\/yoast.com\/wordpress\/plugins\/seo\/ -->\n<title>Puzzle adulte 1000 pi\u00e8ces K\u00fcrti Andrea - Venise<\/title>\n<meta name=\"description\" content=\"Puzzle adulte 1000 pi\u00e8ces K\u00fcrti Andrea - Venise\" \/>\n<meta name=\"robots\" content=\"index, follow, max-snippet:-1, max-image-preview:large, max-video-preview:-1\" \/>\n<link rel=\"canonical\" href=\"https:\/\/business.roovi.com\/fr\/puzzle-adulte-1000-pieces-kurti-andrea-venise\/p\/\" \/>\n<meta property=\"og:locale\" content=\"fr_FR\" \/>\n<meta property=\"og:type\" content=\"article\" \/>\n<meta property=\"og:title\" content=\"Puzzle adulte 1000 pi\u00e8ces K\u00fcrti Andrea - Venise\" \/>\n<meta property=\"og:description\" content=\"Puzzle adulte 1000 pi\u00e8ces K\u00fcrti Andrea - Venise\" \/>\n<meta property=\"og:url\" content=\"https:\/\/business.roovi.com\/fr\/puzzle-adulte-1000-pieces-kurti-andrea-venise\/p\/\" \/>\n<meta property=\"og:site_name\" content=\"Roovi B2B\" \/>\n<meta property=\"article:publisher\" content=\"https:\/\/www.facebook.com\/wwwjucariero\" \/>\n<meta property=\"article:modified_time\" content=\"2022-07-13T10:24:26+00:00\" \/>\n<meta property=\"og:image\" content=\"https:\/\/business.roovi.com\/wp-content\/uploads\/2018\/04\/73730_-1_ansamblu_dimensiuni_cutie_cm_vertical_1200x1200_2.png\" \/>\n\t<meta property=\"og:image:width\" content=\"1200\" \/>\n\t<meta property=\"og:image:height\" content=\"1200\" \/>\n\t<meta property=\"og:image:type\" content=\"image\/png\" \/>\n<meta name=\"twitter:label1\" content=\"Dur\u00e9e de lecture estim\u00e9e\" \/>\n\t<meta name=\"twitter:data1\" content=\"3 minutes\" \/>\n<script type=\"application\/ld+json\" class=\"yoast-schema-graph\">{\"@context\":\"https:\/\/schema.org\",\"@graph\":[{\"@type\":\"WebPage\",\"@id\":\"https:\/\/business.roovi.com\/fr\/puzzle-adulte-1000-pieces-kurti-andrea-venise\/p\/\",\"url\":\"https:\/\/business.roovi.com\/fr\/puzzle-adulte-1000-pieces-kurti-andrea-venise\/p\/\",\"name\":\"Puzzle adulte 1000 pi\u00e8ces K\u00fcrti Andrea - Venise\",\"isPartOf\":{\"@id\":\"https:\/\/business.roovi.com\/fr\/#website\"},\"datePublished\":\"2018-04-16T10:56:17+00:00\",\"dateModified\":\"2022-07-13T10:24:26+00:00\",\"description\":\"Puzzle adulte 1000 pi\u00e8ces K\u00fcrti Andrea - Venise\",\"breadcrumb\":{\"@id\":\"https:\/\/business.roovi.com\/fr\/puzzle-adulte-1000-pieces-kurti-andrea-venise\/p\/#breadcrumb\"},\"inLanguage\":\"fr-FR\",\"potentialAction\":[{\"@type\":\"ReadAction\",\"target\":[\"https:\/\/business.roovi.com\/fr\/puzzle-adulte-1000-pieces-kurti-andrea-venise\/p\/\"]}]},{\"@type\":\"BreadcrumbList\",\"@id\":\"https:\/\/business.roovi.com\/fr\/puzzle-adulte-1000-pieces-kurti-andrea-venise\/p\/#breadcrumb\",\"itemListElement\":[{\"@type\":\"ListItem\",\"position\":1,\"name\":\"Home\",\"item\":\"https:\/\/business.roovi.com\/fr\/\"},{\"@type\":\"ListItem\",\"position\":2,\"name\":\"Boutique\",\"item\":\"https:\/\/business.roovi.com\/fr\/boutique\/\"},{\"@type\":\"ListItem\",\"position\":3,\"name\":\"Puzzle adulte 1000 pi\u00e8ces K\u00fcrti Andrea &#8211; Venise\"}]},{\"@type\":\"WebSite\",\"@id\":\"https:\/\/business.roovi.com\/fr\/#website\",\"url\":\"https:\/\/business.roovi.com\/fr\/\",\"name\":\"Roovi B2B\",\"description\":\"Roovi Business Website\",\"potentialAction\":[{\"@type\":\"SearchAction\",\"target\":{\"@type\":\"EntryPoint\",\"urlTemplate\":\"https:\/\/business.roovi.com\/fr\/?s={search_term_string}\"},\"query-input\":\"required name=search_term_string\"}],\"inLanguage\":\"fr-FR\"}]}<\/script>\n<!-- \/ Yoast SEO plugin. -->","yoast_head_json":{"title":"Puzzle adulte 1000 pi\u00e8ces K\u00fcrti Andrea - Venise","description":"Puzzle adulte 1000 pi\u00e8ces K\u00fcrti Andrea - Venise","robots":{"index":"index","follow":"follow","max-snippet":"max-snippet:-1","max-image-preview":"max-image-preview:large","max-video-preview":"max-video-preview:-1"},"canonical":"https:\/\/business.roovi.com\/fr\/puzzle-adulte-1000-pieces-kurti-andrea-venise\/p\/","og_locale":"fr_FR","og_type":"article","og_title":"Puzzle adulte 1000 pi\u00e8ces K\u00fcrti Andrea - Venise","og_description":"Puzzle adulte 1000 pi\u00e8ces K\u00fcrti Andrea - Venise","og_url":"https:\/\/business.roovi.com\/fr\/puzzle-adulte-1000-pieces-kurti-andrea-venise\/p\/","og_site_name":"Roovi B2B","article_publisher":"https:\/\/www.facebook.com\/wwwjucariero","article_modified_time":"2022-07-13T10:24:26+00:00","og_image":[{"width":1200,"height":1200,"url":"https:\/\/business.roovi.com\/wp-content\/uploads\/2018\/04\/73730_-1_ansamblu_dimensiuni_cutie_cm_vertical_1200x1200_2.png","type":"image\/png"}],"twitter_misc":{"Dur\u00e9e de lecture estim\u00e9e":"3 minutes"},"schema":{"@context":"https:\/\/schema.org","@graph":[{"@type":"WebPage","@id":"https:\/\/business.roovi.com\/fr\/puzzle-adulte-1000-pieces-kurti-andrea-venise\/p\/","url":"https:\/\/business.roovi.com\/fr\/puzzle-adulte-1000-pieces-kurti-andrea-venise\/p\/","name":"Puzzle adulte 1000 pi\u00e8ces K\u00fcrti Andrea - Venise","isPartOf":{"@id":"https:\/\/business.roovi.com\/fr\/#website"},"datePublished":"2018-04-16T10:56:17+00:00","dateModified":"2022-07-13T10:24:26+00:00","description":"Puzzle adulte 1000 pi\u00e8ces K\u00fcrti Andrea - Venise","breadcrumb":{"@id":"https:\/\/business.roovi.com\/fr\/puzzle-adulte-1000-pieces-kurti-andrea-venise\/p\/#breadcrumb"},"inLanguage":"fr-FR","potentialAction":[{"@type":"ReadAction","target":["https:\/\/business.roovi.com\/fr\/puzzle-adulte-1000-pieces-kurti-andrea-venise\/p\/"]}]},{"@type":"BreadcrumbList","@id":"https:\/\/business.roovi.com\/fr\/puzzle-adulte-1000-pieces-kurti-andrea-venise\/p\/#breadcrumb","itemListElement":[{"@type":"ListItem","position":1,"name":"Home","item":"https:\/\/business.roovi.com\/fr\/"},{"@type":"ListItem","position":2,"name":"Boutique","item":"https:\/\/business.roovi.com\/fr\/boutique\/"},{"@type":"ListItem","position":3,"name":"Puzzle adulte 1000 pi\u00e8ces K\u00fcrti Andrea &#8211; Venise"}]},{"@type":"WebSite","@id":"https:\/\/business.roovi.com\/fr\/#website","url":"https:\/\/business.roovi.com\/fr\/","name":"Roovi B2B","description":"Roovi Business Website","potentialAction":[{"@type":"SearchAction","target":{"@type":"EntryPoint","urlTemplate":"https:\/\/business.roovi.com\/fr\/?s={search_term_string}"},"query-input":"required name=search_term_string"}],"inLanguage":"fr-FR"}]}},"_links":{"self":[{"href":"https:\/\/business.roovi.com\/fr\/wp-json\/wp\/v2\/product\/53271","targetHints":{"allow":["GET"]}}],"collection":[{"href":"https:\/\/business.roovi.com\/fr\/wp-json\/wp\/v2\/product"}],"about":[{"href":"https:\/\/business.roovi.com\/fr\/wp-json\/wp\/v2\/types\/product"}],"version-history":[{"count":0,"href":"https:\/\/business.roovi.com\/fr\/wp-json\/wp\/v2\/product\/53271\/revisions"}],"wp:featuredmedia":[{"embeddable":true,"href":"https:\/\/business.roovi.com\/fr\/wp-json\/wp\/v2\/media\/49384"}],"wp:attachment":[{"href":"https:\/\/business.roovi.com\/fr\/wp-json\/wp\/v2\/media?parent=53271"}],"wp:term":[{"taxonomy":"product_brand","embeddable":true,"href":"https:\/\/business.roovi.com\/fr\/wp-json\/wp\/v2\/product_brand?post=53271"},{"taxonomy":"product_cat","embeddable":true,"href":"https:\/\/business.roovi.com\/fr\/wp-json\/wp\/v2\/product_cat?post=53271"},{"taxonomy":"product_tag","embeddable":true,"href":"https:\/\/business.roovi.com\/fr\/wp-json\/wp\/v2\/product_tag?post=53271"}],"curies":[{"name":"wp","href":"https:\/\/api.w.org\/{rel}","templated":true}]}}