{"id":53272,"date":"2018-04-16T10:56:17","date_gmt":"2018-04-16T10:56:17","guid":{"rendered":"https:\/\/business.roovi.com\/puzzle-adulti-1000-piese-kurti-andrea-owlsfamilie-de-bufnite\/p\/"},"modified":"2022-07-13T10:24:27","modified_gmt":"2022-07-13T10:24:27","slug":"kurti-andrea-casse-tete-adulte-de-1000-pieces-chouettes-famille-de-chouettes","status":"publish","type":"product","link":"https:\/\/business.roovi.com\/fr\/kurti-andrea-casse-tete-adulte-de-1000-pieces-chouettes-famille-de-chouettes\/p\/","title":{"rendered":"K\u00fcrti Andrea Casse-t\u00eate adulte de 1000 pi\u00e8ces &#8211; Chouettes\/Famille de chouettes"},"content":{"rendered":"<p><span style=\"font-weight: 400;\">Tu aimes les jeux de puzzle et la nature en g\u00e9n\u00e9ral ? Nous avons cette combinaison parfaite pour toi dans notre puzzle de 1000 pi\u00e8ces &#8211; Hiboux. Une illustration exceptionnelle d&rsquo;une famille de hiboux, con\u00e7ue par l&rsquo;artiste K\u00fcrti Andrea, ravira tes heures monotones de jours maussades.<\/span><\/p>\n<p><span style=\"font-weight: 400;\">Le puzzle de 1000 pi\u00e8ces de K\u00fcrti Andrea &#8211; Hiboux te montre une famille d&rsquo;adorables hiboux, illustr\u00e9s dans des couleurs chaudes. Dans la culture populaire, la chouette est consid\u00e9r\u00e9e comme le pr\u00e9sage de la mort, et dans d&rsquo;autres cultures comme la chinoise, elle est le symbole de la force et de la vitalit\u00e9. Le tableau puzzle de 1000 pi\u00e8ces de l&rsquo;artiste contemporain s&rsquo;inspire de ce deuxi\u00e8me symbole. De plus, les adorables cr\u00e9atures nocturnes semblent amicales et ravies de te rencontrer.<\/span><\/p>\n<p><span style=\"font-weight: 400;\">Des d\u00e9tails color\u00e9s et des d\u00e9corations spectaculaires mettront toutes tes comp\u00e9tences en mati\u00e8re de r\u00e9solution de puzzle \u00e0 l&rsquo;\u00e9preuve. D\u00e9tends-toi et commence \u00e0 travailler sur l&rsquo;une des illustrations les plus passionnantes d&rsquo;un puzzle de 1000 pi\u00e8ces.<\/span><\/p>\n<p><strong>Pourquoi choisir le puzzle 1000 pi\u00e8ces &#8211; Hiboux ?<\/strong><\/p>\n<p><span style=\"font-weight: 400;\">Construis de tes propres mains un tableau fascinant de 70 x 50 cm.<\/span><\/p>\n<p><span style=\"font-weight: 400;\">C&rsquo;est un puzzle en carton bleu de haute qualit\u00e9.<\/span><\/p>\n<p><span style=\"font-weight: 400;\">Il est respectueux de la nature, fabriqu\u00e9 \u00e0 partir de mat\u00e9riaux durables et recyclables.<\/span><\/p>\n<p><span style=\"font-weight: 400;\">Il dure dans le temps, tu peux le r\u00e9utiliser aussi souvent que tu le souhaites et l&rsquo;image que tu cr\u00e9es est impeccable \u00e0 chaque fois que tu l&rsquo;utilises.<\/span><\/p>\n<p><span style=\"font-weight: 400;\">La finition de ce puzzle de 1000 pi\u00e8ces est semi-brillante, dans des couleurs vives.<\/span><\/p>\n<p><span style=\"font-weight: 400;\">Il est recommand\u00e9 pour les personnes de plus de 14 ans, tu peux donc le monter \u00e0 tout moment avec tes enfants adolescents.<\/span><\/p>\n<p><strong>Puzzle de 1000 pi\u00e8ces : possibilit\u00e9 de d\u00e9velopper des comp\u00e9tences<\/strong><\/p>\n<p><span style=\"font-weight: 400;\">La passion pour les jeux de r\u00e9flexion est plus qu&rsquo;une simple occasion de se d\u00e9tendre. Cette activit\u00e9 cr\u00e9ative t&rsquo;aide \u00e0 d\u00e9velopper davantage de comp\u00e9tences que tu utilises dans tes activit\u00e9s quotidiennes :<\/span><\/p>\n<p><span style=\"font-weight: 400;\">Pr\u00e9sence<\/span><\/p>\n<p><span style=\"font-weight: 400;\">L&rsquo;attention au d\u00e9tail<\/span><\/p>\n<p><span style=\"font-weight: 400;\">M\u00e9moire<\/span><\/p>\n<p><span style=\"font-weight: 400;\">Pens\u00e9e critique<\/span><\/p>\n<p><span style=\"font-weight: 400;\">Comp\u00e9tences visuelles et spatiales<\/span><\/p>\n<p><span style=\"font-weight: 400;\">Coordination main-\u0153il.<\/span><\/p>\n<p><strong>Tu connaissais les hiboux ?<\/strong><\/p>\n<p><span style=\"font-weight: 400;\">Avoir<\/span> <span style=\"font-weight: 400;\">leur cou est tr\u00e8s flexible et ils peuvent le faire pivoter de 270 degr\u00e9s vers la droite ou la gauche.<\/span><\/p>\n<p><span style=\"font-weight: 400;\">Les femelles hiboux sont m\u00eame 40% plus grandes que les m\u00e2les.<\/span><\/p>\n<p><span style=\"font-weight: 400;\">Un groupe de chouettes s&rsquo;appelle un parlement ou un groupe de sagesse.<\/span><\/p>\n<p><span style=\"font-weight: 400;\">Les hiboux sont les alli\u00e9s des agriculteurs car ils \u00e9loignent les rongeurs. Une chouette peut chasser jusqu&rsquo;\u00e0 10 000 souris par an.<\/span><\/p>\n<p><span style=\"font-weight: 400;\">Le plus grand fossile de chouette jamais d\u00e9couvert mesurait environ un m\u00e8tre et demi.<\/span><\/p>\n<p><strong>Le puzzle de 1000 pi\u00e8ces t&rsquo;entra\u00eene \u00e0 \u00eatre productif<\/strong><\/p>\n<p><span style=\"font-weight: 400;\">Compl\u00e9ter les images du puzzle de 1000 pi\u00e8ces demande de la passion et une concentration maximale. Ces deux ingr\u00e9dients constituent la recette parfaite pour augmenter ta productivit\u00e9.<\/span><\/p>\n<p><span style=\"font-weight: 400;\">En t&rsquo;exer\u00e7ant constamment aux jeux de r\u00e9flexion, tu pourras appliquer les m\u00eames principes \u00e0 ton travail quotidien. Tu seras heureuse de constater que ta productivit\u00e9 s&rsquo;am\u00e9liore consid\u00e9rablement.<\/span><\/p>\n<p><span style=\"font-weight: 400;\">Tu veux garder un symbole de sagesse dans ta maison pour t&rsquo;inspirer et te porter chance ? Construis un fascinant puzzle de 1000 pi\u00e8ces &#8211; Hiboux et cr\u00e9e le talisman de ton choix.<\/span><\/p>\n<p><span style=\"font-weight: 400;\">Ce puzzle pour adultes peut \u00eatre une excellente option pour les f\u00eates lorsque tu veux surprendre tes proches avec un cadeau unique.<\/span><\/p><\/p>\n","protected":false},"excerpt":{"rendered":"<p>Tu aimes les jeux de puzzle et la nature en g\u00e9n\u00e9ral ? Nous avons cette combinaison parfaite pour toi dans<\/p>\n","protected":false},"featured_media":49392,"template":"","meta":[],"product_brand":[],"product_cat":[2314,2316,2315],"product_tag":[],"class_list":{"0":"post-53272","1":"product","2":"type-product","3":"status-publish","4":"has-post-thumbnail","6":"product_cat-puzzles-fr","7":"product_cat-puzzles-de-1000-pieces","8":"product_cat-puzzles-pour-adultes","9":"pa_brand-d_toys-fr","10":"pa_country_of_manufacture-ro-fr","11":"pa_filter_age-14-fr","12":"pa_painter-kurtiandrea-fr","13":"pa_tip_ambalaj-boite","14":"pa_tip_puzzle-classique","16":"first","17":"instock","18":"taxable","19":"shipping-taxable","20":"product-type-simple"},"yoast_head":"<!-- This site is optimized with the Yoast SEO plugin v20.1 - https:\/\/yoast.com\/wordpress\/plugins\/seo\/ -->\n<title>K\u00fcrti Andrea Casse-t\u00eate adulte de 1000 pi\u00e8ces - Chouettes\/Famille de chouettes<\/title>\n<meta name=\"description\" content=\"K\u00fcrti Andrea Casse-t\u00eate adulte de 1000 pi\u00e8ces - Chouettes\/Famille de chouettes\" \/>\n<meta name=\"robots\" content=\"index, follow, max-snippet:-1, max-image-preview:large, max-video-preview:-1\" \/>\n<link rel=\"canonical\" href=\"https:\/\/business.roovi.com\/fr\/kurti-andrea-casse-tete-adulte-de-1000-pieces-chouettes-famille-de-chouettes\/p\/\" \/>\n<meta property=\"og:locale\" content=\"fr_FR\" \/>\n<meta property=\"og:type\" content=\"article\" \/>\n<meta property=\"og:title\" content=\"K\u00fcrti Andrea Casse-t\u00eate adulte de 1000 pi\u00e8ces - Chouettes\/Famille de chouettes\" \/>\n<meta property=\"og:description\" content=\"K\u00fcrti Andrea Casse-t\u00eate adulte de 1000 pi\u00e8ces - Chouettes\/Famille de chouettes\" \/>\n<meta property=\"og:url\" content=\"https:\/\/business.roovi.com\/fr\/kurti-andrea-casse-tete-adulte-de-1000-pieces-chouettes-famille-de-chouettes\/p\/\" \/>\n<meta property=\"og:site_name\" content=\"Roovi B2B\" \/>\n<meta property=\"article:publisher\" content=\"https:\/\/www.facebook.com\/wwwjucariero\" \/>\n<meta property=\"article:modified_time\" content=\"2022-07-13T10:24:27+00:00\" \/>\n<meta property=\"og:image\" content=\"https:\/\/business.roovi.com\/wp-content\/uploads\/2018\/04\/73747-1_ansamblu_dimensiuni_cutie_cm_orizontal_1200x1200.png\" \/>\n\t<meta property=\"og:image:width\" content=\"1200\" \/>\n\t<meta property=\"og:image:height\" content=\"1200\" \/>\n\t<meta property=\"og:image:type\" content=\"image\/png\" \/>\n<meta name=\"twitter:label1\" content=\"Dur\u00e9e de lecture estim\u00e9e\" \/>\n\t<meta name=\"twitter:data1\" content=\"3 minutes\" \/>\n<script type=\"application\/ld+json\" class=\"yoast-schema-graph\">{\"@context\":\"https:\/\/schema.org\",\"@graph\":[{\"@type\":\"WebPage\",\"@id\":\"https:\/\/business.roovi.com\/fr\/kurti-andrea-casse-tete-adulte-de-1000-pieces-chouettes-famille-de-chouettes\/p\/\",\"url\":\"https:\/\/business.roovi.com\/fr\/kurti-andrea-casse-tete-adulte-de-1000-pieces-chouettes-famille-de-chouettes\/p\/\",\"name\":\"K\u00fcrti Andrea Casse-t\u00eate adulte de 1000 pi\u00e8ces - Chouettes\/Famille de chouettes\",\"isPartOf\":{\"@id\":\"https:\/\/business.roovi.com\/fr\/#website\"},\"datePublished\":\"2018-04-16T10:56:17+00:00\",\"dateModified\":\"2022-07-13T10:24:27+00:00\",\"description\":\"K\u00fcrti Andrea Casse-t\u00eate adulte de 1000 pi\u00e8ces - Chouettes\/Famille de chouettes\",\"breadcrumb\":{\"@id\":\"https:\/\/business.roovi.com\/fr\/kurti-andrea-casse-tete-adulte-de-1000-pieces-chouettes-famille-de-chouettes\/p\/#breadcrumb\"},\"inLanguage\":\"fr-FR\",\"potentialAction\":[{\"@type\":\"ReadAction\",\"target\":[\"https:\/\/business.roovi.com\/fr\/kurti-andrea-casse-tete-adulte-de-1000-pieces-chouettes-famille-de-chouettes\/p\/\"]}]},{\"@type\":\"BreadcrumbList\",\"@id\":\"https:\/\/business.roovi.com\/fr\/kurti-andrea-casse-tete-adulte-de-1000-pieces-chouettes-famille-de-chouettes\/p\/#breadcrumb\",\"itemListElement\":[{\"@type\":\"ListItem\",\"position\":1,\"name\":\"Home\",\"item\":\"https:\/\/business.roovi.com\/fr\/\"},{\"@type\":\"ListItem\",\"position\":2,\"name\":\"Boutique\",\"item\":\"https:\/\/business.roovi.com\/fr\/boutique\/\"},{\"@type\":\"ListItem\",\"position\":3,\"name\":\"K\u00fcrti Andrea Casse-t\u00eate adulte de 1000 pi\u00e8ces &#8211; Chouettes\/Famille de chouettes\"}]},{\"@type\":\"WebSite\",\"@id\":\"https:\/\/business.roovi.com\/fr\/#website\",\"url\":\"https:\/\/business.roovi.com\/fr\/\",\"name\":\"Roovi B2B\",\"description\":\"Roovi Business Website\",\"potentialAction\":[{\"@type\":\"SearchAction\",\"target\":{\"@type\":\"EntryPoint\",\"urlTemplate\":\"https:\/\/business.roovi.com\/fr\/?s={search_term_string}\"},\"query-input\":\"required name=search_term_string\"}],\"inLanguage\":\"fr-FR\"}]}<\/script>\n<!-- \/ Yoast SEO plugin. -->","yoast_head_json":{"title":"K\u00fcrti Andrea Casse-t\u00eate adulte de 1000 pi\u00e8ces - Chouettes\/Famille de chouettes","description":"K\u00fcrti Andrea Casse-t\u00eate adulte de 1000 pi\u00e8ces - Chouettes\/Famille de chouettes","robots":{"index":"index","follow":"follow","max-snippet":"max-snippet:-1","max-image-preview":"max-image-preview:large","max-video-preview":"max-video-preview:-1"},"canonical":"https:\/\/business.roovi.com\/fr\/kurti-andrea-casse-tete-adulte-de-1000-pieces-chouettes-famille-de-chouettes\/p\/","og_locale":"fr_FR","og_type":"article","og_title":"K\u00fcrti Andrea Casse-t\u00eate adulte de 1000 pi\u00e8ces - Chouettes\/Famille de chouettes","og_description":"K\u00fcrti Andrea Casse-t\u00eate adulte de 1000 pi\u00e8ces - Chouettes\/Famille de chouettes","og_url":"https:\/\/business.roovi.com\/fr\/kurti-andrea-casse-tete-adulte-de-1000-pieces-chouettes-famille-de-chouettes\/p\/","og_site_name":"Roovi B2B","article_publisher":"https:\/\/www.facebook.com\/wwwjucariero","article_modified_time":"2022-07-13T10:24:27+00:00","og_image":[{"width":1200,"height":1200,"url":"https:\/\/business.roovi.com\/wp-content\/uploads\/2018\/04\/73747-1_ansamblu_dimensiuni_cutie_cm_orizontal_1200x1200.png","type":"image\/png"}],"twitter_misc":{"Dur\u00e9e de lecture estim\u00e9e":"3 minutes"},"schema":{"@context":"https:\/\/schema.org","@graph":[{"@type":"WebPage","@id":"https:\/\/business.roovi.com\/fr\/kurti-andrea-casse-tete-adulte-de-1000-pieces-chouettes-famille-de-chouettes\/p\/","url":"https:\/\/business.roovi.com\/fr\/kurti-andrea-casse-tete-adulte-de-1000-pieces-chouettes-famille-de-chouettes\/p\/","name":"K\u00fcrti Andrea Casse-t\u00eate adulte de 1000 pi\u00e8ces - Chouettes\/Famille de chouettes","isPartOf":{"@id":"https:\/\/business.roovi.com\/fr\/#website"},"datePublished":"2018-04-16T10:56:17+00:00","dateModified":"2022-07-13T10:24:27+00:00","description":"K\u00fcrti Andrea Casse-t\u00eate adulte de 1000 pi\u00e8ces - Chouettes\/Famille de chouettes","breadcrumb":{"@id":"https:\/\/business.roovi.com\/fr\/kurti-andrea-casse-tete-adulte-de-1000-pieces-chouettes-famille-de-chouettes\/p\/#breadcrumb"},"inLanguage":"fr-FR","potentialAction":[{"@type":"ReadAction","target":["https:\/\/business.roovi.com\/fr\/kurti-andrea-casse-tete-adulte-de-1000-pieces-chouettes-famille-de-chouettes\/p\/"]}]},{"@type":"BreadcrumbList","@id":"https:\/\/business.roovi.com\/fr\/kurti-andrea-casse-tete-adulte-de-1000-pieces-chouettes-famille-de-chouettes\/p\/#breadcrumb","itemListElement":[{"@type":"ListItem","position":1,"name":"Home","item":"https:\/\/business.roovi.com\/fr\/"},{"@type":"ListItem","position":2,"name":"Boutique","item":"https:\/\/business.roovi.com\/fr\/boutique\/"},{"@type":"ListItem","position":3,"name":"K\u00fcrti Andrea Casse-t\u00eate adulte de 1000 pi\u00e8ces &#8211; Chouettes\/Famille de chouettes"}]},{"@type":"WebSite","@id":"https:\/\/business.roovi.com\/fr\/#website","url":"https:\/\/business.roovi.com\/fr\/","name":"Roovi B2B","description":"Roovi Business Website","potentialAction":[{"@type":"SearchAction","target":{"@type":"EntryPoint","urlTemplate":"https:\/\/business.roovi.com\/fr\/?s={search_term_string}"},"query-input":"required name=search_term_string"}],"inLanguage":"fr-FR"}]}},"_links":{"self":[{"href":"https:\/\/business.roovi.com\/fr\/wp-json\/wp\/v2\/product\/53272","targetHints":{"allow":["GET"]}}],"collection":[{"href":"https:\/\/business.roovi.com\/fr\/wp-json\/wp\/v2\/product"}],"about":[{"href":"https:\/\/business.roovi.com\/fr\/wp-json\/wp\/v2\/types\/product"}],"version-history":[{"count":0,"href":"https:\/\/business.roovi.com\/fr\/wp-json\/wp\/v2\/product\/53272\/revisions"}],"wp:featuredmedia":[{"embeddable":true,"href":"https:\/\/business.roovi.com\/fr\/wp-json\/wp\/v2\/media\/49392"}],"wp:attachment":[{"href":"https:\/\/business.roovi.com\/fr\/wp-json\/wp\/v2\/media?parent=53272"}],"wp:term":[{"taxonomy":"product_brand","embeddable":true,"href":"https:\/\/business.roovi.com\/fr\/wp-json\/wp\/v2\/product_brand?post=53272"},{"taxonomy":"product_cat","embeddable":true,"href":"https:\/\/business.roovi.com\/fr\/wp-json\/wp\/v2\/product_cat?post=53272"},{"taxonomy":"product_tag","embeddable":true,"href":"https:\/\/business.roovi.com\/fr\/wp-json\/wp\/v2\/product_tag?post=53272"}],"curies":[{"name":"wp","href":"https:\/\/api.w.org\/{rel}","templated":true}]}}