{"id":53273,"date":"2018-04-16T10:56:17","date_gmt":"2018-04-16T10:56:17","guid":{"rendered":"https:\/\/business.roovi.com\/puzzle-adulti-1000-piese-kurti-andrea-owls-bufnite\/p\/"},"modified":"2022-07-13T10:24:27","modified_gmt":"2022-07-13T10:24:27","slug":"kurti-andrea-puzzle-adulte-1000-pieces-hiboux","status":"publish","type":"product","link":"https:\/\/business.roovi.com\/fr\/kurti-andrea-puzzle-adulte-1000-pieces-hiboux\/p\/","title":{"rendered":"K\u00fcrti Andrea Puzzle adulte 1000 pi\u00e8ces &#8211; Hiboux"},"content":{"rendered":"<p><span style=\"font-weight: 400;\">Savais-tu que la chouette est le symbole de la sagesse et de la vitalit\u00e9 ? On dit que tout objet repr\u00e9sentant cette cr\u00e9ature sacr\u00e9e attire les \u00e9nergies positives. Le puzzle de 1000 pi\u00e8ces &#8211; Hiboux pr\u00e9sente de nombreux hiboux color\u00e9s. Assemble le tableau et garde-le comme un porte-bonheur dans ta maison.<\/span><\/p>\n<p><span style=\"font-weight: 400;\">Que tu sois fascin\u00e9 par ces oiseaux nocturnes ou que tu veuilles simplement mettre en pratique tes comp\u00e9tences d&rsquo;assemblage, le puzzle 1000 pi\u00e8ces &#8211; Hiboux occupera ton temps de mani\u00e8re cr\u00e9ative <\/span><\/p>\n<p><span style=\"font-weight: 400;\">L&rsquo;artiste K\u00fcrti Andrea a cr\u00e9\u00e9 une illustration anim\u00e9e de chouettes de toutes les couleurs et de toutes les tailles. Elle a donc cr\u00e9\u00e9 un jeu de puzzle avec un degr\u00e9 de difficult\u00e9 plus \u00e9lev\u00e9. Arme-toi de patience et de bonne humeur et construis un tableau fascinant qui embellira ta pi\u00e8ce pr\u00e9f\u00e9r\u00e9e.<\/span><\/p>\n<p><span style=\"font-weight: 400;\">Tu peux utiliser une table basse standard pour l&rsquo;assemblage. Tu obtiendras une peinture de 50 x 70 cm.<\/span><\/p>\n<p><strong>Pourquoi choisir le puzzle de 1000 pi\u00e8ces K\u00fcrti Andrea &#8211; Hiboux ? <\/strong><\/p>\n<p><span style=\"font-weight: 400;\">C&rsquo;est un puzzle en carton bleu de haute qualit\u00e9.<\/span><\/p>\n<p><span style=\"font-weight: 400;\">Il respecte la nature et est fabriqu\u00e9 \u00e0 partir de mat\u00e9riaux durables et recyclables.<\/span><\/p>\n<p><span style=\"font-weight: 400;\">C&rsquo;est tr\u00e8s durable, tu peux le refaire plusieurs fois et l&rsquo;image est impeccable \u00e0 chaque fois.<\/span><\/p>\n<p><span style=\"font-weight: 400;\">Elle a une finition semi-brillante dans des couleurs vives.<\/span><\/p>\n<p><span style=\"font-weight: 400;\">Il est recommand\u00e9 pour les 14 ans et plus et est parfait pour introduire tes adolescents dans le monde des puzzles plus difficiles.<\/span><\/p>\n<p><span style=\"font-weight: 400;\">Le puzzle 1000 pi\u00e8ces &#8211; Hiboux est une forme de relaxation et apporte en m\u00eame temps de nombreux avantages pour la sant\u00e9 :<\/span><\/p>\n<p><strong>Garde ton cerveau actif<\/strong><span style=\"font-weight: 400;\"> &#8211; les h\u00e9misph\u00e8res droit et gauche du cerveau sont impliqu\u00e9s pendant l&rsquo;assemblage, c&rsquo;est donc un exercice complexe pour le cerveau.<\/span><\/p>\n<p><strong>Prot\u00e8ge ta sant\u00e9 mentale<\/strong><span style=\"font-weight: 400;\"> &#8211; on a d\u00e9couvert que les personnes qui font des puzzles quotidiennement ont un risque tr\u00e8s faible de d\u00e9velopper la maladie d&rsquo;Alzheimer.<\/span><\/p>\n<p><strong>Am\u00e9liore ton attention<\/strong><span style=\"font-weight: 400;\"> &#8211; le jeu de puzzle exige une concentration maximale et une attention \u00e9tonnante aux plus petits d\u00e9tails. S&rsquo;entra\u00eener fr\u00e9quemment permet d&rsquo;aiguiser cette comp\u00e9tence.<\/span><\/p>\n<p><strong>Il aff\u00fbte tes comp\u00e9tences visuo-spatiales<\/strong><span style=\"font-weight: 400;\">  que tu utilises dans les activit\u00e9s quotidiennes, comme garer ta voiture ou placer des objets dans de petits espaces.<\/span><\/p>\n<p><strong>5 curiosit\u00e9s sur les hiboux<\/strong><\/p>\n<p><span style=\"font-weight: 400;\">1. Le plus ancien fossile de chouette date de 58 millions d&rsquo;ann\u00e9es.<\/span><\/p>\n<p><span style=\"font-weight: 400;\">2. Ce sont d&rsquo;excellents chasseurs. Certaines esp\u00e8ces peuvent attraper jusqu&rsquo;\u00e0 10 000 souris en un an.<\/span><\/p>\n<p><span style=\"font-weight: 400;\">3. Ils \u00e9liminent les parties non dig\u00e9r\u00e9es de leur nourriture sous forme d&rsquo;ingluvium par leur bouche.<\/span><\/p>\n<p><span style=\"font-weight: 400;\">4. Certains hiboux vivant dans le d\u00e9sert nichent parmi les cactus.<\/span><\/p>\n<p><span style=\"font-weight: 400;\">5. Certaines esp\u00e8ces sont utilis\u00e9es dans les sports et sont entra\u00een\u00e9es par les humains comme le sont les faucons.<\/span><\/p>\n<p><strong>D&rsquo;autres comp\u00e9tences que tu peux d\u00e9velopper avec le puzzle 1000 pi\u00e8ces Owls<\/strong><\/p>\n<p><span style=\"font-weight: 400;\">Tu affines tes comp\u00e9tences.<\/span><strong> <\/strong><\/p>\n<p><span style=\"font-weight: 400;\">Tu d\u00e9veloppes ton sens de l&rsquo;esth\u00e9tique.<\/span><\/p>\n<p><span style=\"font-weight: 400;\">D\u00e9veloppe ta cr\u00e9ativit\u00e9.<\/span><\/p>\n<p><span style=\"font-weight: 400;\">Tu aiguises ton app\u00e9tit de connaissances.<\/span><\/p>\n<p><span style=\"font-weight: 400;\">Tu as la possibilit\u00e9 de cr\u00e9er une peinture artistique qui embellira ta maison.<\/span><\/p>\n<p><span style=\"font-weight: 400;\">Tu apprends \u00e0 travailler en \u00e9quipe sur un puzzle de 1000 pi\u00e8ces lorsque tes proches participent \u00e0 l&rsquo;activit\u00e9.<\/span><\/p>\n<p><span style=\"font-weight: 400;\">Le puzzle de 1000 pi\u00e8ces de K\u00fcrti Andrea &#8211; Hiboux est id\u00e9al pour les superstitieux et les amateurs de puzzle. Assemble le tableau et garde-le comme un objet de d\u00e9coration. Ou bien d\u00e9monte les pi\u00e8ces et reconstruis l&rsquo;image lorsque tu ressens le besoin d&rsquo;une activit\u00e9 cr\u00e9ative.<\/span><\/p>\n<p><span style=\"font-weight: 400;\">Tu as besoin d&rsquo;une id\u00e9e de cadeau fantastique ? Le puzzle de 1000 pi\u00e8ces est le cadeau id\u00e9al \u00e0 offrir pour les f\u00eates ou les anniversaires.<\/span><\/p><\/p>\n","protected":false},"excerpt":{"rendered":"<p>Savais-tu que la chouette est le symbole de la sagesse et de la vitalit\u00e9 ? On dit que tout objet<\/p>\n","protected":false},"featured_media":49402,"template":"","meta":[],"product_brand":[],"product_cat":[2314,2316,2315],"product_tag":[],"class_list":{"0":"post-53273","1":"product","2":"type-product","3":"status-publish","4":"has-post-thumbnail","6":"product_cat-puzzles-fr","7":"product_cat-puzzles-de-1000-pieces","8":"product_cat-puzzles-pour-adultes","9":"pa_brand-d_toys-fr","10":"pa_country_of_manufacture-ro-fr","11":"pa_filter_age-14-fr","12":"pa_painter-kurtiandrea-fr","13":"pa_tip_ambalaj-boite","14":"pa_tip_puzzle-classique","16":"first","17":"instock","18":"taxable","19":"shipping-taxable","20":"product-type-simple"},"yoast_head":"<!-- This site is optimized with the Yoast SEO plugin v20.1 - https:\/\/yoast.com\/wordpress\/plugins\/seo\/ -->\n<title>K\u00fcrti Andrea Puzzle adulte 1000 pi\u00e8ces - Hiboux<\/title>\n<meta name=\"description\" content=\"K\u00fcrti Andrea Puzzle adulte 1000 pi\u00e8ces - Hiboux\" \/>\n<meta name=\"robots\" content=\"index, follow, max-snippet:-1, max-image-preview:large, max-video-preview:-1\" \/>\n<link rel=\"canonical\" href=\"https:\/\/business.roovi.com\/fr\/kurti-andrea-puzzle-adulte-1000-pieces-hiboux\/p\/\" \/>\n<meta property=\"og:locale\" content=\"fr_FR\" \/>\n<meta property=\"og:type\" content=\"article\" \/>\n<meta property=\"og:title\" content=\"K\u00fcrti Andrea Puzzle adulte 1000 pi\u00e8ces - Hiboux\" \/>\n<meta property=\"og:description\" content=\"K\u00fcrti Andrea Puzzle adulte 1000 pi\u00e8ces - Hiboux\" \/>\n<meta property=\"og:url\" content=\"https:\/\/business.roovi.com\/fr\/kurti-andrea-puzzle-adulte-1000-pieces-hiboux\/p\/\" \/>\n<meta property=\"og:site_name\" content=\"Roovi B2B\" \/>\n<meta property=\"article:publisher\" content=\"https:\/\/www.facebook.com\/wwwjucariero\" \/>\n<meta property=\"article:modified_time\" content=\"2022-07-13T10:24:27+00:00\" \/>\n<meta property=\"og:image\" content=\"https:\/\/business.roovi.com\/wp-content\/uploads\/2018\/04\/73747-2_ansamblu_dimensiuni_cutie_cm_vertical_1200x1200.png\" \/>\n\t<meta property=\"og:image:width\" content=\"1200\" \/>\n\t<meta property=\"og:image:height\" content=\"1200\" \/>\n\t<meta property=\"og:image:type\" content=\"image\/png\" \/>\n<meta name=\"twitter:label1\" content=\"Dur\u00e9e de lecture estim\u00e9e\" \/>\n\t<meta name=\"twitter:data1\" content=\"3 minutes\" \/>\n<script type=\"application\/ld+json\" class=\"yoast-schema-graph\">{\"@context\":\"https:\/\/schema.org\",\"@graph\":[{\"@type\":\"WebPage\",\"@id\":\"https:\/\/business.roovi.com\/fr\/kurti-andrea-puzzle-adulte-1000-pieces-hiboux\/p\/\",\"url\":\"https:\/\/business.roovi.com\/fr\/kurti-andrea-puzzle-adulte-1000-pieces-hiboux\/p\/\",\"name\":\"K\u00fcrti Andrea Puzzle adulte 1000 pi\u00e8ces - Hiboux\",\"isPartOf\":{\"@id\":\"https:\/\/business.roovi.com\/fr\/#website\"},\"datePublished\":\"2018-04-16T10:56:17+00:00\",\"dateModified\":\"2022-07-13T10:24:27+00:00\",\"description\":\"K\u00fcrti Andrea Puzzle adulte 1000 pi\u00e8ces - Hiboux\",\"breadcrumb\":{\"@id\":\"https:\/\/business.roovi.com\/fr\/kurti-andrea-puzzle-adulte-1000-pieces-hiboux\/p\/#breadcrumb\"},\"inLanguage\":\"fr-FR\",\"potentialAction\":[{\"@type\":\"ReadAction\",\"target\":[\"https:\/\/business.roovi.com\/fr\/kurti-andrea-puzzle-adulte-1000-pieces-hiboux\/p\/\"]}]},{\"@type\":\"BreadcrumbList\",\"@id\":\"https:\/\/business.roovi.com\/fr\/kurti-andrea-puzzle-adulte-1000-pieces-hiboux\/p\/#breadcrumb\",\"itemListElement\":[{\"@type\":\"ListItem\",\"position\":1,\"name\":\"Home\",\"item\":\"https:\/\/business.roovi.com\/fr\/\"},{\"@type\":\"ListItem\",\"position\":2,\"name\":\"Boutique\",\"item\":\"https:\/\/business.roovi.com\/fr\/boutique\/\"},{\"@type\":\"ListItem\",\"position\":3,\"name\":\"K\u00fcrti Andrea Puzzle adulte 1000 pi\u00e8ces &#8211; Hiboux\"}]},{\"@type\":\"WebSite\",\"@id\":\"https:\/\/business.roovi.com\/fr\/#website\",\"url\":\"https:\/\/business.roovi.com\/fr\/\",\"name\":\"Roovi B2B\",\"description\":\"Roovi Business Website\",\"potentialAction\":[{\"@type\":\"SearchAction\",\"target\":{\"@type\":\"EntryPoint\",\"urlTemplate\":\"https:\/\/business.roovi.com\/fr\/?s={search_term_string}\"},\"query-input\":\"required name=search_term_string\"}],\"inLanguage\":\"fr-FR\"}]}<\/script>\n<!-- \/ Yoast SEO plugin. -->","yoast_head_json":{"title":"K\u00fcrti Andrea Puzzle adulte 1000 pi\u00e8ces - Hiboux","description":"K\u00fcrti Andrea Puzzle adulte 1000 pi\u00e8ces - Hiboux","robots":{"index":"index","follow":"follow","max-snippet":"max-snippet:-1","max-image-preview":"max-image-preview:large","max-video-preview":"max-video-preview:-1"},"canonical":"https:\/\/business.roovi.com\/fr\/kurti-andrea-puzzle-adulte-1000-pieces-hiboux\/p\/","og_locale":"fr_FR","og_type":"article","og_title":"K\u00fcrti Andrea Puzzle adulte 1000 pi\u00e8ces - Hiboux","og_description":"K\u00fcrti Andrea Puzzle adulte 1000 pi\u00e8ces - Hiboux","og_url":"https:\/\/business.roovi.com\/fr\/kurti-andrea-puzzle-adulte-1000-pieces-hiboux\/p\/","og_site_name":"Roovi B2B","article_publisher":"https:\/\/www.facebook.com\/wwwjucariero","article_modified_time":"2022-07-13T10:24:27+00:00","og_image":[{"width":1200,"height":1200,"url":"https:\/\/business.roovi.com\/wp-content\/uploads\/2018\/04\/73747-2_ansamblu_dimensiuni_cutie_cm_vertical_1200x1200.png","type":"image\/png"}],"twitter_misc":{"Dur\u00e9e de lecture estim\u00e9e":"3 minutes"},"schema":{"@context":"https:\/\/schema.org","@graph":[{"@type":"WebPage","@id":"https:\/\/business.roovi.com\/fr\/kurti-andrea-puzzle-adulte-1000-pieces-hiboux\/p\/","url":"https:\/\/business.roovi.com\/fr\/kurti-andrea-puzzle-adulte-1000-pieces-hiboux\/p\/","name":"K\u00fcrti Andrea Puzzle adulte 1000 pi\u00e8ces - Hiboux","isPartOf":{"@id":"https:\/\/business.roovi.com\/fr\/#website"},"datePublished":"2018-04-16T10:56:17+00:00","dateModified":"2022-07-13T10:24:27+00:00","description":"K\u00fcrti Andrea Puzzle adulte 1000 pi\u00e8ces - Hiboux","breadcrumb":{"@id":"https:\/\/business.roovi.com\/fr\/kurti-andrea-puzzle-adulte-1000-pieces-hiboux\/p\/#breadcrumb"},"inLanguage":"fr-FR","potentialAction":[{"@type":"ReadAction","target":["https:\/\/business.roovi.com\/fr\/kurti-andrea-puzzle-adulte-1000-pieces-hiboux\/p\/"]}]},{"@type":"BreadcrumbList","@id":"https:\/\/business.roovi.com\/fr\/kurti-andrea-puzzle-adulte-1000-pieces-hiboux\/p\/#breadcrumb","itemListElement":[{"@type":"ListItem","position":1,"name":"Home","item":"https:\/\/business.roovi.com\/fr\/"},{"@type":"ListItem","position":2,"name":"Boutique","item":"https:\/\/business.roovi.com\/fr\/boutique\/"},{"@type":"ListItem","position":3,"name":"K\u00fcrti Andrea Puzzle adulte 1000 pi\u00e8ces &#8211; Hiboux"}]},{"@type":"WebSite","@id":"https:\/\/business.roovi.com\/fr\/#website","url":"https:\/\/business.roovi.com\/fr\/","name":"Roovi B2B","description":"Roovi Business Website","potentialAction":[{"@type":"SearchAction","target":{"@type":"EntryPoint","urlTemplate":"https:\/\/business.roovi.com\/fr\/?s={search_term_string}"},"query-input":"required name=search_term_string"}],"inLanguage":"fr-FR"}]}},"_links":{"self":[{"href":"https:\/\/business.roovi.com\/fr\/wp-json\/wp\/v2\/product\/53273","targetHints":{"allow":["GET"]}}],"collection":[{"href":"https:\/\/business.roovi.com\/fr\/wp-json\/wp\/v2\/product"}],"about":[{"href":"https:\/\/business.roovi.com\/fr\/wp-json\/wp\/v2\/types\/product"}],"version-history":[{"count":0,"href":"https:\/\/business.roovi.com\/fr\/wp-json\/wp\/v2\/product\/53273\/revisions"}],"wp:featuredmedia":[{"embeddable":true,"href":"https:\/\/business.roovi.com\/fr\/wp-json\/wp\/v2\/media\/49402"}],"wp:attachment":[{"href":"https:\/\/business.roovi.com\/fr\/wp-json\/wp\/v2\/media?parent=53273"}],"wp:term":[{"taxonomy":"product_brand","embeddable":true,"href":"https:\/\/business.roovi.com\/fr\/wp-json\/wp\/v2\/product_brand?post=53273"},{"taxonomy":"product_cat","embeddable":true,"href":"https:\/\/business.roovi.com\/fr\/wp-json\/wp\/v2\/product_cat?post=53273"},{"taxonomy":"product_tag","embeddable":true,"href":"https:\/\/business.roovi.com\/fr\/wp-json\/wp\/v2\/product_tag?post=53273"}],"curies":[{"name":"wp","href":"https:\/\/api.w.org\/{rel}","templated":true}]}}