{"id":53277,"date":"2018-04-16T10:56:17","date_gmt":"2018-04-16T10:56:17","guid":{"rendered":"https:\/\/business.roovi.com\/puzzle-adulti-2000-piese-kurti-andrea-the-frog-prince-sleeping-beauty-snow-white-arabian-nights\/p\/"},"modified":"2022-10-20T11:46:55","modified_gmt":"2022-10-20T11:46:55","slug":"puzzle-adulte-2000-pieces-kurti-andrea-le-prince-des-grenouilles-la-belle-au-bois-dormant-blanche-neige-les-mille-et-une-nuits","status":"publish","type":"product","link":"https:\/\/business.roovi.com\/fr\/puzzle-adulte-2000-pieces-kurti-andrea-le-prince-des-grenouilles-la-belle-au-bois-dormant-blanche-neige-les-mille-et-une-nuits\/p\/","title":{"rendered":"Puzzle adulte 2000 pi\u00e8ces K\u00fcrti Andrea &#8211; Le Prince des grenouilles, La Belle au bois dormant, Blanche-Neige, Les Mille et Une Nuits"},"content":{"rendered":"<p><span style=\"font-weight: 400;\">Tu es passionn\u00e9 par les \u00e9nigmes complexes qui te gardent branch\u00e9 pendant des heures et mettent ta patience \u00e0 l&rsquo;\u00e9preuve ?<\/span> Le<span style=\"font-weight: 400;\">puzzle de 2000 pi\u00e8ces avec une illustration originale de l&rsquo;artiste K\u00fcrti Andrea<\/span> te met au d\u00e9fi mentalement et <span style=\"font-weight: 400;\">fait passer ta passion pour les puzzles au niveau de l&rsquo;art.<\/span><\/p>\n<p><span style=\"font-weight: 400;\">Si tu aimes les histoires et que tu aimes retrouver le charme de l&rsquo;enfance dans des images sp\u00e9ciales qui te ram\u00e8nent aux plus belles ann\u00e9es de ta vie, tu appr\u00e9cieras encore plus Le Prince Grenouille, La Belle au Bois Dormant, Blanche Neige, Les Mille et Une Nuits puzzle 2000 pi\u00e8ces.<\/span><\/p>\n<p><span style=\"font-weight: 400;\">L&rsquo;artiste K\u00fcrti Andrea a reproduit 4 histoires classiques \u00e0 travers trois illustrations uniques. Ses personnages sont compl\u00e8tement diff\u00e9rents de ce que tu as vu auparavant. Ils sont diaphanes, candides et majestueux \u00e0 la fois. R\u00e9unis dans cette superbe illustration, ils forment une v\u00e9ritable \u0153uvre d&rsquo;art que tu peux recr\u00e9er \u00e0 partir d&rsquo;un puzzle de 2000 pi\u00e8ces.<\/span><\/p>\n<p><span style=\"font-weight: 400;\">L&rsquo;image de ce merveilleux puzzle de 2000 pi\u00e8ces conserve le charme de la fantaisie et te donne un sentiment de bien-\u00eatre, de beaut\u00e9 et de r\u00eave. Alors entre dans le monde des contes de f\u00e9es et laisse-toi emporter au pays des r\u00eaves avec les princesses des contes de f\u00e9es La Princesse et la Grenouille, La Belle au bois dormant, Blanche-Neige et Mille et Une Nuits <\/span><\/p>\n<p><span style=\"font-weight: 400;\">Comprend un puzzle de 2000 pi\u00e8ces : Princesse et la Grenouille, La Belle au bois dormant, Blanche-Neige, Les Mille et Une Nuits :<\/span><\/p>\n<p><strong>Taille de l&rsquo;image reconstitu\u00e9e : 96 x 68 cm.<\/strong><\/p>\n<p><strong>Mat\u00e9riau du puzzle <\/strong><\/p>\n<p><strong>carton bleu de haute qualit\u00e9<\/strong><\/p>\n<p><strong>des mat\u00e9riaux durables et recyclables<\/strong><\/p>\n<p><strong>finition semi-brillante, couleurs vives<\/strong><\/p>\n<p><strong>Nombre de pi\u00e8ces de puzzle : 2000<\/strong><\/p>\n<p><strong>\u00c2ge recommand\u00e9 : 14+<\/strong><\/p>\n<p><strong>Pourquoi choisir le puzzle de 2000 pi\u00e8ces avec des illustrations modernes d&rsquo;histoires classiques ?<\/strong><\/p>\n<p><span style=\"font-weight: 400;\">C&rsquo;est une excellente occasion d&rsquo;entra\u00eener ton esprit et d&rsquo;am\u00e9liorer ta m\u00e9moire.<\/span><\/p>\n<p><span style=\"font-weight: 400;\">Il maintient ton attention et ta concentration sur une seule activit\u00e9 pendant un long moment, ce qui t&rsquo;aide \u00e0 accomplir d&rsquo;autres t\u00e2ches m\u00e9ticuleuses que tu dois faire <\/span><\/p>\n<p><span style=\"font-weight: 400;\">C&rsquo;est un bon moment pour l&rsquo;introspection car l&rsquo;image qui se d\u00e9ploie te rappelle les histoires qui t&rsquo;ont ravi quand tu \u00e9tais enfant.<\/span><\/p>\n<p><span style=\"font-weight: 400;\">Il d\u00e9veloppe ton imagination car tu es libre de r\u00eaver et de cr\u00e9er mentalement diff\u00e9rents sc\u00e9narios bas\u00e9s sur l&rsquo;image du puzzle de 2000 pi\u00e8ces.<\/span><\/p>\n<p><span style=\"font-weight: 400;\">Il te donne l&rsquo;occasion d&rsquo;affiner tes comp\u00e9tences en mati\u00e8re de puzzles.<\/span><\/p>\n<p><span style=\"font-weight: 400;\">Tu obtiens une image artistique originale que tu ne peux trouver nulle part ailleurs et avec laquelle tu peux d\u00e9corer ta maison.<\/span><\/p>\n<p><strong>Tu savais que&#8230; ?<\/strong><\/p>\n<p><span style=\"font-weight: 400;\">Les jeux de puzzle stimulent l&rsquo;activit\u00e9 c\u00e9r\u00e9brale et constituent un exercice complet pour le cerveau. Dans cette activit\u00e9 cr\u00e9ative, tu utilises \u00e0 la fois ton h\u00e9misph\u00e8re gauche du cerveau, qui est responsable de la pens\u00e9e logique et du raisonnement, et ton h\u00e9misph\u00e8re droit, qui r\u00e9git les \u00e9motions, l&rsquo;affectivit\u00e9 et la cr\u00e9ativit\u00e9.<\/span><\/p>\n<p><span style=\"font-weight: 400;\">Jouer \u00e0 des puzzles r\u00e9duit \u00e9galement le d\u00e9clin cognitif et maintient la sant\u00e9 du cerveau \u00e0 mesure que tu vieillis. Les experts ont d\u00e9couvert que les personnes qui font des puzzles chaque jour pendant au moins une demi-heure ont un risque r\u00e9duit d&rsquo;Alzheimer et d&rsquo;autres maladies neurod\u00e9g\u00e9n\u00e9ratives.<\/span><\/p>\n<p><span style=\"font-weight: 400;\">Les jeux de puzzle apportent bonheur et bien-\u00eatre. Il a \u00e9galement \u00e9t\u00e9 d\u00e9montr\u00e9 scientifiquement que pendant l&rsquo;activit\u00e9 consistant \u00e0 rejouer des images de puzzle pour adultes, le cerveau s\u00e9cr\u00e8te davantage de dopamine, l&rsquo;hormone du bonheur. C&rsquo;est pourquoi les jeux de r\u00e9flexion te font sentir compl\u00e8tement satisfait et d\u00e9tendu.<\/span><\/p>\n<p><strong>Le puzzle de 2000 pi\u00e8ces t&rsquo;aide \u00e0 sortir de ta routine quotidienne<\/strong><\/p>\n<p><span style=\"font-weight: 400;\">Parfois, tu as besoin de d\u00e9fis cr\u00e9atifs pour combattre la routine. Un puzzle de 2000 pi\u00e8ces est parfait pour rompre la monotonie, ainsi que pour passer le temps de mani\u00e8re relaxante lorsque le temps ne te permet pas de sortir de la maison. Mets quelques pi\u00e8ces au puzzle de 2000 pi\u00e8ces chaque jour et fais de petits pas vers le succ\u00e8s chaque jour.<\/span><\/p>\n<p><span style=\"font-weight: 400;\">De plus, si tu as constamment l&rsquo;impression que la vie te manque et que tu n&rsquo;as pas assez de temps pour tout ce que tu as pr\u00e9vu de faire, il est peut-\u00eatre temps de faire une pause. R\u00e9serve au moins 30 minutes par jour pour un puzzle de 2000 pi\u00e8ces et tu sortiras du rythme rapide de la vie quotidienne. De plus, tu d\u00e9couvriras que tu es plus productif et plus d\u00e9tendu, car jouer aux puzzles t&rsquo;aide \u00e0 mettre de l&rsquo;ordre dans tes id\u00e9es et \u00e0 avoir des perspectives diff\u00e9rentes pour r\u00e9soudre les probl\u00e8mes <\/span><\/p>\n<p><span style=\"font-weight: 400;\">Si tu es un passionn\u00e9 de jeux de puzzle et que tu veux passer au niveau sup\u00e9rieur, essaie les puzzles de 2000 pi\u00e8ces La Princesse et la Grenouille, La Belle au bois dormant, Blanche-Neige et Les Mille et Une Nuits <\/span><\/p>\n<p><span style=\"font-weight: 400;\">Cet \u00e9tonnant puzzle de 2000 pi\u00e8ces est le cadeau id\u00e9al pour les amis qui sont aussi passionn\u00e9s de jeux de puzzle que toi, ou pour ceux \u00e0 qui tu veux donner un d\u00e9fi cr\u00e9atif.<\/span><\/p>\n","protected":false},"excerpt":{"rendered":"<p>Tu es passionn\u00e9 par les \u00e9nigmes complexes qui te gardent branch\u00e9 pendant des heures et mettent ta patience \u00e0 l&rsquo;\u00e9preuve<\/p>\n","protected":false},"featured_media":72441,"template":"","meta":[],"product_brand":[],"product_cat":[2314,2384,2315],"product_tag":[],"class_list":{"0":"post-53277","1":"product","2":"type-product","3":"status-publish","4":"has-post-thumbnail","6":"product_cat-puzzles-fr","7":"product_cat-puzzles-de-2000-pieces","8":"product_cat-puzzles-pour-adultes","9":"pa_brand-d_toys-fr","10":"pa_country_of_manufacture-ro-fr","11":"pa_filter_age-14-fr","12":"pa_painter-kurtiandrea-fr","13":"pa_tip_ambalaj-boite","14":"pa_tip_puzzle-classique","16":"first","17":"instock","18":"taxable","19":"shipping-taxable","20":"product-type-simple"},"yoast_head":"<!-- This site is optimized with the Yoast SEO plugin v20.1 - https:\/\/yoast.com\/wordpress\/plugins\/seo\/ -->\n<title>Puzzle adulte 2000 pi\u00e8ces K\u00fcrti Andrea - Le Prince des grenouilles, La Belle au bois dormant, Blanche-Neige, Les Mille et Une Nuits<\/title>\n<meta name=\"description\" content=\"Puzzle adulte 2000 pi\u00e8ces K\u00fcrti Andrea - Le Prince des grenouilles, La Belle au bois dormant, Blanche-Neige, Les Mille et Une Nuits\" \/>\n<meta name=\"robots\" content=\"index, follow, max-snippet:-1, max-image-preview:large, max-video-preview:-1\" \/>\n<link rel=\"canonical\" href=\"https:\/\/business.roovi.com\/fr\/puzzle-adulte-2000-pieces-kurti-andrea-le-prince-des-grenouilles-la-belle-au-bois-dormant-blanche-neige-les-mille-et-une-nuits\/p\/\" \/>\n<meta property=\"og:locale\" content=\"fr_FR\" \/>\n<meta property=\"og:type\" content=\"article\" \/>\n<meta property=\"og:title\" content=\"Puzzle adulte 2000 pi\u00e8ces K\u00fcrti Andrea - Le Prince des grenouilles, La Belle au bois dormant, Blanche-Neige, Les Mille et Une Nuits\" \/>\n<meta property=\"og:description\" content=\"Puzzle adulte 2000 pi\u00e8ces K\u00fcrti Andrea - Le Prince des grenouilles, La Belle au bois dormant, Blanche-Neige, Les Mille et Une Nuits\" \/>\n<meta property=\"og:url\" content=\"https:\/\/business.roovi.com\/fr\/puzzle-adulte-2000-pieces-kurti-andrea-le-prince-des-grenouilles-la-belle-au-bois-dormant-blanche-neige-les-mille-et-une-nuits\/p\/\" \/>\n<meta property=\"og:site_name\" content=\"Roovi B2B\" \/>\n<meta property=\"article:publisher\" content=\"https:\/\/www.facebook.com\/wwwjucariero\" \/>\n<meta property=\"article:modified_time\" content=\"2022-10-20T11:46:55+00:00\" \/>\n<meta property=\"og:image\" content=\"https:\/\/business.roovi.com\/wp-content\/uploads\/2018\/04\/01_MAIN-10.jpg\" \/>\n\t<meta property=\"og:image:width\" content=\"1200\" \/>\n\t<meta property=\"og:image:height\" content=\"1200\" \/>\n\t<meta property=\"og:image:type\" content=\"image\/jpeg\" \/>\n<meta name=\"twitter:label1\" content=\"Dur\u00e9e de lecture estim\u00e9e\" \/>\n\t<meta name=\"twitter:data1\" content=\"5 minutes\" \/>\n<script type=\"application\/ld+json\" class=\"yoast-schema-graph\">{\"@context\":\"https:\/\/schema.org\",\"@graph\":[{\"@type\":\"WebPage\",\"@id\":\"https:\/\/business.roovi.com\/fr\/puzzle-adulte-2000-pieces-kurti-andrea-le-prince-des-grenouilles-la-belle-au-bois-dormant-blanche-neige-les-mille-et-une-nuits\/p\/\",\"url\":\"https:\/\/business.roovi.com\/fr\/puzzle-adulte-2000-pieces-kurti-andrea-le-prince-des-grenouilles-la-belle-au-bois-dormant-blanche-neige-les-mille-et-une-nuits\/p\/\",\"name\":\"Puzzle adulte 2000 pi\u00e8ces K\u00fcrti Andrea - Le Prince des grenouilles, La Belle au bois dormant, Blanche-Neige, Les Mille et Une Nuits\",\"isPartOf\":{\"@id\":\"https:\/\/business.roovi.com\/fr\/#website\"},\"datePublished\":\"2018-04-16T10:56:17+00:00\",\"dateModified\":\"2022-10-20T11:46:55+00:00\",\"description\":\"Puzzle adulte 2000 pi\u00e8ces K\u00fcrti Andrea - Le Prince des grenouilles, La Belle au bois dormant, Blanche-Neige, Les Mille et Une Nuits\",\"breadcrumb\":{\"@id\":\"https:\/\/business.roovi.com\/fr\/puzzle-adulte-2000-pieces-kurti-andrea-le-prince-des-grenouilles-la-belle-au-bois-dormant-blanche-neige-les-mille-et-une-nuits\/p\/#breadcrumb\"},\"inLanguage\":\"fr-FR\",\"potentialAction\":[{\"@type\":\"ReadAction\",\"target\":[\"https:\/\/business.roovi.com\/fr\/puzzle-adulte-2000-pieces-kurti-andrea-le-prince-des-grenouilles-la-belle-au-bois-dormant-blanche-neige-les-mille-et-une-nuits\/p\/\"]}]},{\"@type\":\"BreadcrumbList\",\"@id\":\"https:\/\/business.roovi.com\/fr\/puzzle-adulte-2000-pieces-kurti-andrea-le-prince-des-grenouilles-la-belle-au-bois-dormant-blanche-neige-les-mille-et-une-nuits\/p\/#breadcrumb\",\"itemListElement\":[{\"@type\":\"ListItem\",\"position\":1,\"name\":\"Home\",\"item\":\"https:\/\/business.roovi.com\/fr\/\"},{\"@type\":\"ListItem\",\"position\":2,\"name\":\"Boutique\",\"item\":\"https:\/\/business.roovi.com\/fr\/boutique\/\"},{\"@type\":\"ListItem\",\"position\":3,\"name\":\"Puzzle adulte 2000 pi\u00e8ces K\u00fcrti Andrea &#8211; Le Prince des grenouilles, La Belle au bois dormant, Blanche-Neige, Les Mille et Une Nuits\"}]},{\"@type\":\"WebSite\",\"@id\":\"https:\/\/business.roovi.com\/fr\/#website\",\"url\":\"https:\/\/business.roovi.com\/fr\/\",\"name\":\"Roovi B2B\",\"description\":\"Roovi Business Website\",\"potentialAction\":[{\"@type\":\"SearchAction\",\"target\":{\"@type\":\"EntryPoint\",\"urlTemplate\":\"https:\/\/business.roovi.com\/fr\/?s={search_term_string}\"},\"query-input\":\"required name=search_term_string\"}],\"inLanguage\":\"fr-FR\"}]}<\/script>\n<!-- \/ Yoast SEO plugin. -->","yoast_head_json":{"title":"Puzzle adulte 2000 pi\u00e8ces K\u00fcrti Andrea - Le Prince des grenouilles, La Belle au bois dormant, Blanche-Neige, Les Mille et Une Nuits","description":"Puzzle adulte 2000 pi\u00e8ces K\u00fcrti Andrea - Le Prince des grenouilles, La Belle au bois dormant, Blanche-Neige, Les Mille et Une Nuits","robots":{"index":"index","follow":"follow","max-snippet":"max-snippet:-1","max-image-preview":"max-image-preview:large","max-video-preview":"max-video-preview:-1"},"canonical":"https:\/\/business.roovi.com\/fr\/puzzle-adulte-2000-pieces-kurti-andrea-le-prince-des-grenouilles-la-belle-au-bois-dormant-blanche-neige-les-mille-et-une-nuits\/p\/","og_locale":"fr_FR","og_type":"article","og_title":"Puzzle adulte 2000 pi\u00e8ces K\u00fcrti Andrea - Le Prince des grenouilles, La Belle au bois dormant, Blanche-Neige, Les Mille et Une Nuits","og_description":"Puzzle adulte 2000 pi\u00e8ces K\u00fcrti Andrea - Le Prince des grenouilles, La Belle au bois dormant, Blanche-Neige, Les Mille et Une Nuits","og_url":"https:\/\/business.roovi.com\/fr\/puzzle-adulte-2000-pieces-kurti-andrea-le-prince-des-grenouilles-la-belle-au-bois-dormant-blanche-neige-les-mille-et-une-nuits\/p\/","og_site_name":"Roovi B2B","article_publisher":"https:\/\/www.facebook.com\/wwwjucariero","article_modified_time":"2022-10-20T11:46:55+00:00","og_image":[{"width":1200,"height":1200,"url":"https:\/\/business.roovi.com\/wp-content\/uploads\/2018\/04\/01_MAIN-10.jpg","type":"image\/jpeg"}],"twitter_misc":{"Dur\u00e9e de lecture estim\u00e9e":"5 minutes"},"schema":{"@context":"https:\/\/schema.org","@graph":[{"@type":"WebPage","@id":"https:\/\/business.roovi.com\/fr\/puzzle-adulte-2000-pieces-kurti-andrea-le-prince-des-grenouilles-la-belle-au-bois-dormant-blanche-neige-les-mille-et-une-nuits\/p\/","url":"https:\/\/business.roovi.com\/fr\/puzzle-adulte-2000-pieces-kurti-andrea-le-prince-des-grenouilles-la-belle-au-bois-dormant-blanche-neige-les-mille-et-une-nuits\/p\/","name":"Puzzle adulte 2000 pi\u00e8ces K\u00fcrti Andrea - Le Prince des grenouilles, La Belle au bois dormant, Blanche-Neige, Les Mille et Une Nuits","isPartOf":{"@id":"https:\/\/business.roovi.com\/fr\/#website"},"datePublished":"2018-04-16T10:56:17+00:00","dateModified":"2022-10-20T11:46:55+00:00","description":"Puzzle adulte 2000 pi\u00e8ces K\u00fcrti Andrea - Le Prince des grenouilles, La Belle au bois dormant, Blanche-Neige, Les Mille et Une Nuits","breadcrumb":{"@id":"https:\/\/business.roovi.com\/fr\/puzzle-adulte-2000-pieces-kurti-andrea-le-prince-des-grenouilles-la-belle-au-bois-dormant-blanche-neige-les-mille-et-une-nuits\/p\/#breadcrumb"},"inLanguage":"fr-FR","potentialAction":[{"@type":"ReadAction","target":["https:\/\/business.roovi.com\/fr\/puzzle-adulte-2000-pieces-kurti-andrea-le-prince-des-grenouilles-la-belle-au-bois-dormant-blanche-neige-les-mille-et-une-nuits\/p\/"]}]},{"@type":"BreadcrumbList","@id":"https:\/\/business.roovi.com\/fr\/puzzle-adulte-2000-pieces-kurti-andrea-le-prince-des-grenouilles-la-belle-au-bois-dormant-blanche-neige-les-mille-et-une-nuits\/p\/#breadcrumb","itemListElement":[{"@type":"ListItem","position":1,"name":"Home","item":"https:\/\/business.roovi.com\/fr\/"},{"@type":"ListItem","position":2,"name":"Boutique","item":"https:\/\/business.roovi.com\/fr\/boutique\/"},{"@type":"ListItem","position":3,"name":"Puzzle adulte 2000 pi\u00e8ces K\u00fcrti Andrea &#8211; Le Prince des grenouilles, La Belle au bois dormant, Blanche-Neige, Les Mille et Une Nuits"}]},{"@type":"WebSite","@id":"https:\/\/business.roovi.com\/fr\/#website","url":"https:\/\/business.roovi.com\/fr\/","name":"Roovi B2B","description":"Roovi Business Website","potentialAction":[{"@type":"SearchAction","target":{"@type":"EntryPoint","urlTemplate":"https:\/\/business.roovi.com\/fr\/?s={search_term_string}"},"query-input":"required name=search_term_string"}],"inLanguage":"fr-FR"}]}},"_links":{"self":[{"href":"https:\/\/business.roovi.com\/fr\/wp-json\/wp\/v2\/product\/53277","targetHints":{"allow":["GET"]}}],"collection":[{"href":"https:\/\/business.roovi.com\/fr\/wp-json\/wp\/v2\/product"}],"about":[{"href":"https:\/\/business.roovi.com\/fr\/wp-json\/wp\/v2\/types\/product"}],"version-history":[{"count":0,"href":"https:\/\/business.roovi.com\/fr\/wp-json\/wp\/v2\/product\/53277\/revisions"}],"wp:featuredmedia":[{"embeddable":true,"href":"https:\/\/business.roovi.com\/fr\/wp-json\/wp\/v2\/media\/72441"}],"wp:attachment":[{"href":"https:\/\/business.roovi.com\/fr\/wp-json\/wp\/v2\/media?parent=53277"}],"wp:term":[{"taxonomy":"product_brand","embeddable":true,"href":"https:\/\/business.roovi.com\/fr\/wp-json\/wp\/v2\/product_brand?post=53277"},{"taxonomy":"product_cat","embeddable":true,"href":"https:\/\/business.roovi.com\/fr\/wp-json\/wp\/v2\/product_cat?post=53277"},{"taxonomy":"product_tag","embeddable":true,"href":"https:\/\/business.roovi.com\/fr\/wp-json\/wp\/v2\/product_tag?post=53277"}],"curies":[{"name":"wp","href":"https:\/\/api.w.org\/{rel}","templated":true}]}}