{"id":53279,"date":"2018-04-16T10:56:17","date_gmt":"2018-04-16T10:56:17","guid":{"rendered":"https:\/\/business.roovi.com\/puzzle-adulti-1000-piese-kurti-andrea-anotimpuri-primavara\/p\/"},"modified":"2022-07-13T10:24:30","modified_gmt":"2022-07-13T10:24:30","slug":"kurti-andrea-casse-tete-adulte-de-1000-pieces-saisons-printemps","status":"publish","type":"product","link":"https:\/\/business.roovi.com\/fr\/kurti-andrea-casse-tete-adulte-de-1000-pieces-saisons-printemps\/p\/","title":{"rendered":"K\u00fcrti Andrea Casse-t\u00eate adulte de 1000 pi\u00e8ces &#8211; Saisons &#8211; Printemps"},"content":{"rendered":"<p><span style=\"font-weight: 400;\">Tu es pr\u00eate \u00e0 relever un d\u00e9fi cr\u00e9atif ? Que penses-tu d&rsquo;un puzzle de 1 000 pi\u00e8ces aux d\u00e9tails \u00e9tonnants pour entra\u00eener ton attention aux d\u00e9tails et ta pers\u00e9v\u00e9rance ?<\/span><\/p>\n<p><span style=\"font-weight: 400;\">Si tu es un amateur de jeux de puzzle et que tu pr\u00e9f\u00e8res les images avec un grand design et des d\u00e9tails qui demandent beaucoup d&rsquo;attention et de concentration, le puzzle 1000 pi\u00e8ces de K\u00fcrti Andrea est parfait pour toi.<\/span><\/p>\n<p><span style=\"font-weight: 400;\">L&rsquo;artiste a imagin\u00e9 chaque saison comme un personnage f\u00e9minin diaphane, apportant du changement non seulement aux thermom\u00e8tres, mais aussi aux humeurs humaines. L&rsquo;illustration du puzzle de 1000 pi\u00e8ces Printemps repr\u00e9sente la f\u00e9e du printemps dans une explosion de couleurs, de fleurs et de papillons, en un mot : la vie.<\/span><\/p>\n<p><span style=\"font-weight: 400;\">Le sentiment de renouveau te guidera tout au long du voyage pour recr\u00e9er l&rsquo;illustration magique, imagin\u00e9e par l&rsquo;artiste contemporain. Et \u00e0 la fin, quand le tableau est termin\u00e9, tu seras envelopp\u00e9e par le sentiment de fra\u00eecheur que l&rsquo;image inspire, et la satisfaction d&rsquo;avoir cr\u00e9\u00e9 une \u0153uvre d&rsquo;art moderne de tes propres mains.<\/span><\/p>\n<p><span style=\"font-weight: 400;\">Tu peux utiliser une table basse standard pour supporter les 1000 pi\u00e8ces du puzzle. Le tableau r\u00e9sultant mesure 50 x 70 cm et sera spectaculaire dans le cadre.<\/span><\/p>\n<p><span style=\"font-weight: 400;\">Caract\u00e9ristiques du puzzle 1000 pi\u00e8ces Spring\/Spring :<\/span><\/p>\n<p><strong>Mat\u00e9riau du puzzle <\/strong><\/p>\n<p><strong>carton bleu de haute qualit\u00e9<\/strong><\/p>\n<p><strong>des mat\u00e9riaux durables et recyclables<\/strong><\/p>\n<p><strong>finition semi-brillante, couleurs vives<\/strong><\/p>\n<p><strong>Nombre de pi\u00e8ces de puzzle : 1000<\/strong><\/p>\n<p><strong>\u00c2ge recommand\u00e9 : 14+<\/strong><\/p>\n<p><strong>Nous te donnons 5 raisons de choisir le puzzle de printemps 1000 pi\u00e8ces<\/strong><\/p>\n<p><span style=\"font-weight: 400;\">1. D\u00e9veloppe ton sens de l&rsquo;esth\u00e9tique et des couleurs<\/span><\/p>\n<p><span style=\"font-weight: 400;\">2. C&rsquo;est le moment id\u00e9al pour te d\u00e9connecter de ton t\u00e9l\u00e9phone portable et de ta vie num\u00e9rique.<\/span><\/p>\n<p><span style=\"font-weight: 400;\">3. Tu d\u00e9veloppes ta m\u00e9moire, ta concentration et tes comp\u00e9tences.<\/span><\/p>\n<p><span style=\"font-weight: 400;\">4. Tu peux utiliser le jeu de puzzle pour socialiser avec ta famille ou ton groupe d&rsquo;amis.<\/span><\/p>\n<p><span style=\"font-weight: 400;\">5. Cr\u00e9e un objet d\u00e9coratif \u00e9tonnant qui donnera \u00e0 ta maison un aspect raffin\u00e9.<\/span><\/p>\n<p><strong>Savais-tu comment le printemps \u00e9tait per\u00e7u dans les cultures anciennes ?<\/strong><\/p>\n<p><span style=\"font-weight: 400;\">Les Grecs anciens croyaient que le printemps \u00e9tait cr\u00e9\u00e9 par D\u00e9m\u00e9ter, la d\u00e9esse de la fertilit\u00e9, m\u00e8re de Pers\u00e9phone. Had\u00e8s avait enlev\u00e9 Pers\u00e9phone, et lorsque D\u00e9m\u00e9ter l&rsquo;a enfin retrouv\u00e9e, elle a b\u00e9ni la terre avec des fruits et a laiss\u00e9 aux gens des graines et le secret pour les planter.<\/span><\/p>\n<p><span style=\"font-weight: 400;\">Les \u00c9gyptiens attribuaient le printemps \u00e0 la r\u00e9surrection d&rsquo;Osiris. Il avait \u00e9t\u00e9 tu\u00e9 par Seth, qui a coup\u00e9 son corps en milliers de morceaux et les a dispers\u00e9s dans toute l&rsquo;\u00c9gypte. Isis a rassembl\u00e9 tous les morceaux et a fait ressusciter Osiris, ramenant toute la nature \u00e0 la vie.<\/span><\/p>\n<p><span style=\"font-weight: 400;\">En Chine, la F\u00eate du Printemps a des origines tr\u00e8s anciennes, <\/span><span style=\"font-weight: 400;\">plus de 4 000 ans. C&rsquo;est le festival le plus important de Chine et il marque la nouvelle ann\u00e9e. La f\u00eate tombe en hiver, car la culture chinoise per\u00e7oit les saisons diff\u00e9remment.<\/span><\/p>\n<p><strong>1000 pi\u00e8ces Le printemps t&rsquo;invite \u00e0 d\u00e9couvrir ses symboles <\/strong><\/p>\n<p><span style=\"font-weight: 400;\">Ce merveilleux puzzle artistique fascine non seulement par la complexit\u00e9 et la qualit\u00e9 des images, mais aussi en d\u00e9veloppant ton imagination. D\u00e9couvre les symboles du printemps et laisse-toi emporter dans un monde plein de couleurs et de s\u00e9r\u00e9nit\u00e9.<\/span><\/p>\n<p><span style=\"font-weight: 400;\">Les heures de d\u00e9tente pass\u00e9es devant ce puzzle de 1000 pi\u00e8ces sont aussi une exp\u00e9rience m\u00e9ditative \u00e9tonnante. Une fois que tu entres dans le monde des d\u00e9tails de l&rsquo;illustration de conte de f\u00e9es, tes pens\u00e9es s&rsquo;\u00e9vanouissent et tu ressens la joie de la cr\u00e9ation dans le pr\u00e9sent.<\/span><\/p>\n<p><span style=\"font-weight: 400;\">Choisis le puzzle de 1000 pi\u00e8ces Spring\/Spring pour donner de la valeur \u00e0 ton temps libre, pour socialiser ou te d\u00e9tendre. Si tu cherches un cadeau pour mettre au d\u00e9fi les esprits agit\u00e9s de tes amis, le puzzle du printemps de 1000 pi\u00e8ces est le choix id\u00e9al.<\/span><\/p><\/p>\n","protected":false},"excerpt":{"rendered":"<p>Tu es pr\u00eate \u00e0 relever un d\u00e9fi cr\u00e9atif ? Que penses-tu d&rsquo;un puzzle de 1 000 pi\u00e8ces aux d\u00e9tails \u00e9tonnants<\/p>\n","protected":false},"featured_media":49424,"template":"","meta":[],"product_brand":[],"product_cat":[2314,2316,2315],"product_tag":[],"class_list":{"0":"post-53279","1":"product","2":"type-product","3":"status-publish","4":"has-post-thumbnail","6":"product_cat-puzzles-fr","7":"product_cat-puzzles-de-1000-pieces","8":"product_cat-puzzles-pour-adultes","9":"pa_brand-d_toys-fr","10":"pa_country_of_manufacture-ro-fr","11":"pa_filter_age-14-fr","12":"pa_painter-kurtiandrea-fr","13":"pa_tip_ambalaj-boite","14":"pa_tip_puzzle-classique","16":"first","17":"instock","18":"taxable","19":"shipping-taxable","20":"product-type-simple"},"yoast_head":"<!-- This site is optimized with the Yoast SEO plugin v20.1 - https:\/\/yoast.com\/wordpress\/plugins\/seo\/ -->\n<title>K\u00fcrti Andrea Casse-t\u00eate adulte de 1000 pi\u00e8ces - Saisons - Printemps<\/title>\n<meta name=\"description\" content=\"K\u00fcrti Andrea Casse-t\u00eate adulte de 1000 pi\u00e8ces - Saisons - Printemps\" \/>\n<meta name=\"robots\" content=\"index, follow, max-snippet:-1, max-image-preview:large, max-video-preview:-1\" \/>\n<link rel=\"canonical\" href=\"https:\/\/business.roovi.com\/fr\/kurti-andrea-casse-tete-adulte-de-1000-pieces-saisons-printemps\/p\/\" \/>\n<meta property=\"og:locale\" content=\"fr_FR\" \/>\n<meta property=\"og:type\" content=\"article\" \/>\n<meta property=\"og:title\" content=\"K\u00fcrti Andrea Casse-t\u00eate adulte de 1000 pi\u00e8ces - Saisons - Printemps\" \/>\n<meta property=\"og:description\" content=\"K\u00fcrti Andrea Casse-t\u00eate adulte de 1000 pi\u00e8ces - Saisons - Printemps\" \/>\n<meta property=\"og:url\" content=\"https:\/\/business.roovi.com\/fr\/kurti-andrea-casse-tete-adulte-de-1000-pieces-saisons-printemps\/p\/\" \/>\n<meta property=\"og:site_name\" content=\"Roovi B2B\" \/>\n<meta property=\"article:publisher\" content=\"https:\/\/www.facebook.com\/wwwjucariero\" \/>\n<meta property=\"article:modified_time\" content=\"2022-07-13T10:24:30+00:00\" \/>\n<meta property=\"og:image\" content=\"https:\/\/business.roovi.com\/wp-content\/uploads\/2018\/04\/74102-01_ansamblu_dimensiuni_cutie_cm_vertical_1200x1200.png\" \/>\n\t<meta property=\"og:image:width\" content=\"1200\" \/>\n\t<meta property=\"og:image:height\" content=\"1200\" \/>\n\t<meta property=\"og:image:type\" content=\"image\/png\" \/>\n<meta name=\"twitter:label1\" content=\"Dur\u00e9e de lecture estim\u00e9e\" \/>\n\t<meta name=\"twitter:data1\" content=\"3 minutes\" \/>\n<script type=\"application\/ld+json\" class=\"yoast-schema-graph\">{\"@context\":\"https:\/\/schema.org\",\"@graph\":[{\"@type\":\"WebPage\",\"@id\":\"https:\/\/business.roovi.com\/fr\/kurti-andrea-casse-tete-adulte-de-1000-pieces-saisons-printemps\/p\/\",\"url\":\"https:\/\/business.roovi.com\/fr\/kurti-andrea-casse-tete-adulte-de-1000-pieces-saisons-printemps\/p\/\",\"name\":\"K\u00fcrti Andrea Casse-t\u00eate adulte de 1000 pi\u00e8ces - Saisons - Printemps\",\"isPartOf\":{\"@id\":\"https:\/\/business.roovi.com\/fr\/#website\"},\"datePublished\":\"2018-04-16T10:56:17+00:00\",\"dateModified\":\"2022-07-13T10:24:30+00:00\",\"description\":\"K\u00fcrti Andrea Casse-t\u00eate adulte de 1000 pi\u00e8ces - Saisons - Printemps\",\"breadcrumb\":{\"@id\":\"https:\/\/business.roovi.com\/fr\/kurti-andrea-casse-tete-adulte-de-1000-pieces-saisons-printemps\/p\/#breadcrumb\"},\"inLanguage\":\"fr-FR\",\"potentialAction\":[{\"@type\":\"ReadAction\",\"target\":[\"https:\/\/business.roovi.com\/fr\/kurti-andrea-casse-tete-adulte-de-1000-pieces-saisons-printemps\/p\/\"]}]},{\"@type\":\"BreadcrumbList\",\"@id\":\"https:\/\/business.roovi.com\/fr\/kurti-andrea-casse-tete-adulte-de-1000-pieces-saisons-printemps\/p\/#breadcrumb\",\"itemListElement\":[{\"@type\":\"ListItem\",\"position\":1,\"name\":\"Home\",\"item\":\"https:\/\/business.roovi.com\/fr\/\"},{\"@type\":\"ListItem\",\"position\":2,\"name\":\"Boutique\",\"item\":\"https:\/\/business.roovi.com\/fr\/boutique\/\"},{\"@type\":\"ListItem\",\"position\":3,\"name\":\"K\u00fcrti Andrea Casse-t\u00eate adulte de 1000 pi\u00e8ces &#8211; Saisons &#8211; Printemps\"}]},{\"@type\":\"WebSite\",\"@id\":\"https:\/\/business.roovi.com\/fr\/#website\",\"url\":\"https:\/\/business.roovi.com\/fr\/\",\"name\":\"Roovi B2B\",\"description\":\"Roovi Business Website\",\"potentialAction\":[{\"@type\":\"SearchAction\",\"target\":{\"@type\":\"EntryPoint\",\"urlTemplate\":\"https:\/\/business.roovi.com\/fr\/?s={search_term_string}\"},\"query-input\":\"required name=search_term_string\"}],\"inLanguage\":\"fr-FR\"}]}<\/script>\n<!-- \/ Yoast SEO plugin. -->","yoast_head_json":{"title":"K\u00fcrti Andrea Casse-t\u00eate adulte de 1000 pi\u00e8ces - Saisons - Printemps","description":"K\u00fcrti Andrea Casse-t\u00eate adulte de 1000 pi\u00e8ces - Saisons - Printemps","robots":{"index":"index","follow":"follow","max-snippet":"max-snippet:-1","max-image-preview":"max-image-preview:large","max-video-preview":"max-video-preview:-1"},"canonical":"https:\/\/business.roovi.com\/fr\/kurti-andrea-casse-tete-adulte-de-1000-pieces-saisons-printemps\/p\/","og_locale":"fr_FR","og_type":"article","og_title":"K\u00fcrti Andrea Casse-t\u00eate adulte de 1000 pi\u00e8ces - Saisons - Printemps","og_description":"K\u00fcrti Andrea Casse-t\u00eate adulte de 1000 pi\u00e8ces - Saisons - Printemps","og_url":"https:\/\/business.roovi.com\/fr\/kurti-andrea-casse-tete-adulte-de-1000-pieces-saisons-printemps\/p\/","og_site_name":"Roovi B2B","article_publisher":"https:\/\/www.facebook.com\/wwwjucariero","article_modified_time":"2022-07-13T10:24:30+00:00","og_image":[{"width":1200,"height":1200,"url":"https:\/\/business.roovi.com\/wp-content\/uploads\/2018\/04\/74102-01_ansamblu_dimensiuni_cutie_cm_vertical_1200x1200.png","type":"image\/png"}],"twitter_misc":{"Dur\u00e9e de lecture estim\u00e9e":"3 minutes"},"schema":{"@context":"https:\/\/schema.org","@graph":[{"@type":"WebPage","@id":"https:\/\/business.roovi.com\/fr\/kurti-andrea-casse-tete-adulte-de-1000-pieces-saisons-printemps\/p\/","url":"https:\/\/business.roovi.com\/fr\/kurti-andrea-casse-tete-adulte-de-1000-pieces-saisons-printemps\/p\/","name":"K\u00fcrti Andrea Casse-t\u00eate adulte de 1000 pi\u00e8ces - Saisons - Printemps","isPartOf":{"@id":"https:\/\/business.roovi.com\/fr\/#website"},"datePublished":"2018-04-16T10:56:17+00:00","dateModified":"2022-07-13T10:24:30+00:00","description":"K\u00fcrti Andrea Casse-t\u00eate adulte de 1000 pi\u00e8ces - Saisons - Printemps","breadcrumb":{"@id":"https:\/\/business.roovi.com\/fr\/kurti-andrea-casse-tete-adulte-de-1000-pieces-saisons-printemps\/p\/#breadcrumb"},"inLanguage":"fr-FR","potentialAction":[{"@type":"ReadAction","target":["https:\/\/business.roovi.com\/fr\/kurti-andrea-casse-tete-adulte-de-1000-pieces-saisons-printemps\/p\/"]}]},{"@type":"BreadcrumbList","@id":"https:\/\/business.roovi.com\/fr\/kurti-andrea-casse-tete-adulte-de-1000-pieces-saisons-printemps\/p\/#breadcrumb","itemListElement":[{"@type":"ListItem","position":1,"name":"Home","item":"https:\/\/business.roovi.com\/fr\/"},{"@type":"ListItem","position":2,"name":"Boutique","item":"https:\/\/business.roovi.com\/fr\/boutique\/"},{"@type":"ListItem","position":3,"name":"K\u00fcrti Andrea Casse-t\u00eate adulte de 1000 pi\u00e8ces &#8211; Saisons &#8211; Printemps"}]},{"@type":"WebSite","@id":"https:\/\/business.roovi.com\/fr\/#website","url":"https:\/\/business.roovi.com\/fr\/","name":"Roovi B2B","description":"Roovi Business Website","potentialAction":[{"@type":"SearchAction","target":{"@type":"EntryPoint","urlTemplate":"https:\/\/business.roovi.com\/fr\/?s={search_term_string}"},"query-input":"required name=search_term_string"}],"inLanguage":"fr-FR"}]}},"_links":{"self":[{"href":"https:\/\/business.roovi.com\/fr\/wp-json\/wp\/v2\/product\/53279","targetHints":{"allow":["GET"]}}],"collection":[{"href":"https:\/\/business.roovi.com\/fr\/wp-json\/wp\/v2\/product"}],"about":[{"href":"https:\/\/business.roovi.com\/fr\/wp-json\/wp\/v2\/types\/product"}],"version-history":[{"count":0,"href":"https:\/\/business.roovi.com\/fr\/wp-json\/wp\/v2\/product\/53279\/revisions"}],"wp:featuredmedia":[{"embeddable":true,"href":"https:\/\/business.roovi.com\/fr\/wp-json\/wp\/v2\/media\/49424"}],"wp:attachment":[{"href":"https:\/\/business.roovi.com\/fr\/wp-json\/wp\/v2\/media?parent=53279"}],"wp:term":[{"taxonomy":"product_brand","embeddable":true,"href":"https:\/\/business.roovi.com\/fr\/wp-json\/wp\/v2\/product_brand?post=53279"},{"taxonomy":"product_cat","embeddable":true,"href":"https:\/\/business.roovi.com\/fr\/wp-json\/wp\/v2\/product_cat?post=53279"},{"taxonomy":"product_tag","embeddable":true,"href":"https:\/\/business.roovi.com\/fr\/wp-json\/wp\/v2\/product_tag?post=53279"}],"curies":[{"name":"wp","href":"https:\/\/api.w.org\/{rel}","templated":true}]}}