{"id":53281,"date":"2018-04-16T10:56:17","date_gmt":"2018-04-16T10:56:17","guid":{"rendered":"https:\/\/business.roovi.com\/puzzle-adulti-1000-piese-kurti-andrea-anotimpuri-vara\/p\/"},"modified":"2022-07-13T10:24:31","modified_gmt":"2022-07-13T10:24:31","slug":"kurti-andrea-puzzle-adulte-de-1000-pieces-saisons-ete","status":"publish","type":"product","link":"https:\/\/business.roovi.com\/fr\/kurti-andrea-puzzle-adulte-de-1000-pieces-saisons-ete\/p\/","title":{"rendered":"K\u00fcrti Andrea Puzzle adulte de 1000 pi\u00e8ces &#8211; Saisons &#8211; \u00c9t\u00e9"},"content":{"rendered":"<p><span style=\"font-weight: 400;\">Tu veux passer quelques heures \u00e0 te d\u00e9tendre et \u00e0 bannir la monotonie des longues soir\u00e9es d&rsquo;hiver ? D\u00e9couvre le plaisir de cr\u00e9er des tableaux fascinants et color\u00e9s \u00e0 partir de puzzles de 1000 pi\u00e8ces.<\/span><\/p>\n<p><span style=\"font-weight: 400;\">Artiste K\u00fcrti Andrea<\/span> <span style=\"font-weight: 400;\">a cr\u00e9\u00e9<\/span> <span style=\"font-weight: 400;\">un cycle de puzzles pour adultes avec des illustrations originales repr\u00e9sentant les 4 saisons. Le puzzle de 1000 pi\u00e8ces Summer de K\u00fcrti Andrea repr\u00e9sente l&rsquo;\u00e9t\u00e9, la saison des vacances, de la lumi\u00e8re et de la joie <\/span><\/p>\n<p><span style=\"font-weight: 400;\">Le personnage f\u00e9minin au premier plan incarne la d\u00e9tente et la rupture avec la routine quotidienne qu&rsquo;offre la merveilleuse saison estivale. L&rsquo;illustration semble pr\u00e9senter plusieurs options pour passer son temps libre : au bord de la mer, dans la nature ou simplement en balade <\/span><\/p>\n<p><span style=\"font-weight: 400;\">Un puzzle pour adultes fascinant dans lequel tu d\u00e9couvres les symboles de la saison chaude et qui transmet l&rsquo;optimisme et l&rsquo;\u00e9nergie de l&rsquo;\u00e9t\u00e9. Si tu choisis de la mettre dans ton cadre, tu profiteras chaque jour d&rsquo;une touche de fra\u00eecheur et de couleur gr\u00e2ce \u00e0 cette image sp\u00e9ciale.<\/span><\/p>\n<p><span style=\"font-weight: 400;\">Tu peux utiliser une table basse ordinaire pour raviver l&rsquo;image. Tu pourras chercher les bonnes pi\u00e8ces \u00e0 loisir et cela suffira \u00e0 soutenir le tableau de 50 x 70 cm que tu obtiendras.<\/span><\/p>\n<p><span style=\"font-weight: 400;\">K\u00fcrti Andrea puzzle 1000 pi\u00e8ces &#8211; \u00c9t\u00e9 \/ Summer caract\u00e9ristiques :<\/span><\/p>\n<p><strong>Mat\u00e9riau du puzzle <\/strong><\/p>\n<p><strong>carton bleu de haute qualit\u00e9<\/strong><\/p>\n<p><strong>des mat\u00e9riaux durables et recyclables<\/strong><\/p>\n<p><strong>finition semi-brillante, couleurs vives<\/strong><\/p>\n<p><strong>Nombre de pi\u00e8ces de puzzle : 1000<\/strong><\/p>\n<p><strong>\u00c2ge recommand\u00e9 : 14+<\/strong><\/p>\n<p><strong>Pourquoi le puzzle 1000 pi\u00e8ces Summer est-il si sp\u00e9cial ?<\/strong><\/p>\n<p><span style=\"font-weight: 400;\">Tu as la possibilit\u00e9 de cr\u00e9er \u00e0 partir de 1000 pi\u00e8ces de puzzle un tableau au design remarquable.<\/span><\/p>\n<p><span style=\"font-weight: 400;\">C&rsquo;est l&rsquo;occasion id\u00e9ale de se d\u00e9tendre et de s&rsquo;\u00e9loigner de tout.<\/span><\/p>\n<p><span style=\"font-weight: 400;\">Tu d\u00e9veloppes ton sens esth\u00e9tique et appr\u00e9cies davantage le charme des \u0153uvres d&rsquo;art.<\/span><\/p>\n<p><span style=\"font-weight: 400;\">Cela peut \u00eatre l&rsquo;occasion de passer du temps avec tes enfants et de cr\u00e9er des liens en famille.<\/span><\/p>\n<p><span style=\"font-weight: 400;\">Tu d\u00e9veloppes ton imagination et te sens comme un vrai d\u00e9tective qui cherche des indices pour r\u00e9soudre une affaire difficile.<\/span><\/p>\n<p><span style=\"font-weight: 400;\">Tu d\u00e9veloppes ta concentration ainsi que ta pers\u00e9v\u00e9rance.<\/span><\/p>\n<p><strong>5 autres avantages du puzzle d&rsquo;\u00e9t\u00e9 de 1000 pi\u00e8ces :<\/strong><\/p>\n<ul>\n<li><span style=\"font-weight: 400;\">Aide \u00e0 d\u00e9velopper ta m\u00e9moire<\/span><\/li>\n<li><span style=\"font-weight: 400;\">Am\u00e9liore ton attention aux d\u00e9tails.<\/span><\/li>\n<li><span style=\"font-weight: 400;\">Aide \u00e0 soulager le stress.<\/span><\/li>\n<li><span style=\"font-weight: 400;\">D\u00e9veloppe ta pens\u00e9e logique.<\/span><\/li>\n<li><span style=\"font-weight: 400;\">Tu augmentes ta capacit\u00e9 \u00e0 r\u00e9soudre les probl\u00e8mes.<\/span><\/li>\n<\/ul>\n<p><span style=\"font-weight: 400;\">Summer 1000 Piece Puzzle est con\u00e7u pour les amateurs de jeux de puzzle, mais aussi pour les personnes qui veulent tester leurs comp\u00e9tences ou qui ont envie de relever un d\u00e9fi cr\u00e9atif. Si tu fais partie de l&rsquo;une de ces cat\u00e9gories, le puzzle d&rsquo;\u00e9t\u00e9 de 1000 pi\u00e8ces est parfait pour toi.<\/span><\/p>\n<p><span style=\"font-weight: 400;\">Fabriqu\u00e9 \u00e0 partir de mat\u00e9riaux de qualit\u00e9, tu peux le r\u00e9utiliser chaque fois que tu en ressens le besoin sans craindre qu&rsquo;il ne s&rsquo;ab\u00eeme. Chaque fois que tu utilises ce puzzle pour adultes, tu obtiens la m\u00eame image compl\u00e8te \u00e9tonnante.<\/span><\/p>\n<p><span style=\"font-weight: 400;\">Tu veux mettre au d\u00e9fi la capacit\u00e9 de concentration d&rsquo;un ami proche ? Ou offre un cadeau sp\u00e9cial \u00e0 un passionn\u00e9 de jeux de r\u00e9flexion ? Choisis le puzzle d&rsquo;\u00e9t\u00e9 de 1000 pi\u00e8ces avec l&rsquo;illustration exceptionnelle de l&rsquo;artiste K\u00fcrti Andrea et surprends tes amis avec un cadeau unique.<\/span><\/p><\/p>\n","protected":false},"excerpt":{"rendered":"<p>Tu veux passer quelques heures \u00e0 te d\u00e9tendre et \u00e0 bannir la monotonie des longues soir\u00e9es d&rsquo;hiver ? D\u00e9couvre le<\/p>\n","protected":false},"featured_media":49433,"template":"","meta":[],"product_brand":[],"product_cat":[2314,2316,2315],"product_tag":[],"class_list":{"0":"post-53281","1":"product","2":"type-product","3":"status-publish","4":"has-post-thumbnail","6":"product_cat-puzzles-fr","7":"product_cat-puzzles-de-1000-pieces","8":"product_cat-puzzles-pour-adultes","9":"pa_brand-d_toys-fr","10":"pa_country_of_manufacture-ro-fr","11":"pa_filter_age-14-fr","12":"pa_painter-kurtiandrea-fr","13":"pa_tip_ambalaj-boite","14":"pa_tip_puzzle-classique","16":"first","17":"instock","18":"taxable","19":"shipping-taxable","20":"product-type-simple"},"yoast_head":"<!-- This site is optimized with the Yoast SEO plugin v20.1 - https:\/\/yoast.com\/wordpress\/plugins\/seo\/ -->\n<title>K\u00fcrti Andrea Puzzle adulte de 1000 pi\u00e8ces - Saisons - \u00c9t\u00e9<\/title>\n<meta name=\"description\" content=\"K\u00fcrti Andrea Puzzle adulte de 1000 pi\u00e8ces - Saisons - \u00c9t\u00e9\" \/>\n<meta name=\"robots\" content=\"index, follow, max-snippet:-1, max-image-preview:large, max-video-preview:-1\" \/>\n<link rel=\"canonical\" href=\"https:\/\/business.roovi.com\/fr\/kurti-andrea-puzzle-adulte-de-1000-pieces-saisons-ete\/p\/\" \/>\n<meta property=\"og:locale\" content=\"fr_FR\" \/>\n<meta property=\"og:type\" content=\"article\" \/>\n<meta property=\"og:title\" content=\"K\u00fcrti Andrea Puzzle adulte de 1000 pi\u00e8ces - Saisons - \u00c9t\u00e9\" \/>\n<meta property=\"og:description\" content=\"K\u00fcrti Andrea Puzzle adulte de 1000 pi\u00e8ces - Saisons - \u00c9t\u00e9\" \/>\n<meta property=\"og:url\" content=\"https:\/\/business.roovi.com\/fr\/kurti-andrea-puzzle-adulte-de-1000-pieces-saisons-ete\/p\/\" \/>\n<meta property=\"og:site_name\" content=\"Roovi B2B\" \/>\n<meta property=\"article:publisher\" content=\"https:\/\/www.facebook.com\/wwwjucariero\" \/>\n<meta property=\"article:modified_time\" content=\"2022-07-13T10:24:31+00:00\" \/>\n<meta property=\"og:image\" content=\"https:\/\/business.roovi.com\/wp-content\/uploads\/2018\/04\/74102-02_ansamblu_dimensiuni_cutie_cm_vertical_1200x1200.png\" \/>\n\t<meta property=\"og:image:width\" content=\"1200\" \/>\n\t<meta property=\"og:image:height\" content=\"1200\" \/>\n\t<meta property=\"og:image:type\" content=\"image\/png\" \/>\n<meta name=\"twitter:label1\" content=\"Dur\u00e9e de lecture estim\u00e9e\" \/>\n\t<meta name=\"twitter:data1\" content=\"3 minutes\" \/>\n<script type=\"application\/ld+json\" class=\"yoast-schema-graph\">{\"@context\":\"https:\/\/schema.org\",\"@graph\":[{\"@type\":\"WebPage\",\"@id\":\"https:\/\/business.roovi.com\/fr\/kurti-andrea-puzzle-adulte-de-1000-pieces-saisons-ete\/p\/\",\"url\":\"https:\/\/business.roovi.com\/fr\/kurti-andrea-puzzle-adulte-de-1000-pieces-saisons-ete\/p\/\",\"name\":\"K\u00fcrti Andrea Puzzle adulte de 1000 pi\u00e8ces - Saisons - \u00c9t\u00e9\",\"isPartOf\":{\"@id\":\"https:\/\/business.roovi.com\/fr\/#website\"},\"datePublished\":\"2018-04-16T10:56:17+00:00\",\"dateModified\":\"2022-07-13T10:24:31+00:00\",\"description\":\"K\u00fcrti Andrea Puzzle adulte de 1000 pi\u00e8ces - Saisons - \u00c9t\u00e9\",\"breadcrumb\":{\"@id\":\"https:\/\/business.roovi.com\/fr\/kurti-andrea-puzzle-adulte-de-1000-pieces-saisons-ete\/p\/#breadcrumb\"},\"inLanguage\":\"fr-FR\",\"potentialAction\":[{\"@type\":\"ReadAction\",\"target\":[\"https:\/\/business.roovi.com\/fr\/kurti-andrea-puzzle-adulte-de-1000-pieces-saisons-ete\/p\/\"]}]},{\"@type\":\"BreadcrumbList\",\"@id\":\"https:\/\/business.roovi.com\/fr\/kurti-andrea-puzzle-adulte-de-1000-pieces-saisons-ete\/p\/#breadcrumb\",\"itemListElement\":[{\"@type\":\"ListItem\",\"position\":1,\"name\":\"Home\",\"item\":\"https:\/\/business.roovi.com\/fr\/\"},{\"@type\":\"ListItem\",\"position\":2,\"name\":\"Boutique\",\"item\":\"https:\/\/business.roovi.com\/fr\/boutique\/\"},{\"@type\":\"ListItem\",\"position\":3,\"name\":\"K\u00fcrti Andrea Puzzle adulte de 1000 pi\u00e8ces &#8211; Saisons &#8211; \u00c9t\u00e9\"}]},{\"@type\":\"WebSite\",\"@id\":\"https:\/\/business.roovi.com\/fr\/#website\",\"url\":\"https:\/\/business.roovi.com\/fr\/\",\"name\":\"Roovi B2B\",\"description\":\"Roovi Business Website\",\"potentialAction\":[{\"@type\":\"SearchAction\",\"target\":{\"@type\":\"EntryPoint\",\"urlTemplate\":\"https:\/\/business.roovi.com\/fr\/?s={search_term_string}\"},\"query-input\":\"required name=search_term_string\"}],\"inLanguage\":\"fr-FR\"}]}<\/script>\n<!-- \/ Yoast SEO plugin. -->","yoast_head_json":{"title":"K\u00fcrti Andrea Puzzle adulte de 1000 pi\u00e8ces - Saisons - \u00c9t\u00e9","description":"K\u00fcrti Andrea Puzzle adulte de 1000 pi\u00e8ces - Saisons - \u00c9t\u00e9","robots":{"index":"index","follow":"follow","max-snippet":"max-snippet:-1","max-image-preview":"max-image-preview:large","max-video-preview":"max-video-preview:-1"},"canonical":"https:\/\/business.roovi.com\/fr\/kurti-andrea-puzzle-adulte-de-1000-pieces-saisons-ete\/p\/","og_locale":"fr_FR","og_type":"article","og_title":"K\u00fcrti Andrea Puzzle adulte de 1000 pi\u00e8ces - Saisons - \u00c9t\u00e9","og_description":"K\u00fcrti Andrea Puzzle adulte de 1000 pi\u00e8ces - Saisons - \u00c9t\u00e9","og_url":"https:\/\/business.roovi.com\/fr\/kurti-andrea-puzzle-adulte-de-1000-pieces-saisons-ete\/p\/","og_site_name":"Roovi B2B","article_publisher":"https:\/\/www.facebook.com\/wwwjucariero","article_modified_time":"2022-07-13T10:24:31+00:00","og_image":[{"width":1200,"height":1200,"url":"https:\/\/business.roovi.com\/wp-content\/uploads\/2018\/04\/74102-02_ansamblu_dimensiuni_cutie_cm_vertical_1200x1200.png","type":"image\/png"}],"twitter_misc":{"Dur\u00e9e de lecture estim\u00e9e":"3 minutes"},"schema":{"@context":"https:\/\/schema.org","@graph":[{"@type":"WebPage","@id":"https:\/\/business.roovi.com\/fr\/kurti-andrea-puzzle-adulte-de-1000-pieces-saisons-ete\/p\/","url":"https:\/\/business.roovi.com\/fr\/kurti-andrea-puzzle-adulte-de-1000-pieces-saisons-ete\/p\/","name":"K\u00fcrti Andrea Puzzle adulte de 1000 pi\u00e8ces - Saisons - \u00c9t\u00e9","isPartOf":{"@id":"https:\/\/business.roovi.com\/fr\/#website"},"datePublished":"2018-04-16T10:56:17+00:00","dateModified":"2022-07-13T10:24:31+00:00","description":"K\u00fcrti Andrea Puzzle adulte de 1000 pi\u00e8ces - Saisons - \u00c9t\u00e9","breadcrumb":{"@id":"https:\/\/business.roovi.com\/fr\/kurti-andrea-puzzle-adulte-de-1000-pieces-saisons-ete\/p\/#breadcrumb"},"inLanguage":"fr-FR","potentialAction":[{"@type":"ReadAction","target":["https:\/\/business.roovi.com\/fr\/kurti-andrea-puzzle-adulte-de-1000-pieces-saisons-ete\/p\/"]}]},{"@type":"BreadcrumbList","@id":"https:\/\/business.roovi.com\/fr\/kurti-andrea-puzzle-adulte-de-1000-pieces-saisons-ete\/p\/#breadcrumb","itemListElement":[{"@type":"ListItem","position":1,"name":"Home","item":"https:\/\/business.roovi.com\/fr\/"},{"@type":"ListItem","position":2,"name":"Boutique","item":"https:\/\/business.roovi.com\/fr\/boutique\/"},{"@type":"ListItem","position":3,"name":"K\u00fcrti Andrea Puzzle adulte de 1000 pi\u00e8ces &#8211; Saisons &#8211; \u00c9t\u00e9"}]},{"@type":"WebSite","@id":"https:\/\/business.roovi.com\/fr\/#website","url":"https:\/\/business.roovi.com\/fr\/","name":"Roovi B2B","description":"Roovi Business Website","potentialAction":[{"@type":"SearchAction","target":{"@type":"EntryPoint","urlTemplate":"https:\/\/business.roovi.com\/fr\/?s={search_term_string}"},"query-input":"required name=search_term_string"}],"inLanguage":"fr-FR"}]}},"_links":{"self":[{"href":"https:\/\/business.roovi.com\/fr\/wp-json\/wp\/v2\/product\/53281","targetHints":{"allow":["GET"]}}],"collection":[{"href":"https:\/\/business.roovi.com\/fr\/wp-json\/wp\/v2\/product"}],"about":[{"href":"https:\/\/business.roovi.com\/fr\/wp-json\/wp\/v2\/types\/product"}],"version-history":[{"count":0,"href":"https:\/\/business.roovi.com\/fr\/wp-json\/wp\/v2\/product\/53281\/revisions"}],"wp:featuredmedia":[{"embeddable":true,"href":"https:\/\/business.roovi.com\/fr\/wp-json\/wp\/v2\/media\/49433"}],"wp:attachment":[{"href":"https:\/\/business.roovi.com\/fr\/wp-json\/wp\/v2\/media?parent=53281"}],"wp:term":[{"taxonomy":"product_brand","embeddable":true,"href":"https:\/\/business.roovi.com\/fr\/wp-json\/wp\/v2\/product_brand?post=53281"},{"taxonomy":"product_cat","embeddable":true,"href":"https:\/\/business.roovi.com\/fr\/wp-json\/wp\/v2\/product_cat?post=53281"},{"taxonomy":"product_tag","embeddable":true,"href":"https:\/\/business.roovi.com\/fr\/wp-json\/wp\/v2\/product_tag?post=53281"}],"curies":[{"name":"wp","href":"https:\/\/api.w.org\/{rel}","templated":true}]}}