{"id":53283,"date":"2018-04-16T10:56:17","date_gmt":"2018-04-16T10:56:17","guid":{"rendered":"https:\/\/business.roovi.com\/puzzle-adulti-1000-piese-kurti-andrea-anotimpuri-toamna-2\/p\/"},"modified":"2022-07-13T10:24:32","modified_gmt":"2022-07-13T10:24:32","slug":"puzzle-adulte-1000-pieces-kurti-andrea-saisons-automne","status":"publish","type":"product","link":"https:\/\/business.roovi.com\/fr\/puzzle-adulte-1000-pieces-kurti-andrea-saisons-automne\/p\/","title":{"rendered":"Puzzle adulte 1000 pi\u00e8ces K\u00fcrti Andrea &#8211; Saisons &#8211; Automne"},"content":{"rendered":"<p><span style=\"font-weight: 400;\">D\u00e9couvre l&rsquo;abondance et le charme de l&rsquo;automne \u00e0 travers le jeu de puzzle Fall\/Toamna de 1000 pi\u00e8ces dans une illustration sp\u00e9ciale de l&rsquo;artiste contemporain K\u00fcrti Andrea.<\/span><\/p>\n<p><span style=\"font-weight: 400;\">Si les jeux de puzzle et l&rsquo;art sont ta passion, tu appr\u00e9cieras encore plus l&rsquo;originalit\u00e9 et le sens artistique de l&rsquo;illustration du puzzle Automne 1000 pi\u00e8ces <\/span><\/p>\n<p><span style=\"font-weight: 400;\">Une jeune fille aux cheveux riches dans les couleurs fascinantes de l&rsquo;automne est assise sous un parapluie et regarde au loin avec nostalgie. De superbes d\u00e9tails de feuilles, de brindilles, d&rsquo;oiseaux et d&rsquo;\u00e9claboussures de pluie exigeront ton attention aux d\u00e9tails pour recr\u00e9er une image sp\u00e9ciale de puzzle de 1000 pi\u00e8ces.<\/span><\/p>\n<p><span style=\"font-weight: 400;\">L&rsquo;harmonie des couleurs, l&rsquo;\u00e9quilibre des petits \u00e9l\u00e9ments et l&rsquo;abondance saisonni\u00e8re de routes riches font de cette illustration une v\u00e9ritable \u0153uvre d&rsquo;art. Tu auras l&rsquo;impression de participer \u00e0 une chasse au tr\u00e9sor car chaque pi\u00e8ce que tu cherches est un tr\u00e9sor dans le jeu de puzzle.<\/span><\/p>\n<p><span style=\"font-weight: 400;\">Comprend un puzzle de 1000 pi\u00e8ces Fall\/Toamna :<\/span><\/p>\n<p><strong>Image redimensionn\u00e9e : 50 x 70 cm <\/strong><span style=\"font-weight: 400;\">Tu peux utiliser une table basse standard pour soutenir les pi\u00e8ces.<\/span><\/p>\n<p><strong>Mat\u00e9riau du puzzle <\/strong><\/p>\n<p><strong>carton bleu de haute qualit\u00e9<\/strong><\/p>\n<p><strong>des mat\u00e9riaux durables et recyclables<\/strong><\/p>\n<p><strong>finition semi-brillante, couleurs vives<\/strong><\/p>\n<p><strong>Nombre de pi\u00e8ces de puzzle : 1000<\/strong><\/p>\n<p><strong>\u00c2ge recommand\u00e9 : 14+<\/strong><\/p>\n<p><strong>Pourquoi le puzzle 1000 pi\u00e8ces Fall\/Toamna est-il si sp\u00e9cial ?<\/strong><\/p>\n<p><span style=\"font-weight: 400;\">C&rsquo;est un moyen incroyable de se d\u00e9tendre et de passer son temps libre de fa\u00e7on cr\u00e9ative.<\/span><\/p>\n<p><span style=\"font-weight: 400;\">Tu obtiens une peinture unique en son genre, un v\u00e9ritable chef-d&rsquo;\u0153uvre d&rsquo;art qui plaira \u00e0 tes yeux jour apr\u00e8s jour une fois que tu l&rsquo;auras mis dans le cadre.<\/span><\/p>\n<p><span style=\"font-weight: 400;\">C&rsquo;est une fa\u00e7on amusante d&rsquo;entra\u00eener ton cerveau et d&rsquo;am\u00e9liorer ta m\u00e9moire.<\/span><\/p>\n<p><span style=\"font-weight: 400;\">Tu d\u00e9veloppes ta cr\u00e9ativit\u00e9 en entrant dans un monde de couleurs et de s\u00e9r\u00e9nit\u00e9.<\/span><\/p>\n<p><span style=\"font-weight: 400;\">C&rsquo;est un excellent moyen d&rsquo;entretenir la coordination, la motricit\u00e9 fine et la dext\u00e9rit\u00e9.<\/span><\/p>\n<p><span style=\"font-weight: 400;\">Il t&rsquo;aide \u00e0 d\u00e9stresser et \u00e0 te d\u00e9tacher des pens\u00e9es n\u00e9gatives.<\/span><\/p>\n<p><span style=\"font-weight: 400;\">\u00catre le cr\u00e9ateur d&rsquo;un tableau \u00e0 succ\u00e8s te donne de la confiance en toi, de l&rsquo;optimisme et un incroyable sentiment de bien-\u00eatre.<\/span><\/p>\n<p><strong>Puzzle d&rsquo;automne de 1000 pi\u00e8ces &#8211; une fa\u00e7on unique de se reconnecter avec soi-m\u00eame<\/strong><\/p>\n<p><span style=\"font-weight: 400;\">Pour les moments o\u00f9 tu te sens \u00e9puis\u00e9e et o\u00f9 tu n&rsquo;arrives pas \u00e0 te retrouver dans tes activit\u00e9s actuelles, une pause en compagnie de ce merveilleux puzzle de 1000 pi\u00e8ces t&rsquo;aidera \u00e0 retrouver ton \u00e9nergie.<\/span><\/p>\n<p><span style=\"font-weight: 400;\">En analysant les effets des jeux de puzzle, les scientifiques ont d\u00e9couvert que la sensation ressentie en pratiquant cette activit\u00e9 est similaire aux effets de la m\u00e9ditation. Le jeu de puzzle t&rsquo;aide \u00e0 entrer dans un \u00e9tat de profonde concentration et \u00e0 te reconnecter ainsi avec toi-m\u00eame.<\/span><\/p>\n<p><span style=\"font-weight: 400;\">L&rsquo;esprit se lib\u00e8re de toutes les pens\u00e9es et tu es connect\u00e9 au moment pr\u00e9sent qui est tout ce qui existe et compte vraiment. \u00c0 la fin, lorsque tu colles la derni\u00e8re pi\u00e8ce du puzzle 1000, un sentiment de satisfaction et de bonheur t&rsquo;envahit. Tu es fier d&rsquo;avoir r\u00e9ussi \u00e0 faire une image \u00e0 partir de 1000 pi\u00e8ces de puzzle et tu veux revivre cet \u00e9tat profond de relaxation et de concentration.<\/span><\/p>\n<p><span style=\"font-weight: 400;\">Le puzzle Automne\/Toamna de 1000 pi\u00e8ces est un jeu de puzzle que tu peux garder \u00e0 la maison et recr\u00e9er chaque fois que tu as envie de te reconnecter avec toi-m\u00eame ou lorsque tu veux passer du temps avec tes proches. Il peut aussi \u00eatre un excellent cadeau \u00e0 offrir \u00e0 des amis \u00e0 l&rsquo;occasion de diverses f\u00eates.<\/span><\/p>\n<p><span style=\"font-weight: 400;\">D\u00e9couvre toute la collection de puzzles 1000 pi\u00e8ces de K\u00fcrti Andrea &#8211; Seasons et cr\u00e9e ton propre tableau miniature spectaculaire avec un design sp\u00e9cial.<\/span><\/p><\/p>\n","protected":false},"excerpt":{"rendered":"<p>D\u00e9couvre l&rsquo;abondance et le charme de l&rsquo;automne \u00e0 travers le jeu de puzzle Fall\/Toamna de 1000 pi\u00e8ces dans une illustration<\/p>\n","protected":false},"featured_media":49444,"template":"","meta":[],"product_brand":[],"product_cat":[2314,2316,2315],"product_tag":[],"class_list":{"0":"post-53283","1":"product","2":"type-product","3":"status-publish","4":"has-post-thumbnail","6":"product_cat-puzzles-fr","7":"product_cat-puzzles-de-1000-pieces","8":"product_cat-puzzles-pour-adultes","9":"pa_brand-d_toys-fr","10":"pa_country_of_manufacture-ro-fr","11":"pa_filter_age-14-fr","12":"pa_painter-kurtiandrea-fr","13":"pa_tip_ambalaj-boite","14":"pa_tip_puzzle-classique","16":"first","17":"instock","18":"taxable","19":"shipping-taxable","20":"product-type-simple"},"yoast_head":"<!-- This site is optimized with the Yoast SEO plugin v20.1 - https:\/\/yoast.com\/wordpress\/plugins\/seo\/ -->\n<title>Puzzle adulte 1000 pi\u00e8ces K\u00fcrti Andrea - Saisons - Automne<\/title>\n<meta name=\"description\" content=\"Puzzle adulte 1000 pi\u00e8ces K\u00fcrti Andrea - Saisons - Automne\" \/>\n<meta name=\"robots\" content=\"index, follow, max-snippet:-1, max-image-preview:large, max-video-preview:-1\" \/>\n<link rel=\"canonical\" href=\"https:\/\/business.roovi.com\/fr\/puzzle-adulte-1000-pieces-kurti-andrea-saisons-automne\/p\/\" \/>\n<meta property=\"og:locale\" content=\"fr_FR\" \/>\n<meta property=\"og:type\" content=\"article\" \/>\n<meta property=\"og:title\" content=\"Puzzle adulte 1000 pi\u00e8ces K\u00fcrti Andrea - Saisons - Automne\" \/>\n<meta property=\"og:description\" content=\"Puzzle adulte 1000 pi\u00e8ces K\u00fcrti Andrea - Saisons - Automne\" \/>\n<meta property=\"og:url\" content=\"https:\/\/business.roovi.com\/fr\/puzzle-adulte-1000-pieces-kurti-andrea-saisons-automne\/p\/\" \/>\n<meta property=\"og:site_name\" content=\"Roovi B2B\" \/>\n<meta property=\"article:publisher\" content=\"https:\/\/www.facebook.com\/wwwjucariero\" \/>\n<meta property=\"article:modified_time\" content=\"2022-07-13T10:24:32+00:00\" \/>\n<meta property=\"og:image\" content=\"https:\/\/business.roovi.com\/wp-content\/uploads\/2018\/04\/74102-3_ansamblu_dimensiuni_cutie_cm_vertical_1200x1200.png\" \/>\n\t<meta property=\"og:image:width\" content=\"1200\" \/>\n\t<meta property=\"og:image:height\" content=\"1200\" \/>\n\t<meta property=\"og:image:type\" content=\"image\/png\" \/>\n<meta name=\"twitter:label1\" content=\"Dur\u00e9e de lecture estim\u00e9e\" \/>\n\t<meta name=\"twitter:data1\" content=\"3 minutes\" \/>\n<script type=\"application\/ld+json\" class=\"yoast-schema-graph\">{\"@context\":\"https:\/\/schema.org\",\"@graph\":[{\"@type\":\"WebPage\",\"@id\":\"https:\/\/business.roovi.com\/fr\/puzzle-adulte-1000-pieces-kurti-andrea-saisons-automne\/p\/\",\"url\":\"https:\/\/business.roovi.com\/fr\/puzzle-adulte-1000-pieces-kurti-andrea-saisons-automne\/p\/\",\"name\":\"Puzzle adulte 1000 pi\u00e8ces K\u00fcrti Andrea - Saisons - Automne\",\"isPartOf\":{\"@id\":\"https:\/\/business.roovi.com\/fr\/#website\"},\"datePublished\":\"2018-04-16T10:56:17+00:00\",\"dateModified\":\"2022-07-13T10:24:32+00:00\",\"description\":\"Puzzle adulte 1000 pi\u00e8ces K\u00fcrti Andrea - Saisons - Automne\",\"breadcrumb\":{\"@id\":\"https:\/\/business.roovi.com\/fr\/puzzle-adulte-1000-pieces-kurti-andrea-saisons-automne\/p\/#breadcrumb\"},\"inLanguage\":\"fr-FR\",\"potentialAction\":[{\"@type\":\"ReadAction\",\"target\":[\"https:\/\/business.roovi.com\/fr\/puzzle-adulte-1000-pieces-kurti-andrea-saisons-automne\/p\/\"]}]},{\"@type\":\"BreadcrumbList\",\"@id\":\"https:\/\/business.roovi.com\/fr\/puzzle-adulte-1000-pieces-kurti-andrea-saisons-automne\/p\/#breadcrumb\",\"itemListElement\":[{\"@type\":\"ListItem\",\"position\":1,\"name\":\"Home\",\"item\":\"https:\/\/business.roovi.com\/fr\/\"},{\"@type\":\"ListItem\",\"position\":2,\"name\":\"Boutique\",\"item\":\"https:\/\/business.roovi.com\/fr\/boutique\/\"},{\"@type\":\"ListItem\",\"position\":3,\"name\":\"Puzzle adulte 1000 pi\u00e8ces K\u00fcrti Andrea &#8211; Saisons &#8211; Automne\"}]},{\"@type\":\"WebSite\",\"@id\":\"https:\/\/business.roovi.com\/fr\/#website\",\"url\":\"https:\/\/business.roovi.com\/fr\/\",\"name\":\"Roovi B2B\",\"description\":\"Roovi Business Website\",\"potentialAction\":[{\"@type\":\"SearchAction\",\"target\":{\"@type\":\"EntryPoint\",\"urlTemplate\":\"https:\/\/business.roovi.com\/fr\/?s={search_term_string}\"},\"query-input\":\"required name=search_term_string\"}],\"inLanguage\":\"fr-FR\"}]}<\/script>\n<!-- \/ Yoast SEO plugin. -->","yoast_head_json":{"title":"Puzzle adulte 1000 pi\u00e8ces K\u00fcrti Andrea - Saisons - Automne","description":"Puzzle adulte 1000 pi\u00e8ces K\u00fcrti Andrea - Saisons - Automne","robots":{"index":"index","follow":"follow","max-snippet":"max-snippet:-1","max-image-preview":"max-image-preview:large","max-video-preview":"max-video-preview:-1"},"canonical":"https:\/\/business.roovi.com\/fr\/puzzle-adulte-1000-pieces-kurti-andrea-saisons-automne\/p\/","og_locale":"fr_FR","og_type":"article","og_title":"Puzzle adulte 1000 pi\u00e8ces K\u00fcrti Andrea - Saisons - Automne","og_description":"Puzzle adulte 1000 pi\u00e8ces K\u00fcrti Andrea - Saisons - Automne","og_url":"https:\/\/business.roovi.com\/fr\/puzzle-adulte-1000-pieces-kurti-andrea-saisons-automne\/p\/","og_site_name":"Roovi B2B","article_publisher":"https:\/\/www.facebook.com\/wwwjucariero","article_modified_time":"2022-07-13T10:24:32+00:00","og_image":[{"width":1200,"height":1200,"url":"https:\/\/business.roovi.com\/wp-content\/uploads\/2018\/04\/74102-3_ansamblu_dimensiuni_cutie_cm_vertical_1200x1200.png","type":"image\/png"}],"twitter_misc":{"Dur\u00e9e de lecture estim\u00e9e":"3 minutes"},"schema":{"@context":"https:\/\/schema.org","@graph":[{"@type":"WebPage","@id":"https:\/\/business.roovi.com\/fr\/puzzle-adulte-1000-pieces-kurti-andrea-saisons-automne\/p\/","url":"https:\/\/business.roovi.com\/fr\/puzzle-adulte-1000-pieces-kurti-andrea-saisons-automne\/p\/","name":"Puzzle adulte 1000 pi\u00e8ces K\u00fcrti Andrea - Saisons - Automne","isPartOf":{"@id":"https:\/\/business.roovi.com\/fr\/#website"},"datePublished":"2018-04-16T10:56:17+00:00","dateModified":"2022-07-13T10:24:32+00:00","description":"Puzzle adulte 1000 pi\u00e8ces K\u00fcrti Andrea - Saisons - Automne","breadcrumb":{"@id":"https:\/\/business.roovi.com\/fr\/puzzle-adulte-1000-pieces-kurti-andrea-saisons-automne\/p\/#breadcrumb"},"inLanguage":"fr-FR","potentialAction":[{"@type":"ReadAction","target":["https:\/\/business.roovi.com\/fr\/puzzle-adulte-1000-pieces-kurti-andrea-saisons-automne\/p\/"]}]},{"@type":"BreadcrumbList","@id":"https:\/\/business.roovi.com\/fr\/puzzle-adulte-1000-pieces-kurti-andrea-saisons-automne\/p\/#breadcrumb","itemListElement":[{"@type":"ListItem","position":1,"name":"Home","item":"https:\/\/business.roovi.com\/fr\/"},{"@type":"ListItem","position":2,"name":"Boutique","item":"https:\/\/business.roovi.com\/fr\/boutique\/"},{"@type":"ListItem","position":3,"name":"Puzzle adulte 1000 pi\u00e8ces K\u00fcrti Andrea &#8211; Saisons &#8211; Automne"}]},{"@type":"WebSite","@id":"https:\/\/business.roovi.com\/fr\/#website","url":"https:\/\/business.roovi.com\/fr\/","name":"Roovi B2B","description":"Roovi Business Website","potentialAction":[{"@type":"SearchAction","target":{"@type":"EntryPoint","urlTemplate":"https:\/\/business.roovi.com\/fr\/?s={search_term_string}"},"query-input":"required name=search_term_string"}],"inLanguage":"fr-FR"}]}},"_links":{"self":[{"href":"https:\/\/business.roovi.com\/fr\/wp-json\/wp\/v2\/product\/53283","targetHints":{"allow":["GET"]}}],"collection":[{"href":"https:\/\/business.roovi.com\/fr\/wp-json\/wp\/v2\/product"}],"about":[{"href":"https:\/\/business.roovi.com\/fr\/wp-json\/wp\/v2\/types\/product"}],"version-history":[{"count":0,"href":"https:\/\/business.roovi.com\/fr\/wp-json\/wp\/v2\/product\/53283\/revisions"}],"wp:featuredmedia":[{"embeddable":true,"href":"https:\/\/business.roovi.com\/fr\/wp-json\/wp\/v2\/media\/49444"}],"wp:attachment":[{"href":"https:\/\/business.roovi.com\/fr\/wp-json\/wp\/v2\/media?parent=53283"}],"wp:term":[{"taxonomy":"product_brand","embeddable":true,"href":"https:\/\/business.roovi.com\/fr\/wp-json\/wp\/v2\/product_brand?post=53283"},{"taxonomy":"product_cat","embeddable":true,"href":"https:\/\/business.roovi.com\/fr\/wp-json\/wp\/v2\/product_cat?post=53283"},{"taxonomy":"product_tag","embeddable":true,"href":"https:\/\/business.roovi.com\/fr\/wp-json\/wp\/v2\/product_tag?post=53283"}],"curies":[{"name":"wp","href":"https:\/\/api.w.org\/{rel}","templated":true}]}}