{"id":53296,"date":"2018-04-16T10:56:17","date_gmt":"2018-04-16T10:56:17","guid":{"rendered":"https:\/\/business.roovi.com\/3-puzzle-copii-basme\/p\/"},"modified":"2022-07-13T10:24:38","modified_gmt":"2022-07-13T10:24:38","slug":"3-puzzles-avec-le-petit-chaperon-rouge-pinocchio-et-blanche-neige-6-9-et-16-pieces-2","status":"publish","type":"product","link":"https:\/\/business.roovi.com\/fr\/3-puzzles-avec-le-petit-chaperon-rouge-pinocchio-et-blanche-neige-6-9-et-16-pieces-2\/p\/","title":{"rendered":"3 puzzles avec le Petit Chaperon rouge, Pinocchio et Blanche-Neige &#8211; 6, 9 et 16 pi\u00e8ces"},"content":{"rendered":"<p><span style=\"font-weight: 400;\">Les enfants d\u00e9couvrent le monde \u00e0 travers les contes de f\u00e9es et le jeu. Et quoi de plus amusant que de reconstituer les histoires d&rsquo;enfance, pi\u00e8ce par pi\u00e8ce, sous forme de puzzle ?<\/span><\/p>\n<p><span style=\"font-weight: 400;\">D\u00e9couvre un jeu de puzzles pour enfants qui t&rsquo;aide \u00e0 raconter des contes de f\u00e9es \u00e0 ton enfant de mani\u00e8re amusante tout en le gardant engag\u00e9 et attentif, et qui l&rsquo;aide m\u00eame \u00e0 inventer de nouvelles actions pour les histoires classiques.<\/span><\/p>\n<p><span style=\"font-weight: 400;\">Le jeu de puzzles Fairytales for Kids illustre trois histoires bien connues et appr\u00e9ci\u00e9es, comme le Petit Chaperon rouge, Pinocchio et Blanche-Neige.<\/span><\/p>\n<h2><span style=\"font-weight: 400;\">Pourquoi choisir un jeu de puzzles de contes de f\u00e9es pour enfants ?<\/span><\/h2>\n<p><span style=\"font-weight: 400;\">D\u00e9couvre une nouvelle fa\u00e7on de captiver les enfants avec des histoires classiques.<\/span><\/p>\n<p><span style=\"font-weight: 400;\">Tu les fais participer \u00e0 la cr\u00e9ation de leur propre histoire, \u00e0 laquelle ils peuvent ajouter des d\u00e9tails issus de leur propre imagination.<\/span><\/p>\n<p><span style=\"font-weight: 400;\">Tu peux discuter de l&rsquo;action des histoires, en la rendant r\u00e9elle, dans le but de donner une le\u00e7on \u00e9ducative aux enfants. Pourquoi est-ce mal d&rsquo;\u00e9couter des inconnus ? Que se passe-t-il si tu mens ?<\/span><\/p>\n<p><span style=\"font-weight: 400;\">Le puzzle aide \u00e0 d\u00e9velopper la motricit\u00e9 fine et la dext\u00e9rit\u00e9.<\/span><\/p>\n<p><span style=\"font-weight: 400;\">Il stimule la concentration et l&rsquo;attention aux d\u00e9tails.<\/span><\/p>\n<p><span style=\"font-weight: 400;\">C&rsquo;est un excellent jeu pour d\u00e9tendre l&rsquo;atmosph\u00e8re et se connecter avec ton enfant avant de se coucher ou pendant les jours froids et pluvieux o\u00f9 tu ne peux pas sortir.<\/span><\/p>\n<h2><span style=\"font-weight: 400;\">D\u00e9couvre un ensemble de 3 puzzles pour enfants avec des contes de f\u00e9es<\/span><\/h2>\n<p><span style=\"font-weight: 400;\">Le puzzle est fabriqu\u00e9 en carton de tr\u00e8s bonne qualit\u00e9, \u00e9pais et r\u00e9sistant \u00e0 une utilisation prolong\u00e9e. Les pi\u00e8ces sont suffisamment grandes pour les petites mains des enfants et peuvent \u00eatre facilement saisies et adapt\u00e9es \u00e0 la bonne forme <\/span><\/p>\n<p><span style=\"font-weight: 400;\">Les enfants adorent les belles images gaies, les couleurs vives et les personnages expressifs <\/span><\/p>\n<p><span style=\"font-weight: 400;\">Un puzzle pour enfants est plus qu&rsquo;un simple jeu. C&rsquo;est une fa\u00e7on de combiner le jeu avec la stimulation du d\u00e9veloppement du cerveau et les nombreuses comp\u00e9tences que ton enfant utilisera pour une croissance harmonieuse et une ind\u00e9pendance dans ses propres actions <\/span><\/p>\n<p><span style=\"font-weight: 400;\">Le set contient trois puzzles de tailles diff\u00e9rentes avec <\/span><span style=\"font-weight: 400;\">6, 9 et 16 pi\u00e8ces.<\/span><\/p>\n<p><span style=\"font-weight: 400;\">Choisis d&rsquo;offrir \u00e0 ton enfant une fa\u00e7on amusante et unique d&rsquo;apprendre les contes de f\u00e9es classiques de l&rsquo;enfance <\/span><\/p>\n<p><span style=\"font-weight: 400;\">Ou peut-\u00eatre cherches-tu un cadeau astucieux pour un enfant curieux ? Un puzzle a de nombreuses qualit\u00e9s : il est \u00e0 la fois engageant, amusant et \u00e9ducatif. De plus, elle stimule le d\u00e9veloppement de la m\u00e9moire et est parfois m\u00eame addictive :).<\/span><\/p><\/p>\n","protected":false},"excerpt":{"rendered":"<p>Les enfants d\u00e9couvrent le monde \u00e0 travers les contes de f\u00e9es et le jeu. Et quoi de plus amusant que<\/p>\n","protected":false},"featured_media":49469,"template":"","meta":[],"product_brand":[],"product_cat":[2314,2368,2340],"product_tag":[],"class_list":{"0":"post-53296","1":"product","2":"type-product","3":"status-publish","4":"has-post-thumbnail","6":"product_cat-puzzles-fr","7":"product_cat-puzzles-de-moins-de-50-pieces","8":"product_cat-puzzles-pour-enfants","9":"pa_bax-8-fr","10":"pa_brand-deico-fr","11":"pa_country_of_manufacture-ro-fr","12":"pa_filter_age-3_5-fr","13":"pa_filter_age-5_7-fr","14":"pa_tip_ambalaj-boite","15":"pa_tip_puzzle-sets-de-puzzles","17":"first","18":"instock","19":"taxable","20":"shipping-taxable","21":"product-type-simple"},"yoast_head":"<!-- This site is optimized with the Yoast SEO plugin v20.1 - https:\/\/yoast.com\/wordpress\/plugins\/seo\/ -->\n<title>3 puzzles avec le Petit Chaperon rouge, Pinocchio et Blanche-Neige - 6, 9 et 16 pi\u00e8ces<\/title>\n<meta name=\"description\" content=\"3 puzzles avec le Petit Chaperon rouge, Pinocchio et Blanche-Neige - 6, 9 et 16 pi\u00e8ces\" \/>\n<meta name=\"robots\" content=\"index, follow, max-snippet:-1, max-image-preview:large, max-video-preview:-1\" \/>\n<link rel=\"canonical\" href=\"https:\/\/business.roovi.com\/fr\/3-puzzles-avec-le-petit-chaperon-rouge-pinocchio-et-blanche-neige-6-9-et-16-pieces-2\/p\/\" \/>\n<meta property=\"og:locale\" content=\"fr_FR\" \/>\n<meta property=\"og:type\" content=\"article\" \/>\n<meta property=\"og:title\" content=\"3 puzzles avec le Petit Chaperon rouge, Pinocchio et Blanche-Neige - 6, 9 et 16 pi\u00e8ces\" \/>\n<meta property=\"og:description\" content=\"3 puzzles avec le Petit Chaperon rouge, Pinocchio et Blanche-Neige - 6, 9 et 16 pi\u00e8ces\" \/>\n<meta property=\"og:url\" content=\"https:\/\/business.roovi.com\/fr\/3-puzzles-avec-le-petit-chaperon-rouge-pinocchio-et-blanche-neige-6-9-et-16-pieces-2\/p\/\" \/>\n<meta property=\"og:site_name\" content=\"Roovi B2B\" \/>\n<meta property=\"article:publisher\" content=\"https:\/\/www.facebook.com\/wwwjucariero\" \/>\n<meta property=\"article:modified_time\" content=\"2022-07-13T10:24:38+00:00\" \/>\n<meta property=\"og:image\" content=\"https:\/\/business.roovi.com\/wp-content\/uploads\/2018\/04\/63717_01.jpg\" \/>\n\t<meta property=\"og:image:width\" content=\"1200\" \/>\n\t<meta property=\"og:image:height\" content=\"1200\" \/>\n\t<meta property=\"og:image:type\" content=\"image\/jpeg\" \/>\n<meta name=\"twitter:label1\" content=\"Dur\u00e9e de lecture estim\u00e9e\" \/>\n\t<meta name=\"twitter:data1\" content=\"2 minutes\" \/>\n<script type=\"application\/ld+json\" class=\"yoast-schema-graph\">{\"@context\":\"https:\/\/schema.org\",\"@graph\":[{\"@type\":\"WebPage\",\"@id\":\"https:\/\/business.roovi.com\/fr\/3-puzzles-avec-le-petit-chaperon-rouge-pinocchio-et-blanche-neige-6-9-et-16-pieces-2\/p\/\",\"url\":\"https:\/\/business.roovi.com\/fr\/3-puzzles-avec-le-petit-chaperon-rouge-pinocchio-et-blanche-neige-6-9-et-16-pieces-2\/p\/\",\"name\":\"3 puzzles avec le Petit Chaperon rouge, Pinocchio et Blanche-Neige - 6, 9 et 16 pi\u00e8ces\",\"isPartOf\":{\"@id\":\"https:\/\/business.roovi.com\/fr\/#website\"},\"datePublished\":\"2018-04-16T10:56:17+00:00\",\"dateModified\":\"2022-07-13T10:24:38+00:00\",\"description\":\"3 puzzles avec le Petit Chaperon rouge, Pinocchio et Blanche-Neige - 6, 9 et 16 pi\u00e8ces\",\"breadcrumb\":{\"@id\":\"https:\/\/business.roovi.com\/fr\/3-puzzles-avec-le-petit-chaperon-rouge-pinocchio-et-blanche-neige-6-9-et-16-pieces-2\/p\/#breadcrumb\"},\"inLanguage\":\"fr-FR\",\"potentialAction\":[{\"@type\":\"ReadAction\",\"target\":[\"https:\/\/business.roovi.com\/fr\/3-puzzles-avec-le-petit-chaperon-rouge-pinocchio-et-blanche-neige-6-9-et-16-pieces-2\/p\/\"]}]},{\"@type\":\"BreadcrumbList\",\"@id\":\"https:\/\/business.roovi.com\/fr\/3-puzzles-avec-le-petit-chaperon-rouge-pinocchio-et-blanche-neige-6-9-et-16-pieces-2\/p\/#breadcrumb\",\"itemListElement\":[{\"@type\":\"ListItem\",\"position\":1,\"name\":\"Home\",\"item\":\"https:\/\/business.roovi.com\/fr\/\"},{\"@type\":\"ListItem\",\"position\":2,\"name\":\"Boutique\",\"item\":\"https:\/\/business.roovi.com\/fr\/boutique\/\"},{\"@type\":\"ListItem\",\"position\":3,\"name\":\"3 puzzles avec le Petit Chaperon rouge, Pinocchio et Blanche-Neige &#8211; 6, 9 et 16 pi\u00e8ces\"}]},{\"@type\":\"WebSite\",\"@id\":\"https:\/\/business.roovi.com\/fr\/#website\",\"url\":\"https:\/\/business.roovi.com\/fr\/\",\"name\":\"Roovi B2B\",\"description\":\"Roovi Business Website\",\"potentialAction\":[{\"@type\":\"SearchAction\",\"target\":{\"@type\":\"EntryPoint\",\"urlTemplate\":\"https:\/\/business.roovi.com\/fr\/?s={search_term_string}\"},\"query-input\":\"required name=search_term_string\"}],\"inLanguage\":\"fr-FR\"}]}<\/script>\n<!-- \/ Yoast SEO plugin. -->","yoast_head_json":{"title":"3 puzzles avec le Petit Chaperon rouge, Pinocchio et Blanche-Neige - 6, 9 et 16 pi\u00e8ces","description":"3 puzzles avec le Petit Chaperon rouge, Pinocchio et Blanche-Neige - 6, 9 et 16 pi\u00e8ces","robots":{"index":"index","follow":"follow","max-snippet":"max-snippet:-1","max-image-preview":"max-image-preview:large","max-video-preview":"max-video-preview:-1"},"canonical":"https:\/\/business.roovi.com\/fr\/3-puzzles-avec-le-petit-chaperon-rouge-pinocchio-et-blanche-neige-6-9-et-16-pieces-2\/p\/","og_locale":"fr_FR","og_type":"article","og_title":"3 puzzles avec le Petit Chaperon rouge, Pinocchio et Blanche-Neige - 6, 9 et 16 pi\u00e8ces","og_description":"3 puzzles avec le Petit Chaperon rouge, Pinocchio et Blanche-Neige - 6, 9 et 16 pi\u00e8ces","og_url":"https:\/\/business.roovi.com\/fr\/3-puzzles-avec-le-petit-chaperon-rouge-pinocchio-et-blanche-neige-6-9-et-16-pieces-2\/p\/","og_site_name":"Roovi B2B","article_publisher":"https:\/\/www.facebook.com\/wwwjucariero","article_modified_time":"2022-07-13T10:24:38+00:00","og_image":[{"width":1200,"height":1200,"url":"https:\/\/business.roovi.com\/wp-content\/uploads\/2018\/04\/63717_01.jpg","type":"image\/jpeg"}],"twitter_misc":{"Dur\u00e9e de lecture estim\u00e9e":"2 minutes"},"schema":{"@context":"https:\/\/schema.org","@graph":[{"@type":"WebPage","@id":"https:\/\/business.roovi.com\/fr\/3-puzzles-avec-le-petit-chaperon-rouge-pinocchio-et-blanche-neige-6-9-et-16-pieces-2\/p\/","url":"https:\/\/business.roovi.com\/fr\/3-puzzles-avec-le-petit-chaperon-rouge-pinocchio-et-blanche-neige-6-9-et-16-pieces-2\/p\/","name":"3 puzzles avec le Petit Chaperon rouge, Pinocchio et Blanche-Neige - 6, 9 et 16 pi\u00e8ces","isPartOf":{"@id":"https:\/\/business.roovi.com\/fr\/#website"},"datePublished":"2018-04-16T10:56:17+00:00","dateModified":"2022-07-13T10:24:38+00:00","description":"3 puzzles avec le Petit Chaperon rouge, Pinocchio et Blanche-Neige - 6, 9 et 16 pi\u00e8ces","breadcrumb":{"@id":"https:\/\/business.roovi.com\/fr\/3-puzzles-avec-le-petit-chaperon-rouge-pinocchio-et-blanche-neige-6-9-et-16-pieces-2\/p\/#breadcrumb"},"inLanguage":"fr-FR","potentialAction":[{"@type":"ReadAction","target":["https:\/\/business.roovi.com\/fr\/3-puzzles-avec-le-petit-chaperon-rouge-pinocchio-et-blanche-neige-6-9-et-16-pieces-2\/p\/"]}]},{"@type":"BreadcrumbList","@id":"https:\/\/business.roovi.com\/fr\/3-puzzles-avec-le-petit-chaperon-rouge-pinocchio-et-blanche-neige-6-9-et-16-pieces-2\/p\/#breadcrumb","itemListElement":[{"@type":"ListItem","position":1,"name":"Home","item":"https:\/\/business.roovi.com\/fr\/"},{"@type":"ListItem","position":2,"name":"Boutique","item":"https:\/\/business.roovi.com\/fr\/boutique\/"},{"@type":"ListItem","position":3,"name":"3 puzzles avec le Petit Chaperon rouge, Pinocchio et Blanche-Neige &#8211; 6, 9 et 16 pi\u00e8ces"}]},{"@type":"WebSite","@id":"https:\/\/business.roovi.com\/fr\/#website","url":"https:\/\/business.roovi.com\/fr\/","name":"Roovi B2B","description":"Roovi Business Website","potentialAction":[{"@type":"SearchAction","target":{"@type":"EntryPoint","urlTemplate":"https:\/\/business.roovi.com\/fr\/?s={search_term_string}"},"query-input":"required name=search_term_string"}],"inLanguage":"fr-FR"}]}},"_links":{"self":[{"href":"https:\/\/business.roovi.com\/fr\/wp-json\/wp\/v2\/product\/53296","targetHints":{"allow":["GET"]}}],"collection":[{"href":"https:\/\/business.roovi.com\/fr\/wp-json\/wp\/v2\/product"}],"about":[{"href":"https:\/\/business.roovi.com\/fr\/wp-json\/wp\/v2\/types\/product"}],"version-history":[{"count":0,"href":"https:\/\/business.roovi.com\/fr\/wp-json\/wp\/v2\/product\/53296\/revisions"}],"wp:featuredmedia":[{"embeddable":true,"href":"https:\/\/business.roovi.com\/fr\/wp-json\/wp\/v2\/media\/49469"}],"wp:attachment":[{"href":"https:\/\/business.roovi.com\/fr\/wp-json\/wp\/v2\/media?parent=53296"}],"wp:term":[{"taxonomy":"product_brand","embeddable":true,"href":"https:\/\/business.roovi.com\/fr\/wp-json\/wp\/v2\/product_brand?post=53296"},{"taxonomy":"product_cat","embeddable":true,"href":"https:\/\/business.roovi.com\/fr\/wp-json\/wp\/v2\/product_cat?post=53296"},{"taxonomy":"product_tag","embeddable":true,"href":"https:\/\/business.roovi.com\/fr\/wp-json\/wp\/v2\/product_tag?post=53296"}],"curies":[{"name":"wp","href":"https:\/\/api.w.org\/{rel}","templated":true}]}}