{"id":53310,"date":"2018-04-16T10:56:17","date_gmt":"2018-04-16T10:56:17","guid":{"rendered":"https:\/\/business.roovi.com\/puzzle-copii-collection-basme-2\/p\/"},"modified":"2022-07-13T10:24:42","modified_gmt":"2022-07-13T10:24:42","slug":"collection-de-4-puzzles-pour-enfants-contes-de-fees","status":"publish","type":"product","link":"https:\/\/business.roovi.com\/fr\/collection-de-4-puzzles-pour-enfants-contes-de-fees\/p\/","title":{"rendered":"Collection de 4 puzzles pour enfants &#8211; Contes de f\u00e9es"},"content":{"rendered":"<p><span style=\"font-weight: 400;\">Que veulent les enfants quand tu leur racontes des histoires ? Pour \u00eatre les personnages eux-m\u00eames, pour vivre l&rsquo;aventure et r\u00e9\u00e9crire l&rsquo;histoire, n&rsquo;est-ce pas ? D&rsquo;autres fois, ils peuvent vouloir \u00eatre les conteurs eux-m\u00eames ou \u00e9crire des contes de f\u00e9es dans un livre magique qui prend vie.<\/span><\/p>\n<p><span style=\"font-weight: 400;\">Dans tous les cas, encourage leur imagination et aide-les \u00e0 r\u00e9\u00e9crire les histoires comme ils le souhaitent. Laisse-les \u00eatre les conteurs et r\u00e9\u00e9cris l&rsquo;histoire morceau par morceau avec un puzzle \u00e0 collectionner <\/span><\/p>\n<p><span style=\"font-weight: 400;\">Choisissez une collection de 4 puzzles anim\u00e9s avec des sc\u00e8nes tir\u00e9es d&rsquo;histoires classiques, que les enfants d\u00e9couvriront en s&rsquo;approchant de la fin et en parvenant \u00e0 reconstituer l&rsquo;image <\/span><\/p>\n<p><span style=\"font-weight: 400;\">Pr\u00e9pare-les \u00e0 partir \u00e0 l&rsquo;aventure avec Hansel et Gretel, \u00e0 se rendre chez grand-m\u00e8re avec le Petit Chaperon Rouge, ou \u00e0 comprendre la valeur de l&rsquo;amiti\u00e9 avec Blanche-Neige et les 7 Nains. Et pour les petits coquins, l&rsquo;histoire des Trois Petits Cochons devrait \u00eatre une source d&rsquo;amusement.  <\/span><\/p>\n<h2><span style=\"font-weight: 400;\">Pourquoi choisir un Puzzle Collection Contes de f\u00e9es pour enfants<\/span><\/h2>\n<ul>\n<li><span style=\"font-weight: 400;\">Aide les enfants \u00e0 d\u00e9velopper leur cr\u00e9ativit\u00e9.<\/span><\/li>\n<li><span style=\"font-weight: 400;\">C&rsquo;est une fa\u00e7on amusante pour eux de se souvenir des sc\u00e8nes des contes de f\u00e9es classiques ou de se familiariser avec eux.<\/span><\/li>\n<li><span style=\"font-weight: 400;\">Le jeu de puzzle est un bon entra\u00eeneur de m\u00e9moire.<\/span><\/li>\n<li><span style=\"font-weight: 400;\">Il aide \u00e0 d\u00e9velopper des comp\u00e9tences.<\/span><\/li>\n<li><span style=\"font-weight: 400;\">Elle stimule et soutient la concentration et l&rsquo;attention.<\/span><\/li>\n<li><span style=\"font-weight: 400;\">C&rsquo;est relaxant et d\u00e9connectant.<\/span><\/li>\n<li><span style=\"font-weight: 400;\">Il entra\u00eene la coordination motrice et la dext\u00e9rit\u00e9.<\/span><\/li>\n<li><span style=\"font-weight: 400;\">D\u00e9veloppe la coordination sensorielle.<\/span><\/li>\n<li><span style=\"font-weight: 400;\">C&rsquo;est un bon jeu \u00e0 emmener sur les longs trajets lorsqu&rsquo;il a besoin de quelque chose pour l&rsquo;occuper afin qu&rsquo;il ne s&rsquo;ennuie pas.<\/span><\/li>\n<\/ul>\n<h2><span style=\"font-weight: 400;\">D\u00e9couvre une collection fascinante de 4 puzzles pour enfants avec des images joyeuses <\/span><\/h2>\n<p><span style=\"font-weight: 400;\">Chaque puzzle est fabriqu\u00e9 en carton \u00e9pais de haute qualit\u00e9 pour pouvoir \u00eatre utilis\u00e9 de nombreuses fois sans que les pi\u00e8ces se cassent ou perdent leur forme <\/span><\/p>\n<p><span style=\"font-weight: 400;\">Les images aux couleurs vives repr\u00e9sentent les personnages bien-aim\u00e9s des contes de f\u00e9es classiques pour enfants, avec des graphismes soign\u00e9s mettant en sc\u00e8ne des personnages mignons et joyeux adapt\u00e9s aux petits.<\/span><\/p>\n<p><span style=\"font-weight: 400;\">La collection de contes de f\u00e9es contient 4 puzzles pour enfants repr\u00e9sentant des sc\u00e8nes de c\u00e9l\u00e8bres contes de f\u00e9es, avec des degr\u00e9s de complexit\u00e9 variables de 24 pi\u00e8ces, 35 pi\u00e8ces, 48 pi\u00e8ces et 60 pi\u00e8ces.<\/span><\/p>\n<p><span style=\"font-weight: 400;\">La taille et la forme des pi\u00e8ces sont adapt\u00e9es aux enfants, qui peuvent donc facilement les prendre et les placer.<\/span><\/p>\n<p><span style=\"font-weight: 400;\">Les enfants adorent construire des choses et ils vont certainement adorer reconstruire les histoires ador\u00e9es pi\u00e8ce par pi\u00e8ce !<\/span><\/p>\n<p><span style=\"font-weight: 400;\">Si tu cherches un jeu \u00e0 la fois cr\u00e9atif, actif, engageant et amusant, choisis un puzzle de la collection pour enfants avec des images de contes de f\u00e9es.  <\/span><\/p><\/p>\n","protected":false},"excerpt":{"rendered":"<p>Que veulent les enfants quand tu leur racontes des histoires ? Pour \u00eatre les personnages eux-m\u00eames, pour vivre l&rsquo;aventure et<\/p>\n","protected":false},"featured_media":49480,"template":"","meta":[],"product_brand":[],"product_cat":[2314,2360,2368,2340],"product_tag":[],"class_list":{"0":"post-53310","1":"product","2":"type-product","3":"status-publish","4":"has-post-thumbnail","6":"product_cat-puzzles-fr","7":"product_cat-puzzles-de-50-a-100-pieces","8":"product_cat-puzzles-de-moins-de-50-pieces","9":"product_cat-puzzles-pour-enfants","10":"pa_bax-8-fr","11":"pa_brand-deico-fr","12":"pa_country_of_manufacture-ro-fr","13":"pa_filter_age-3_5-fr","14":"pa_filter_age-5_7-fr","15":"pa_filter_age-7_9-fr","16":"pa_tip_ambalaj-boite","17":"pa_tip_puzzle-sets-de-puzzles","19":"first","20":"instock","21":"taxable","22":"shipping-taxable","23":"product-type-simple"},"yoast_head":"<!-- This site is optimized with the Yoast SEO plugin v20.1 - https:\/\/yoast.com\/wordpress\/plugins\/seo\/ -->\n<title>Collection de 4 puzzles pour enfants - Contes de f\u00e9es<\/title>\n<meta name=\"description\" content=\"Collection de 4 puzzles pour enfants - Contes de f\u00e9es\" \/>\n<meta name=\"robots\" content=\"index, follow, max-snippet:-1, max-image-preview:large, max-video-preview:-1\" \/>\n<link rel=\"canonical\" href=\"https:\/\/business.roovi.com\/fr\/collection-de-4-puzzles-pour-enfants-contes-de-fees\/p\/\" \/>\n<meta property=\"og:locale\" content=\"fr_FR\" \/>\n<meta property=\"og:type\" content=\"article\" \/>\n<meta property=\"og:title\" content=\"Collection de 4 puzzles pour enfants - Contes de f\u00e9es\" \/>\n<meta property=\"og:description\" content=\"Collection de 4 puzzles pour enfants - Contes de f\u00e9es\" \/>\n<meta property=\"og:url\" content=\"https:\/\/business.roovi.com\/fr\/collection-de-4-puzzles-pour-enfants-contes-de-fees\/p\/\" \/>\n<meta property=\"og:site_name\" content=\"Roovi B2B\" \/>\n<meta property=\"article:publisher\" content=\"https:\/\/www.facebook.com\/wwwjucariero\" \/>\n<meta property=\"article:modified_time\" content=\"2022-07-13T10:24:42+00:00\" \/>\n<meta property=\"og:image\" content=\"https:\/\/business.roovi.com\/wp-content\/uploads\/2018\/04\/65223_01.jpg\" \/>\n\t<meta property=\"og:image:width\" content=\"1200\" \/>\n\t<meta property=\"og:image:height\" content=\"1200\" \/>\n\t<meta property=\"og:image:type\" content=\"image\/jpeg\" \/>\n<meta name=\"twitter:label1\" content=\"Dur\u00e9e de lecture estim\u00e9e\" \/>\n\t<meta name=\"twitter:data1\" content=\"2 minutes\" \/>\n<script type=\"application\/ld+json\" class=\"yoast-schema-graph\">{\"@context\":\"https:\/\/schema.org\",\"@graph\":[{\"@type\":\"WebPage\",\"@id\":\"https:\/\/business.roovi.com\/fr\/collection-de-4-puzzles-pour-enfants-contes-de-fees\/p\/\",\"url\":\"https:\/\/business.roovi.com\/fr\/collection-de-4-puzzles-pour-enfants-contes-de-fees\/p\/\",\"name\":\"Collection de 4 puzzles pour enfants - Contes de f\u00e9es\",\"isPartOf\":{\"@id\":\"https:\/\/business.roovi.com\/fr\/#website\"},\"datePublished\":\"2018-04-16T10:56:17+00:00\",\"dateModified\":\"2022-07-13T10:24:42+00:00\",\"description\":\"Collection de 4 puzzles pour enfants - Contes de f\u00e9es\",\"breadcrumb\":{\"@id\":\"https:\/\/business.roovi.com\/fr\/collection-de-4-puzzles-pour-enfants-contes-de-fees\/p\/#breadcrumb\"},\"inLanguage\":\"fr-FR\",\"potentialAction\":[{\"@type\":\"ReadAction\",\"target\":[\"https:\/\/business.roovi.com\/fr\/collection-de-4-puzzles-pour-enfants-contes-de-fees\/p\/\"]}]},{\"@type\":\"BreadcrumbList\",\"@id\":\"https:\/\/business.roovi.com\/fr\/collection-de-4-puzzles-pour-enfants-contes-de-fees\/p\/#breadcrumb\",\"itemListElement\":[{\"@type\":\"ListItem\",\"position\":1,\"name\":\"Home\",\"item\":\"https:\/\/business.roovi.com\/fr\/\"},{\"@type\":\"ListItem\",\"position\":2,\"name\":\"Boutique\",\"item\":\"https:\/\/business.roovi.com\/fr\/boutique\/\"},{\"@type\":\"ListItem\",\"position\":3,\"name\":\"Collection de 4 puzzles pour enfants &#8211; Contes de f\u00e9es\"}]},{\"@type\":\"WebSite\",\"@id\":\"https:\/\/business.roovi.com\/fr\/#website\",\"url\":\"https:\/\/business.roovi.com\/fr\/\",\"name\":\"Roovi B2B\",\"description\":\"Roovi Business Website\",\"potentialAction\":[{\"@type\":\"SearchAction\",\"target\":{\"@type\":\"EntryPoint\",\"urlTemplate\":\"https:\/\/business.roovi.com\/fr\/?s={search_term_string}\"},\"query-input\":\"required name=search_term_string\"}],\"inLanguage\":\"fr-FR\"}]}<\/script>\n<!-- \/ Yoast SEO plugin. -->","yoast_head_json":{"title":"Collection de 4 puzzles pour enfants - Contes de f\u00e9es","description":"Collection de 4 puzzles pour enfants - Contes de f\u00e9es","robots":{"index":"index","follow":"follow","max-snippet":"max-snippet:-1","max-image-preview":"max-image-preview:large","max-video-preview":"max-video-preview:-1"},"canonical":"https:\/\/business.roovi.com\/fr\/collection-de-4-puzzles-pour-enfants-contes-de-fees\/p\/","og_locale":"fr_FR","og_type":"article","og_title":"Collection de 4 puzzles pour enfants - Contes de f\u00e9es","og_description":"Collection de 4 puzzles pour enfants - Contes de f\u00e9es","og_url":"https:\/\/business.roovi.com\/fr\/collection-de-4-puzzles-pour-enfants-contes-de-fees\/p\/","og_site_name":"Roovi B2B","article_publisher":"https:\/\/www.facebook.com\/wwwjucariero","article_modified_time":"2022-07-13T10:24:42+00:00","og_image":[{"width":1200,"height":1200,"url":"https:\/\/business.roovi.com\/wp-content\/uploads\/2018\/04\/65223_01.jpg","type":"image\/jpeg"}],"twitter_misc":{"Dur\u00e9e de lecture estim\u00e9e":"2 minutes"},"schema":{"@context":"https:\/\/schema.org","@graph":[{"@type":"WebPage","@id":"https:\/\/business.roovi.com\/fr\/collection-de-4-puzzles-pour-enfants-contes-de-fees\/p\/","url":"https:\/\/business.roovi.com\/fr\/collection-de-4-puzzles-pour-enfants-contes-de-fees\/p\/","name":"Collection de 4 puzzles pour enfants - Contes de f\u00e9es","isPartOf":{"@id":"https:\/\/business.roovi.com\/fr\/#website"},"datePublished":"2018-04-16T10:56:17+00:00","dateModified":"2022-07-13T10:24:42+00:00","description":"Collection de 4 puzzles pour enfants - Contes de f\u00e9es","breadcrumb":{"@id":"https:\/\/business.roovi.com\/fr\/collection-de-4-puzzles-pour-enfants-contes-de-fees\/p\/#breadcrumb"},"inLanguage":"fr-FR","potentialAction":[{"@type":"ReadAction","target":["https:\/\/business.roovi.com\/fr\/collection-de-4-puzzles-pour-enfants-contes-de-fees\/p\/"]}]},{"@type":"BreadcrumbList","@id":"https:\/\/business.roovi.com\/fr\/collection-de-4-puzzles-pour-enfants-contes-de-fees\/p\/#breadcrumb","itemListElement":[{"@type":"ListItem","position":1,"name":"Home","item":"https:\/\/business.roovi.com\/fr\/"},{"@type":"ListItem","position":2,"name":"Boutique","item":"https:\/\/business.roovi.com\/fr\/boutique\/"},{"@type":"ListItem","position":3,"name":"Collection de 4 puzzles pour enfants &#8211; Contes de f\u00e9es"}]},{"@type":"WebSite","@id":"https:\/\/business.roovi.com\/fr\/#website","url":"https:\/\/business.roovi.com\/fr\/","name":"Roovi B2B","description":"Roovi Business Website","potentialAction":[{"@type":"SearchAction","target":{"@type":"EntryPoint","urlTemplate":"https:\/\/business.roovi.com\/fr\/?s={search_term_string}"},"query-input":"required name=search_term_string"}],"inLanguage":"fr-FR"}]}},"_links":{"self":[{"href":"https:\/\/business.roovi.com\/fr\/wp-json\/wp\/v2\/product\/53310","targetHints":{"allow":["GET"]}}],"collection":[{"href":"https:\/\/business.roovi.com\/fr\/wp-json\/wp\/v2\/product"}],"about":[{"href":"https:\/\/business.roovi.com\/fr\/wp-json\/wp\/v2\/types\/product"}],"version-history":[{"count":0,"href":"https:\/\/business.roovi.com\/fr\/wp-json\/wp\/v2\/product\/53310\/revisions"}],"wp:featuredmedia":[{"embeddable":true,"href":"https:\/\/business.roovi.com\/fr\/wp-json\/wp\/v2\/media\/49480"}],"wp:attachment":[{"href":"https:\/\/business.roovi.com\/fr\/wp-json\/wp\/v2\/media?parent=53310"}],"wp:term":[{"taxonomy":"product_brand","embeddable":true,"href":"https:\/\/business.roovi.com\/fr\/wp-json\/wp\/v2\/product_brand?post=53310"},{"taxonomy":"product_cat","embeddable":true,"href":"https:\/\/business.roovi.com\/fr\/wp-json\/wp\/v2\/product_cat?post=53310"},{"taxonomy":"product_tag","embeddable":true,"href":"https:\/\/business.roovi.com\/fr\/wp-json\/wp\/v2\/product_tag?post=53310"}],"curies":[{"name":"wp","href":"https:\/\/api.w.org\/{rel}","templated":true}]}}