{"id":53379,"date":"2018-04-16T10:56:17","date_gmt":"2018-04-16T10:56:17","guid":{"rendered":"https:\/\/business.roovi.com\/puzzle-basme-240-piese-2-2\/p\/"},"modified":"2022-07-13T10:25:05","modified_gmt":"2022-07-13T10:25:05","slug":"casse-tete-240-pieces-blanche-neige","status":"publish","type":"product","link":"https:\/\/business.roovi.com\/fr\/casse-tete-240-pieces-blanche-neige\/p\/","title":{"rendered":"Casse-t\u00eate 240 pi\u00e8ces &#8211; Blanche-Neige"},"content":{"rendered":"<p>Si tu aimes les contes de f\u00e9es classiques, les personnages aux pouvoirs surnaturels et les \u00e9v\u00e9nements magiques, tu seras ravie de rassembler ce splendide puzzle de 240 pi\u00e8ces, qui recr\u00e9e une sc\u00e8ne fabuleuse du conte de f\u00e9es Blanche-Neige. D\u00e9couvre les superbes images de la collection de 240 puzzles Contes de f\u00e9es\/Animaux mettant en sc\u00e8ne des personnages bien-aim\u00e9s et des animaux mignons !<\/p>\n","protected":false},"excerpt":{"rendered":"<p>Si tu aimes les contes de f\u00e9es classiques, les personnages aux pouvoirs surnaturels et les \u00e9v\u00e9nements magiques, tu seras ravie<\/p>\n","protected":false},"featured_media":49565,"template":"","meta":[],"product_brand":[],"product_cat":[2341,2314,2340],"product_tag":[],"class_list":{"0":"post-53379","1":"product","2":"type-product","3":"status-publish","4":"has-post-thumbnail","6":"product_cat-plus-de-100-pieces-de-puzzle","7":"product_cat-puzzles-fr","8":"product_cat-puzzles-pour-enfants","9":"pa_bax-8-fr","10":"pa_brand-deico-fr","11":"pa_country_of_manufacture-ro-fr","12":"pa_filter_age-7_9-fr","13":"pa_filter_age-9_14-fr","14":"pa_tip_ambalaj-boite","15":"pa_tip_puzzle-classique","17":"first","18":"instock","19":"taxable","20":"shipping-taxable","21":"product-type-simple"},"yoast_head":"<!-- This site is optimized with the Yoast SEO plugin v20.1 - https:\/\/yoast.com\/wordpress\/plugins\/seo\/ -->\n<title>Casse-t\u00eate 240 pi\u00e8ces - Blanche-Neige<\/title>\n<meta name=\"description\" content=\"Casse-t\u00eate 240 pi\u00e8ces - Blanche-Neige\" \/>\n<meta name=\"robots\" content=\"index, follow, max-snippet:-1, max-image-preview:large, max-video-preview:-1\" \/>\n<link rel=\"canonical\" href=\"https:\/\/business.roovi.com\/fr\/casse-tete-240-pieces-blanche-neige\/p\/\" \/>\n<meta property=\"og:locale\" content=\"fr_FR\" \/>\n<meta property=\"og:type\" content=\"article\" \/>\n<meta property=\"og:title\" content=\"Casse-t\u00eate 240 pi\u00e8ces - Blanche-Neige\" \/>\n<meta property=\"og:description\" content=\"Casse-t\u00eate 240 pi\u00e8ces - Blanche-Neige\" \/>\n<meta property=\"og:url\" content=\"https:\/\/business.roovi.com\/fr\/casse-tete-240-pieces-blanche-neige\/p\/\" \/>\n<meta property=\"og:site_name\" content=\"Roovi B2B\" \/>\n<meta property=\"article:publisher\" content=\"https:\/\/www.facebook.com\/wwwjucariero\" \/>\n<meta property=\"article:modified_time\" content=\"2022-07-13T10:25:05+00:00\" \/>\n<meta property=\"og:image\" content=\"https:\/\/business.roovi.com\/wp-content\/uploads\/2018\/04\/61393_02.jpg\" \/>\n\t<meta property=\"og:image:width\" content=\"1200\" \/>\n\t<meta property=\"og:image:height\" content=\"1200\" \/>\n\t<meta property=\"og:image:type\" content=\"image\/jpeg\" \/>\n<script type=\"application\/ld+json\" class=\"yoast-schema-graph\">{\"@context\":\"https:\/\/schema.org\",\"@graph\":[{\"@type\":\"WebPage\",\"@id\":\"https:\/\/business.roovi.com\/fr\/casse-tete-240-pieces-blanche-neige\/p\/\",\"url\":\"https:\/\/business.roovi.com\/fr\/casse-tete-240-pieces-blanche-neige\/p\/\",\"name\":\"Casse-t\u00eate 240 pi\u00e8ces - Blanche-Neige\",\"isPartOf\":{\"@id\":\"https:\/\/business.roovi.com\/fr\/#website\"},\"datePublished\":\"2018-04-16T10:56:17+00:00\",\"dateModified\":\"2022-07-13T10:25:05+00:00\",\"description\":\"Casse-t\u00eate 240 pi\u00e8ces - Blanche-Neige\",\"breadcrumb\":{\"@id\":\"https:\/\/business.roovi.com\/fr\/casse-tete-240-pieces-blanche-neige\/p\/#breadcrumb\"},\"inLanguage\":\"fr-FR\",\"potentialAction\":[{\"@type\":\"ReadAction\",\"target\":[\"https:\/\/business.roovi.com\/fr\/casse-tete-240-pieces-blanche-neige\/p\/\"]}]},{\"@type\":\"BreadcrumbList\",\"@id\":\"https:\/\/business.roovi.com\/fr\/casse-tete-240-pieces-blanche-neige\/p\/#breadcrumb\",\"itemListElement\":[{\"@type\":\"ListItem\",\"position\":1,\"name\":\"Home\",\"item\":\"https:\/\/business.roovi.com\/fr\/\"},{\"@type\":\"ListItem\",\"position\":2,\"name\":\"Boutique\",\"item\":\"https:\/\/business.roovi.com\/fr\/boutique\/\"},{\"@type\":\"ListItem\",\"position\":3,\"name\":\"Casse-t\u00eate 240 pi\u00e8ces &#8211; Blanche-Neige\"}]},{\"@type\":\"WebSite\",\"@id\":\"https:\/\/business.roovi.com\/fr\/#website\",\"url\":\"https:\/\/business.roovi.com\/fr\/\",\"name\":\"Roovi B2B\",\"description\":\"Roovi Business Website\",\"potentialAction\":[{\"@type\":\"SearchAction\",\"target\":{\"@type\":\"EntryPoint\",\"urlTemplate\":\"https:\/\/business.roovi.com\/fr\/?s={search_term_string}\"},\"query-input\":\"required name=search_term_string\"}],\"inLanguage\":\"fr-FR\"}]}<\/script>\n<!-- \/ Yoast SEO plugin. -->","yoast_head_json":{"title":"Casse-t\u00eate 240 pi\u00e8ces - Blanche-Neige","description":"Casse-t\u00eate 240 pi\u00e8ces - Blanche-Neige","robots":{"index":"index","follow":"follow","max-snippet":"max-snippet:-1","max-image-preview":"max-image-preview:large","max-video-preview":"max-video-preview:-1"},"canonical":"https:\/\/business.roovi.com\/fr\/casse-tete-240-pieces-blanche-neige\/p\/","og_locale":"fr_FR","og_type":"article","og_title":"Casse-t\u00eate 240 pi\u00e8ces - Blanche-Neige","og_description":"Casse-t\u00eate 240 pi\u00e8ces - Blanche-Neige","og_url":"https:\/\/business.roovi.com\/fr\/casse-tete-240-pieces-blanche-neige\/p\/","og_site_name":"Roovi B2B","article_publisher":"https:\/\/www.facebook.com\/wwwjucariero","article_modified_time":"2022-07-13T10:25:05+00:00","og_image":[{"width":1200,"height":1200,"url":"https:\/\/business.roovi.com\/wp-content\/uploads\/2018\/04\/61393_02.jpg","type":"image\/jpeg"}],"schema":{"@context":"https:\/\/schema.org","@graph":[{"@type":"WebPage","@id":"https:\/\/business.roovi.com\/fr\/casse-tete-240-pieces-blanche-neige\/p\/","url":"https:\/\/business.roovi.com\/fr\/casse-tete-240-pieces-blanche-neige\/p\/","name":"Casse-t\u00eate 240 pi\u00e8ces - Blanche-Neige","isPartOf":{"@id":"https:\/\/business.roovi.com\/fr\/#website"},"datePublished":"2018-04-16T10:56:17+00:00","dateModified":"2022-07-13T10:25:05+00:00","description":"Casse-t\u00eate 240 pi\u00e8ces - Blanche-Neige","breadcrumb":{"@id":"https:\/\/business.roovi.com\/fr\/casse-tete-240-pieces-blanche-neige\/p\/#breadcrumb"},"inLanguage":"fr-FR","potentialAction":[{"@type":"ReadAction","target":["https:\/\/business.roovi.com\/fr\/casse-tete-240-pieces-blanche-neige\/p\/"]}]},{"@type":"BreadcrumbList","@id":"https:\/\/business.roovi.com\/fr\/casse-tete-240-pieces-blanche-neige\/p\/#breadcrumb","itemListElement":[{"@type":"ListItem","position":1,"name":"Home","item":"https:\/\/business.roovi.com\/fr\/"},{"@type":"ListItem","position":2,"name":"Boutique","item":"https:\/\/business.roovi.com\/fr\/boutique\/"},{"@type":"ListItem","position":3,"name":"Casse-t\u00eate 240 pi\u00e8ces &#8211; Blanche-Neige"}]},{"@type":"WebSite","@id":"https:\/\/business.roovi.com\/fr\/#website","url":"https:\/\/business.roovi.com\/fr\/","name":"Roovi B2B","description":"Roovi Business Website","potentialAction":[{"@type":"SearchAction","target":{"@type":"EntryPoint","urlTemplate":"https:\/\/business.roovi.com\/fr\/?s={search_term_string}"},"query-input":"required name=search_term_string"}],"inLanguage":"fr-FR"}]}},"_links":{"self":[{"href":"https:\/\/business.roovi.com\/fr\/wp-json\/wp\/v2\/product\/53379","targetHints":{"allow":["GET"]}}],"collection":[{"href":"https:\/\/business.roovi.com\/fr\/wp-json\/wp\/v2\/product"}],"about":[{"href":"https:\/\/business.roovi.com\/fr\/wp-json\/wp\/v2\/types\/product"}],"version-history":[{"count":0,"href":"https:\/\/business.roovi.com\/fr\/wp-json\/wp\/v2\/product\/53379\/revisions"}],"wp:featuredmedia":[{"embeddable":true,"href":"https:\/\/business.roovi.com\/fr\/wp-json\/wp\/v2\/media\/49565"}],"wp:attachment":[{"href":"https:\/\/business.roovi.com\/fr\/wp-json\/wp\/v2\/media?parent=53379"}],"wp:term":[{"taxonomy":"product_brand","embeddable":true,"href":"https:\/\/business.roovi.com\/fr\/wp-json\/wp\/v2\/product_brand?post=53379"},{"taxonomy":"product_cat","embeddable":true,"href":"https:\/\/business.roovi.com\/fr\/wp-json\/wp\/v2\/product_cat?post=53379"},{"taxonomy":"product_tag","embeddable":true,"href":"https:\/\/business.roovi.com\/fr\/wp-json\/wp\/v2\/product_tag?post=53379"}],"curies":[{"name":"wp","href":"https:\/\/api.w.org\/{rel}","templated":true}]}}