{"id":53425,"date":"2018-04-16T10:56:17","date_gmt":"2018-04-16T10:56:17","guid":{"rendered":"https:\/\/business.roovi.com\/puzzle-adulti-1000-piese-francois-boucher-river-landscape-with-an-antique-temple\/p\/"},"modified":"2022-07-13T10:25:20","modified_gmt":"2022-07-13T10:25:20","slug":"puzzle-1000-pieces-adulte-francois-boucher-paysage-de-riviere-avec-un-temple-antique","status":"publish","type":"product","link":"https:\/\/business.roovi.com\/fr\/puzzle-1000-pieces-adulte-francois-boucher-paysage-de-riviere-avec-un-temple-antique\/p\/","title":{"rendered":"Puzzle 1000 pi\u00e8ces adulte Fran\u00e7ois Boucher &#8211; Paysage de rivi\u00e8re avec un temple antique"},"content":{"rendered":"<p><span style=\"font-weight: 400;\">Tu cherches une activit\u00e9 relaxante pour sortir de la monotonie quotidienne ? D\u00e9couvre la collection de puzzles d&rsquo;art, choisis tes puzzles de 1000 pi\u00e8ces avec des images des peintures les plus c\u00e9l\u00e8bres du monde et mets-toi au travail ! Tu te sentiras comme un v\u00e9ritable artiste, et les \u0153uvres finales t&rsquo;\u00e9tonneront et te raviront tout autant !<\/span><\/p>\n<p><span style=\"font-weight: 400;\">La collection de puzzles d&rsquo;art comprend \u00e9galement le puzzle de 1000 pi\u00e8ces <\/span><span style=\"font-weight: 400;\">Fran\u00e7ois Boucher &#8211; Paysage de rivi\u00e8re avec un temple antique, un puzzle pour adultes qui rend la peinture \u00e9ponyme dans des d\u00e9tails exquis. L&rsquo;\u0153uvre d&rsquo;art repr\u00e9sente le style distinctif du peintre et fascine par la complexit\u00e9 et l&rsquo;harmonie des couleurs. Laisse-toi emporter dans le monde de l&rsquo;art en compl\u00e9tant ce merveilleux puzzle de 1000 pi\u00e8ces. Pour se mettre dans l&rsquo;ambiance artistique, il suffit d&rsquo;une table basse sur laquelle travailler minutieusement l&rsquo;\u0153uvre d&rsquo;art. La taille de la peinture r\u00e9sultante est de 50 x 70 cm.<\/span><\/p>\n<p><span style=\"font-weight: 400;\">Lis la suite ci-dessous <\/span><strong>caract\u00e9ristiques<\/strong><span style=\"font-weight: 400;\"> du puzzle de 1000 pi\u00e8ces Fran\u00e7ois Boucher &#8211; Paysage de rivi\u00e8re avec un temple antique<\/span><\/p>\n<p><strong>Mat\u00e9riau du puzzle <\/strong><\/p>\n<p><strong>carton bleu de haute qualit\u00e9<\/strong><\/p>\n<p><strong>des mat\u00e9riaux durables et recyclables<\/strong><\/p>\n<p><strong>finition semi-brillante, couleurs vives<\/strong><\/p>\n<p><strong>Nombre de pi\u00e8ces de puzzle : 1000<\/strong><\/p>\n<p><strong>\u00c2ge recommand\u00e9 : 14+<\/strong><\/p>\n<p><strong>D\u00e9couvre les plus belles peintures de tous les temps gr\u00e2ce au puzzle de 1000 pi\u00e8ces !<\/strong><\/p>\n<p><span style=\"font-weight: 400;\">Que tu sois attir\u00e9 par le monde fascinant des peintures, passionn\u00e9 de puzzles 1000 pi\u00e8ces ou simplement un esprit curieux d\u00e9sireux de relever de nouveaux d\u00e9fis, les puzzles 1000 pi\u00e8ces de la collection de puzzles d&rsquo;art r\u00e9v\u00e8lent un monde magnifique qui m\u00e9rite d&rsquo;\u00eatre explor\u00e9 <\/span><\/p>\n<p><strong>Les puzzles d&rsquo;art t&rsquo;offrent d&rsquo;autres avantages :<\/strong><\/p>\n<p><span style=\"font-weight: 400;\">T&rsquo;aide \u00e0 sortir de la monotonie quotidienne<\/span><\/p>\n<p><span style=\"font-weight: 400;\">D\u00e9tend toi<\/span><\/p>\n<p><span style=\"font-weight: 400;\">Te soulage du stress<\/span><\/p>\n<p><span style=\"font-weight: 400;\">Il entra\u00eene ton imagination<\/span><\/p>\n<p><span style=\"font-weight: 400;\">Am\u00e9liore ton humeur.<\/span><\/p>\n<p><strong>Qui \u00e9tait Fran\u00e7ois Boucher ?<\/strong><\/p>\n<p><span style=\"font-weight: 400;\">Fran\u00e7ois Boucher \u00e9tait le principal repr\u00e9sentant du style rococo en France, il a travaill\u00e9 pour le roi Louis XV et sa ma\u00eetresse Madame Pompadour et a joui d&rsquo;une grande notori\u00e9t\u00e9 de son vivant gr\u00e2ce \u00e0 ce privil\u00e8ge <\/span><\/p>\n<p><span style=\"font-weight: 400;\">Fran\u00e7ois Boucher a re\u00e7u d&rsquo;innombrables commandes au cours de sa vie pour Versailles et d&rsquo;autres r\u00e9sidences royales en France et dans toute l&rsquo;Europe.<\/span><\/p>\n<p><span style=\"font-weight: 400;\">Dans ses tableaux mythologiques au succ\u00e8s immense, l&rsquo;\u00e9nonc\u00e9 all\u00e9gorique passe g\u00e9n\u00e9ralement apr\u00e8s l&rsquo;effet sensuel et \u00e9rotique du corps f\u00e9minin nu.<\/span><\/p>\n<p><span style=\"font-weight: 400;\">Il a fourni des mod\u00e8les pour de nombreux arts d\u00e9coratifs tels que la porcelaine et la tapisserie.<\/span><\/p>\n<p><span style=\"font-weight: 400;\">Son style est tomb\u00e9 en disgr\u00e2ce \u00e0 la fin de sa vie.<\/span><\/p>\n<p><span style=\"font-weight: 400;\">Diderot a s\u00e9v\u00e8rement critiqu\u00e9 son travail, \u00e9crivant de l&rsquo;artiste en 1761 qu&rsquo;il \u00e9tait un homme \u00ab\u00a0capable de tout sauf de la v\u00e9rit\u00e9\u00a0\u00bb (\u00ab\u00a0Cet homme a tout-except\u00e9 la v\u00e9rit\u00e9\u00a0\u00bb).<\/span><\/p>\n<p><strong>Compl\u00e9ter des \u00e9nigmes artistiques et entrer dans un \u00e9tat de m\u00e9ditation profonde<\/strong><\/p>\n<p><span style=\"font-weight: 400;\">L&rsquo;activit\u00e9 consistant \u00e0 assembler un puzzle pour adultes est similaire \u00e0 l&rsquo;\u00e9tat m\u00e9ditatif : l&rsquo;esprit se lib\u00e8re des soucis et des pens\u00e9es et se concentre uniquement sur la recr\u00e9ation de l&rsquo;image. Lorsque tu termines le travail, tu as l&rsquo;esprit clair et un \u00e9tat g\u00e9n\u00e9ral de joie et d&rsquo;optimisme, semblable \u00e0 ce que les s\u00e9ances de m\u00e9ditation te donnent.<\/span><\/p>\n<p><span style=\"font-weight: 400;\">Ach\u00e8te maintenant un puzzle de 1000 pi\u00e8ces <\/span><span style=\"font-weight: 400;\">pi\u00e8ces <\/span><span style=\"font-weight: 400;\">Fran\u00e7ois Boucher &#8211; Paysage de rivi\u00e8re avec un temple antique<\/span><span style=\"font-weight: 400;\"> et cr\u00e9e ton propre objet d\u00e9coratif sp\u00e9cial ! Encadre ton \u0153uvre d&rsquo;art et profite chaque jour d&rsquo;un paysage de conte de f\u00e9es. Ce jeu de puzzle de la collection de puzzles d&rsquo;art convient \u00e0 toutes les occasions, y compris les anniversaires si tu veux surprendre agr\u00e9ablement un \u00eatre cher <\/span><\/p>\n","protected":false},"excerpt":{"rendered":"<p>Tu cherches une activit\u00e9 relaxante pour sortir de la monotonie quotidienne ? D\u00e9couvre la collection de puzzles d&rsquo;art, choisis tes<\/p>\n","protected":false},"featured_media":63295,"template":"","meta":[],"product_brand":[],"product_cat":[2314,2316,2315],"product_tag":[],"class_list":{"0":"post-53425","1":"product","2":"type-product","3":"status-publish","4":"has-post-thumbnail","6":"product_cat-puzzles-fr","7":"product_cat-puzzles-de-1000-pieces","8":"product_cat-puzzles-pour-adultes","10":"first","11":"instock","12":"taxable","13":"shipping-taxable","14":"product-type-simple"},"yoast_head":"<!-- This site is optimized with the Yoast SEO plugin v20.1 - https:\/\/yoast.com\/wordpress\/plugins\/seo\/ -->\n<title>Puzzle 1000 pi\u00e8ces adulte Fran\u00e7ois Boucher - Paysage de rivi\u00e8re avec un temple antique<\/title>\n<meta name=\"description\" content=\"Puzzle 1000 pi\u00e8ces adulte Fran\u00e7ois Boucher - Paysage de rivi\u00e8re avec un temple antique\" \/>\n<meta name=\"robots\" content=\"index, follow, max-snippet:-1, max-image-preview:large, max-video-preview:-1\" \/>\n<link rel=\"canonical\" href=\"https:\/\/business.roovi.com\/fr\/puzzle-1000-pieces-adulte-francois-boucher-paysage-de-riviere-avec-un-temple-antique\/p\/\" \/>\n<meta property=\"og:locale\" content=\"fr_FR\" \/>\n<meta property=\"og:type\" content=\"article\" \/>\n<meta property=\"og:title\" content=\"Puzzle 1000 pi\u00e8ces adulte Fran\u00e7ois Boucher - Paysage de rivi\u00e8re avec un temple antique\" \/>\n<meta property=\"og:description\" content=\"Puzzle 1000 pi\u00e8ces adulte Fran\u00e7ois Boucher - Paysage de rivi\u00e8re avec un temple antique\" \/>\n<meta property=\"og:url\" content=\"https:\/\/business.roovi.com\/fr\/puzzle-1000-pieces-adulte-francois-boucher-paysage-de-riviere-avec-un-temple-antique\/p\/\" \/>\n<meta property=\"og:site_name\" content=\"Roovi B2B\" \/>\n<meta property=\"article:publisher\" content=\"https:\/\/www.facebook.com\/wwwjucariero\" \/>\n<meta property=\"article:modified_time\" content=\"2022-07-13T10:25:20+00:00\" \/>\n<meta property=\"og:image\" content=\"https:\/\/business.roovi.com\/wp-content\/uploads\/2018\/04\/72696-02_ansamblu_dimensiuni_cutie_cm.png\" \/>\n\t<meta property=\"og:image:width\" content=\"1200\" \/>\n\t<meta property=\"og:image:height\" content=\"1200\" \/>\n\t<meta property=\"og:image:type\" content=\"image\/png\" \/>\n<meta name=\"twitter:label1\" content=\"Dur\u00e9e de lecture estim\u00e9e\" \/>\n\t<meta name=\"twitter:data1\" content=\"3 minutes\" \/>\n<script type=\"application\/ld+json\" class=\"yoast-schema-graph\">{\"@context\":\"https:\/\/schema.org\",\"@graph\":[{\"@type\":\"WebPage\",\"@id\":\"https:\/\/business.roovi.com\/fr\/puzzle-1000-pieces-adulte-francois-boucher-paysage-de-riviere-avec-un-temple-antique\/p\/\",\"url\":\"https:\/\/business.roovi.com\/fr\/puzzle-1000-pieces-adulte-francois-boucher-paysage-de-riviere-avec-un-temple-antique\/p\/\",\"name\":\"Puzzle 1000 pi\u00e8ces adulte Fran\u00e7ois Boucher - Paysage de rivi\u00e8re avec un temple antique\",\"isPartOf\":{\"@id\":\"https:\/\/business.roovi.com\/fr\/#website\"},\"datePublished\":\"2018-04-16T10:56:17+00:00\",\"dateModified\":\"2022-07-13T10:25:20+00:00\",\"description\":\"Puzzle 1000 pi\u00e8ces adulte Fran\u00e7ois Boucher - Paysage de rivi\u00e8re avec un temple antique\",\"breadcrumb\":{\"@id\":\"https:\/\/business.roovi.com\/fr\/puzzle-1000-pieces-adulte-francois-boucher-paysage-de-riviere-avec-un-temple-antique\/p\/#breadcrumb\"},\"inLanguage\":\"fr-FR\",\"potentialAction\":[{\"@type\":\"ReadAction\",\"target\":[\"https:\/\/business.roovi.com\/fr\/puzzle-1000-pieces-adulte-francois-boucher-paysage-de-riviere-avec-un-temple-antique\/p\/\"]}]},{\"@type\":\"BreadcrumbList\",\"@id\":\"https:\/\/business.roovi.com\/fr\/puzzle-1000-pieces-adulte-francois-boucher-paysage-de-riviere-avec-un-temple-antique\/p\/#breadcrumb\",\"itemListElement\":[{\"@type\":\"ListItem\",\"position\":1,\"name\":\"Home\",\"item\":\"https:\/\/business.roovi.com\/fr\/\"},{\"@type\":\"ListItem\",\"position\":2,\"name\":\"Boutique\",\"item\":\"https:\/\/business.roovi.com\/fr\/boutique\/\"},{\"@type\":\"ListItem\",\"position\":3,\"name\":\"Puzzle 1000 pi\u00e8ces adulte Fran\u00e7ois Boucher &#8211; Paysage de rivi\u00e8re avec un temple antique\"}]},{\"@type\":\"WebSite\",\"@id\":\"https:\/\/business.roovi.com\/fr\/#website\",\"url\":\"https:\/\/business.roovi.com\/fr\/\",\"name\":\"Roovi B2B\",\"description\":\"Roovi Business Website\",\"potentialAction\":[{\"@type\":\"SearchAction\",\"target\":{\"@type\":\"EntryPoint\",\"urlTemplate\":\"https:\/\/business.roovi.com\/fr\/?s={search_term_string}\"},\"query-input\":\"required name=search_term_string\"}],\"inLanguage\":\"fr-FR\"}]}<\/script>\n<!-- \/ Yoast SEO plugin. -->","yoast_head_json":{"title":"Puzzle 1000 pi\u00e8ces adulte Fran\u00e7ois Boucher - Paysage de rivi\u00e8re avec un temple antique","description":"Puzzle 1000 pi\u00e8ces adulte Fran\u00e7ois Boucher - Paysage de rivi\u00e8re avec un temple antique","robots":{"index":"index","follow":"follow","max-snippet":"max-snippet:-1","max-image-preview":"max-image-preview:large","max-video-preview":"max-video-preview:-1"},"canonical":"https:\/\/business.roovi.com\/fr\/puzzle-1000-pieces-adulte-francois-boucher-paysage-de-riviere-avec-un-temple-antique\/p\/","og_locale":"fr_FR","og_type":"article","og_title":"Puzzle 1000 pi\u00e8ces adulte Fran\u00e7ois Boucher - Paysage de rivi\u00e8re avec un temple antique","og_description":"Puzzle 1000 pi\u00e8ces adulte Fran\u00e7ois Boucher - Paysage de rivi\u00e8re avec un temple antique","og_url":"https:\/\/business.roovi.com\/fr\/puzzle-1000-pieces-adulte-francois-boucher-paysage-de-riviere-avec-un-temple-antique\/p\/","og_site_name":"Roovi B2B","article_publisher":"https:\/\/www.facebook.com\/wwwjucariero","article_modified_time":"2022-07-13T10:25:20+00:00","og_image":[{"width":1200,"height":1200,"url":"https:\/\/business.roovi.com\/wp-content\/uploads\/2018\/04\/72696-02_ansamblu_dimensiuni_cutie_cm.png","type":"image\/png"}],"twitter_misc":{"Dur\u00e9e de lecture estim\u00e9e":"3 minutes"},"schema":{"@context":"https:\/\/schema.org","@graph":[{"@type":"WebPage","@id":"https:\/\/business.roovi.com\/fr\/puzzle-1000-pieces-adulte-francois-boucher-paysage-de-riviere-avec-un-temple-antique\/p\/","url":"https:\/\/business.roovi.com\/fr\/puzzle-1000-pieces-adulte-francois-boucher-paysage-de-riviere-avec-un-temple-antique\/p\/","name":"Puzzle 1000 pi\u00e8ces adulte Fran\u00e7ois Boucher - Paysage de rivi\u00e8re avec un temple antique","isPartOf":{"@id":"https:\/\/business.roovi.com\/fr\/#website"},"datePublished":"2018-04-16T10:56:17+00:00","dateModified":"2022-07-13T10:25:20+00:00","description":"Puzzle 1000 pi\u00e8ces adulte Fran\u00e7ois Boucher - Paysage de rivi\u00e8re avec un temple antique","breadcrumb":{"@id":"https:\/\/business.roovi.com\/fr\/puzzle-1000-pieces-adulte-francois-boucher-paysage-de-riviere-avec-un-temple-antique\/p\/#breadcrumb"},"inLanguage":"fr-FR","potentialAction":[{"@type":"ReadAction","target":["https:\/\/business.roovi.com\/fr\/puzzle-1000-pieces-adulte-francois-boucher-paysage-de-riviere-avec-un-temple-antique\/p\/"]}]},{"@type":"BreadcrumbList","@id":"https:\/\/business.roovi.com\/fr\/puzzle-1000-pieces-adulte-francois-boucher-paysage-de-riviere-avec-un-temple-antique\/p\/#breadcrumb","itemListElement":[{"@type":"ListItem","position":1,"name":"Home","item":"https:\/\/business.roovi.com\/fr\/"},{"@type":"ListItem","position":2,"name":"Boutique","item":"https:\/\/business.roovi.com\/fr\/boutique\/"},{"@type":"ListItem","position":3,"name":"Puzzle 1000 pi\u00e8ces adulte Fran\u00e7ois Boucher &#8211; Paysage de rivi\u00e8re avec un temple antique"}]},{"@type":"WebSite","@id":"https:\/\/business.roovi.com\/fr\/#website","url":"https:\/\/business.roovi.com\/fr\/","name":"Roovi B2B","description":"Roovi Business Website","potentialAction":[{"@type":"SearchAction","target":{"@type":"EntryPoint","urlTemplate":"https:\/\/business.roovi.com\/fr\/?s={search_term_string}"},"query-input":"required name=search_term_string"}],"inLanguage":"fr-FR"}]}},"_links":{"self":[{"href":"https:\/\/business.roovi.com\/fr\/wp-json\/wp\/v2\/product\/53425","targetHints":{"allow":["GET"]}}],"collection":[{"href":"https:\/\/business.roovi.com\/fr\/wp-json\/wp\/v2\/product"}],"about":[{"href":"https:\/\/business.roovi.com\/fr\/wp-json\/wp\/v2\/types\/product"}],"version-history":[{"count":0,"href":"https:\/\/business.roovi.com\/fr\/wp-json\/wp\/v2\/product\/53425\/revisions"}],"wp:featuredmedia":[{"embeddable":true,"href":"https:\/\/business.roovi.com\/fr\/wp-json\/wp\/v2\/media\/63295"}],"wp:attachment":[{"href":"https:\/\/business.roovi.com\/fr\/wp-json\/wp\/v2\/media?parent=53425"}],"wp:term":[{"taxonomy":"product_brand","embeddable":true,"href":"https:\/\/business.roovi.com\/fr\/wp-json\/wp\/v2\/product_brand?post=53425"},{"taxonomy":"product_cat","embeddable":true,"href":"https:\/\/business.roovi.com\/fr\/wp-json\/wp\/v2\/product_cat?post=53425"},{"taxonomy":"product_tag","embeddable":true,"href":"https:\/\/business.roovi.com\/fr\/wp-json\/wp\/v2\/product_tag?post=53425"}],"curies":[{"name":"wp","href":"https:\/\/api.w.org\/{rel}","templated":true}]}}