{"id":53427,"date":"2018-04-16T10:56:17","date_gmt":"2018-04-16T10:56:17","guid":{"rendered":"https:\/\/business.roovi.com\/1000-pieces-adult-puzzle-famous-places-prague-astronomical-clock\/p\/"},"modified":"2022-07-13T10:25:20","modified_gmt":"2022-07-13T10:25:20","slug":"puzzle-adulte-1000-pieces-lieux-celebres-horloge-astronomique-de-prague","status":"publish","type":"product","link":"https:\/\/business.roovi.com\/fr\/puzzle-adulte-1000-pieces-lieux-celebres-horloge-astronomique-de-prague\/p\/","title":{"rendered":"Puzzle adulte 1000 pi\u00e8ces Lieux c\u00e9l\u00e8bres &#8211; Horloge astronomique de Prague"},"content":{"rendered":"<p><strong><em>Tu veux un d\u00e9fi vraiment cool ? Choisis des puzzles de 1000 pi\u00e8ces dans la collection de puzzles pour adultes Famous Places et cr\u00e9e ta propre s\u00e9rie unique d&rsquo;images artistiques de sites c\u00e9l\u00e8bres du monde entier.<\/em><\/strong><\/p>\n<p><span style=\"font-weight: 400;\">Avec le puzzle de l&rsquo;horloge astronomique de 1000 Prague, on a l&rsquo;impression que le temps s&rsquo;arr\u00eate. Du moins tant que tu auras termin\u00e9 le puzzle de 1000 pi\u00e8ces repr\u00e9sentant l&rsquo;attraction touristique embl\u00e9matique.<\/span><\/p>\n<p><span style=\"font-weight: 400;\">Situ\u00e9e dans le vieux centre de Prague, sur la fa\u00e7ade sud de l&rsquo;h\u00f4tel de ville, l&rsquo;horloge astronomique de la capitale tch\u00e8que est la troisi\u00e8me plus ancienne horloge astronomique m\u00e9di\u00e9vale du monde. Elle est mentionn\u00e9e dans des documents historiques depuis 1410 <\/span><\/p>\n<p><span style=\"font-weight: 400;\">Ce chef-d&rsquo;\u0153uvre complexe du 15e si\u00e8cle affiche l&rsquo;heure, la date, ainsi que des informations astronomiques et zodiacales. Son m\u00e9canisme comporte donc trois \u00e9l\u00e9ments principaux : le cadran astronomique, qui indique la position du soleil et de la lune, les statues de divers saints catholiques et un cadran de calendrier indiquant les mois de l&rsquo;ann\u00e9e.<\/span><\/p>\n<p><span style=\"font-weight: 400;\">Le puzzle adulte de l&rsquo;horloge astronomique de Prague te donne l&rsquo;occasion de devenir un artisan m\u00e9di\u00e9val accompli et de cr\u00e9er un bijou artistique \u00e0 partir de 1000 pi\u00e8ces. \u00c0 la fin, tu pourras admirer un chef-d&rsquo;\u0153uvre iconique de la capitale europ\u00e9enne pendant longtemps.<\/span><\/p>\n<p><strong>Pourquoi choisir le puzzle 1000 pi\u00e8ces Lieux c\u00e9l\u00e8bres &#8211; Horloge astronomique de Prague ?<\/strong><\/p>\n<p><span style=\"font-weight: 400;\">C&rsquo;est une fa\u00e7on relaxante de d\u00e9couvrir l&rsquo;un des sites les plus sp\u00e9ciaux de Prague.<\/span><\/p>\n<p><span style=\"font-weight: 400;\">Tu cr\u00e9es de tes propres mains une image fascinante de 68 x 47 cm avec laquelle tu peux d\u00e9corer ta maison.<\/span><\/p>\n<p><span style=\"font-weight: 400;\">Chaque puzzle de 1000 pi\u00e8ces est fabriqu\u00e9 en carton de haute qualit\u00e9, ce qui rend les pi\u00e8ces durables m\u00eame apr\u00e8s plusieurs utilisations.<\/span><\/p>\n<p><span style=\"font-weight: 400;\">Il est respectueux de la nature, fabriqu\u00e9 \u00e0 partir de mat\u00e9riaux durables et recyclables.<\/span><\/p>\n<p><span style=\"font-weight: 400;\">Il a une finition semi-brillante et des couleurs agr\u00e9ables qui font ressortir la clart\u00e9 de l&rsquo;image.<\/span><\/p>\n<p><span style=\"font-weight: 400;\">Il convient aux personnes de plus de 14 ans, tu peux donc d\u00e9fier la cr\u00e9ativit\u00e9 des adolescents avec un super jeu de puzzle.<\/span><\/p>\n<p><span style=\"font-weight: 400;\">Ce jeu de puzzle met ton intellect au d\u00e9fi et constitue un excellent entra\u00eenement mental <\/span><\/p>\n<p><span style=\"font-weight: 400;\">Il t&rsquo;aide \u00e0 maintenir ta coordination et ta capacit\u00e9 \u00e0 te concentrer pendant longtemps <\/span><\/p>\n<p><span style=\"font-weight: 400;\">Cela aide \u00e0 am\u00e9liorer ton humeur et te donne la satisfaction d&rsquo;atteindre un objectif sp\u00e9cifique.<\/span><\/p>\n<p><strong>Tu savais que&#8230; ?<\/strong><\/p>\n<p><span style=\"font-weight: 400;\">On dit que si cette horloge cesse de fonctionner, toute la ville sera frapp\u00e9e par la malchance.<\/span><\/p>\n<p><span style=\"font-weight: 400;\">Une autre l\u00e9gende raconte que l&rsquo;artisan qui a fabriqu\u00e9 ce m\u00e9canisme complexe s&rsquo;est fait crever les yeux pour ne pas en cr\u00e9er un autre semblable.<\/span><\/p>\n<p><span style=\"font-weight: 400;\">Les quatre figures all\u00e9goriques de la partie sup\u00e9rieure ont une signification particuli\u00e8re et repr\u00e9sentent la vanit\u00e9, la cupidit\u00e9, l&rsquo;envie et la mort.<\/span><\/p>\n<p><span style=\"font-weight: 400;\">Les ap\u00f4tres n&rsquo;\u00e9taient pas l\u00e0 d\u00e8s le d\u00e9but, ils ont \u00e9t\u00e9 ajout\u00e9s quelque temps entre 1787 et 1791.<\/span><\/p>\n<p><strong>Puzzle de 1000 pi\u00e8ces Horloge astronomique de Prague &#8211; une fa\u00e7on unique d&rsquo;explorer<\/strong><\/p>\n<p><span style=\"font-weight: 400;\">R\u00e9imaginer une c\u00e9l\u00e8bre attraction touristique \u00e0 partir d&rsquo;un puzzle de 1000 pi\u00e8ces est un moyen d&rsquo;exploration unique. C&rsquo;est ton moment de d\u00e9tente compl\u00e8te et de relaxation apr\u00e8s de nombreuses heures de travail et de stress. De plus, cela peut aussi \u00eatre l&rsquo;occasion de se reconnecter avec ses proches <\/span><\/p>\n<p><span style=\"font-weight: 400;\">Assemble cet \u00e9tonnant jeu de puzzle avec tes enfants et passe de nombreuses heures de plaisir et de d\u00e9tente. Demande \u00e0 tes ados de jouer le r\u00f4le de v\u00e9ritables d\u00e9tectives \u00e0 la recherche d&rsquo;indices pour percer le myst\u00e8re s\u00e9culaire cach\u00e9 par l&rsquo;horloge astronomique. Pr\u00e9sentez-leur des informations sur l&rsquo;installation de l&rsquo;horloge, ainsi que les l\u00e9gendes qui tournent autour d&rsquo;elle, et apprenez de nouvelles choses ensemble.<\/span><\/p>\n<p><span style=\"font-weight: 400;\">Le puzzle 1000 pi\u00e8ces de l&rsquo;horloge astronomique de Prague est le jeu de puzzle dont tu ne veux pas te passer dans ta maison. D\u00e8s que tu as un peu de temps libre, saisis l&rsquo;occasion d&rsquo;entra\u00eener ton esprit et de t&rsquo;amuser en le mettant ensemble. De plus, si tu cherches \u00e0 offrir un cadeau sp\u00e9cial, le puzzle de 1000 pi\u00e8ces de l&rsquo;horloge astronomique de Prague est un choix s\u00fbr.<\/span><\/p>\n","protected":false},"excerpt":{"rendered":"<p>Tu veux un d\u00e9fi vraiment cool ? Choisis des puzzles de 1000 pi\u00e8ces dans la collection de puzzles pour adultes<\/p>\n","protected":false},"featured_media":46957,"template":"","meta":[],"product_brand":[],"product_cat":[2314,2316,2315],"product_tag":[],"class_list":{"0":"post-53427","1":"product","2":"type-product","3":"status-publish","4":"has-post-thumbnail","6":"product_cat-puzzles-fr","7":"product_cat-puzzles-de-1000-pieces","8":"product_cat-puzzles-pour-adultes","10":"first","11":"instock","12":"taxable","13":"shipping-taxable","14":"product-type-simple"},"yoast_head":"<!-- This site is optimized with the Yoast SEO plugin v20.1 - https:\/\/yoast.com\/wordpress\/plugins\/seo\/ -->\n<title>Puzzle adulte 1000 pi\u00e8ces Lieux c\u00e9l\u00e8bres - Horloge astronomique de Prague<\/title>\n<meta name=\"description\" content=\"Puzzle adulte 1000 pi\u00e8ces Lieux c\u00e9l\u00e8bres - Horloge astronomique de Prague\" \/>\n<meta name=\"robots\" content=\"index, follow, max-snippet:-1, max-image-preview:large, max-video-preview:-1\" \/>\n<link rel=\"canonical\" href=\"https:\/\/business.roovi.com\/fr\/puzzle-adulte-1000-pieces-lieux-celebres-horloge-astronomique-de-prague\/p\/\" \/>\n<meta property=\"og:locale\" content=\"fr_FR\" \/>\n<meta property=\"og:type\" content=\"article\" \/>\n<meta property=\"og:title\" content=\"Puzzle adulte 1000 pi\u00e8ces Lieux c\u00e9l\u00e8bres - Horloge astronomique de Prague\" \/>\n<meta property=\"og:description\" content=\"Puzzle adulte 1000 pi\u00e8ces Lieux c\u00e9l\u00e8bres - Horloge astronomique de Prague\" \/>\n<meta property=\"og:url\" content=\"https:\/\/business.roovi.com\/fr\/puzzle-adulte-1000-pieces-lieux-celebres-horloge-astronomique-de-prague\/p\/\" \/>\n<meta property=\"og:site_name\" content=\"Roovi B2B\" \/>\n<meta property=\"article:publisher\" content=\"https:\/\/www.facebook.com\/wwwjucariero\" \/>\n<meta property=\"article:modified_time\" content=\"2022-07-13T10:25:20+00:00\" \/>\n<meta property=\"og:image\" content=\"https:\/\/business.roovi.com\/wp-content\/uploads\/2018\/04\/1200x1200_72_dpi.png\" \/>\n\t<meta property=\"og:image:width\" content=\"1200\" \/>\n\t<meta property=\"og:image:height\" content=\"1200\" \/>\n\t<meta property=\"og:image:type\" content=\"image\/png\" \/>\n<meta name=\"twitter:label1\" content=\"Dur\u00e9e de lecture estim\u00e9e\" \/>\n\t<meta name=\"twitter:data1\" content=\"3 minutes\" \/>\n<script type=\"application\/ld+json\" class=\"yoast-schema-graph\">{\"@context\":\"https:\/\/schema.org\",\"@graph\":[{\"@type\":\"WebPage\",\"@id\":\"https:\/\/business.roovi.com\/fr\/puzzle-adulte-1000-pieces-lieux-celebres-horloge-astronomique-de-prague\/p\/\",\"url\":\"https:\/\/business.roovi.com\/fr\/puzzle-adulte-1000-pieces-lieux-celebres-horloge-astronomique-de-prague\/p\/\",\"name\":\"Puzzle adulte 1000 pi\u00e8ces Lieux c\u00e9l\u00e8bres - Horloge astronomique de Prague\",\"isPartOf\":{\"@id\":\"https:\/\/business.roovi.com\/fr\/#website\"},\"datePublished\":\"2018-04-16T10:56:17+00:00\",\"dateModified\":\"2022-07-13T10:25:20+00:00\",\"description\":\"Puzzle adulte 1000 pi\u00e8ces Lieux c\u00e9l\u00e8bres - Horloge astronomique de Prague\",\"breadcrumb\":{\"@id\":\"https:\/\/business.roovi.com\/fr\/puzzle-adulte-1000-pieces-lieux-celebres-horloge-astronomique-de-prague\/p\/#breadcrumb\"},\"inLanguage\":\"fr-FR\",\"potentialAction\":[{\"@type\":\"ReadAction\",\"target\":[\"https:\/\/business.roovi.com\/fr\/puzzle-adulte-1000-pieces-lieux-celebres-horloge-astronomique-de-prague\/p\/\"]}]},{\"@type\":\"BreadcrumbList\",\"@id\":\"https:\/\/business.roovi.com\/fr\/puzzle-adulte-1000-pieces-lieux-celebres-horloge-astronomique-de-prague\/p\/#breadcrumb\",\"itemListElement\":[{\"@type\":\"ListItem\",\"position\":1,\"name\":\"Home\",\"item\":\"https:\/\/business.roovi.com\/fr\/\"},{\"@type\":\"ListItem\",\"position\":2,\"name\":\"Boutique\",\"item\":\"https:\/\/business.roovi.com\/fr\/boutique\/\"},{\"@type\":\"ListItem\",\"position\":3,\"name\":\"Puzzle adulte 1000 pi\u00e8ces Lieux c\u00e9l\u00e8bres &#8211; Horloge astronomique de Prague\"}]},{\"@type\":\"WebSite\",\"@id\":\"https:\/\/business.roovi.com\/fr\/#website\",\"url\":\"https:\/\/business.roovi.com\/fr\/\",\"name\":\"Roovi B2B\",\"description\":\"Roovi Business Website\",\"potentialAction\":[{\"@type\":\"SearchAction\",\"target\":{\"@type\":\"EntryPoint\",\"urlTemplate\":\"https:\/\/business.roovi.com\/fr\/?s={search_term_string}\"},\"query-input\":\"required name=search_term_string\"}],\"inLanguage\":\"fr-FR\"}]}<\/script>\n<!-- \/ Yoast SEO plugin. -->","yoast_head_json":{"title":"Puzzle adulte 1000 pi\u00e8ces Lieux c\u00e9l\u00e8bres - Horloge astronomique de Prague","description":"Puzzle adulte 1000 pi\u00e8ces Lieux c\u00e9l\u00e8bres - Horloge astronomique de Prague","robots":{"index":"index","follow":"follow","max-snippet":"max-snippet:-1","max-image-preview":"max-image-preview:large","max-video-preview":"max-video-preview:-1"},"canonical":"https:\/\/business.roovi.com\/fr\/puzzle-adulte-1000-pieces-lieux-celebres-horloge-astronomique-de-prague\/p\/","og_locale":"fr_FR","og_type":"article","og_title":"Puzzle adulte 1000 pi\u00e8ces Lieux c\u00e9l\u00e8bres - Horloge astronomique de Prague","og_description":"Puzzle adulte 1000 pi\u00e8ces Lieux c\u00e9l\u00e8bres - Horloge astronomique de Prague","og_url":"https:\/\/business.roovi.com\/fr\/puzzle-adulte-1000-pieces-lieux-celebres-horloge-astronomique-de-prague\/p\/","og_site_name":"Roovi B2B","article_publisher":"https:\/\/www.facebook.com\/wwwjucariero","article_modified_time":"2022-07-13T10:25:20+00:00","og_image":[{"width":1200,"height":1200,"url":"https:\/\/business.roovi.com\/wp-content\/uploads\/2018\/04\/1200x1200_72_dpi.png","type":"image\/png"}],"twitter_misc":{"Dur\u00e9e de lecture estim\u00e9e":"3 minutes"},"schema":{"@context":"https:\/\/schema.org","@graph":[{"@type":"WebPage","@id":"https:\/\/business.roovi.com\/fr\/puzzle-adulte-1000-pieces-lieux-celebres-horloge-astronomique-de-prague\/p\/","url":"https:\/\/business.roovi.com\/fr\/puzzle-adulte-1000-pieces-lieux-celebres-horloge-astronomique-de-prague\/p\/","name":"Puzzle adulte 1000 pi\u00e8ces Lieux c\u00e9l\u00e8bres - Horloge astronomique de Prague","isPartOf":{"@id":"https:\/\/business.roovi.com\/fr\/#website"},"datePublished":"2018-04-16T10:56:17+00:00","dateModified":"2022-07-13T10:25:20+00:00","description":"Puzzle adulte 1000 pi\u00e8ces Lieux c\u00e9l\u00e8bres - Horloge astronomique de Prague","breadcrumb":{"@id":"https:\/\/business.roovi.com\/fr\/puzzle-adulte-1000-pieces-lieux-celebres-horloge-astronomique-de-prague\/p\/#breadcrumb"},"inLanguage":"fr-FR","potentialAction":[{"@type":"ReadAction","target":["https:\/\/business.roovi.com\/fr\/puzzle-adulte-1000-pieces-lieux-celebres-horloge-astronomique-de-prague\/p\/"]}]},{"@type":"BreadcrumbList","@id":"https:\/\/business.roovi.com\/fr\/puzzle-adulte-1000-pieces-lieux-celebres-horloge-astronomique-de-prague\/p\/#breadcrumb","itemListElement":[{"@type":"ListItem","position":1,"name":"Home","item":"https:\/\/business.roovi.com\/fr\/"},{"@type":"ListItem","position":2,"name":"Boutique","item":"https:\/\/business.roovi.com\/fr\/boutique\/"},{"@type":"ListItem","position":3,"name":"Puzzle adulte 1000 pi\u00e8ces Lieux c\u00e9l\u00e8bres &#8211; Horloge astronomique de Prague"}]},{"@type":"WebSite","@id":"https:\/\/business.roovi.com\/fr\/#website","url":"https:\/\/business.roovi.com\/fr\/","name":"Roovi B2B","description":"Roovi Business Website","potentialAction":[{"@type":"SearchAction","target":{"@type":"EntryPoint","urlTemplate":"https:\/\/business.roovi.com\/fr\/?s={search_term_string}"},"query-input":"required name=search_term_string"}],"inLanguage":"fr-FR"}]}},"_links":{"self":[{"href":"https:\/\/business.roovi.com\/fr\/wp-json\/wp\/v2\/product\/53427","targetHints":{"allow":["GET"]}}],"collection":[{"href":"https:\/\/business.roovi.com\/fr\/wp-json\/wp\/v2\/product"}],"about":[{"href":"https:\/\/business.roovi.com\/fr\/wp-json\/wp\/v2\/types\/product"}],"version-history":[{"count":0,"href":"https:\/\/business.roovi.com\/fr\/wp-json\/wp\/v2\/product\/53427\/revisions"}],"wp:featuredmedia":[{"embeddable":true,"href":"https:\/\/business.roovi.com\/fr\/wp-json\/wp\/v2\/media\/46957"}],"wp:attachment":[{"href":"https:\/\/business.roovi.com\/fr\/wp-json\/wp\/v2\/media?parent=53427"}],"wp:term":[{"taxonomy":"product_brand","embeddable":true,"href":"https:\/\/business.roovi.com\/fr\/wp-json\/wp\/v2\/product_brand?post=53427"},{"taxonomy":"product_cat","embeddable":true,"href":"https:\/\/business.roovi.com\/fr\/wp-json\/wp\/v2\/product_cat?post=53427"},{"taxonomy":"product_tag","embeddable":true,"href":"https:\/\/business.roovi.com\/fr\/wp-json\/wp\/v2\/product_tag?post=53427"}],"curies":[{"name":"wp","href":"https:\/\/api.w.org\/{rel}","templated":true}]}}