{"id":53480,"date":"2018-04-16T10:56:04","date_gmt":"2018-04-16T10:56:04","guid":{"rendered":"https:\/\/business.roovi.com\/joc-creativ-set-de-tricotat-forme-de-fructe\/p\/"},"modified":"2022-07-13T10:43:32","modified_gmt":"2022-07-13T10:43:32","slug":"set-de-tricotage-en-forme-de-fruit-set-creatif","status":"publish","type":"product","link":"https:\/\/business.roovi.com\/fr\/set-de-tricotage-en-forme-de-fruit-set-creatif\/p\/","title":{"rendered":"Set de tricotage en forme de fruit &#8211; Set cr\u00e9atif"},"content":{"rendered":"<p>Le set de tricotage de fruits apprend aux enfants \u00e0 fabriquer des articles faits main pratiques et utiles, en d\u00e9veloppant leurs comp\u00e9tences manuelles et leur sens du coloriage. Les petits ont la possibilit\u00e9 de faire leurs propres cr\u00e9ations tout en s&rsquo;amusant et en d\u00e9veloppant leurs comp\u00e9tences artisanales. Tricoter n&rsquo;a jamais \u00e9t\u00e9 aussi facile !<\/p>\n","protected":false},"excerpt":{"rendered":"<p>Le set de tricotage de fruits apprend aux enfants \u00e0 fabriquer des articles faits main pratiques et utiles, en d\u00e9veloppant<\/p>\n","protected":false},"featured_media":44829,"template":"","meta":[],"product_brand":[],"product_cat":[2321,2449],"product_tag":[],"class_list":{"0":"post-53480","1":"product","2":"type-product","3":"status-publish","4":"has-post-thumbnail","6":"product_cat-jeux-creatifs","7":"product_cat-tissage-couture","8":"pa_bax-48-fr","9":"pa_brand-d_toys-fr","10":"pa_country_of_manufacture-ro-fr","11":"pa_filter_age-14-fr","12":"pa_filter_age-5_7-fr","13":"pa_filter_age-7_9-fr","14":"pa_filter_age-9_14-fr","15":"pa_tip_ambalaj-boite","17":"first","18":"instock","19":"taxable","20":"shipping-taxable","21":"product-type-simple"},"yoast_head":"<!-- This site is optimized with the Yoast SEO plugin v20.1 - https:\/\/yoast.com\/wordpress\/plugins\/seo\/ -->\n<title>Set de tricotage en forme de fruit - Set cr\u00e9atif<\/title>\n<meta name=\"description\" content=\"Set de tricotage en forme de fruit - Set cr\u00e9atif\" \/>\n<meta name=\"robots\" content=\"index, follow, max-snippet:-1, max-image-preview:large, max-video-preview:-1\" \/>\n<link rel=\"canonical\" href=\"https:\/\/business.roovi.com\/fr\/set-de-tricotage-en-forme-de-fruit-set-creatif\/p\/\" \/>\n<meta property=\"og:locale\" content=\"fr_FR\" \/>\n<meta property=\"og:type\" content=\"article\" \/>\n<meta property=\"og:title\" content=\"Set de tricotage en forme de fruit - Set cr\u00e9atif\" \/>\n<meta property=\"og:description\" content=\"Set de tricotage en forme de fruit - Set cr\u00e9atif\" \/>\n<meta property=\"og:url\" content=\"https:\/\/business.roovi.com\/fr\/set-de-tricotage-en-forme-de-fruit-set-creatif\/p\/\" \/>\n<meta property=\"og:site_name\" content=\"Roovi B2B\" \/>\n<meta property=\"article:publisher\" content=\"https:\/\/www.facebook.com\/wwwjucariero\" \/>\n<meta property=\"article:modified_time\" content=\"2022-07-13T10:43:32+00:00\" \/>\n<meta property=\"og:image\" content=\"https:\/\/business.roovi.com\/wp-content\/uploads\/2018\/04\/66565_sa_tricotam_fructe_elo.jpg\" \/>\n\t<meta property=\"og:image:width\" content=\"1200\" \/>\n\t<meta property=\"og:image:height\" content=\"1200\" \/>\n\t<meta property=\"og:image:type\" content=\"image\/jpeg\" \/>\n<script type=\"application\/ld+json\" class=\"yoast-schema-graph\">{\"@context\":\"https:\/\/schema.org\",\"@graph\":[{\"@type\":\"WebPage\",\"@id\":\"https:\/\/business.roovi.com\/fr\/set-de-tricotage-en-forme-de-fruit-set-creatif\/p\/\",\"url\":\"https:\/\/business.roovi.com\/fr\/set-de-tricotage-en-forme-de-fruit-set-creatif\/p\/\",\"name\":\"Set de tricotage en forme de fruit - Set cr\u00e9atif\",\"isPartOf\":{\"@id\":\"https:\/\/business.roovi.com\/fr\/#website\"},\"datePublished\":\"2018-04-16T10:56:04+00:00\",\"dateModified\":\"2022-07-13T10:43:32+00:00\",\"description\":\"Set de tricotage en forme de fruit - Set cr\u00e9atif\",\"breadcrumb\":{\"@id\":\"https:\/\/business.roovi.com\/fr\/set-de-tricotage-en-forme-de-fruit-set-creatif\/p\/#breadcrumb\"},\"inLanguage\":\"fr-FR\",\"potentialAction\":[{\"@type\":\"ReadAction\",\"target\":[\"https:\/\/business.roovi.com\/fr\/set-de-tricotage-en-forme-de-fruit-set-creatif\/p\/\"]}]},{\"@type\":\"BreadcrumbList\",\"@id\":\"https:\/\/business.roovi.com\/fr\/set-de-tricotage-en-forme-de-fruit-set-creatif\/p\/#breadcrumb\",\"itemListElement\":[{\"@type\":\"ListItem\",\"position\":1,\"name\":\"Home\",\"item\":\"https:\/\/business.roovi.com\/fr\/\"},{\"@type\":\"ListItem\",\"position\":2,\"name\":\"Boutique\",\"item\":\"https:\/\/business.roovi.com\/fr\/boutique\/\"},{\"@type\":\"ListItem\",\"position\":3,\"name\":\"Set de tricotage en forme de fruit &#8211; Set cr\u00e9atif\"}]},{\"@type\":\"WebSite\",\"@id\":\"https:\/\/business.roovi.com\/fr\/#website\",\"url\":\"https:\/\/business.roovi.com\/fr\/\",\"name\":\"Roovi B2B\",\"description\":\"Roovi Business Website\",\"potentialAction\":[{\"@type\":\"SearchAction\",\"target\":{\"@type\":\"EntryPoint\",\"urlTemplate\":\"https:\/\/business.roovi.com\/fr\/?s={search_term_string}\"},\"query-input\":\"required name=search_term_string\"}],\"inLanguage\":\"fr-FR\"}]}<\/script>\n<!-- \/ Yoast SEO plugin. -->","yoast_head_json":{"title":"Set de tricotage en forme de fruit - Set cr\u00e9atif","description":"Set de tricotage en forme de fruit - Set cr\u00e9atif","robots":{"index":"index","follow":"follow","max-snippet":"max-snippet:-1","max-image-preview":"max-image-preview:large","max-video-preview":"max-video-preview:-1"},"canonical":"https:\/\/business.roovi.com\/fr\/set-de-tricotage-en-forme-de-fruit-set-creatif\/p\/","og_locale":"fr_FR","og_type":"article","og_title":"Set de tricotage en forme de fruit - Set cr\u00e9atif","og_description":"Set de tricotage en forme de fruit - Set cr\u00e9atif","og_url":"https:\/\/business.roovi.com\/fr\/set-de-tricotage-en-forme-de-fruit-set-creatif\/p\/","og_site_name":"Roovi B2B","article_publisher":"https:\/\/www.facebook.com\/wwwjucariero","article_modified_time":"2022-07-13T10:43:32+00:00","og_image":[{"width":1200,"height":1200,"url":"https:\/\/business.roovi.com\/wp-content\/uploads\/2018\/04\/66565_sa_tricotam_fructe_elo.jpg","type":"image\/jpeg"}],"schema":{"@context":"https:\/\/schema.org","@graph":[{"@type":"WebPage","@id":"https:\/\/business.roovi.com\/fr\/set-de-tricotage-en-forme-de-fruit-set-creatif\/p\/","url":"https:\/\/business.roovi.com\/fr\/set-de-tricotage-en-forme-de-fruit-set-creatif\/p\/","name":"Set de tricotage en forme de fruit - Set cr\u00e9atif","isPartOf":{"@id":"https:\/\/business.roovi.com\/fr\/#website"},"datePublished":"2018-04-16T10:56:04+00:00","dateModified":"2022-07-13T10:43:32+00:00","description":"Set de tricotage en forme de fruit - Set cr\u00e9atif","breadcrumb":{"@id":"https:\/\/business.roovi.com\/fr\/set-de-tricotage-en-forme-de-fruit-set-creatif\/p\/#breadcrumb"},"inLanguage":"fr-FR","potentialAction":[{"@type":"ReadAction","target":["https:\/\/business.roovi.com\/fr\/set-de-tricotage-en-forme-de-fruit-set-creatif\/p\/"]}]},{"@type":"BreadcrumbList","@id":"https:\/\/business.roovi.com\/fr\/set-de-tricotage-en-forme-de-fruit-set-creatif\/p\/#breadcrumb","itemListElement":[{"@type":"ListItem","position":1,"name":"Home","item":"https:\/\/business.roovi.com\/fr\/"},{"@type":"ListItem","position":2,"name":"Boutique","item":"https:\/\/business.roovi.com\/fr\/boutique\/"},{"@type":"ListItem","position":3,"name":"Set de tricotage en forme de fruit &#8211; Set cr\u00e9atif"}]},{"@type":"WebSite","@id":"https:\/\/business.roovi.com\/fr\/#website","url":"https:\/\/business.roovi.com\/fr\/","name":"Roovi B2B","description":"Roovi Business Website","potentialAction":[{"@type":"SearchAction","target":{"@type":"EntryPoint","urlTemplate":"https:\/\/business.roovi.com\/fr\/?s={search_term_string}"},"query-input":"required name=search_term_string"}],"inLanguage":"fr-FR"}]}},"_links":{"self":[{"href":"https:\/\/business.roovi.com\/fr\/wp-json\/wp\/v2\/product\/53480","targetHints":{"allow":["GET"]}}],"collection":[{"href":"https:\/\/business.roovi.com\/fr\/wp-json\/wp\/v2\/product"}],"about":[{"href":"https:\/\/business.roovi.com\/fr\/wp-json\/wp\/v2\/types\/product"}],"version-history":[{"count":0,"href":"https:\/\/business.roovi.com\/fr\/wp-json\/wp\/v2\/product\/53480\/revisions"}],"wp:featuredmedia":[{"embeddable":true,"href":"https:\/\/business.roovi.com\/fr\/wp-json\/wp\/v2\/media\/44829"}],"wp:attachment":[{"href":"https:\/\/business.roovi.com\/fr\/wp-json\/wp\/v2\/media?parent=53480"}],"wp:term":[{"taxonomy":"product_brand","embeddable":true,"href":"https:\/\/business.roovi.com\/fr\/wp-json\/wp\/v2\/product_brand?post=53480"},{"taxonomy":"product_cat","embeddable":true,"href":"https:\/\/business.roovi.com\/fr\/wp-json\/wp\/v2\/product_cat?post=53480"},{"taxonomy":"product_tag","embeddable":true,"href":"https:\/\/business.roovi.com\/fr\/wp-json\/wp\/v2\/product_tag?post=53480"}],"curies":[{"name":"wp","href":"https:\/\/api.w.org\/{rel}","templated":true}]}}