{"id":53490,"date":"2018-04-16T10:56:06","date_gmt":"2018-04-16T10:56:06","guid":{"rendered":"https:\/\/business.roovi.com\/cuburi-basme-12-piese\/p\/"},"modified":"2022-07-13T10:44:18","modified_gmt":"2022-07-13T10:44:18","slug":"casse-tete-cubes-scenes-de-contes-de-fees-12-pieces","status":"publish","type":"product","link":"https:\/\/business.roovi.com\/fr\/casse-tete-cubes-scenes-de-contes-de-fees-12-pieces\/p\/","title":{"rendered":"Casse-t\u00eate cubes &#8211; Sc\u00e8nes de contes de f\u00e9es &#8211; 12 pi\u00e8ces"},"content":{"rendered":"<p>Un jeu original avec 12 cubes qui d\u00e9veloppe l&rsquo;observation et la logique gr\u00e2ce \u00e0 des associations d&rsquo;images et des combinaisons impressionnantes avec des personnages des contes de f\u00e9es les plus populaires. Les enfants reproduisent des sc\u00e8nes c\u00e9l\u00e8bres de leurs histoires pr\u00e9f\u00e9r\u00e9es, en apprenant \u00e0 cr\u00e9er des relations logiques entre les s\u00e9quences narratives.<\/p>\n","protected":false},"excerpt":{"rendered":"<p>Un jeu original avec 12 cubes qui d\u00e9veloppe l&rsquo;observation et la logique gr\u00e2ce \u00e0 des associations d&rsquo;images et des combinaisons<\/p>\n","protected":false},"featured_media":44926,"template":"","meta":[],"product_brand":[],"product_cat":[2452,2328],"product_tag":[],"class_list":{"0":"post-53490","1":"product","2":"type-product","3":"status-publish","4":"has-post-thumbnail","6":"product_cat-cubes-fr","7":"product_cat-jeux-educatifs-et-scientifiques","8":"pa_bax-16-fr","9":"pa_brand-d_toys-fr","10":"pa_country_of_manufacture-ro-fr","11":"pa_filter_age-3_5-fr","12":"pa_filter_age-5_7-fr","13":"pa_tip_ambalaj-boite","15":"first","16":"instock","17":"taxable","18":"shipping-taxable","19":"product-type-simple"},"yoast_head":"<!-- This site is optimized with the Yoast SEO plugin v20.1 - https:\/\/yoast.com\/wordpress\/plugins\/seo\/ -->\n<title>Casse-t\u00eate cubes - Sc\u00e8nes de contes de f\u00e9es - 12 pi\u00e8ces<\/title>\n<meta name=\"description\" content=\"Casse-t\u00eate cubes - Sc\u00e8nes de contes de f\u00e9es - 12 pi\u00e8ces\" \/>\n<meta name=\"robots\" content=\"index, follow, max-snippet:-1, max-image-preview:large, max-video-preview:-1\" \/>\n<link rel=\"canonical\" href=\"https:\/\/business.roovi.com\/fr\/casse-tete-cubes-scenes-de-contes-de-fees-12-pieces\/p\/\" \/>\n<meta property=\"og:locale\" content=\"fr_FR\" \/>\n<meta property=\"og:type\" content=\"article\" \/>\n<meta property=\"og:title\" content=\"Casse-t\u00eate cubes - Sc\u00e8nes de contes de f\u00e9es - 12 pi\u00e8ces\" \/>\n<meta property=\"og:description\" content=\"Casse-t\u00eate cubes - Sc\u00e8nes de contes de f\u00e9es - 12 pi\u00e8ces\" \/>\n<meta property=\"og:url\" content=\"https:\/\/business.roovi.com\/fr\/casse-tete-cubes-scenes-de-contes-de-fees-12-pieces\/p\/\" \/>\n<meta property=\"og:site_name\" content=\"Roovi B2B\" \/>\n<meta property=\"article:publisher\" content=\"https:\/\/www.facebook.com\/wwwjucariero\" \/>\n<meta property=\"article:modified_time\" content=\"2022-07-13T10:44:18+00:00\" \/>\n<meta property=\"og:image\" content=\"https:\/\/business.roovi.com\/wp-content\/uploads\/2018\/04\/60969_01_elo.jpg\" \/>\n\t<meta property=\"og:image:width\" content=\"1200\" \/>\n\t<meta property=\"og:image:height\" content=\"1200\" \/>\n\t<meta property=\"og:image:type\" content=\"image\/jpeg\" \/>\n<script type=\"application\/ld+json\" class=\"yoast-schema-graph\">{\"@context\":\"https:\/\/schema.org\",\"@graph\":[{\"@type\":\"WebPage\",\"@id\":\"https:\/\/business.roovi.com\/fr\/casse-tete-cubes-scenes-de-contes-de-fees-12-pieces\/p\/\",\"url\":\"https:\/\/business.roovi.com\/fr\/casse-tete-cubes-scenes-de-contes-de-fees-12-pieces\/p\/\",\"name\":\"Casse-t\u00eate cubes - Sc\u00e8nes de contes de f\u00e9es - 12 pi\u00e8ces\",\"isPartOf\":{\"@id\":\"https:\/\/business.roovi.com\/fr\/#website\"},\"datePublished\":\"2018-04-16T10:56:06+00:00\",\"dateModified\":\"2022-07-13T10:44:18+00:00\",\"description\":\"Casse-t\u00eate cubes - Sc\u00e8nes de contes de f\u00e9es - 12 pi\u00e8ces\",\"breadcrumb\":{\"@id\":\"https:\/\/business.roovi.com\/fr\/casse-tete-cubes-scenes-de-contes-de-fees-12-pieces\/p\/#breadcrumb\"},\"inLanguage\":\"fr-FR\",\"potentialAction\":[{\"@type\":\"ReadAction\",\"target\":[\"https:\/\/business.roovi.com\/fr\/casse-tete-cubes-scenes-de-contes-de-fees-12-pieces\/p\/\"]}]},{\"@type\":\"BreadcrumbList\",\"@id\":\"https:\/\/business.roovi.com\/fr\/casse-tete-cubes-scenes-de-contes-de-fees-12-pieces\/p\/#breadcrumb\",\"itemListElement\":[{\"@type\":\"ListItem\",\"position\":1,\"name\":\"Home\",\"item\":\"https:\/\/business.roovi.com\/fr\/\"},{\"@type\":\"ListItem\",\"position\":2,\"name\":\"Boutique\",\"item\":\"https:\/\/business.roovi.com\/fr\/boutique\/\"},{\"@type\":\"ListItem\",\"position\":3,\"name\":\"Casse-t\u00eate cubes &#8211; Sc\u00e8nes de contes de f\u00e9es &#8211; 12 pi\u00e8ces\"}]},{\"@type\":\"WebSite\",\"@id\":\"https:\/\/business.roovi.com\/fr\/#website\",\"url\":\"https:\/\/business.roovi.com\/fr\/\",\"name\":\"Roovi B2B\",\"description\":\"Roovi Business Website\",\"potentialAction\":[{\"@type\":\"SearchAction\",\"target\":{\"@type\":\"EntryPoint\",\"urlTemplate\":\"https:\/\/business.roovi.com\/fr\/?s={search_term_string}\"},\"query-input\":\"required name=search_term_string\"}],\"inLanguage\":\"fr-FR\"}]}<\/script>\n<!-- \/ Yoast SEO plugin. -->","yoast_head_json":{"title":"Casse-t\u00eate cubes - Sc\u00e8nes de contes de f\u00e9es - 12 pi\u00e8ces","description":"Casse-t\u00eate cubes - Sc\u00e8nes de contes de f\u00e9es - 12 pi\u00e8ces","robots":{"index":"index","follow":"follow","max-snippet":"max-snippet:-1","max-image-preview":"max-image-preview:large","max-video-preview":"max-video-preview:-1"},"canonical":"https:\/\/business.roovi.com\/fr\/casse-tete-cubes-scenes-de-contes-de-fees-12-pieces\/p\/","og_locale":"fr_FR","og_type":"article","og_title":"Casse-t\u00eate cubes - Sc\u00e8nes de contes de f\u00e9es - 12 pi\u00e8ces","og_description":"Casse-t\u00eate cubes - Sc\u00e8nes de contes de f\u00e9es - 12 pi\u00e8ces","og_url":"https:\/\/business.roovi.com\/fr\/casse-tete-cubes-scenes-de-contes-de-fees-12-pieces\/p\/","og_site_name":"Roovi B2B","article_publisher":"https:\/\/www.facebook.com\/wwwjucariero","article_modified_time":"2022-07-13T10:44:18+00:00","og_image":[{"width":1200,"height":1200,"url":"https:\/\/business.roovi.com\/wp-content\/uploads\/2018\/04\/60969_01_elo.jpg","type":"image\/jpeg"}],"schema":{"@context":"https:\/\/schema.org","@graph":[{"@type":"WebPage","@id":"https:\/\/business.roovi.com\/fr\/casse-tete-cubes-scenes-de-contes-de-fees-12-pieces\/p\/","url":"https:\/\/business.roovi.com\/fr\/casse-tete-cubes-scenes-de-contes-de-fees-12-pieces\/p\/","name":"Casse-t\u00eate cubes - Sc\u00e8nes de contes de f\u00e9es - 12 pi\u00e8ces","isPartOf":{"@id":"https:\/\/business.roovi.com\/fr\/#website"},"datePublished":"2018-04-16T10:56:06+00:00","dateModified":"2022-07-13T10:44:18+00:00","description":"Casse-t\u00eate cubes - Sc\u00e8nes de contes de f\u00e9es - 12 pi\u00e8ces","breadcrumb":{"@id":"https:\/\/business.roovi.com\/fr\/casse-tete-cubes-scenes-de-contes-de-fees-12-pieces\/p\/#breadcrumb"},"inLanguage":"fr-FR","potentialAction":[{"@type":"ReadAction","target":["https:\/\/business.roovi.com\/fr\/casse-tete-cubes-scenes-de-contes-de-fees-12-pieces\/p\/"]}]},{"@type":"BreadcrumbList","@id":"https:\/\/business.roovi.com\/fr\/casse-tete-cubes-scenes-de-contes-de-fees-12-pieces\/p\/#breadcrumb","itemListElement":[{"@type":"ListItem","position":1,"name":"Home","item":"https:\/\/business.roovi.com\/fr\/"},{"@type":"ListItem","position":2,"name":"Boutique","item":"https:\/\/business.roovi.com\/fr\/boutique\/"},{"@type":"ListItem","position":3,"name":"Casse-t\u00eate cubes &#8211; Sc\u00e8nes de contes de f\u00e9es &#8211; 12 pi\u00e8ces"}]},{"@type":"WebSite","@id":"https:\/\/business.roovi.com\/fr\/#website","url":"https:\/\/business.roovi.com\/fr\/","name":"Roovi B2B","description":"Roovi Business Website","potentialAction":[{"@type":"SearchAction","target":{"@type":"EntryPoint","urlTemplate":"https:\/\/business.roovi.com\/fr\/?s={search_term_string}"},"query-input":"required name=search_term_string"}],"inLanguage":"fr-FR"}]}},"_links":{"self":[{"href":"https:\/\/business.roovi.com\/fr\/wp-json\/wp\/v2\/product\/53490","targetHints":{"allow":["GET"]}}],"collection":[{"href":"https:\/\/business.roovi.com\/fr\/wp-json\/wp\/v2\/product"}],"about":[{"href":"https:\/\/business.roovi.com\/fr\/wp-json\/wp\/v2\/types\/product"}],"version-history":[{"count":0,"href":"https:\/\/business.roovi.com\/fr\/wp-json\/wp\/v2\/product\/53490\/revisions"}],"wp:featuredmedia":[{"embeddable":true,"href":"https:\/\/business.roovi.com\/fr\/wp-json\/wp\/v2\/media\/44926"}],"wp:attachment":[{"href":"https:\/\/business.roovi.com\/fr\/wp-json\/wp\/v2\/media?parent=53490"}],"wp:term":[{"taxonomy":"product_brand","embeddable":true,"href":"https:\/\/business.roovi.com\/fr\/wp-json\/wp\/v2\/product_brand?post=53490"},{"taxonomy":"product_cat","embeddable":true,"href":"https:\/\/business.roovi.com\/fr\/wp-json\/wp\/v2\/product_cat?post=53490"},{"taxonomy":"product_tag","embeddable":true,"href":"https:\/\/business.roovi.com\/fr\/wp-json\/wp\/v2\/product_tag?post=53490"}],"curies":[{"name":"wp","href":"https:\/\/api.w.org\/{rel}","templated":true}]}}