{"id":53496,"date":"2018-04-16T10:56:06","date_gmt":"2018-04-16T10:56:06","guid":{"rendered":"https:\/\/business.roovi.com\/joc-globe-whizz\/p\/"},"modified":"2022-07-13T10:44:27","modified_gmt":"2022-07-13T10:44:27","slug":"jeu-globe-whizz-jeu-de-societe-educatif","status":"publish","type":"product","link":"https:\/\/business.roovi.com\/fr\/jeu-globe-whizz-jeu-de-societe-educatif\/p\/","title":{"rendered":"Jeu Globe Whizz &#8211; Jeu de soci\u00e9t\u00e9 \u00e9ducatif"},"content":{"rendered":"<p><span style=\"font-weight: 400;\">Savais-tu que l&rsquo;oie a plus de vert\u00e8bres du cou que la girafe ? Sais-tu ce qu&rsquo;est un ukul\u00e9l\u00e9 ? Savais-tu que le p\u00f4le Sud est beaucoup plus froid que le p\u00f4le Nord ?<\/span><\/p>\n<p><span style=\"font-weight: 400;\">Si tu es curieuse de d\u00e9couvrir un maximum de d\u00e9tails int\u00e9ressants sur diff\u00e9rentes parties du globe, participe \u00e0 une aventure inoubliable avec Globe Whizz ! <\/span><\/p>\n<p><span style=\"font-weight: 400;\">Avec Globe Whizz, tu peux naviguer autour du monde pour d\u00e9couvrir les lieux, les animaux, les aliments, les traditions, les ph\u00e9nom\u00e8nes naturels, les \u00e9v\u00e9nements historiques les plus fascinants et bien plus encore <\/span><\/p>\n<p><span style=\"font-weight: 400;\">Quel genre de questions contient Globe Whizz ? Les questions du quiz de Globe Whizz sont tr\u00e8s vari\u00e9es, issues de diff\u00e9rents domaines : g\u00e9ographie, histoire, arts, litt\u00e9rature, personnages c\u00e9l\u00e8bres, sciences naturelles, animaux et plantes, culture g\u00e9n\u00e9rale, monuments c\u00e9l\u00e8bres, ph\u00e9nom\u00e8nes inhabituels, etc.<\/span><\/p>\n<h2><span style=\"font-weight: 400;\">Savais-tu que Globe Whizz..<\/span><\/h2>\n<ul>\n<li><span style=\"font-weight: 400;\">Stimule l&rsquo;apprentissage actif.<\/span><\/li>\n<li><span style=\"font-weight: 400;\">C&rsquo;est un excellent moyen de d\u00e9velopper la culture g\u00e9n\u00e9rale.<\/span><\/li>\n<li><span style=\"font-weight: 400;\">Il est ador\u00e9 par les enfants et les adultes.<\/span><\/li>\n<li><span style=\"font-weight: 400;\">Il stimule la pens\u00e9e associative.<\/span><\/li>\n<li><span style=\"font-weight: 400;\">Peut \u00eatre un jeu parfait pour une f\u00eate ou une soir\u00e9e amusante entre amis.<\/span><\/li>\n<li><span style=\"font-weight: 400;\">Il est rempli de d\u00e9fis amusants qui te permettent de rester connect\u00e9 au jeu.<\/span><\/li>\n<\/ul>\n<h2><span style=\"font-weight: 400;\">Pourquoi choisir un jeu Globe Whizz<\/span><\/h2>\n<p><span style=\"font-weight: 400;\">Les 128 cartes de jeu Globe Whizz contiennent plus de 330 questions de quiz choisies avec soin et expertise, ainsi que des r\u00e9ponses et des explications <\/span><\/p>\n<p><span style=\"font-weight: 400;\">De plus, les questions sont regroup\u00e9es en 6 types de d\u00e9fis diff\u00e9rents : vrai ou faux, choisir la bonne r\u00e9ponse parmi 3 choix, compl\u00e9ter une partie de la r\u00e9ponse, r\u00e9pondre, activit\u00e9s surprises et jeu pays-ville <\/span><\/p>\n<p><span style=\"font-weight: 400;\">La plupart des activit\u00e9s de Globe Whizz repr\u00e9sentent un d\u00e9fi, m\u00eame pour les adultes. Nous avons choisi un niveau de difficult\u00e9 plus \u00e9lev\u00e9 car c&rsquo;est en jouant que l&rsquo;on apprend le plus et le jeu reste donc engageant m\u00eame apr\u00e8s une longue utilisation.<\/span><\/p>\n<p><span style=\"font-weight: 400;\">Si tu aimes les jeux Globe Whizz et que la curiosit\u00e9 est ton trait inn\u00e9, tu seras certainement super excit\u00e9e de d\u00e9couvrir Animal Globe Whizz, l&rsquo;\u00e9dition sp\u00e9ciale de ce jeu consacr\u00e9e uniquement au monde \u00e9tonnant des animaux <\/span><\/p>\n<p><span style=\"font-weight: 400;\">Pour qui recommandons-nous Globe Whizz et Animal Globe Whizz ? <\/span><\/p>\n<p><span style=\"font-weight: 400;\">Pour toute la famille, les aventuriers qui aiment les d\u00e9fis et tous ceux qui veulent des heures de plaisir \u00e9ducatif et intelligent <\/span><\/p>\n<p><span style=\"font-weight: 400;\">\u00c2ge recommand\u00e9 : 10+<\/span><\/p>\n<p><span style=\"font-weight: 400;\">Joueurs : 2 &#8211; 6 personnes<\/span><\/p>\n<p><span style=\"font-weight: 400;\">La bo\u00eete contient <\/span><span style=\"font-weight: 400;\">1 globe, 1 plateau de jeu, 128 cartes de jeu avec plus de 330 questions, 6 explorateurs, 1 d\u00e9.<\/span><\/p>\n<p><span style=\"font-weight: 400;\">Non recommand\u00e9 pour les enfants de moins de 3 ans. Contient de petits morceaux qui peuvent \u00eatre aval\u00e9s.<\/span><\/p><\/p>\n","protected":false},"excerpt":{"rendered":"<p>Savais-tu que l&rsquo;oie a plus de vert\u00e8bres du cou que la girafe ? Sais-tu ce qu&rsquo;est un ukul\u00e9l\u00e9 ? Savais-tu<\/p>\n","protected":false},"featured_media":44930,"template":"","meta":[],"product_brand":[],"product_cat":[2303,2306],"product_tag":[],"class_list":{"0":"post-53496","1":"product","2":"type-product","3":"status-publish","4":"has-post-thumbnail","6":"product_cat-jeux-de-societe","7":"product_cat-jeux-educatifs-et-jeux-de-quiz","8":"pa_bax-7-fr","9":"pa_brand-d_toys-fr","10":"pa_country_of_manufacture-ro-fr","11":"pa_filter_age-14-fr","12":"pa_filter_age-9_14-fr","13":"pa_tip_ambalaj-boite","15":"first","16":"instock","17":"taxable","18":"shipping-taxable","19":"product-type-simple"},"yoast_head":"<!-- This site is optimized with the Yoast SEO plugin v20.1 - https:\/\/yoast.com\/wordpress\/plugins\/seo\/ -->\n<title>Jeu Globe Whizz - Jeu de soci\u00e9t\u00e9 \u00e9ducatif<\/title>\n<meta name=\"description\" content=\"Jeu Globe Whizz - Jeu de soci\u00e9t\u00e9 \u00e9ducatif\" \/>\n<meta name=\"robots\" content=\"index, follow, max-snippet:-1, max-image-preview:large, max-video-preview:-1\" \/>\n<link rel=\"canonical\" href=\"https:\/\/business.roovi.com\/fr\/jeu-globe-whizz-jeu-de-societe-educatif\/p\/\" \/>\n<meta property=\"og:locale\" content=\"fr_FR\" \/>\n<meta property=\"og:type\" content=\"article\" \/>\n<meta property=\"og:title\" content=\"Jeu Globe Whizz - Jeu de soci\u00e9t\u00e9 \u00e9ducatif\" \/>\n<meta property=\"og:description\" content=\"Jeu Globe Whizz - Jeu de soci\u00e9t\u00e9 \u00e9ducatif\" \/>\n<meta property=\"og:url\" content=\"https:\/\/business.roovi.com\/fr\/jeu-globe-whizz-jeu-de-societe-educatif\/p\/\" \/>\n<meta property=\"og:site_name\" content=\"Roovi B2B\" \/>\n<meta property=\"article:publisher\" content=\"https:\/\/www.facebook.com\/wwwjucariero\" \/>\n<meta property=\"article:modified_time\" content=\"2022-07-13T10:44:27+00:00\" \/>\n<meta property=\"og:image\" content=\"https:\/\/business.roovi.com\/wp-content\/uploads\/2018\/04\/68002_elo_1.jpg\" \/>\n\t<meta property=\"og:image:width\" content=\"1200\" \/>\n\t<meta property=\"og:image:height\" content=\"1200\" \/>\n\t<meta property=\"og:image:type\" content=\"image\/jpeg\" \/>\n<meta name=\"twitter:label1\" content=\"Dur\u00e9e de lecture estim\u00e9e\" \/>\n\t<meta name=\"twitter:data1\" content=\"2 minutes\" \/>\n<script type=\"application\/ld+json\" class=\"yoast-schema-graph\">{\"@context\":\"https:\/\/schema.org\",\"@graph\":[{\"@type\":\"WebPage\",\"@id\":\"https:\/\/business.roovi.com\/fr\/jeu-globe-whizz-jeu-de-societe-educatif\/p\/\",\"url\":\"https:\/\/business.roovi.com\/fr\/jeu-globe-whizz-jeu-de-societe-educatif\/p\/\",\"name\":\"Jeu Globe Whizz - Jeu de soci\u00e9t\u00e9 \u00e9ducatif\",\"isPartOf\":{\"@id\":\"https:\/\/business.roovi.com\/fr\/#website\"},\"datePublished\":\"2018-04-16T10:56:06+00:00\",\"dateModified\":\"2022-07-13T10:44:27+00:00\",\"description\":\"Jeu Globe Whizz - Jeu de soci\u00e9t\u00e9 \u00e9ducatif\",\"breadcrumb\":{\"@id\":\"https:\/\/business.roovi.com\/fr\/jeu-globe-whizz-jeu-de-societe-educatif\/p\/#breadcrumb\"},\"inLanguage\":\"fr-FR\",\"potentialAction\":[{\"@type\":\"ReadAction\",\"target\":[\"https:\/\/business.roovi.com\/fr\/jeu-globe-whizz-jeu-de-societe-educatif\/p\/\"]}]},{\"@type\":\"BreadcrumbList\",\"@id\":\"https:\/\/business.roovi.com\/fr\/jeu-globe-whizz-jeu-de-societe-educatif\/p\/#breadcrumb\",\"itemListElement\":[{\"@type\":\"ListItem\",\"position\":1,\"name\":\"Home\",\"item\":\"https:\/\/business.roovi.com\/fr\/\"},{\"@type\":\"ListItem\",\"position\":2,\"name\":\"Boutique\",\"item\":\"https:\/\/business.roovi.com\/fr\/boutique\/\"},{\"@type\":\"ListItem\",\"position\":3,\"name\":\"Jeu Globe Whizz &#8211; Jeu de soci\u00e9t\u00e9 \u00e9ducatif\"}]},{\"@type\":\"WebSite\",\"@id\":\"https:\/\/business.roovi.com\/fr\/#website\",\"url\":\"https:\/\/business.roovi.com\/fr\/\",\"name\":\"Roovi B2B\",\"description\":\"Roovi Business Website\",\"potentialAction\":[{\"@type\":\"SearchAction\",\"target\":{\"@type\":\"EntryPoint\",\"urlTemplate\":\"https:\/\/business.roovi.com\/fr\/?s={search_term_string}\"},\"query-input\":\"required name=search_term_string\"}],\"inLanguage\":\"fr-FR\"}]}<\/script>\n<!-- \/ Yoast SEO plugin. -->","yoast_head_json":{"title":"Jeu Globe Whizz - Jeu de soci\u00e9t\u00e9 \u00e9ducatif","description":"Jeu Globe Whizz - Jeu de soci\u00e9t\u00e9 \u00e9ducatif","robots":{"index":"index","follow":"follow","max-snippet":"max-snippet:-1","max-image-preview":"max-image-preview:large","max-video-preview":"max-video-preview:-1"},"canonical":"https:\/\/business.roovi.com\/fr\/jeu-globe-whizz-jeu-de-societe-educatif\/p\/","og_locale":"fr_FR","og_type":"article","og_title":"Jeu Globe Whizz - Jeu de soci\u00e9t\u00e9 \u00e9ducatif","og_description":"Jeu Globe Whizz - Jeu de soci\u00e9t\u00e9 \u00e9ducatif","og_url":"https:\/\/business.roovi.com\/fr\/jeu-globe-whizz-jeu-de-societe-educatif\/p\/","og_site_name":"Roovi B2B","article_publisher":"https:\/\/www.facebook.com\/wwwjucariero","article_modified_time":"2022-07-13T10:44:27+00:00","og_image":[{"width":1200,"height":1200,"url":"https:\/\/business.roovi.com\/wp-content\/uploads\/2018\/04\/68002_elo_1.jpg","type":"image\/jpeg"}],"twitter_misc":{"Dur\u00e9e de lecture estim\u00e9e":"2 minutes"},"schema":{"@context":"https:\/\/schema.org","@graph":[{"@type":"WebPage","@id":"https:\/\/business.roovi.com\/fr\/jeu-globe-whizz-jeu-de-societe-educatif\/p\/","url":"https:\/\/business.roovi.com\/fr\/jeu-globe-whizz-jeu-de-societe-educatif\/p\/","name":"Jeu Globe Whizz - Jeu de soci\u00e9t\u00e9 \u00e9ducatif","isPartOf":{"@id":"https:\/\/business.roovi.com\/fr\/#website"},"datePublished":"2018-04-16T10:56:06+00:00","dateModified":"2022-07-13T10:44:27+00:00","description":"Jeu Globe Whizz - Jeu de soci\u00e9t\u00e9 \u00e9ducatif","breadcrumb":{"@id":"https:\/\/business.roovi.com\/fr\/jeu-globe-whizz-jeu-de-societe-educatif\/p\/#breadcrumb"},"inLanguage":"fr-FR","potentialAction":[{"@type":"ReadAction","target":["https:\/\/business.roovi.com\/fr\/jeu-globe-whizz-jeu-de-societe-educatif\/p\/"]}]},{"@type":"BreadcrumbList","@id":"https:\/\/business.roovi.com\/fr\/jeu-globe-whizz-jeu-de-societe-educatif\/p\/#breadcrumb","itemListElement":[{"@type":"ListItem","position":1,"name":"Home","item":"https:\/\/business.roovi.com\/fr\/"},{"@type":"ListItem","position":2,"name":"Boutique","item":"https:\/\/business.roovi.com\/fr\/boutique\/"},{"@type":"ListItem","position":3,"name":"Jeu Globe Whizz &#8211; Jeu de soci\u00e9t\u00e9 \u00e9ducatif"}]},{"@type":"WebSite","@id":"https:\/\/business.roovi.com\/fr\/#website","url":"https:\/\/business.roovi.com\/fr\/","name":"Roovi B2B","description":"Roovi Business Website","potentialAction":[{"@type":"SearchAction","target":{"@type":"EntryPoint","urlTemplate":"https:\/\/business.roovi.com\/fr\/?s={search_term_string}"},"query-input":"required name=search_term_string"}],"inLanguage":"fr-FR"}]}},"_links":{"self":[{"href":"https:\/\/business.roovi.com\/fr\/wp-json\/wp\/v2\/product\/53496","targetHints":{"allow":["GET"]}}],"collection":[{"href":"https:\/\/business.roovi.com\/fr\/wp-json\/wp\/v2\/product"}],"about":[{"href":"https:\/\/business.roovi.com\/fr\/wp-json\/wp\/v2\/types\/product"}],"version-history":[{"count":0,"href":"https:\/\/business.roovi.com\/fr\/wp-json\/wp\/v2\/product\/53496\/revisions"}],"wp:featuredmedia":[{"embeddable":true,"href":"https:\/\/business.roovi.com\/fr\/wp-json\/wp\/v2\/media\/44930"}],"wp:attachment":[{"href":"https:\/\/business.roovi.com\/fr\/wp-json\/wp\/v2\/media?parent=53496"}],"wp:term":[{"taxonomy":"product_brand","embeddable":true,"href":"https:\/\/business.roovi.com\/fr\/wp-json\/wp\/v2\/product_brand?post=53496"},{"taxonomy":"product_cat","embeddable":true,"href":"https:\/\/business.roovi.com\/fr\/wp-json\/wp\/v2\/product_cat?post=53496"},{"taxonomy":"product_tag","embeddable":true,"href":"https:\/\/business.roovi.com\/fr\/wp-json\/wp\/v2\/product_tag?post=53496"}],"curies":[{"name":"wp","href":"https:\/\/api.w.org\/{rel}","templated":true}]}}