{"id":53500,"date":"2018-04-16T10:56:06","date_gmt":"2018-04-16T10:56:06","guid":{"rendered":"https:\/\/business.roovi.com\/joc-awale\/p\/"},"modified":"2022-07-13T10:44:34","modified_gmt":"2022-07-13T10:44:34","slug":"awale-game-jeu-de-strategie","status":"publish","type":"product","link":"https:\/\/business.roovi.com\/fr\/awale-game-jeu-de-strategie\/p\/","title":{"rendered":"Awale Game &#8211; Jeu de strat\u00e9gie"},"content":{"rendered":"<p>Awale est l&rsquo;un des jeux Mancala les plus populaires. Les versions Kale et Dakar du jeu ont des r\u00e8gles similaires \u00e0 celles d&rsquo;Awale, mais les trois requi\u00e8rent des strat\u00e9gies diff\u00e9rentes. Les jeux de Mancala jouent un r\u00f4le similaire \u00e0 celui des \u00e9checs en Europe ou du Go en Asie de l&rsquo;Est, mais ils sont surtout jou\u00e9s en Afrique et dans certaines r\u00e9gions d&rsquo;Asie. Awale est un jeu de strat\u00e9gie \u00e0 2 joueurs qui remonte au 7e si\u00e8cle. Ce jeu a \u00e9t\u00e9 invent\u00e9 en C\u00f4te d&rsquo;Ivoire pour les amateurs de jeux de logique. Pour exceller dans Awale, tu dois recourir \u00e0 une strat\u00e9gie complexe. Le jeu d\u00e9veloppe le sens tactique, la pens\u00e9e logique et les comp\u00e9tences math\u00e9matiques. Un amusement intelligent avec des possibilit\u00e9s de strat\u00e9gie infinies ! Le jeu contient : 1 plateau de jeu en bois avec 12 cases et 48 pierres de jeu en verre. Recommand\u00e9 pour les joueurs de plus de 8 ans.<\/p>\n","protected":false},"excerpt":{"rendered":"<p>Awale est l&rsquo;un des jeux Mancala les plus populaires. Les versions Kale et Dakar du jeu ont des r\u00e8gles similaires<\/p>\n","protected":false},"featured_media":70805,"template":"","meta":[],"product_brand":[],"product_cat":[2303,2334],"product_tag":[],"class_list":{"0":"post-53500","1":"product","2":"type-product","3":"status-publish","4":"has-post-thumbnail","6":"product_cat-jeux-de-societe","7":"product_cat-jeux-de-strategie","8":"pa_bax-6-fr","9":"pa_brand-d_toys-fr","10":"pa_country_of_manufacture-ro-fr","11":"pa_filter_age-14-fr","12":"pa_filter_age-7_9-fr","13":"pa_filter_age-9_14-fr","14":"pa_tip_ambalaj-boite","16":"first","17":"instock","18":"taxable","19":"shipping-taxable","20":"product-type-simple"},"yoast_head":"<!-- This site is optimized with the Yoast SEO plugin v20.1 - https:\/\/yoast.com\/wordpress\/plugins\/seo\/ -->\n<title>Awale Game - Jeu de strat\u00e9gie<\/title>\n<meta name=\"description\" content=\"Awale Game - Jeu de strat\u00e9gie\" \/>\n<meta name=\"robots\" content=\"index, follow, max-snippet:-1, max-image-preview:large, max-video-preview:-1\" \/>\n<link rel=\"canonical\" href=\"https:\/\/business.roovi.com\/fr\/awale-game-jeu-de-strategie\/p\/\" \/>\n<meta property=\"og:locale\" content=\"fr_FR\" \/>\n<meta property=\"og:type\" content=\"article\" \/>\n<meta property=\"og:title\" content=\"Awale Game - Jeu de strat\u00e9gie\" \/>\n<meta property=\"og:description\" content=\"Awale Game - Jeu de strat\u00e9gie\" \/>\n<meta property=\"og:url\" content=\"https:\/\/business.roovi.com\/fr\/awale-game-jeu-de-strategie\/p\/\" \/>\n<meta property=\"og:site_name\" content=\"Roovi B2B\" \/>\n<meta property=\"article:publisher\" content=\"https:\/\/www.facebook.com\/wwwjucariero\" \/>\n<meta property=\"article:modified_time\" content=\"2022-07-13T10:44:34+00:00\" \/>\n<meta property=\"og:image\" content=\"https:\/\/business.roovi.com\/wp-content\/uploads\/2018\/04\/67319_elo_1.jpg\" \/>\n\t<meta property=\"og:image:width\" content=\"1200\" \/>\n\t<meta property=\"og:image:height\" content=\"1200\" \/>\n\t<meta property=\"og:image:type\" content=\"image\/jpeg\" \/>\n<meta name=\"twitter:label1\" content=\"Dur\u00e9e de lecture estim\u00e9e\" \/>\n\t<meta name=\"twitter:data1\" content=\"1 minute\" \/>\n<script type=\"application\/ld+json\" class=\"yoast-schema-graph\">{\"@context\":\"https:\/\/schema.org\",\"@graph\":[{\"@type\":\"WebPage\",\"@id\":\"https:\/\/business.roovi.com\/fr\/awale-game-jeu-de-strategie\/p\/\",\"url\":\"https:\/\/business.roovi.com\/fr\/awale-game-jeu-de-strategie\/p\/\",\"name\":\"Awale Game - Jeu de strat\u00e9gie\",\"isPartOf\":{\"@id\":\"https:\/\/business.roovi.com\/fr\/#website\"},\"datePublished\":\"2018-04-16T10:56:06+00:00\",\"dateModified\":\"2022-07-13T10:44:34+00:00\",\"description\":\"Awale Game - Jeu de strat\u00e9gie\",\"breadcrumb\":{\"@id\":\"https:\/\/business.roovi.com\/fr\/awale-game-jeu-de-strategie\/p\/#breadcrumb\"},\"inLanguage\":\"fr-FR\",\"potentialAction\":[{\"@type\":\"ReadAction\",\"target\":[\"https:\/\/business.roovi.com\/fr\/awale-game-jeu-de-strategie\/p\/\"]}]},{\"@type\":\"BreadcrumbList\",\"@id\":\"https:\/\/business.roovi.com\/fr\/awale-game-jeu-de-strategie\/p\/#breadcrumb\",\"itemListElement\":[{\"@type\":\"ListItem\",\"position\":1,\"name\":\"Home\",\"item\":\"https:\/\/business.roovi.com\/fr\/\"},{\"@type\":\"ListItem\",\"position\":2,\"name\":\"Boutique\",\"item\":\"https:\/\/business.roovi.com\/fr\/boutique\/\"},{\"@type\":\"ListItem\",\"position\":3,\"name\":\"Awale Game &#8211; Jeu de strat\u00e9gie\"}]},{\"@type\":\"WebSite\",\"@id\":\"https:\/\/business.roovi.com\/fr\/#website\",\"url\":\"https:\/\/business.roovi.com\/fr\/\",\"name\":\"Roovi B2B\",\"description\":\"Roovi Business Website\",\"potentialAction\":[{\"@type\":\"SearchAction\",\"target\":{\"@type\":\"EntryPoint\",\"urlTemplate\":\"https:\/\/business.roovi.com\/fr\/?s={search_term_string}\"},\"query-input\":\"required name=search_term_string\"}],\"inLanguage\":\"fr-FR\"}]}<\/script>\n<!-- \/ Yoast SEO plugin. -->","yoast_head_json":{"title":"Awale Game - Jeu de strat\u00e9gie","description":"Awale Game - Jeu de strat\u00e9gie","robots":{"index":"index","follow":"follow","max-snippet":"max-snippet:-1","max-image-preview":"max-image-preview:large","max-video-preview":"max-video-preview:-1"},"canonical":"https:\/\/business.roovi.com\/fr\/awale-game-jeu-de-strategie\/p\/","og_locale":"fr_FR","og_type":"article","og_title":"Awale Game - Jeu de strat\u00e9gie","og_description":"Awale Game - Jeu de strat\u00e9gie","og_url":"https:\/\/business.roovi.com\/fr\/awale-game-jeu-de-strategie\/p\/","og_site_name":"Roovi B2B","article_publisher":"https:\/\/www.facebook.com\/wwwjucariero","article_modified_time":"2022-07-13T10:44:34+00:00","og_image":[{"width":1200,"height":1200,"url":"https:\/\/business.roovi.com\/wp-content\/uploads\/2018\/04\/67319_elo_1.jpg","type":"image\/jpeg"}],"twitter_misc":{"Dur\u00e9e de lecture estim\u00e9e":"1 minute"},"schema":{"@context":"https:\/\/schema.org","@graph":[{"@type":"WebPage","@id":"https:\/\/business.roovi.com\/fr\/awale-game-jeu-de-strategie\/p\/","url":"https:\/\/business.roovi.com\/fr\/awale-game-jeu-de-strategie\/p\/","name":"Awale Game - Jeu de strat\u00e9gie","isPartOf":{"@id":"https:\/\/business.roovi.com\/fr\/#website"},"datePublished":"2018-04-16T10:56:06+00:00","dateModified":"2022-07-13T10:44:34+00:00","description":"Awale Game - Jeu de strat\u00e9gie","breadcrumb":{"@id":"https:\/\/business.roovi.com\/fr\/awale-game-jeu-de-strategie\/p\/#breadcrumb"},"inLanguage":"fr-FR","potentialAction":[{"@type":"ReadAction","target":["https:\/\/business.roovi.com\/fr\/awale-game-jeu-de-strategie\/p\/"]}]},{"@type":"BreadcrumbList","@id":"https:\/\/business.roovi.com\/fr\/awale-game-jeu-de-strategie\/p\/#breadcrumb","itemListElement":[{"@type":"ListItem","position":1,"name":"Home","item":"https:\/\/business.roovi.com\/fr\/"},{"@type":"ListItem","position":2,"name":"Boutique","item":"https:\/\/business.roovi.com\/fr\/boutique\/"},{"@type":"ListItem","position":3,"name":"Awale Game &#8211; Jeu de strat\u00e9gie"}]},{"@type":"WebSite","@id":"https:\/\/business.roovi.com\/fr\/#website","url":"https:\/\/business.roovi.com\/fr\/","name":"Roovi B2B","description":"Roovi Business Website","potentialAction":[{"@type":"SearchAction","target":{"@type":"EntryPoint","urlTemplate":"https:\/\/business.roovi.com\/fr\/?s={search_term_string}"},"query-input":"required name=search_term_string"}],"inLanguage":"fr-FR"}]}},"_links":{"self":[{"href":"https:\/\/business.roovi.com\/fr\/wp-json\/wp\/v2\/product\/53500","targetHints":{"allow":["GET"]}}],"collection":[{"href":"https:\/\/business.roovi.com\/fr\/wp-json\/wp\/v2\/product"}],"about":[{"href":"https:\/\/business.roovi.com\/fr\/wp-json\/wp\/v2\/types\/product"}],"version-history":[{"count":0,"href":"https:\/\/business.roovi.com\/fr\/wp-json\/wp\/v2\/product\/53500\/revisions"}],"wp:featuredmedia":[{"embeddable":true,"href":"https:\/\/business.roovi.com\/fr\/wp-json\/wp\/v2\/media\/70805"}],"wp:attachment":[{"href":"https:\/\/business.roovi.com\/fr\/wp-json\/wp\/v2\/media?parent=53500"}],"wp:term":[{"taxonomy":"product_brand","embeddable":true,"href":"https:\/\/business.roovi.com\/fr\/wp-json\/wp\/v2\/product_brand?post=53500"},{"taxonomy":"product_cat","embeddable":true,"href":"https:\/\/business.roovi.com\/fr\/wp-json\/wp\/v2\/product_cat?post=53500"},{"taxonomy":"product_tag","embeddable":true,"href":"https:\/\/business.roovi.com\/fr\/wp-json\/wp\/v2\/product_tag?post=53500"}],"curies":[{"name":"wp","href":"https:\/\/api.w.org\/{rel}","templated":true}]}}