{"id":53502,"date":"2018-04-16T10:56:06","date_gmt":"2018-04-16T10:56:06","guid":{"rendered":"https:\/\/business.roovi.com\/joc-remi-clasic\/p\/"},"modified":"2022-07-13T10:44:38","modified_gmt":"2022-07-13T10:44:38","slug":"jeu-remi-classic","status":"publish","type":"product","link":"https:\/\/business.roovi.com\/fr\/jeu-remi-classic\/p\/","title":{"rendered":"Jeu Remi Classic"},"content":{"rendered":"<p><span style=\"font-weight: 400;\">Savais-tu que le jeu de R\u00e9mi a \u00e9t\u00e9 invent\u00e9 par un Juif d&rsquo;origine roumaine qui s&rsquo;est install\u00e9 en Palestine apr\u00e8s que le r\u00e9gime communiste ait interdit les jeux de cartes en Roumanie dans les ann\u00e9es 1940 ? <\/span><\/p>\n<p><span style=\"font-weight: 400;\">Epharim Hertzano a donc trouv\u00e9 la solution pour traduire un jeu de cartes (rami) en un jeu avec des pierres similaire au jeu asiatique Mahjong.<\/span><\/p>\n<p><span style=\"font-weight: 400;\">Les premiers ensembles ont \u00e9t\u00e9 fabriqu\u00e9s \u00e0 la main dans son propre jardin, puis vendus de maison en maison. Remi est rapidement devenu l&rsquo;un des jeux les plus jou\u00e9s et appr\u00e9ci\u00e9s dans le monde entier et est devenu le premier jeu cr\u00e9\u00e9 et export\u00e9 d&rsquo;Isra\u00ebl <\/span><\/p>\n<p><span style=\"font-weight: 400;\">C&rsquo;est un jeu d&rsquo;attention et de r\u00e9flexion logique, le but \u00e9tant de faire la premi\u00e8re s\u00e9rie et suite avec toutes les pi\u00e8ces du plateau pour gagner.<\/span><\/p>\n<h2><span style=\"font-weight: 400;\">Savais-tu que le jeu Remi Classic..<\/span><\/h2>\n<ul>\n<li><span style=\"font-weight: 400;\">Tu peux jouer dans 3 versions diff\u00e9rentes : Am\u00e9ricaine, Sabra et Internationale, mais la version Sabra est le plus souvent jou\u00e9e <\/span><\/li>\n<li><span style=\"font-weight: 400;\">C&rsquo;est un jeu de concentration et d&rsquo;attention.<\/span><\/li>\n<li><span style=\"font-weight: 400;\">Il stimule la m\u00e9moire et la rapidit\u00e9 d&rsquo;esprit.<\/span><\/li>\n<li><span style=\"font-weight: 400;\">Il peut aussi \u00eatre jou\u00e9 avec succ\u00e8s par les enfants.<\/span><\/li>\n<li><span style=\"font-weight: 400;\">Il d\u00e9veloppe l&rsquo;esprit de comp\u00e9tition et peut \u00eatre jou\u00e9 en \u00e9quipe.<\/span><\/li>\n<li><span style=\"font-weight: 400;\">Addictive ! <\/span><\/li>\n<\/ul>\n<h2><span style=\"font-weight: 400;\">Pourquoi choisir Classic Remi<\/span><\/h2>\n<p><span style=\"font-weight: 400;\">Il s&rsquo;agit d&rsquo;un jeu de qualit\u00e9 sup\u00e9rieure avec des planches en bois durables pour un jeu amusant et ininterrompu.<\/span><\/p>\n<p><span style=\"font-weight: 400;\">Le jeu contient trois versions diff\u00e9rentes, de sorte que le plaisir et les d\u00e9fis sont \u00e0 la hauteur <\/span><\/p>\n<p><span style=\"font-weight: 400;\">Remi Classic est le jeu parfait pour jouer avec tes amis ou ta famille, \u00e0 tout moment et n&rsquo;importe o\u00f9. Tu peux l&#8217;emporter en vacances, l&#8217;emmener en pique-nique ou m\u00eame au sommet d&rsquo;une montagne, dans une cabane ou une tente <\/span><\/p>\n<p><span style=\"font-weight: 400;\">C&rsquo;est une source in\u00e9puisable de bonne humeur qui ne n\u00e9cessite aucune alimentation \u00e9lectrique et ne tombe jamais \u00e0 court de piles &#8211; les seuls qui se fatigueront en jouant seront probablement toi.<\/span><\/p>\n<p><span style=\"font-weight: 400;\">\u00c2ge recommand\u00e9 : 8+<\/span><\/p>\n<p><span style=\"font-weight: 400;\">Joueurs : 2 &#8211; 4 personnes<\/span><\/p>\n<p><span style=\"font-weight: 400;\">La bo\u00eete contient : 4 planches de jeu en bois, 106 pi\u00e8ces de jeu en plastique, 6 pi\u00e8ces de rechange (blanches), r\u00e8gles du jeu<\/span><\/p>\n<p><span style=\"font-weight: 400;\">Jeu non recommand\u00e9 pour les enfants de moins de 3 ans.<\/span><\/p><\/p>\n","protected":false},"excerpt":{"rendered":"<p>Savais-tu que le jeu de R\u00e9mi a \u00e9t\u00e9 invent\u00e9 par un Juif d&rsquo;origine roumaine qui s&rsquo;est install\u00e9 en Palestine apr\u00e8s<\/p>\n","protected":false},"featured_media":70795,"template":"","meta":[],"product_brand":[],"product_cat":[2305,2303],"product_tag":[],"class_list":{"0":"post-53502","1":"product","2":"type-product","3":"status-publish","4":"has-post-thumbnail","6":"product_cat-jeux-de-famille","7":"product_cat-jeux-de-societe","8":"pa_bax-10-fr","9":"pa_brand-d_toys-fr","10":"pa_country_of_manufacture-ro-fr","11":"pa_filter_age-14-fr","12":"pa_filter_age-5_7-fr","13":"pa_filter_age-7_9-fr","14":"pa_filter_age-9_14-fr","15":"pa_tip_ambalaj-boite","17":"first","18":"instock","19":"taxable","20":"shipping-taxable","21":"product-type-simple"},"yoast_head":"<!-- This site is optimized with the Yoast SEO plugin v20.1 - https:\/\/yoast.com\/wordpress\/plugins\/seo\/ -->\n<title>Jeu Remi Classic<\/title>\n<meta name=\"description\" content=\"Jeu Remi Classic\" \/>\n<meta name=\"robots\" content=\"index, follow, max-snippet:-1, max-image-preview:large, max-video-preview:-1\" \/>\n<link rel=\"canonical\" href=\"https:\/\/business.roovi.com\/fr\/jeu-remi-classic\/p\/\" \/>\n<meta property=\"og:locale\" content=\"fr_FR\" \/>\n<meta property=\"og:type\" content=\"article\" \/>\n<meta property=\"og:title\" content=\"Jeu Remi Classic\" \/>\n<meta property=\"og:description\" content=\"Jeu Remi Classic\" \/>\n<meta property=\"og:url\" content=\"https:\/\/business.roovi.com\/fr\/jeu-remi-classic\/p\/\" \/>\n<meta property=\"og:site_name\" content=\"Roovi B2B\" \/>\n<meta property=\"article:publisher\" content=\"https:\/\/www.facebook.com\/wwwjucariero\" \/>\n<meta property=\"article:modified_time\" content=\"2022-07-13T10:44:38+00:00\" \/>\n<meta property=\"og:image\" content=\"https:\/\/business.roovi.com\/wp-content\/uploads\/2018\/04\/66473_elo_remi_1.jpg\" \/>\n\t<meta property=\"og:image:width\" content=\"1200\" \/>\n\t<meta property=\"og:image:height\" content=\"1200\" \/>\n\t<meta property=\"og:image:type\" content=\"image\/jpeg\" \/>\n<meta name=\"twitter:label1\" content=\"Dur\u00e9e de lecture estim\u00e9e\" \/>\n\t<meta name=\"twitter:data1\" content=\"2 minutes\" \/>\n<script type=\"application\/ld+json\" class=\"yoast-schema-graph\">{\"@context\":\"https:\/\/schema.org\",\"@graph\":[{\"@type\":\"WebPage\",\"@id\":\"https:\/\/business.roovi.com\/fr\/jeu-remi-classic\/p\/\",\"url\":\"https:\/\/business.roovi.com\/fr\/jeu-remi-classic\/p\/\",\"name\":\"Jeu Remi Classic\",\"isPartOf\":{\"@id\":\"https:\/\/business.roovi.com\/fr\/#website\"},\"datePublished\":\"2018-04-16T10:56:06+00:00\",\"dateModified\":\"2022-07-13T10:44:38+00:00\",\"description\":\"Jeu Remi Classic\",\"breadcrumb\":{\"@id\":\"https:\/\/business.roovi.com\/fr\/jeu-remi-classic\/p\/#breadcrumb\"},\"inLanguage\":\"fr-FR\",\"potentialAction\":[{\"@type\":\"ReadAction\",\"target\":[\"https:\/\/business.roovi.com\/fr\/jeu-remi-classic\/p\/\"]}]},{\"@type\":\"BreadcrumbList\",\"@id\":\"https:\/\/business.roovi.com\/fr\/jeu-remi-classic\/p\/#breadcrumb\",\"itemListElement\":[{\"@type\":\"ListItem\",\"position\":1,\"name\":\"Home\",\"item\":\"https:\/\/business.roovi.com\/fr\/\"},{\"@type\":\"ListItem\",\"position\":2,\"name\":\"Boutique\",\"item\":\"https:\/\/business.roovi.com\/fr\/boutique\/\"},{\"@type\":\"ListItem\",\"position\":3,\"name\":\"Jeu Remi Classic\"}]},{\"@type\":\"WebSite\",\"@id\":\"https:\/\/business.roovi.com\/fr\/#website\",\"url\":\"https:\/\/business.roovi.com\/fr\/\",\"name\":\"Roovi B2B\",\"description\":\"Roovi Business Website\",\"potentialAction\":[{\"@type\":\"SearchAction\",\"target\":{\"@type\":\"EntryPoint\",\"urlTemplate\":\"https:\/\/business.roovi.com\/fr\/?s={search_term_string}\"},\"query-input\":\"required name=search_term_string\"}],\"inLanguage\":\"fr-FR\"}]}<\/script>\n<!-- \/ Yoast SEO plugin. -->","yoast_head_json":{"title":"Jeu Remi Classic","description":"Jeu Remi Classic","robots":{"index":"index","follow":"follow","max-snippet":"max-snippet:-1","max-image-preview":"max-image-preview:large","max-video-preview":"max-video-preview:-1"},"canonical":"https:\/\/business.roovi.com\/fr\/jeu-remi-classic\/p\/","og_locale":"fr_FR","og_type":"article","og_title":"Jeu Remi Classic","og_description":"Jeu Remi Classic","og_url":"https:\/\/business.roovi.com\/fr\/jeu-remi-classic\/p\/","og_site_name":"Roovi B2B","article_publisher":"https:\/\/www.facebook.com\/wwwjucariero","article_modified_time":"2022-07-13T10:44:38+00:00","og_image":[{"width":1200,"height":1200,"url":"https:\/\/business.roovi.com\/wp-content\/uploads\/2018\/04\/66473_elo_remi_1.jpg","type":"image\/jpeg"}],"twitter_misc":{"Dur\u00e9e de lecture estim\u00e9e":"2 minutes"},"schema":{"@context":"https:\/\/schema.org","@graph":[{"@type":"WebPage","@id":"https:\/\/business.roovi.com\/fr\/jeu-remi-classic\/p\/","url":"https:\/\/business.roovi.com\/fr\/jeu-remi-classic\/p\/","name":"Jeu Remi Classic","isPartOf":{"@id":"https:\/\/business.roovi.com\/fr\/#website"},"datePublished":"2018-04-16T10:56:06+00:00","dateModified":"2022-07-13T10:44:38+00:00","description":"Jeu Remi Classic","breadcrumb":{"@id":"https:\/\/business.roovi.com\/fr\/jeu-remi-classic\/p\/#breadcrumb"},"inLanguage":"fr-FR","potentialAction":[{"@type":"ReadAction","target":["https:\/\/business.roovi.com\/fr\/jeu-remi-classic\/p\/"]}]},{"@type":"BreadcrumbList","@id":"https:\/\/business.roovi.com\/fr\/jeu-remi-classic\/p\/#breadcrumb","itemListElement":[{"@type":"ListItem","position":1,"name":"Home","item":"https:\/\/business.roovi.com\/fr\/"},{"@type":"ListItem","position":2,"name":"Boutique","item":"https:\/\/business.roovi.com\/fr\/boutique\/"},{"@type":"ListItem","position":3,"name":"Jeu Remi Classic"}]},{"@type":"WebSite","@id":"https:\/\/business.roovi.com\/fr\/#website","url":"https:\/\/business.roovi.com\/fr\/","name":"Roovi B2B","description":"Roovi Business Website","potentialAction":[{"@type":"SearchAction","target":{"@type":"EntryPoint","urlTemplate":"https:\/\/business.roovi.com\/fr\/?s={search_term_string}"},"query-input":"required name=search_term_string"}],"inLanguage":"fr-FR"}]}},"_links":{"self":[{"href":"https:\/\/business.roovi.com\/fr\/wp-json\/wp\/v2\/product\/53502","targetHints":{"allow":["GET"]}}],"collection":[{"href":"https:\/\/business.roovi.com\/fr\/wp-json\/wp\/v2\/product"}],"about":[{"href":"https:\/\/business.roovi.com\/fr\/wp-json\/wp\/v2\/types\/product"}],"version-history":[{"count":0,"href":"https:\/\/business.roovi.com\/fr\/wp-json\/wp\/v2\/product\/53502\/revisions"}],"wp:featuredmedia":[{"embeddable":true,"href":"https:\/\/business.roovi.com\/fr\/wp-json\/wp\/v2\/media\/70795"}],"wp:attachment":[{"href":"https:\/\/business.roovi.com\/fr\/wp-json\/wp\/v2\/media?parent=53502"}],"wp:term":[{"taxonomy":"product_brand","embeddable":true,"href":"https:\/\/business.roovi.com\/fr\/wp-json\/wp\/v2\/product_brand?post=53502"},{"taxonomy":"product_cat","embeddable":true,"href":"https:\/\/business.roovi.com\/fr\/wp-json\/wp\/v2\/product_cat?post=53502"},{"taxonomy":"product_tag","embeddable":true,"href":"https:\/\/business.roovi.com\/fr\/wp-json\/wp\/v2\/product_tag?post=53502"}],"curies":[{"name":"wp","href":"https:\/\/api.w.org\/{rel}","templated":true}]}}