{"id":53512,"date":"2018-04-16T10:56:06","date_gmt":"2018-04-16T10:56:06","guid":{"rendered":"https:\/\/business.roovi.com\/colectie-de-jocuri-35-posibilitati-de-joc-basme\/p\/"},"modified":"2022-07-13T10:44:57","modified_gmt":"2022-07-13T10:44:57","slug":"collection-de-jeux-de-societe-classiques-35-possibilites-de-jeu-contes-de-fees","status":"publish","type":"product","link":"https:\/\/business.roovi.com\/fr\/collection-de-jeux-de-societe-classiques-35-possibilites-de-jeu-contes-de-fees\/p\/","title":{"rendered":"Collection de jeux de soci\u00e9t\u00e9 classiques &#8211; 35 possibilit\u00e9s de jeu &#8211; Contes de f\u00e9es"},"content":{"rendered":"<p>Un ensemble de jeux de soci\u00e9t\u00e9 mettant en sc\u00e8ne des personnages de contes de f\u00e9es classiques (Le Chat Bott\u00e9, Le Chemin Perdu avec Hansel et Gretel, Le Petit Chaperon Rouge, Blanche-Neige et les Sept Nains, Gulliver, Pinocchio). La collection contient : 3 plateaux avec 6 faces de jeu illustr\u00e9es de personnages de contes de f\u00e9es, 16 pions, un d\u00e9, 16 pi\u00e8ces rondes avec \u00e9toile, 8 pi\u00e8ces carr\u00e9es rouges, des instructions pour jouer.<\/p>\n","protected":false},"excerpt":{"rendered":"<p>Un ensemble de jeux de soci\u00e9t\u00e9 mettant en sc\u00e8ne des personnages de contes de f\u00e9es classiques (Le Chat Bott\u00e9, Le<\/p>\n","protected":false},"featured_media":72302,"template":"","meta":[],"product_brand":[],"product_cat":[2335,2303],"product_tag":[],"class_list":{"0":"post-53512","1":"product","2":"type-product","3":"status-publish","4":"has-post-thumbnail","6":"product_cat-jeux-classiques","7":"product_cat-jeux-de-societe","8":"pa_bax-10-fr","9":"pa_brand-d_toys-fr","10":"pa_country_of_manufacture-ro-fr","11":"pa_filter_age-3_5-fr","12":"pa_filter_age-5_7-fr","13":"pa_filter_age-7_9-fr","14":"pa_tip_ambalaj-boite","16":"first","17":"instock","18":"taxable","19":"shipping-taxable","20":"product-type-simple"},"yoast_head":"<!-- This site is optimized with the Yoast SEO plugin v20.1 - https:\/\/yoast.com\/wordpress\/plugins\/seo\/ -->\n<title>Collection de jeux de soci\u00e9t\u00e9 classiques - 35 possibilit\u00e9s de jeu - Contes de f\u00e9es<\/title>\n<meta name=\"description\" content=\"Collection de jeux de soci\u00e9t\u00e9 classiques - 35 possibilit\u00e9s de jeu - Contes de f\u00e9es\" \/>\n<meta name=\"robots\" content=\"index, follow, max-snippet:-1, max-image-preview:large, max-video-preview:-1\" \/>\n<link rel=\"canonical\" href=\"https:\/\/business.roovi.com\/fr\/collection-de-jeux-de-societe-classiques-35-possibilites-de-jeu-contes-de-fees\/p\/\" \/>\n<meta property=\"og:locale\" content=\"fr_FR\" \/>\n<meta property=\"og:type\" content=\"article\" \/>\n<meta property=\"og:title\" content=\"Collection de jeux de soci\u00e9t\u00e9 classiques - 35 possibilit\u00e9s de jeu - Contes de f\u00e9es\" \/>\n<meta property=\"og:description\" content=\"Collection de jeux de soci\u00e9t\u00e9 classiques - 35 possibilit\u00e9s de jeu - Contes de f\u00e9es\" \/>\n<meta property=\"og:url\" content=\"https:\/\/business.roovi.com\/fr\/collection-de-jeux-de-societe-classiques-35-possibilites-de-jeu-contes-de-fees\/p\/\" \/>\n<meta property=\"og:site_name\" content=\"Roovi B2B\" \/>\n<meta property=\"article:publisher\" content=\"https:\/\/www.facebook.com\/wwwjucariero\" \/>\n<meta property=\"article:modified_time\" content=\"2022-07-13T10:44:57+00:00\" \/>\n<meta property=\"og:image\" content=\"https:\/\/business.roovi.com\/wp-content\/uploads\/2018\/04\/50960_elo_1.jpg\" \/>\n\t<meta property=\"og:image:width\" content=\"1200\" \/>\n\t<meta property=\"og:image:height\" content=\"1200\" \/>\n\t<meta property=\"og:image:type\" content=\"image\/jpeg\" \/>\n<script type=\"application\/ld+json\" class=\"yoast-schema-graph\">{\"@context\":\"https:\/\/schema.org\",\"@graph\":[{\"@type\":\"WebPage\",\"@id\":\"https:\/\/business.roovi.com\/fr\/collection-de-jeux-de-societe-classiques-35-possibilites-de-jeu-contes-de-fees\/p\/\",\"url\":\"https:\/\/business.roovi.com\/fr\/collection-de-jeux-de-societe-classiques-35-possibilites-de-jeu-contes-de-fees\/p\/\",\"name\":\"Collection de jeux de soci\u00e9t\u00e9 classiques - 35 possibilit\u00e9s de jeu - Contes de f\u00e9es\",\"isPartOf\":{\"@id\":\"https:\/\/business.roovi.com\/fr\/#website\"},\"datePublished\":\"2018-04-16T10:56:06+00:00\",\"dateModified\":\"2022-07-13T10:44:57+00:00\",\"description\":\"Collection de jeux de soci\u00e9t\u00e9 classiques - 35 possibilit\u00e9s de jeu - Contes de f\u00e9es\",\"breadcrumb\":{\"@id\":\"https:\/\/business.roovi.com\/fr\/collection-de-jeux-de-societe-classiques-35-possibilites-de-jeu-contes-de-fees\/p\/#breadcrumb\"},\"inLanguage\":\"fr-FR\",\"potentialAction\":[{\"@type\":\"ReadAction\",\"target\":[\"https:\/\/business.roovi.com\/fr\/collection-de-jeux-de-societe-classiques-35-possibilites-de-jeu-contes-de-fees\/p\/\"]}]},{\"@type\":\"BreadcrumbList\",\"@id\":\"https:\/\/business.roovi.com\/fr\/collection-de-jeux-de-societe-classiques-35-possibilites-de-jeu-contes-de-fees\/p\/#breadcrumb\",\"itemListElement\":[{\"@type\":\"ListItem\",\"position\":1,\"name\":\"Home\",\"item\":\"https:\/\/business.roovi.com\/fr\/\"},{\"@type\":\"ListItem\",\"position\":2,\"name\":\"Boutique\",\"item\":\"https:\/\/business.roovi.com\/fr\/boutique\/\"},{\"@type\":\"ListItem\",\"position\":3,\"name\":\"Collection de jeux de soci\u00e9t\u00e9 classiques &#8211; 35 possibilit\u00e9s de jeu &#8211; Contes de f\u00e9es\"}]},{\"@type\":\"WebSite\",\"@id\":\"https:\/\/business.roovi.com\/fr\/#website\",\"url\":\"https:\/\/business.roovi.com\/fr\/\",\"name\":\"Roovi B2B\",\"description\":\"Roovi Business Website\",\"potentialAction\":[{\"@type\":\"SearchAction\",\"target\":{\"@type\":\"EntryPoint\",\"urlTemplate\":\"https:\/\/business.roovi.com\/fr\/?s={search_term_string}\"},\"query-input\":\"required name=search_term_string\"}],\"inLanguage\":\"fr-FR\"}]}<\/script>\n<!-- \/ Yoast SEO plugin. -->","yoast_head_json":{"title":"Collection de jeux de soci\u00e9t\u00e9 classiques - 35 possibilit\u00e9s de jeu - Contes de f\u00e9es","description":"Collection de jeux de soci\u00e9t\u00e9 classiques - 35 possibilit\u00e9s de jeu - Contes de f\u00e9es","robots":{"index":"index","follow":"follow","max-snippet":"max-snippet:-1","max-image-preview":"max-image-preview:large","max-video-preview":"max-video-preview:-1"},"canonical":"https:\/\/business.roovi.com\/fr\/collection-de-jeux-de-societe-classiques-35-possibilites-de-jeu-contes-de-fees\/p\/","og_locale":"fr_FR","og_type":"article","og_title":"Collection de jeux de soci\u00e9t\u00e9 classiques - 35 possibilit\u00e9s de jeu - Contes de f\u00e9es","og_description":"Collection de jeux de soci\u00e9t\u00e9 classiques - 35 possibilit\u00e9s de jeu - Contes de f\u00e9es","og_url":"https:\/\/business.roovi.com\/fr\/collection-de-jeux-de-societe-classiques-35-possibilites-de-jeu-contes-de-fees\/p\/","og_site_name":"Roovi B2B","article_publisher":"https:\/\/www.facebook.com\/wwwjucariero","article_modified_time":"2022-07-13T10:44:57+00:00","og_image":[{"width":1200,"height":1200,"url":"https:\/\/business.roovi.com\/wp-content\/uploads\/2018\/04\/50960_elo_1.jpg","type":"image\/jpeg"}],"schema":{"@context":"https:\/\/schema.org","@graph":[{"@type":"WebPage","@id":"https:\/\/business.roovi.com\/fr\/collection-de-jeux-de-societe-classiques-35-possibilites-de-jeu-contes-de-fees\/p\/","url":"https:\/\/business.roovi.com\/fr\/collection-de-jeux-de-societe-classiques-35-possibilites-de-jeu-contes-de-fees\/p\/","name":"Collection de jeux de soci\u00e9t\u00e9 classiques - 35 possibilit\u00e9s de jeu - Contes de f\u00e9es","isPartOf":{"@id":"https:\/\/business.roovi.com\/fr\/#website"},"datePublished":"2018-04-16T10:56:06+00:00","dateModified":"2022-07-13T10:44:57+00:00","description":"Collection de jeux de soci\u00e9t\u00e9 classiques - 35 possibilit\u00e9s de jeu - Contes de f\u00e9es","breadcrumb":{"@id":"https:\/\/business.roovi.com\/fr\/collection-de-jeux-de-societe-classiques-35-possibilites-de-jeu-contes-de-fees\/p\/#breadcrumb"},"inLanguage":"fr-FR","potentialAction":[{"@type":"ReadAction","target":["https:\/\/business.roovi.com\/fr\/collection-de-jeux-de-societe-classiques-35-possibilites-de-jeu-contes-de-fees\/p\/"]}]},{"@type":"BreadcrumbList","@id":"https:\/\/business.roovi.com\/fr\/collection-de-jeux-de-societe-classiques-35-possibilites-de-jeu-contes-de-fees\/p\/#breadcrumb","itemListElement":[{"@type":"ListItem","position":1,"name":"Home","item":"https:\/\/business.roovi.com\/fr\/"},{"@type":"ListItem","position":2,"name":"Boutique","item":"https:\/\/business.roovi.com\/fr\/boutique\/"},{"@type":"ListItem","position":3,"name":"Collection de jeux de soci\u00e9t\u00e9 classiques &#8211; 35 possibilit\u00e9s de jeu &#8211; Contes de f\u00e9es"}]},{"@type":"WebSite","@id":"https:\/\/business.roovi.com\/fr\/#website","url":"https:\/\/business.roovi.com\/fr\/","name":"Roovi B2B","description":"Roovi Business Website","potentialAction":[{"@type":"SearchAction","target":{"@type":"EntryPoint","urlTemplate":"https:\/\/business.roovi.com\/fr\/?s={search_term_string}"},"query-input":"required name=search_term_string"}],"inLanguage":"fr-FR"}]}},"_links":{"self":[{"href":"https:\/\/business.roovi.com\/fr\/wp-json\/wp\/v2\/product\/53512","targetHints":{"allow":["GET"]}}],"collection":[{"href":"https:\/\/business.roovi.com\/fr\/wp-json\/wp\/v2\/product"}],"about":[{"href":"https:\/\/business.roovi.com\/fr\/wp-json\/wp\/v2\/types\/product"}],"version-history":[{"count":0,"href":"https:\/\/business.roovi.com\/fr\/wp-json\/wp\/v2\/product\/53512\/revisions"}],"wp:featuredmedia":[{"embeddable":true,"href":"https:\/\/business.roovi.com\/fr\/wp-json\/wp\/v2\/media\/72302"}],"wp:attachment":[{"href":"https:\/\/business.roovi.com\/fr\/wp-json\/wp\/v2\/media?parent=53512"}],"wp:term":[{"taxonomy":"product_brand","embeddable":true,"href":"https:\/\/business.roovi.com\/fr\/wp-json\/wp\/v2\/product_brand?post=53512"},{"taxonomy":"product_cat","embeddable":true,"href":"https:\/\/business.roovi.com\/fr\/wp-json\/wp\/v2\/product_cat?post=53512"},{"taxonomy":"product_tag","embeddable":true,"href":"https:\/\/business.roovi.com\/fr\/wp-json\/wp\/v2\/product_tag?post=53512"}],"curies":[{"name":"wp","href":"https:\/\/api.w.org\/{rel}","templated":true}]}}