{"id":53518,"date":"2018-04-16T10:56:06","date_gmt":"2018-04-16T10:56:06","guid":{"rendered":"https:\/\/business.roovi.com\/joc-pantomime-animale\/p\/"},"modified":"2022-07-13T10:45:14","modified_gmt":"2022-07-13T10:45:14","slug":"jeu-de-pantomime-des-animaux-jeu-de-plateau-et-de-mime","status":"publish","type":"product","link":"https:\/\/business.roovi.com\/fr\/jeu-de-pantomime-des-animaux-jeu-de-plateau-et-de-mime\/p\/","title":{"rendered":"Jeu de pantomime des animaux &#8211; Jeu de plateau et de mime"},"content":{"rendered":"<p><span style=\"font-weight: 400;\">Comment imiter un sanglier sauvage ? Et un dauphin ? Ou peut-\u00eatre une fourmi ? Exerce tes talents de mime avec ton enfant et entre dans le royaume des jeux super amusants avec Animal Pantomime.<\/span><\/p>\n<p><span style=\"font-weight: 400;\">D\u00e9couvre un jeu de mime super amusant adapt\u00e9 \u00e0 toute la famille qui met l&rsquo;ambiance et cr\u00e9e l&rsquo;atmosph\u00e8re de n&rsquo;importe quelle f\u00eate d&rsquo;enfants. Pantomime est le jeu qui permet de s&rsquo;amuser pendant des heures et de faire rire tout le monde, des tout-petits aux adultes <\/span><\/p>\n<p><span style=\"font-weight: 400;\">De plus, tu ne sais jamais quels talents cach\u00e9s de mime tu vas d\u00e9couvrir que tu as en jouant en \u00e9quipe avec ton enfant <\/span><\/p>\n<h2><span style=\"font-weight: 400;\">Savais-tu que le jeu Animal Pantomime..<\/span><\/h2>\n<ul>\n<li><span style=\"font-weight: 400;\">D\u00e9veloppe la cr\u00e9ativit\u00e9.<\/span><\/li>\n<li><span style=\"font-weight: 400;\">Stimule l&rsquo;esprit d&rsquo;\u00e9quipe et la coop\u00e9ration.<\/span><\/li>\n<li><span style=\"font-weight: 400;\">Aide \u00e0 d\u00e9velopper les comp\u00e9tences artistiques et l&rsquo;expressivit\u00e9, que les petits utilisent pleinement pour imiter au mieux l&rsquo;animal de la carte.<\/span><\/li>\n<li><span style=\"font-weight: 400;\">\u00c9tablit les notions de base du temps \u00e0 l&rsquo;aide du sablier.<\/span><\/li>\n<li><span style=\"font-weight: 400;\">D\u00e9veloppe les capacit\u00e9s de r\u00e9flexion rapide, avec une limite de temps pour mimer le personnage en carton.<\/span><\/li>\n<\/ul>\n<h2><span style=\"font-weight: 400;\">Pourquoi la Pantomime des animaux est-elle si sp\u00e9ciale ?<\/span><\/h2>\n<p><span style=\"font-weight: 400;\">La pantomime est un jeu extr\u00eamement polyvalent qui d\u00e9veloppe les comp\u00e9tences d&rsquo;expression non verbale \u00e0 l&rsquo;aide de gestes et de mimiques.<\/span><\/p>\n<p><span style=\"font-weight: 400;\">C&rsquo;est un tr\u00e8s bon jeu de coordination d&rsquo;\u00e9quipe, qui pose les bases des notions de coop\u00e9ration, de confiance, de soutien et de partage de la satisfaction commune du succ\u00e8s et de l&rsquo;assomption commune de la d\u00e9faite <\/span><\/p>\n<p><span style=\"font-weight: 400;\">De plus, elle stimule intens\u00e9ment la cr\u00e9ativit\u00e9. Les joueurs doivent trouver la fa\u00e7on la plus cr\u00e9ative d&rsquo;imiter diff\u00e9rents animaux, afin que leur \u00e9quipe puisse deviner l&rsquo;animal mim\u00e9 avant que le temps ne soit \u00e9coul\u00e9.<\/span><\/p>\n<p><span style=\"font-weight: 400;\">\u00c2ge recommand\u00e9 : 4+<\/span><\/p>\n<p><span style=\"font-weight: 400;\">Joueurs : 2 &#8211; 16 joueurs<\/span><\/p>\n<p><span style=\"font-weight: 400;\">La bo\u00eete contient <\/span><span style=\"font-weight: 400;\">1 plateau de jeu, 64 cartes \u00e0 jouer, 1 sablier, 4 pions, 1 d\u00e9, r\u00e8gles du jeu.<\/span><\/p>\n<p><span style=\"font-weight: 400;\">Jeu non recommand\u00e9 pour les enfants de moins de 3 ans. Contient de petits morceaux qui peuvent \u00eatre aval\u00e9s.<\/span><\/p><\/p>\n","protected":false},"excerpt":{"rendered":"<p>Comment imiter un sanglier sauvage ? Et un dauphin ? Ou peut-\u00eatre une fourmi ? Exerce tes talents de mime<\/p>\n","protected":false},"featured_media":44964,"template":"","meta":[],"product_brand":[],"product_cat":[2304,2303],"product_tag":[],"class_list":{"0":"post-53518","1":"product","2":"type-product","3":"status-publish","4":"has-post-thumbnail","6":"product_cat-jeux-de-fete","7":"product_cat-jeux-de-societe","8":"pa_bax-10-fr","9":"pa_brand-d_toys-fr","10":"pa_country_of_manufacture-ro-fr","11":"pa_filter_age-14-fr","12":"pa_filter_age-3_5-fr","13":"pa_filter_age-5_7-fr","14":"pa_filter_age-7_9-fr","15":"pa_filter_age-9_14-fr","16":"pa_tip_ambalaj-boite","18":"first","19":"instock","20":"taxable","21":"shipping-taxable","22":"product-type-simple"},"yoast_head":"<!-- This site is optimized with the Yoast SEO plugin v20.1 - https:\/\/yoast.com\/wordpress\/plugins\/seo\/ -->\n<title>Jeu de pantomime des animaux - Jeu de plateau et de mime<\/title>\n<meta name=\"description\" content=\"Jeu de pantomime des animaux - Jeu de plateau et de mime\" \/>\n<meta name=\"robots\" content=\"index, follow, max-snippet:-1, max-image-preview:large, max-video-preview:-1\" \/>\n<link rel=\"canonical\" href=\"https:\/\/business.roovi.com\/fr\/jeu-de-pantomime-des-animaux-jeu-de-plateau-et-de-mime\/p\/\" \/>\n<meta property=\"og:locale\" content=\"fr_FR\" \/>\n<meta property=\"og:type\" content=\"article\" \/>\n<meta property=\"og:title\" content=\"Jeu de pantomime des animaux - Jeu de plateau et de mime\" \/>\n<meta property=\"og:description\" content=\"Jeu de pantomime des animaux - Jeu de plateau et de mime\" \/>\n<meta property=\"og:url\" content=\"https:\/\/business.roovi.com\/fr\/jeu-de-pantomime-des-animaux-jeu-de-plateau-et-de-mime\/p\/\" \/>\n<meta property=\"og:site_name\" content=\"Roovi B2B\" \/>\n<meta property=\"article:publisher\" content=\"https:\/\/www.facebook.com\/wwwjucariero\" \/>\n<meta property=\"article:modified_time\" content=\"2022-07-13T10:45:14+00:00\" \/>\n<meta property=\"og:image\" content=\"https:\/\/business.roovi.com\/wp-content\/uploads\/2018\/04\/66459_elo_pantomime_1.jpg\" \/>\n\t<meta property=\"og:image:width\" content=\"1200\" \/>\n\t<meta property=\"og:image:height\" content=\"1200\" \/>\n\t<meta property=\"og:image:type\" content=\"image\/jpeg\" \/>\n<meta name=\"twitter:label1\" content=\"Dur\u00e9e de lecture estim\u00e9e\" \/>\n\t<meta name=\"twitter:data1\" content=\"2 minutes\" \/>\n<script type=\"application\/ld+json\" class=\"yoast-schema-graph\">{\"@context\":\"https:\/\/schema.org\",\"@graph\":[{\"@type\":\"WebPage\",\"@id\":\"https:\/\/business.roovi.com\/fr\/jeu-de-pantomime-des-animaux-jeu-de-plateau-et-de-mime\/p\/\",\"url\":\"https:\/\/business.roovi.com\/fr\/jeu-de-pantomime-des-animaux-jeu-de-plateau-et-de-mime\/p\/\",\"name\":\"Jeu de pantomime des animaux - Jeu de plateau et de mime\",\"isPartOf\":{\"@id\":\"https:\/\/business.roovi.com\/fr\/#website\"},\"datePublished\":\"2018-04-16T10:56:06+00:00\",\"dateModified\":\"2022-07-13T10:45:14+00:00\",\"description\":\"Jeu de pantomime des animaux - Jeu de plateau et de mime\",\"breadcrumb\":{\"@id\":\"https:\/\/business.roovi.com\/fr\/jeu-de-pantomime-des-animaux-jeu-de-plateau-et-de-mime\/p\/#breadcrumb\"},\"inLanguage\":\"fr-FR\",\"potentialAction\":[{\"@type\":\"ReadAction\",\"target\":[\"https:\/\/business.roovi.com\/fr\/jeu-de-pantomime-des-animaux-jeu-de-plateau-et-de-mime\/p\/\"]}]},{\"@type\":\"BreadcrumbList\",\"@id\":\"https:\/\/business.roovi.com\/fr\/jeu-de-pantomime-des-animaux-jeu-de-plateau-et-de-mime\/p\/#breadcrumb\",\"itemListElement\":[{\"@type\":\"ListItem\",\"position\":1,\"name\":\"Home\",\"item\":\"https:\/\/business.roovi.com\/fr\/\"},{\"@type\":\"ListItem\",\"position\":2,\"name\":\"Boutique\",\"item\":\"https:\/\/business.roovi.com\/fr\/boutique\/\"},{\"@type\":\"ListItem\",\"position\":3,\"name\":\"Jeu de pantomime des animaux &#8211; Jeu de plateau et de mime\"}]},{\"@type\":\"WebSite\",\"@id\":\"https:\/\/business.roovi.com\/fr\/#website\",\"url\":\"https:\/\/business.roovi.com\/fr\/\",\"name\":\"Roovi B2B\",\"description\":\"Roovi Business Website\",\"potentialAction\":[{\"@type\":\"SearchAction\",\"target\":{\"@type\":\"EntryPoint\",\"urlTemplate\":\"https:\/\/business.roovi.com\/fr\/?s={search_term_string}\"},\"query-input\":\"required name=search_term_string\"}],\"inLanguage\":\"fr-FR\"}]}<\/script>\n<!-- \/ Yoast SEO plugin. -->","yoast_head_json":{"title":"Jeu de pantomime des animaux - Jeu de plateau et de mime","description":"Jeu de pantomime des animaux - Jeu de plateau et de mime","robots":{"index":"index","follow":"follow","max-snippet":"max-snippet:-1","max-image-preview":"max-image-preview:large","max-video-preview":"max-video-preview:-1"},"canonical":"https:\/\/business.roovi.com\/fr\/jeu-de-pantomime-des-animaux-jeu-de-plateau-et-de-mime\/p\/","og_locale":"fr_FR","og_type":"article","og_title":"Jeu de pantomime des animaux - Jeu de plateau et de mime","og_description":"Jeu de pantomime des animaux - Jeu de plateau et de mime","og_url":"https:\/\/business.roovi.com\/fr\/jeu-de-pantomime-des-animaux-jeu-de-plateau-et-de-mime\/p\/","og_site_name":"Roovi B2B","article_publisher":"https:\/\/www.facebook.com\/wwwjucariero","article_modified_time":"2022-07-13T10:45:14+00:00","og_image":[{"width":1200,"height":1200,"url":"https:\/\/business.roovi.com\/wp-content\/uploads\/2018\/04\/66459_elo_pantomime_1.jpg","type":"image\/jpeg"}],"twitter_misc":{"Dur\u00e9e de lecture estim\u00e9e":"2 minutes"},"schema":{"@context":"https:\/\/schema.org","@graph":[{"@type":"WebPage","@id":"https:\/\/business.roovi.com\/fr\/jeu-de-pantomime-des-animaux-jeu-de-plateau-et-de-mime\/p\/","url":"https:\/\/business.roovi.com\/fr\/jeu-de-pantomime-des-animaux-jeu-de-plateau-et-de-mime\/p\/","name":"Jeu de pantomime des animaux - Jeu de plateau et de mime","isPartOf":{"@id":"https:\/\/business.roovi.com\/fr\/#website"},"datePublished":"2018-04-16T10:56:06+00:00","dateModified":"2022-07-13T10:45:14+00:00","description":"Jeu de pantomime des animaux - Jeu de plateau et de mime","breadcrumb":{"@id":"https:\/\/business.roovi.com\/fr\/jeu-de-pantomime-des-animaux-jeu-de-plateau-et-de-mime\/p\/#breadcrumb"},"inLanguage":"fr-FR","potentialAction":[{"@type":"ReadAction","target":["https:\/\/business.roovi.com\/fr\/jeu-de-pantomime-des-animaux-jeu-de-plateau-et-de-mime\/p\/"]}]},{"@type":"BreadcrumbList","@id":"https:\/\/business.roovi.com\/fr\/jeu-de-pantomime-des-animaux-jeu-de-plateau-et-de-mime\/p\/#breadcrumb","itemListElement":[{"@type":"ListItem","position":1,"name":"Home","item":"https:\/\/business.roovi.com\/fr\/"},{"@type":"ListItem","position":2,"name":"Boutique","item":"https:\/\/business.roovi.com\/fr\/boutique\/"},{"@type":"ListItem","position":3,"name":"Jeu de pantomime des animaux &#8211; Jeu de plateau et de mime"}]},{"@type":"WebSite","@id":"https:\/\/business.roovi.com\/fr\/#website","url":"https:\/\/business.roovi.com\/fr\/","name":"Roovi B2B","description":"Roovi Business Website","potentialAction":[{"@type":"SearchAction","target":{"@type":"EntryPoint","urlTemplate":"https:\/\/business.roovi.com\/fr\/?s={search_term_string}"},"query-input":"required name=search_term_string"}],"inLanguage":"fr-FR"}]}},"_links":{"self":[{"href":"https:\/\/business.roovi.com\/fr\/wp-json\/wp\/v2\/product\/53518","targetHints":{"allow":["GET"]}}],"collection":[{"href":"https:\/\/business.roovi.com\/fr\/wp-json\/wp\/v2\/product"}],"about":[{"href":"https:\/\/business.roovi.com\/fr\/wp-json\/wp\/v2\/types\/product"}],"version-history":[{"count":0,"href":"https:\/\/business.roovi.com\/fr\/wp-json\/wp\/v2\/product\/53518\/revisions"}],"wp:featuredmedia":[{"embeddable":true,"href":"https:\/\/business.roovi.com\/fr\/wp-json\/wp\/v2\/media\/44964"}],"wp:attachment":[{"href":"https:\/\/business.roovi.com\/fr\/wp-json\/wp\/v2\/media?parent=53518"}],"wp:term":[{"taxonomy":"product_brand","embeddable":true,"href":"https:\/\/business.roovi.com\/fr\/wp-json\/wp\/v2\/product_brand?post=53518"},{"taxonomy":"product_cat","embeddable":true,"href":"https:\/\/business.roovi.com\/fr\/wp-json\/wp\/v2\/product_cat?post=53518"},{"taxonomy":"product_tag","embeddable":true,"href":"https:\/\/business.roovi.com\/fr\/wp-json\/wp\/v2\/product_tag?post=53518"}],"curies":[{"name":"wp","href":"https:\/\/api.w.org\/{rel}","templated":true}]}}