{"id":53524,"date":"2018-04-16T10:56:06","date_gmt":"2018-04-16T10:56:06","guid":{"rendered":"https:\/\/business.roovi.com\/joc-comoara-piratilor\/p\/"},"modified":"2022-07-13T10:45:24","modified_gmt":"2022-07-13T10:45:24","slug":"pirates-treasure-jeu-de-societe-3d","status":"publish","type":"product","link":"https:\/\/business.roovi.com\/fr\/pirates-treasure-jeu-de-societe-3d\/p\/","title":{"rendered":"Pirate&rsquo;s Treasure &#8211; Jeu de soci\u00e9t\u00e9 3D"},"content":{"rendered":"<p><span style=\"font-weight: 400;\">Pirate&rsquo;s Treasure est le jeu de soci\u00e9t\u00e9 parfait pour stimuler l&rsquo;imagination d\u00e9bordante des enfants, qui pourront rapidement se lancer dans un jeu de r\u00f4le, en imaginant des aventures fantastiques au passage <\/span><\/p>\n<p><span style=\"font-weight: 400;\">Tout un monde de myst\u00e8re et de fantaisie est sur le point d&rsquo;\u00eatre d\u00e9couvert par les petits aventuriers qui se lanceront dans un voyage fascinant sur les traces des redoutables pirates <\/span><\/p>\n<p><span style=\"font-weight: 400;\">Un jeu stimulant, parfait pour les enfants d\u00e9sireux d&rsquo;explorer les mers et les oc\u00e9ans pour d\u00e9couvrir des tr\u00e9sors cach\u00e9s dans les profondeurs, des \u00eeles d\u00e9sertes et des dauphins sympathiques pour les aider \u00e0 accomplir leur qu\u00eate <\/span><\/p>\n<h2><span style=\"font-weight: 400;\">Savais-tu que Pirate&rsquo;s Treasure..<\/span><\/h2>\n<ul>\n<li><span style=\"font-weight: 400;\">Aide \u00e0 pratiquer la patience et la coop\u00e9ration <\/span><\/li>\n<li><span style=\"font-weight: 400;\">Favorise l&rsquo;int\u00e9gration du groupe et le respect des r\u00e8gles.<\/span><\/li>\n<li><span style=\"font-weight: 400;\">C&rsquo;est un excellent test d&rsquo;adresse et de motricit\u00e9 gr\u00e2ce \u00e0 la structure tridimensionnelle du plateau de jeu, que les enfants peuvent construire eux-m\u00eames <\/span><\/li>\n<li><span style=\"font-weight: 400;\">Les enfants peuvent apprendre des concepts math\u00e9matiques simples, en pratiquant l&rsquo;addition et la soustraction pour se d\u00e9placer sur la piste.<\/span><\/li>\n<li><span style=\"font-weight: 400;\">C&rsquo;est une bonne occasion de parler aux enfants des pirates, des bateaux et des voyages autour du monde <\/span><\/li>\n<\/ul>\n<h2><span style=\"font-weight: 400;\">Pourquoi choisir Pirate&rsquo;s Treasure<\/span><\/h2>\n<p><span style=\"font-weight: 400;\">Le plateau de jeu m\u00e9lange harmonieusement les couleurs chaudes et froides afin qu&rsquo;elles ne g\u00eanent pas les yeux des enfants et ne les d\u00e9tournent pas de l&rsquo;aventure de la d\u00e9couverte du tr\u00e9sor cach\u00e9 <\/span><\/p>\n<p><span style=\"font-weight: 400;\">Pour une durabilit\u00e9 accrue, la planche est fabriqu\u00e9e en carton lamin\u00e9 avec un haut niveau de duret\u00e9, afin que les petits puissent partir \u00e0 l&rsquo;aventure encore et encore sans aucune limite.  <\/span><\/p>\n<p><span style=\"font-weight: 400;\">Que tu choisisses de les accompagner dans une aventure sur l&rsquo;\u00eele des pirates, en passant du temps de qualit\u00e9 ensemble, ou qu&rsquo;ils partent en voyage avec des amis, avec le jeu pour enfants Pirate&rsquo;s Treasure, le plaisir est garanti <\/span><\/p>\n<p><span style=\"font-weight: 400;\">\u00c2ge recommand\u00e9 : 5+<\/span><\/p>\n<p><span style=\"font-weight: 400;\">Joueurs : 2-4 personnes<\/span><\/p>\n<p><span style=\"font-weight: 400;\">La bo\u00eete contient : 1 plateforme de jeu 3D, 1 d\u00e9, 4 pions, r\u00e8gles du jeu   <\/span><\/p>\n<p><span style=\"font-weight: 400;\">Jeu non recommand\u00e9 pour les enfants de moins de 3 ans. Contient de petits morceaux qui peuvent \u00eatre aval\u00e9s.<\/span><\/p><\/p>\n","protected":false},"excerpt":{"rendered":"<p>Pirate&rsquo;s Treasure est le jeu de soci\u00e9t\u00e9 parfait pour stimuler l&rsquo;imagination d\u00e9bordante des enfants, qui pourront rapidement se lancer dans<\/p>\n","protected":false},"featured_media":44972,"template":"","meta":[],"product_brand":[],"product_cat":[2305,2303],"product_tag":[],"class_list":{"0":"post-53524","1":"product","2":"type-product","3":"status-publish","4":"has-post-thumbnail","6":"product_cat-jeux-de-famille","7":"product_cat-jeux-de-societe","8":"pa_bax-10-fr","9":"pa_brand-d_toys-fr","10":"pa_country_of_manufacture-ro-fr","11":"pa_filter_age-3_5-fr","12":"pa_filter_age-5_7-fr","13":"pa_filter_age-7_9-fr","14":"pa_tip_ambalaj-boite","16":"first","17":"instock","18":"taxable","19":"shipping-taxable","20":"product-type-simple"},"yoast_head":"<!-- This site is optimized with the Yoast SEO plugin v20.1 - https:\/\/yoast.com\/wordpress\/plugins\/seo\/ -->\n<title>Pirate&#039;s Treasure - Jeu de soci\u00e9t\u00e9 3D<\/title>\n<meta name=\"description\" content=\"Pirate&#039;s Treasure - Jeu de soci\u00e9t\u00e9 3D\" \/>\n<meta name=\"robots\" content=\"index, follow, max-snippet:-1, max-image-preview:large, max-video-preview:-1\" \/>\n<link rel=\"canonical\" href=\"https:\/\/business.roovi.com\/fr\/pirates-treasure-jeu-de-societe-3d\/p\/\" \/>\n<meta property=\"og:locale\" content=\"fr_FR\" \/>\n<meta property=\"og:type\" content=\"article\" \/>\n<meta property=\"og:title\" content=\"Pirate&#039;s Treasure - Jeu de soci\u00e9t\u00e9 3D\" \/>\n<meta property=\"og:description\" content=\"Pirate&#039;s Treasure - Jeu de soci\u00e9t\u00e9 3D\" \/>\n<meta property=\"og:url\" content=\"https:\/\/business.roovi.com\/fr\/pirates-treasure-jeu-de-societe-3d\/p\/\" \/>\n<meta property=\"og:site_name\" content=\"Roovi B2B\" \/>\n<meta property=\"article:publisher\" content=\"https:\/\/www.facebook.com\/wwwjucariero\" \/>\n<meta property=\"article:modified_time\" content=\"2022-07-13T10:45:24+00:00\" \/>\n<meta property=\"og:image\" content=\"https:\/\/business.roovi.com\/wp-content\/uploads\/2018\/04\/64837_elo_1.jpg\" \/>\n\t<meta property=\"og:image:width\" content=\"1200\" \/>\n\t<meta property=\"og:image:height\" content=\"1200\" \/>\n\t<meta property=\"og:image:type\" content=\"image\/jpeg\" \/>\n<meta name=\"twitter:label1\" content=\"Dur\u00e9e de lecture estim\u00e9e\" \/>\n\t<meta name=\"twitter:data1\" content=\"2 minutes\" \/>\n<script type=\"application\/ld+json\" class=\"yoast-schema-graph\">{\"@context\":\"https:\/\/schema.org\",\"@graph\":[{\"@type\":\"WebPage\",\"@id\":\"https:\/\/business.roovi.com\/fr\/pirates-treasure-jeu-de-societe-3d\/p\/\",\"url\":\"https:\/\/business.roovi.com\/fr\/pirates-treasure-jeu-de-societe-3d\/p\/\",\"name\":\"Pirate's Treasure - Jeu de soci\u00e9t\u00e9 3D\",\"isPartOf\":{\"@id\":\"https:\/\/business.roovi.com\/fr\/#website\"},\"datePublished\":\"2018-04-16T10:56:06+00:00\",\"dateModified\":\"2022-07-13T10:45:24+00:00\",\"description\":\"Pirate's Treasure - Jeu de soci\u00e9t\u00e9 3D\",\"breadcrumb\":{\"@id\":\"https:\/\/business.roovi.com\/fr\/pirates-treasure-jeu-de-societe-3d\/p\/#breadcrumb\"},\"inLanguage\":\"fr-FR\",\"potentialAction\":[{\"@type\":\"ReadAction\",\"target\":[\"https:\/\/business.roovi.com\/fr\/pirates-treasure-jeu-de-societe-3d\/p\/\"]}]},{\"@type\":\"BreadcrumbList\",\"@id\":\"https:\/\/business.roovi.com\/fr\/pirates-treasure-jeu-de-societe-3d\/p\/#breadcrumb\",\"itemListElement\":[{\"@type\":\"ListItem\",\"position\":1,\"name\":\"Home\",\"item\":\"https:\/\/business.roovi.com\/fr\/\"},{\"@type\":\"ListItem\",\"position\":2,\"name\":\"Boutique\",\"item\":\"https:\/\/business.roovi.com\/fr\/boutique\/\"},{\"@type\":\"ListItem\",\"position\":3,\"name\":\"Pirate&#8217;s Treasure &#8211; Jeu de soci\u00e9t\u00e9 3D\"}]},{\"@type\":\"WebSite\",\"@id\":\"https:\/\/business.roovi.com\/fr\/#website\",\"url\":\"https:\/\/business.roovi.com\/fr\/\",\"name\":\"Roovi B2B\",\"description\":\"Roovi Business Website\",\"potentialAction\":[{\"@type\":\"SearchAction\",\"target\":{\"@type\":\"EntryPoint\",\"urlTemplate\":\"https:\/\/business.roovi.com\/fr\/?s={search_term_string}\"},\"query-input\":\"required name=search_term_string\"}],\"inLanguage\":\"fr-FR\"}]}<\/script>\n<!-- \/ Yoast SEO plugin. -->","yoast_head_json":{"title":"Pirate's Treasure - Jeu de soci\u00e9t\u00e9 3D","description":"Pirate's Treasure - Jeu de soci\u00e9t\u00e9 3D","robots":{"index":"index","follow":"follow","max-snippet":"max-snippet:-1","max-image-preview":"max-image-preview:large","max-video-preview":"max-video-preview:-1"},"canonical":"https:\/\/business.roovi.com\/fr\/pirates-treasure-jeu-de-societe-3d\/p\/","og_locale":"fr_FR","og_type":"article","og_title":"Pirate's Treasure - Jeu de soci\u00e9t\u00e9 3D","og_description":"Pirate's Treasure - Jeu de soci\u00e9t\u00e9 3D","og_url":"https:\/\/business.roovi.com\/fr\/pirates-treasure-jeu-de-societe-3d\/p\/","og_site_name":"Roovi B2B","article_publisher":"https:\/\/www.facebook.com\/wwwjucariero","article_modified_time":"2022-07-13T10:45:24+00:00","og_image":[{"width":1200,"height":1200,"url":"https:\/\/business.roovi.com\/wp-content\/uploads\/2018\/04\/64837_elo_1.jpg","type":"image\/jpeg"}],"twitter_misc":{"Dur\u00e9e de lecture estim\u00e9e":"2 minutes"},"schema":{"@context":"https:\/\/schema.org","@graph":[{"@type":"WebPage","@id":"https:\/\/business.roovi.com\/fr\/pirates-treasure-jeu-de-societe-3d\/p\/","url":"https:\/\/business.roovi.com\/fr\/pirates-treasure-jeu-de-societe-3d\/p\/","name":"Pirate's Treasure - Jeu de soci\u00e9t\u00e9 3D","isPartOf":{"@id":"https:\/\/business.roovi.com\/fr\/#website"},"datePublished":"2018-04-16T10:56:06+00:00","dateModified":"2022-07-13T10:45:24+00:00","description":"Pirate's Treasure - Jeu de soci\u00e9t\u00e9 3D","breadcrumb":{"@id":"https:\/\/business.roovi.com\/fr\/pirates-treasure-jeu-de-societe-3d\/p\/#breadcrumb"},"inLanguage":"fr-FR","potentialAction":[{"@type":"ReadAction","target":["https:\/\/business.roovi.com\/fr\/pirates-treasure-jeu-de-societe-3d\/p\/"]}]},{"@type":"BreadcrumbList","@id":"https:\/\/business.roovi.com\/fr\/pirates-treasure-jeu-de-societe-3d\/p\/#breadcrumb","itemListElement":[{"@type":"ListItem","position":1,"name":"Home","item":"https:\/\/business.roovi.com\/fr\/"},{"@type":"ListItem","position":2,"name":"Boutique","item":"https:\/\/business.roovi.com\/fr\/boutique\/"},{"@type":"ListItem","position":3,"name":"Pirate&#8217;s Treasure &#8211; Jeu de soci\u00e9t\u00e9 3D"}]},{"@type":"WebSite","@id":"https:\/\/business.roovi.com\/fr\/#website","url":"https:\/\/business.roovi.com\/fr\/","name":"Roovi B2B","description":"Roovi Business Website","potentialAction":[{"@type":"SearchAction","target":{"@type":"EntryPoint","urlTemplate":"https:\/\/business.roovi.com\/fr\/?s={search_term_string}"},"query-input":"required name=search_term_string"}],"inLanguage":"fr-FR"}]}},"_links":{"self":[{"href":"https:\/\/business.roovi.com\/fr\/wp-json\/wp\/v2\/product\/53524","targetHints":{"allow":["GET"]}}],"collection":[{"href":"https:\/\/business.roovi.com\/fr\/wp-json\/wp\/v2\/product"}],"about":[{"href":"https:\/\/business.roovi.com\/fr\/wp-json\/wp\/v2\/types\/product"}],"version-history":[{"count":0,"href":"https:\/\/business.roovi.com\/fr\/wp-json\/wp\/v2\/product\/53524\/revisions"}],"wp:featuredmedia":[{"embeddable":true,"href":"https:\/\/business.roovi.com\/fr\/wp-json\/wp\/v2\/media\/44972"}],"wp:attachment":[{"href":"https:\/\/business.roovi.com\/fr\/wp-json\/wp\/v2\/media?parent=53524"}],"wp:term":[{"taxonomy":"product_brand","embeddable":true,"href":"https:\/\/business.roovi.com\/fr\/wp-json\/wp\/v2\/product_brand?post=53524"},{"taxonomy":"product_cat","embeddable":true,"href":"https:\/\/business.roovi.com\/fr\/wp-json\/wp\/v2\/product_cat?post=53524"},{"taxonomy":"product_tag","embeddable":true,"href":"https:\/\/business.roovi.com\/fr\/wp-json\/wp\/v2\/product_tag?post=53524"}],"curies":[{"name":"wp","href":"https:\/\/api.w.org\/{rel}","templated":true}]}}