{"id":53570,"date":"2023-02-23T06:53:11","date_gmt":"2023-02-23T06:53:11","guid":{"rendered":"https:\/\/business.roovi.com\/?post_type=product&#038;p=53570"},"modified":"2023-02-27T08:26:05","modified_gmt":"2023-02-27T08:26:05","slug":"apprendre-langlais-jeu-educatif-puzzle-84-pieces","status":"publish","type":"product","link":"https:\/\/business.roovi.com\/fr\/apprendre-langlais-jeu-educatif-puzzle-84-pieces\/p\/","title":{"rendered":"Apprendre l&rsquo;alphabet, les chiffres et les additions &#8211; Jeu \u00e9ducatif &#8211; puzzle 84 pi\u00e8ces"},"content":{"rendered":"<p>Gr\u00e2ce \u00e0 ce jeu \u00e9ducatif, les enfants peuvent apprendre l&rsquo;alphabet, les chiffres et les additions en jouant. Les pi\u00e8ces de puzzle joliment color\u00e9es les aident \u00e0 associer les lettres et les chiffres aux images attrayantes, tout en d\u00e9veloppant leur logique en assemblant les pi\u00e8ces.<\/p>\n","protected":false},"excerpt":{"rendered":"<p>Gr\u00e2ce \u00e0 ce jeu \u00e9ducatif, les enfants peuvent apprendre l&rsquo;alphabet, les chiffres et les additions en jouant. Les pi\u00e8ces de<\/p>\n","protected":false},"featured_media":44690,"template":"","meta":[],"product_brand":[],"product_cat":[2386,2328],"product_tag":[],"class_list":{"0":"post-53570","1":"product","2":"type-product","3":"status-publish","4":"has-post-thumbnail","6":"product_cat-jeux-educatifs","7":"product_cat-jeux-educatifs-et-scientifiques","8":"pa_bax-10-fr","9":"pa_brand-d_toys-fr","10":"pa_country_of_manufacture-ro-fr","11":"pa_filter_age-3_5-fr","12":"pa_filter_age-5_7-fr","13":"pa_filter_age-7_9-fr","14":"pa_tip_ambalaj-boite","16":"first","17":"onbackorder","18":"taxable","19":"shipping-taxable","20":"product-type-simple"},"yoast_head":"<!-- This site is optimized with the Yoast SEO plugin v20.1 - https:\/\/yoast.com\/wordpress\/plugins\/seo\/ -->\n<title>Apprendre l&#039;anglais - Jeu \u00e9ducatif - puzzle 84 pi\u00e8ces<\/title>\n<meta name=\"description\" content=\"Apprendre l&#039;anglais - Jeu \u00e9ducatif - puzzle 84 pi\u00e8ces\" \/>\n<meta name=\"robots\" content=\"index, follow, max-snippet:-1, max-image-preview:large, max-video-preview:-1\" \/>\n<link rel=\"canonical\" href=\"https:\/\/business.roovi.com\/fr\/apprendre-langlais-jeu-educatif-puzzle-84-pieces\/p\/\" \/>\n<meta property=\"og:locale\" content=\"fr_FR\" \/>\n<meta property=\"og:type\" content=\"article\" \/>\n<meta property=\"og:title\" content=\"Apprendre l&#039;anglais - Jeu \u00e9ducatif - puzzle 84 pi\u00e8ces\" \/>\n<meta property=\"og:description\" content=\"Apprendre l&#039;anglais - Jeu \u00e9ducatif - puzzle 84 pi\u00e8ces\" \/>\n<meta property=\"og:url\" content=\"https:\/\/business.roovi.com\/fr\/apprendre-langlais-jeu-educatif-puzzle-84-pieces\/p\/\" \/>\n<meta property=\"og:site_name\" content=\"Roovi B2B\" \/>\n<meta property=\"article:publisher\" content=\"https:\/\/www.facebook.com\/wwwjucariero\" \/>\n<meta property=\"article:modified_time\" content=\"2023-02-27T08:26:05+00:00\" \/>\n<meta property=\"og:image\" content=\"https:\/\/business.roovi.com\/wp-content\/uploads\/2018\/04\/50847_elo.jpg\" \/>\n\t<meta property=\"og:image:width\" content=\"1200\" \/>\n\t<meta property=\"og:image:height\" content=\"1200\" \/>\n\t<meta property=\"og:image:type\" content=\"image\/jpeg\" \/>\n<meta name=\"twitter:label1\" content=\"Dur\u00e9e de lecture estim\u00e9e\" \/>\n\t<meta name=\"twitter:data1\" content=\"1 minute\" \/>\n<script type=\"application\/ld+json\" class=\"yoast-schema-graph\">{\"@context\":\"https:\/\/schema.org\",\"@graph\":[{\"@type\":\"WebPage\",\"@id\":\"https:\/\/business.roovi.com\/fr\/apprendre-langlais-jeu-educatif-puzzle-84-pieces\/p\/\",\"url\":\"https:\/\/business.roovi.com\/fr\/apprendre-langlais-jeu-educatif-puzzle-84-pieces\/p\/\",\"name\":\"Apprendre l'anglais - Jeu \u00e9ducatif - puzzle 84 pi\u00e8ces\",\"isPartOf\":{\"@id\":\"https:\/\/business.roovi.com\/fr\/#website\"},\"datePublished\":\"2023-02-23T06:53:11+00:00\",\"dateModified\":\"2023-02-27T08:26:05+00:00\",\"description\":\"Apprendre l'anglais - Jeu \u00e9ducatif - puzzle 84 pi\u00e8ces\",\"breadcrumb\":{\"@id\":\"https:\/\/business.roovi.com\/fr\/apprendre-langlais-jeu-educatif-puzzle-84-pieces\/p\/#breadcrumb\"},\"inLanguage\":\"fr-FR\",\"potentialAction\":[{\"@type\":\"ReadAction\",\"target\":[\"https:\/\/business.roovi.com\/fr\/apprendre-langlais-jeu-educatif-puzzle-84-pieces\/p\/\"]}]},{\"@type\":\"BreadcrumbList\",\"@id\":\"https:\/\/business.roovi.com\/fr\/apprendre-langlais-jeu-educatif-puzzle-84-pieces\/p\/#breadcrumb\",\"itemListElement\":[{\"@type\":\"ListItem\",\"position\":1,\"name\":\"Home\",\"item\":\"https:\/\/business.roovi.com\/fr\/\"},{\"@type\":\"ListItem\",\"position\":2,\"name\":\"Boutique\",\"item\":\"https:\/\/business.roovi.com\/fr\/boutique\/\"},{\"@type\":\"ListItem\",\"position\":3,\"name\":\"Apprendre l&#8217;alphabet, les chiffres et les additions &#8211; Jeu \u00e9ducatif &#8211; puzzle 84 pi\u00e8ces\"}]},{\"@type\":\"WebSite\",\"@id\":\"https:\/\/business.roovi.com\/fr\/#website\",\"url\":\"https:\/\/business.roovi.com\/fr\/\",\"name\":\"Roovi B2B\",\"description\":\"Roovi Business Website\",\"potentialAction\":[{\"@type\":\"SearchAction\",\"target\":{\"@type\":\"EntryPoint\",\"urlTemplate\":\"https:\/\/business.roovi.com\/fr\/?s={search_term_string}\"},\"query-input\":\"required name=search_term_string\"}],\"inLanguage\":\"fr-FR\"}]}<\/script>\n<!-- \/ Yoast SEO plugin. -->","yoast_head_json":{"title":"Apprendre l'anglais - Jeu \u00e9ducatif - puzzle 84 pi\u00e8ces","description":"Apprendre l'anglais - Jeu \u00e9ducatif - puzzle 84 pi\u00e8ces","robots":{"index":"index","follow":"follow","max-snippet":"max-snippet:-1","max-image-preview":"max-image-preview:large","max-video-preview":"max-video-preview:-1"},"canonical":"https:\/\/business.roovi.com\/fr\/apprendre-langlais-jeu-educatif-puzzle-84-pieces\/p\/","og_locale":"fr_FR","og_type":"article","og_title":"Apprendre l'anglais - Jeu \u00e9ducatif - puzzle 84 pi\u00e8ces","og_description":"Apprendre l'anglais - Jeu \u00e9ducatif - puzzle 84 pi\u00e8ces","og_url":"https:\/\/business.roovi.com\/fr\/apprendre-langlais-jeu-educatif-puzzle-84-pieces\/p\/","og_site_name":"Roovi B2B","article_publisher":"https:\/\/www.facebook.com\/wwwjucariero","article_modified_time":"2023-02-27T08:26:05+00:00","og_image":[{"width":1200,"height":1200,"url":"https:\/\/business.roovi.com\/wp-content\/uploads\/2018\/04\/50847_elo.jpg","type":"image\/jpeg"}],"twitter_misc":{"Dur\u00e9e de lecture estim\u00e9e":"1 minute"},"schema":{"@context":"https:\/\/schema.org","@graph":[{"@type":"WebPage","@id":"https:\/\/business.roovi.com\/fr\/apprendre-langlais-jeu-educatif-puzzle-84-pieces\/p\/","url":"https:\/\/business.roovi.com\/fr\/apprendre-langlais-jeu-educatif-puzzle-84-pieces\/p\/","name":"Apprendre l'anglais - Jeu \u00e9ducatif - puzzle 84 pi\u00e8ces","isPartOf":{"@id":"https:\/\/business.roovi.com\/fr\/#website"},"datePublished":"2023-02-23T06:53:11+00:00","dateModified":"2023-02-27T08:26:05+00:00","description":"Apprendre l'anglais - Jeu \u00e9ducatif - puzzle 84 pi\u00e8ces","breadcrumb":{"@id":"https:\/\/business.roovi.com\/fr\/apprendre-langlais-jeu-educatif-puzzle-84-pieces\/p\/#breadcrumb"},"inLanguage":"fr-FR","potentialAction":[{"@type":"ReadAction","target":["https:\/\/business.roovi.com\/fr\/apprendre-langlais-jeu-educatif-puzzle-84-pieces\/p\/"]}]},{"@type":"BreadcrumbList","@id":"https:\/\/business.roovi.com\/fr\/apprendre-langlais-jeu-educatif-puzzle-84-pieces\/p\/#breadcrumb","itemListElement":[{"@type":"ListItem","position":1,"name":"Home","item":"https:\/\/business.roovi.com\/fr\/"},{"@type":"ListItem","position":2,"name":"Boutique","item":"https:\/\/business.roovi.com\/fr\/boutique\/"},{"@type":"ListItem","position":3,"name":"Apprendre l&#8217;alphabet, les chiffres et les additions &#8211; Jeu \u00e9ducatif &#8211; puzzle 84 pi\u00e8ces"}]},{"@type":"WebSite","@id":"https:\/\/business.roovi.com\/fr\/#website","url":"https:\/\/business.roovi.com\/fr\/","name":"Roovi B2B","description":"Roovi Business Website","potentialAction":[{"@type":"SearchAction","target":{"@type":"EntryPoint","urlTemplate":"https:\/\/business.roovi.com\/fr\/?s={search_term_string}"},"query-input":"required name=search_term_string"}],"inLanguage":"fr-FR"}]}},"_links":{"self":[{"href":"https:\/\/business.roovi.com\/fr\/wp-json\/wp\/v2\/product\/53570","targetHints":{"allow":["GET"]}}],"collection":[{"href":"https:\/\/business.roovi.com\/fr\/wp-json\/wp\/v2\/product"}],"about":[{"href":"https:\/\/business.roovi.com\/fr\/wp-json\/wp\/v2\/types\/product"}],"version-history":[{"count":0,"href":"https:\/\/business.roovi.com\/fr\/wp-json\/wp\/v2\/product\/53570\/revisions"}],"wp:featuredmedia":[{"embeddable":true,"href":"https:\/\/business.roovi.com\/fr\/wp-json\/wp\/v2\/media\/44690"}],"wp:attachment":[{"href":"https:\/\/business.roovi.com\/fr\/wp-json\/wp\/v2\/media?parent=53570"}],"wp:term":[{"taxonomy":"product_brand","embeddable":true,"href":"https:\/\/business.roovi.com\/fr\/wp-json\/wp\/v2\/product_brand?post=53570"},{"taxonomy":"product_cat","embeddable":true,"href":"https:\/\/business.roovi.com\/fr\/wp-json\/wp\/v2\/product_cat?post=53570"},{"taxonomy":"product_tag","embeddable":true,"href":"https:\/\/business.roovi.com\/fr\/wp-json\/wp\/v2\/product_tag?post=53570"}],"curies":[{"name":"wp","href":"https:\/\/api.w.org\/{rel}","templated":true}]}}