{"id":53598,"date":"2018-04-16T10:56:04","date_gmt":"2018-04-16T10:56:04","guid":{"rendered":"https:\/\/business.roovi.com\/joc-sa-invatam-numerele\/p\/"},"modified":"2023-03-08T10:12:14","modified_gmt":"2023-03-08T10:12:14","slug":"lets-learn-numbers-jeu-educatif-puzzle-36-pieces","status":"publish","type":"product","link":"https:\/\/business.roovi.com\/fr\/lets-learn-numbers-jeu-educatif-puzzle-36-pieces\/p\/","title":{"rendered":"Let&rsquo;s learn numbers &#8211; Jeu \u00e9ducatif &#8211; puzzle 36 pi\u00e8ces"},"content":{"rendered":"<p>Un jouet instructif, engageant et amusant qui stimule les comp\u00e9tences d&rsquo;identification et la pens\u00e9e associative, tout en d\u00e9veloppant la logique et la perspicacit\u00e9 \u00e0 mesure que les enfants se familiarisent avec les chiffres.<\/p>\n","protected":false},"excerpt":{"rendered":"<p>Un jouet instructif, engageant et amusant qui stimule les comp\u00e9tences d&rsquo;identification et la pens\u00e9e associative, tout en d\u00e9veloppant la logique<\/p>\n","protected":false},"featured_media":44700,"template":"","meta":[],"product_brand":[],"product_cat":[2386,2328],"product_tag":[],"class_list":{"0":"post-53598","1":"product","2":"type-product","3":"status-publish","4":"has-post-thumbnail","6":"product_cat-jeux-educatifs","7":"product_cat-jeux-educatifs-et-scientifiques","8":"pa_bax-24-fr","9":"pa_brand-d_toys-fr","10":"pa_country_of_manufacture-ro-fr","11":"pa_filter_age-5_7-fr","12":"pa_filter_age-7_9-fr","13":"pa_tip_ambalaj-boite","15":"first","16":"instock","17":"taxable","18":"shipping-taxable","19":"product-type-simple"},"yoast_head":"<!-- This site is optimized with the Yoast SEO plugin v20.1 - https:\/\/yoast.com\/wordpress\/plugins\/seo\/ -->\n<title>Let&#039;s learn numbers - Jeu \u00e9ducatif - puzzle 36 pi\u00e8ces<\/title>\n<meta name=\"description\" content=\"Let&#039;s learn numbers - Jeu \u00e9ducatif - puzzle 36 pi\u00e8ces\" \/>\n<meta name=\"robots\" content=\"index, follow, max-snippet:-1, max-image-preview:large, max-video-preview:-1\" \/>\n<link rel=\"canonical\" href=\"https:\/\/business.roovi.com\/fr\/lets-learn-numbers-jeu-educatif-puzzle-36-pieces\/p\/\" \/>\n<meta property=\"og:locale\" content=\"fr_FR\" \/>\n<meta property=\"og:type\" content=\"article\" \/>\n<meta property=\"og:title\" content=\"Let&#039;s learn numbers - Jeu \u00e9ducatif - puzzle 36 pi\u00e8ces\" \/>\n<meta property=\"og:description\" content=\"Let&#039;s learn numbers - Jeu \u00e9ducatif - puzzle 36 pi\u00e8ces\" \/>\n<meta property=\"og:url\" content=\"https:\/\/business.roovi.com\/fr\/lets-learn-numbers-jeu-educatif-puzzle-36-pieces\/p\/\" \/>\n<meta property=\"og:site_name\" content=\"Roovi B2B\" \/>\n<meta property=\"article:publisher\" content=\"https:\/\/www.facebook.com\/wwwjucariero\" \/>\n<meta property=\"article:modified_time\" content=\"2023-03-08T10:12:14+00:00\" \/>\n<meta property=\"og:image\" content=\"https:\/\/business.roovi.com\/wp-content\/uploads\/2023\/03\/lets-learn-the-numbers.jpg\" \/>\n\t<meta property=\"og:image:width\" content=\"1200\" \/>\n\t<meta property=\"og:image:height\" content=\"1200\" \/>\n\t<meta property=\"og:image:type\" content=\"image\/jpeg\" \/>\n<meta name=\"twitter:label1\" content=\"Dur\u00e9e de lecture estim\u00e9e\" \/>\n\t<meta name=\"twitter:data1\" content=\"1 minute\" \/>\n<script type=\"application\/ld+json\" class=\"yoast-schema-graph\">{\"@context\":\"https:\/\/schema.org\",\"@graph\":[{\"@type\":\"WebPage\",\"@id\":\"https:\/\/business.roovi.com\/fr\/lets-learn-numbers-jeu-educatif-puzzle-36-pieces\/p\/\",\"url\":\"https:\/\/business.roovi.com\/fr\/lets-learn-numbers-jeu-educatif-puzzle-36-pieces\/p\/\",\"name\":\"Let's learn numbers - Jeu \u00e9ducatif - puzzle 36 pi\u00e8ces\",\"isPartOf\":{\"@id\":\"https:\/\/business.roovi.com\/fr\/#website\"},\"datePublished\":\"2018-04-16T10:56:04+00:00\",\"dateModified\":\"2023-03-08T10:12:14+00:00\",\"description\":\"Let's learn numbers - Jeu \u00e9ducatif - puzzle 36 pi\u00e8ces\",\"breadcrumb\":{\"@id\":\"https:\/\/business.roovi.com\/fr\/lets-learn-numbers-jeu-educatif-puzzle-36-pieces\/p\/#breadcrumb\"},\"inLanguage\":\"fr-FR\",\"potentialAction\":[{\"@type\":\"ReadAction\",\"target\":[\"https:\/\/business.roovi.com\/fr\/lets-learn-numbers-jeu-educatif-puzzle-36-pieces\/p\/\"]}]},{\"@type\":\"BreadcrumbList\",\"@id\":\"https:\/\/business.roovi.com\/fr\/lets-learn-numbers-jeu-educatif-puzzle-36-pieces\/p\/#breadcrumb\",\"itemListElement\":[{\"@type\":\"ListItem\",\"position\":1,\"name\":\"Home\",\"item\":\"https:\/\/business.roovi.com\/fr\/\"},{\"@type\":\"ListItem\",\"position\":2,\"name\":\"Boutique\",\"item\":\"https:\/\/business.roovi.com\/fr\/boutique\/\"},{\"@type\":\"ListItem\",\"position\":3,\"name\":\"Let&#8217;s learn numbers &#8211; Jeu \u00e9ducatif &#8211; puzzle 36 pi\u00e8ces\"}]},{\"@type\":\"WebSite\",\"@id\":\"https:\/\/business.roovi.com\/fr\/#website\",\"url\":\"https:\/\/business.roovi.com\/fr\/\",\"name\":\"Roovi B2B\",\"description\":\"Roovi Business Website\",\"potentialAction\":[{\"@type\":\"SearchAction\",\"target\":{\"@type\":\"EntryPoint\",\"urlTemplate\":\"https:\/\/business.roovi.com\/fr\/?s={search_term_string}\"},\"query-input\":\"required name=search_term_string\"}],\"inLanguage\":\"fr-FR\"}]}<\/script>\n<!-- \/ Yoast SEO plugin. -->","yoast_head_json":{"title":"Let's learn numbers - Jeu \u00e9ducatif - puzzle 36 pi\u00e8ces","description":"Let's learn numbers - Jeu \u00e9ducatif - puzzle 36 pi\u00e8ces","robots":{"index":"index","follow":"follow","max-snippet":"max-snippet:-1","max-image-preview":"max-image-preview:large","max-video-preview":"max-video-preview:-1"},"canonical":"https:\/\/business.roovi.com\/fr\/lets-learn-numbers-jeu-educatif-puzzle-36-pieces\/p\/","og_locale":"fr_FR","og_type":"article","og_title":"Let's learn numbers - Jeu \u00e9ducatif - puzzle 36 pi\u00e8ces","og_description":"Let's learn numbers - Jeu \u00e9ducatif - puzzle 36 pi\u00e8ces","og_url":"https:\/\/business.roovi.com\/fr\/lets-learn-numbers-jeu-educatif-puzzle-36-pieces\/p\/","og_site_name":"Roovi B2B","article_publisher":"https:\/\/www.facebook.com\/wwwjucariero","article_modified_time":"2023-03-08T10:12:14+00:00","og_image":[{"width":1200,"height":1200,"url":"https:\/\/business.roovi.com\/wp-content\/uploads\/2023\/03\/lets-learn-the-numbers.jpg","type":"image\/jpeg"}],"twitter_misc":{"Dur\u00e9e de lecture estim\u00e9e":"1 minute"},"schema":{"@context":"https:\/\/schema.org","@graph":[{"@type":"WebPage","@id":"https:\/\/business.roovi.com\/fr\/lets-learn-numbers-jeu-educatif-puzzle-36-pieces\/p\/","url":"https:\/\/business.roovi.com\/fr\/lets-learn-numbers-jeu-educatif-puzzle-36-pieces\/p\/","name":"Let's learn numbers - Jeu \u00e9ducatif - puzzle 36 pi\u00e8ces","isPartOf":{"@id":"https:\/\/business.roovi.com\/fr\/#website"},"datePublished":"2018-04-16T10:56:04+00:00","dateModified":"2023-03-08T10:12:14+00:00","description":"Let's learn numbers - Jeu \u00e9ducatif - puzzle 36 pi\u00e8ces","breadcrumb":{"@id":"https:\/\/business.roovi.com\/fr\/lets-learn-numbers-jeu-educatif-puzzle-36-pieces\/p\/#breadcrumb"},"inLanguage":"fr-FR","potentialAction":[{"@type":"ReadAction","target":["https:\/\/business.roovi.com\/fr\/lets-learn-numbers-jeu-educatif-puzzle-36-pieces\/p\/"]}]},{"@type":"BreadcrumbList","@id":"https:\/\/business.roovi.com\/fr\/lets-learn-numbers-jeu-educatif-puzzle-36-pieces\/p\/#breadcrumb","itemListElement":[{"@type":"ListItem","position":1,"name":"Home","item":"https:\/\/business.roovi.com\/fr\/"},{"@type":"ListItem","position":2,"name":"Boutique","item":"https:\/\/business.roovi.com\/fr\/boutique\/"},{"@type":"ListItem","position":3,"name":"Let&#8217;s learn numbers &#8211; Jeu \u00e9ducatif &#8211; puzzle 36 pi\u00e8ces"}]},{"@type":"WebSite","@id":"https:\/\/business.roovi.com\/fr\/#website","url":"https:\/\/business.roovi.com\/fr\/","name":"Roovi B2B","description":"Roovi Business Website","potentialAction":[{"@type":"SearchAction","target":{"@type":"EntryPoint","urlTemplate":"https:\/\/business.roovi.com\/fr\/?s={search_term_string}"},"query-input":"required name=search_term_string"}],"inLanguage":"fr-FR"}]}},"_links":{"self":[{"href":"https:\/\/business.roovi.com\/fr\/wp-json\/wp\/v2\/product\/53598","targetHints":{"allow":["GET"]}}],"collection":[{"href":"https:\/\/business.roovi.com\/fr\/wp-json\/wp\/v2\/product"}],"about":[{"href":"https:\/\/business.roovi.com\/fr\/wp-json\/wp\/v2\/types\/product"}],"version-history":[{"count":0,"href":"https:\/\/business.roovi.com\/fr\/wp-json\/wp\/v2\/product\/53598\/revisions"}],"wp:featuredmedia":[{"embeddable":true,"href":"https:\/\/business.roovi.com\/fr\/wp-json\/wp\/v2\/media\/44700"}],"wp:attachment":[{"href":"https:\/\/business.roovi.com\/fr\/wp-json\/wp\/v2\/media?parent=53598"}],"wp:term":[{"taxonomy":"product_brand","embeddable":true,"href":"https:\/\/business.roovi.com\/fr\/wp-json\/wp\/v2\/product_brand?post=53598"},{"taxonomy":"product_cat","embeddable":true,"href":"https:\/\/business.roovi.com\/fr\/wp-json\/wp\/v2\/product_cat?post=53598"},{"taxonomy":"product_tag","embeddable":true,"href":"https:\/\/business.roovi.com\/fr\/wp-json\/wp\/v2\/product_tag?post=53598"}],"curies":[{"name":"wp","href":"https:\/\/api.w.org\/{rel}","templated":true}]}}