{"id":53604,"date":"2018-04-16T10:56:04","date_gmt":"2018-04-16T10:56:04","guid":{"rendered":"https:\/\/business.roovi.com\/joc-creionul-fermecat-interactiv-puzzle-35-piese\/p\/"},"modified":"2022-07-13T10:46:43","modified_gmt":"2022-07-13T10:46:43","slug":"crayon-et-puzzle-enchantes-35-pieces-jeu-interactif","status":"publish","type":"product","link":"https:\/\/business.roovi.com\/fr\/crayon-et-puzzle-enchantes-35-pieces-jeu-interactif\/p\/","title":{"rendered":"Crayon et puzzle enchant\u00e9s 35 pi\u00e8ces &#8211; Jeu interactif"},"content":{"rendered":"<p>Avec le jeu de puzzles interactifs avec 20 exercices, les enfants peuvent profiter de la fusion unique de deux puzzles de 35 pi\u00e8ces (pr\u00e9sentant les contes de f\u00e9es du Sac d&rsquo;argent et du Vilain petit canard) avec le plaisir interactif du Crayon enchant\u00e9.<\/p>\n","protected":false},"excerpt":{"rendered":"<p>Avec le jeu de puzzles interactifs avec 20 exercices, les enfants peuvent profiter de la fusion unique de deux puzzles<\/p>\n","protected":false},"featured_media":44706,"template":"","meta":[],"product_brand":[],"product_cat":[2386,2328],"product_tag":[],"class_list":{"0":"post-53604","1":"product","2":"type-product","3":"status-publish","4":"has-post-thumbnail","6":"product_cat-jeux-educatifs","7":"product_cat-jeux-educatifs-et-scientifiques","8":"pa_bax-10-fr","9":"pa_brand-d_toys-fr","10":"pa_country_of_manufacture-ro-fr","11":"pa_filter_age-3_5-fr","12":"pa_filter_age-5_7-fr","13":"pa_filter_age-7_9-fr","14":"pa_tip_ambalaj-boite","16":"first","17":"instock","18":"taxable","19":"shipping-taxable","20":"product-type-simple"},"yoast_head":"<!-- This site is optimized with the Yoast SEO plugin v20.1 - https:\/\/yoast.com\/wordpress\/plugins\/seo\/ -->\n<title>Crayon et puzzle enchant\u00e9s 35 pi\u00e8ces - Jeu interactif<\/title>\n<meta name=\"description\" content=\"Crayon et puzzle enchant\u00e9s 35 pi\u00e8ces - Jeu interactif\" \/>\n<meta name=\"robots\" content=\"index, follow, max-snippet:-1, max-image-preview:large, max-video-preview:-1\" \/>\n<link rel=\"canonical\" href=\"https:\/\/business.roovi.com\/fr\/crayon-et-puzzle-enchantes-35-pieces-jeu-interactif\/p\/\" \/>\n<meta property=\"og:locale\" content=\"fr_FR\" \/>\n<meta property=\"og:type\" content=\"article\" \/>\n<meta property=\"og:title\" content=\"Crayon et puzzle enchant\u00e9s 35 pi\u00e8ces - Jeu interactif\" \/>\n<meta property=\"og:description\" content=\"Crayon et puzzle enchant\u00e9s 35 pi\u00e8ces - Jeu interactif\" \/>\n<meta property=\"og:url\" content=\"https:\/\/business.roovi.com\/fr\/crayon-et-puzzle-enchantes-35-pieces-jeu-interactif\/p\/\" \/>\n<meta property=\"og:site_name\" content=\"Roovi B2B\" \/>\n<meta property=\"article:publisher\" content=\"https:\/\/www.facebook.com\/wwwjucariero\" \/>\n<meta property=\"article:modified_time\" content=\"2022-07-13T10:46:43+00:00\" \/>\n<meta property=\"og:image\" content=\"https:\/\/business.roovi.com\/wp-content\/uploads\/2018\/04\/64677_elo.jpg\" \/>\n\t<meta property=\"og:image:width\" content=\"1200\" \/>\n\t<meta property=\"og:image:height\" content=\"1200\" \/>\n\t<meta property=\"og:image:type\" content=\"image\/jpeg\" \/>\n<script type=\"application\/ld+json\" class=\"yoast-schema-graph\">{\"@context\":\"https:\/\/schema.org\",\"@graph\":[{\"@type\":\"WebPage\",\"@id\":\"https:\/\/business.roovi.com\/fr\/crayon-et-puzzle-enchantes-35-pieces-jeu-interactif\/p\/\",\"url\":\"https:\/\/business.roovi.com\/fr\/crayon-et-puzzle-enchantes-35-pieces-jeu-interactif\/p\/\",\"name\":\"Crayon et puzzle enchant\u00e9s 35 pi\u00e8ces - Jeu interactif\",\"isPartOf\":{\"@id\":\"https:\/\/business.roovi.com\/fr\/#website\"},\"datePublished\":\"2018-04-16T10:56:04+00:00\",\"dateModified\":\"2022-07-13T10:46:43+00:00\",\"description\":\"Crayon et puzzle enchant\u00e9s 35 pi\u00e8ces - Jeu interactif\",\"breadcrumb\":{\"@id\":\"https:\/\/business.roovi.com\/fr\/crayon-et-puzzle-enchantes-35-pieces-jeu-interactif\/p\/#breadcrumb\"},\"inLanguage\":\"fr-FR\",\"potentialAction\":[{\"@type\":\"ReadAction\",\"target\":[\"https:\/\/business.roovi.com\/fr\/crayon-et-puzzle-enchantes-35-pieces-jeu-interactif\/p\/\"]}]},{\"@type\":\"BreadcrumbList\",\"@id\":\"https:\/\/business.roovi.com\/fr\/crayon-et-puzzle-enchantes-35-pieces-jeu-interactif\/p\/#breadcrumb\",\"itemListElement\":[{\"@type\":\"ListItem\",\"position\":1,\"name\":\"Home\",\"item\":\"https:\/\/business.roovi.com\/fr\/\"},{\"@type\":\"ListItem\",\"position\":2,\"name\":\"Boutique\",\"item\":\"https:\/\/business.roovi.com\/fr\/boutique\/\"},{\"@type\":\"ListItem\",\"position\":3,\"name\":\"Crayon et puzzle enchant\u00e9s 35 pi\u00e8ces &#8211; Jeu interactif\"}]},{\"@type\":\"WebSite\",\"@id\":\"https:\/\/business.roovi.com\/fr\/#website\",\"url\":\"https:\/\/business.roovi.com\/fr\/\",\"name\":\"Roovi B2B\",\"description\":\"Roovi Business Website\",\"potentialAction\":[{\"@type\":\"SearchAction\",\"target\":{\"@type\":\"EntryPoint\",\"urlTemplate\":\"https:\/\/business.roovi.com\/fr\/?s={search_term_string}\"},\"query-input\":\"required name=search_term_string\"}],\"inLanguage\":\"fr-FR\"}]}<\/script>\n<!-- \/ Yoast SEO plugin. -->","yoast_head_json":{"title":"Crayon et puzzle enchant\u00e9s 35 pi\u00e8ces - Jeu interactif","description":"Crayon et puzzle enchant\u00e9s 35 pi\u00e8ces - Jeu interactif","robots":{"index":"index","follow":"follow","max-snippet":"max-snippet:-1","max-image-preview":"max-image-preview:large","max-video-preview":"max-video-preview:-1"},"canonical":"https:\/\/business.roovi.com\/fr\/crayon-et-puzzle-enchantes-35-pieces-jeu-interactif\/p\/","og_locale":"fr_FR","og_type":"article","og_title":"Crayon et puzzle enchant\u00e9s 35 pi\u00e8ces - Jeu interactif","og_description":"Crayon et puzzle enchant\u00e9s 35 pi\u00e8ces - Jeu interactif","og_url":"https:\/\/business.roovi.com\/fr\/crayon-et-puzzle-enchantes-35-pieces-jeu-interactif\/p\/","og_site_name":"Roovi B2B","article_publisher":"https:\/\/www.facebook.com\/wwwjucariero","article_modified_time":"2022-07-13T10:46:43+00:00","og_image":[{"width":1200,"height":1200,"url":"https:\/\/business.roovi.com\/wp-content\/uploads\/2018\/04\/64677_elo.jpg","type":"image\/jpeg"}],"schema":{"@context":"https:\/\/schema.org","@graph":[{"@type":"WebPage","@id":"https:\/\/business.roovi.com\/fr\/crayon-et-puzzle-enchantes-35-pieces-jeu-interactif\/p\/","url":"https:\/\/business.roovi.com\/fr\/crayon-et-puzzle-enchantes-35-pieces-jeu-interactif\/p\/","name":"Crayon et puzzle enchant\u00e9s 35 pi\u00e8ces - Jeu interactif","isPartOf":{"@id":"https:\/\/business.roovi.com\/fr\/#website"},"datePublished":"2018-04-16T10:56:04+00:00","dateModified":"2022-07-13T10:46:43+00:00","description":"Crayon et puzzle enchant\u00e9s 35 pi\u00e8ces - Jeu interactif","breadcrumb":{"@id":"https:\/\/business.roovi.com\/fr\/crayon-et-puzzle-enchantes-35-pieces-jeu-interactif\/p\/#breadcrumb"},"inLanguage":"fr-FR","potentialAction":[{"@type":"ReadAction","target":["https:\/\/business.roovi.com\/fr\/crayon-et-puzzle-enchantes-35-pieces-jeu-interactif\/p\/"]}]},{"@type":"BreadcrumbList","@id":"https:\/\/business.roovi.com\/fr\/crayon-et-puzzle-enchantes-35-pieces-jeu-interactif\/p\/#breadcrumb","itemListElement":[{"@type":"ListItem","position":1,"name":"Home","item":"https:\/\/business.roovi.com\/fr\/"},{"@type":"ListItem","position":2,"name":"Boutique","item":"https:\/\/business.roovi.com\/fr\/boutique\/"},{"@type":"ListItem","position":3,"name":"Crayon et puzzle enchant\u00e9s 35 pi\u00e8ces &#8211; Jeu interactif"}]},{"@type":"WebSite","@id":"https:\/\/business.roovi.com\/fr\/#website","url":"https:\/\/business.roovi.com\/fr\/","name":"Roovi B2B","description":"Roovi Business Website","potentialAction":[{"@type":"SearchAction","target":{"@type":"EntryPoint","urlTemplate":"https:\/\/business.roovi.com\/fr\/?s={search_term_string}"},"query-input":"required name=search_term_string"}],"inLanguage":"fr-FR"}]}},"_links":{"self":[{"href":"https:\/\/business.roovi.com\/fr\/wp-json\/wp\/v2\/product\/53604","targetHints":{"allow":["GET"]}}],"collection":[{"href":"https:\/\/business.roovi.com\/fr\/wp-json\/wp\/v2\/product"}],"about":[{"href":"https:\/\/business.roovi.com\/fr\/wp-json\/wp\/v2\/types\/product"}],"version-history":[{"count":0,"href":"https:\/\/business.roovi.com\/fr\/wp-json\/wp\/v2\/product\/53604\/revisions"}],"wp:featuredmedia":[{"embeddable":true,"href":"https:\/\/business.roovi.com\/fr\/wp-json\/wp\/v2\/media\/44706"}],"wp:attachment":[{"href":"https:\/\/business.roovi.com\/fr\/wp-json\/wp\/v2\/media?parent=53604"}],"wp:term":[{"taxonomy":"product_brand","embeddable":true,"href":"https:\/\/business.roovi.com\/fr\/wp-json\/wp\/v2\/product_brand?post=53604"},{"taxonomy":"product_cat","embeddable":true,"href":"https:\/\/business.roovi.com\/fr\/wp-json\/wp\/v2\/product_cat?post=53604"},{"taxonomy":"product_tag","embeddable":true,"href":"https:\/\/business.roovi.com\/fr\/wp-json\/wp\/v2\/product_tag?post=53604"}],"curies":[{"name":"wp","href":"https:\/\/api.w.org\/{rel}","templated":true}]}}