{"id":53605,"date":"2018-04-16T10:56:04","date_gmt":"2018-04-16T10:56:04","guid":{"rendered":"https:\/\/business.roovi.com\/joc-creionul-fermecat-puzzle-24-piese-1\/p\/"},"modified":"2022-07-13T10:46:46","modified_gmt":"2022-07-13T10:46:46","slug":"set-de-crayons-et-de-casse-tete-enchanteur-24-pieces-jeu-interactif","status":"publish","type":"product","link":"https:\/\/business.roovi.com\/fr\/set-de-crayons-et-de-casse-tete-enchanteur-24-pieces-jeu-interactif\/p\/","title":{"rendered":"Set de crayons et de casse-t\u00eate Enchanteur 24 pi\u00e8ces &#8211; Jeu interactif"},"content":{"rendered":"<p>Pourquoi les jeux de la s\u00e9rie \u00ab\u00a0Crayon Enchant\u00e9\u00a0\u00bb ont-ils tant de succ\u00e8s et sont si appr\u00e9ci\u00e9s des enfants ? Est-ce \u00e0 cause de l&rsquo;adorable crayon musical, qui chante de jolies chansons chaque fois que le petit trouve les bonnes r\u00e9ponses sur les plateaux de jeu ? Ou \u00e0 cause de la structure interactive et des exercices int\u00e9ressants, dr\u00f4les et tr\u00e8s visuels qui sont si logiques qu&rsquo;on peut les comprendre rien qu&rsquo;avec les images ? Ou, parce que l&rsquo;enfant apprend les connaissances de base en jouant, en apprenant de mani\u00e8re intuitive et amusante ? Nous ne connaissons pas encore la r\u00e9ponse, mais une chose est s\u00fbre : les jeux \u00ab\u00a0Crayon enchant\u00e9\u00a0\u00bb d\u00e9veloppent les capacit\u00e9s d&rsquo;observation, de logique, de cr\u00e9ativit\u00e9, de concentration et de r\u00e9solution de probl\u00e8mes, stimulent la pens\u00e9e associative et l&rsquo;imagination, et les illustrations mignonnes et sympathiques captent l&rsquo;int\u00e9r\u00eat et l&rsquo;attention des enfants, leur procurant des heures de plaisir intelligent. <\/p>\n<p>Avec Basic Set 1, les enfants peuvent apprendre comment fonctionne l&rsquo;horloge, o\u00f9 vivent diff\u00e9rentes personnes ou animaux, les chiffres, les couleurs, le bricolage, les formes, les mati\u00e8res premi\u00e8res et bien plus encore. Le set contient 16 cartes illustr\u00e9es, un crayon musical et un puzzle de 24 pi\u00e8ces.<\/p>\n","protected":false},"excerpt":{"rendered":"<p>Pourquoi les jeux de la s\u00e9rie \u00ab\u00a0Crayon Enchant\u00e9\u00a0\u00bb ont-ils tant de succ\u00e8s et sont si appr\u00e9ci\u00e9s des enfants ? Est-ce<\/p>\n","protected":false},"featured_media":44709,"template":"","meta":[],"product_brand":[],"product_cat":[2386,2328],"product_tag":[],"class_list":{"0":"post-53605","1":"product","2":"type-product","3":"status-publish","4":"has-post-thumbnail","6":"product_cat-jeux-educatifs","7":"product_cat-jeux-educatifs-et-scientifiques","8":"pa_bax-10-fr","9":"pa_brand-d_toys-fr","10":"pa_country_of_manufacture-ro-fr","11":"pa_filter_age-5_7-fr","12":"pa_filter_age-7_9-fr","13":"pa_tip_ambalaj-boite","15":"first","16":"instock","17":"taxable","18":"shipping-taxable","19":"product-type-simple"},"yoast_head":"<!-- This site is optimized with the Yoast SEO plugin v20.1 - https:\/\/yoast.com\/wordpress\/plugins\/seo\/ -->\n<title>Set de crayons et de casse-t\u00eate Enchanteur 24 pi\u00e8ces - Jeu interactif<\/title>\n<meta name=\"description\" content=\"Set de crayons et de casse-t\u00eate Enchanteur 24 pi\u00e8ces - Jeu interactif\" \/>\n<meta name=\"robots\" content=\"index, follow, max-snippet:-1, max-image-preview:large, max-video-preview:-1\" \/>\n<link rel=\"canonical\" href=\"https:\/\/business.roovi.com\/fr\/set-de-crayons-et-de-casse-tete-enchanteur-24-pieces-jeu-interactif\/p\/\" \/>\n<meta property=\"og:locale\" content=\"fr_FR\" \/>\n<meta property=\"og:type\" content=\"article\" \/>\n<meta property=\"og:title\" content=\"Set de crayons et de casse-t\u00eate Enchanteur 24 pi\u00e8ces - Jeu interactif\" \/>\n<meta property=\"og:description\" content=\"Set de crayons et de casse-t\u00eate Enchanteur 24 pi\u00e8ces - Jeu interactif\" \/>\n<meta property=\"og:url\" content=\"https:\/\/business.roovi.com\/fr\/set-de-crayons-et-de-casse-tete-enchanteur-24-pieces-jeu-interactif\/p\/\" \/>\n<meta property=\"og:site_name\" content=\"Roovi B2B\" \/>\n<meta property=\"article:publisher\" content=\"https:\/\/www.facebook.com\/wwwjucariero\" \/>\n<meta property=\"article:modified_time\" content=\"2022-07-13T10:46:46+00:00\" \/>\n<meta property=\"og:image\" content=\"https:\/\/business.roovi.com\/wp-content\/uploads\/2018\/04\/63380_elo.jpg\" \/>\n\t<meta property=\"og:image:width\" content=\"1200\" \/>\n\t<meta property=\"og:image:height\" content=\"1200\" \/>\n\t<meta property=\"og:image:type\" content=\"image\/jpeg\" \/>\n<meta name=\"twitter:label1\" content=\"Dur\u00e9e de lecture estim\u00e9e\" \/>\n\t<meta name=\"twitter:data1\" content=\"1 minute\" \/>\n<script type=\"application\/ld+json\" class=\"yoast-schema-graph\">{\"@context\":\"https:\/\/schema.org\",\"@graph\":[{\"@type\":\"WebPage\",\"@id\":\"https:\/\/business.roovi.com\/fr\/set-de-crayons-et-de-casse-tete-enchanteur-24-pieces-jeu-interactif\/p\/\",\"url\":\"https:\/\/business.roovi.com\/fr\/set-de-crayons-et-de-casse-tete-enchanteur-24-pieces-jeu-interactif\/p\/\",\"name\":\"Set de crayons et de casse-t\u00eate Enchanteur 24 pi\u00e8ces - Jeu interactif\",\"isPartOf\":{\"@id\":\"https:\/\/business.roovi.com\/fr\/#website\"},\"datePublished\":\"2018-04-16T10:56:04+00:00\",\"dateModified\":\"2022-07-13T10:46:46+00:00\",\"description\":\"Set de crayons et de casse-t\u00eate Enchanteur 24 pi\u00e8ces - Jeu interactif\",\"breadcrumb\":{\"@id\":\"https:\/\/business.roovi.com\/fr\/set-de-crayons-et-de-casse-tete-enchanteur-24-pieces-jeu-interactif\/p\/#breadcrumb\"},\"inLanguage\":\"fr-FR\",\"potentialAction\":[{\"@type\":\"ReadAction\",\"target\":[\"https:\/\/business.roovi.com\/fr\/set-de-crayons-et-de-casse-tete-enchanteur-24-pieces-jeu-interactif\/p\/\"]}]},{\"@type\":\"BreadcrumbList\",\"@id\":\"https:\/\/business.roovi.com\/fr\/set-de-crayons-et-de-casse-tete-enchanteur-24-pieces-jeu-interactif\/p\/#breadcrumb\",\"itemListElement\":[{\"@type\":\"ListItem\",\"position\":1,\"name\":\"Home\",\"item\":\"https:\/\/business.roovi.com\/fr\/\"},{\"@type\":\"ListItem\",\"position\":2,\"name\":\"Boutique\",\"item\":\"https:\/\/business.roovi.com\/fr\/boutique\/\"},{\"@type\":\"ListItem\",\"position\":3,\"name\":\"Set de crayons et de casse-t\u00eate Enchanteur 24 pi\u00e8ces &#8211; Jeu interactif\"}]},{\"@type\":\"WebSite\",\"@id\":\"https:\/\/business.roovi.com\/fr\/#website\",\"url\":\"https:\/\/business.roovi.com\/fr\/\",\"name\":\"Roovi B2B\",\"description\":\"Roovi Business Website\",\"potentialAction\":[{\"@type\":\"SearchAction\",\"target\":{\"@type\":\"EntryPoint\",\"urlTemplate\":\"https:\/\/business.roovi.com\/fr\/?s={search_term_string}\"},\"query-input\":\"required name=search_term_string\"}],\"inLanguage\":\"fr-FR\"}]}<\/script>\n<!-- \/ Yoast SEO plugin. -->","yoast_head_json":{"title":"Set de crayons et de casse-t\u00eate Enchanteur 24 pi\u00e8ces - Jeu interactif","description":"Set de crayons et de casse-t\u00eate Enchanteur 24 pi\u00e8ces - Jeu interactif","robots":{"index":"index","follow":"follow","max-snippet":"max-snippet:-1","max-image-preview":"max-image-preview:large","max-video-preview":"max-video-preview:-1"},"canonical":"https:\/\/business.roovi.com\/fr\/set-de-crayons-et-de-casse-tete-enchanteur-24-pieces-jeu-interactif\/p\/","og_locale":"fr_FR","og_type":"article","og_title":"Set de crayons et de casse-t\u00eate Enchanteur 24 pi\u00e8ces - Jeu interactif","og_description":"Set de crayons et de casse-t\u00eate Enchanteur 24 pi\u00e8ces - Jeu interactif","og_url":"https:\/\/business.roovi.com\/fr\/set-de-crayons-et-de-casse-tete-enchanteur-24-pieces-jeu-interactif\/p\/","og_site_name":"Roovi B2B","article_publisher":"https:\/\/www.facebook.com\/wwwjucariero","article_modified_time":"2022-07-13T10:46:46+00:00","og_image":[{"width":1200,"height":1200,"url":"https:\/\/business.roovi.com\/wp-content\/uploads\/2018\/04\/63380_elo.jpg","type":"image\/jpeg"}],"twitter_misc":{"Dur\u00e9e de lecture estim\u00e9e":"1 minute"},"schema":{"@context":"https:\/\/schema.org","@graph":[{"@type":"WebPage","@id":"https:\/\/business.roovi.com\/fr\/set-de-crayons-et-de-casse-tete-enchanteur-24-pieces-jeu-interactif\/p\/","url":"https:\/\/business.roovi.com\/fr\/set-de-crayons-et-de-casse-tete-enchanteur-24-pieces-jeu-interactif\/p\/","name":"Set de crayons et de casse-t\u00eate Enchanteur 24 pi\u00e8ces - Jeu interactif","isPartOf":{"@id":"https:\/\/business.roovi.com\/fr\/#website"},"datePublished":"2018-04-16T10:56:04+00:00","dateModified":"2022-07-13T10:46:46+00:00","description":"Set de crayons et de casse-t\u00eate Enchanteur 24 pi\u00e8ces - Jeu interactif","breadcrumb":{"@id":"https:\/\/business.roovi.com\/fr\/set-de-crayons-et-de-casse-tete-enchanteur-24-pieces-jeu-interactif\/p\/#breadcrumb"},"inLanguage":"fr-FR","potentialAction":[{"@type":"ReadAction","target":["https:\/\/business.roovi.com\/fr\/set-de-crayons-et-de-casse-tete-enchanteur-24-pieces-jeu-interactif\/p\/"]}]},{"@type":"BreadcrumbList","@id":"https:\/\/business.roovi.com\/fr\/set-de-crayons-et-de-casse-tete-enchanteur-24-pieces-jeu-interactif\/p\/#breadcrumb","itemListElement":[{"@type":"ListItem","position":1,"name":"Home","item":"https:\/\/business.roovi.com\/fr\/"},{"@type":"ListItem","position":2,"name":"Boutique","item":"https:\/\/business.roovi.com\/fr\/boutique\/"},{"@type":"ListItem","position":3,"name":"Set de crayons et de casse-t\u00eate Enchanteur 24 pi\u00e8ces &#8211; Jeu interactif"}]},{"@type":"WebSite","@id":"https:\/\/business.roovi.com\/fr\/#website","url":"https:\/\/business.roovi.com\/fr\/","name":"Roovi B2B","description":"Roovi Business Website","potentialAction":[{"@type":"SearchAction","target":{"@type":"EntryPoint","urlTemplate":"https:\/\/business.roovi.com\/fr\/?s={search_term_string}"},"query-input":"required name=search_term_string"}],"inLanguage":"fr-FR"}]}},"_links":{"self":[{"href":"https:\/\/business.roovi.com\/fr\/wp-json\/wp\/v2\/product\/53605","targetHints":{"allow":["GET"]}}],"collection":[{"href":"https:\/\/business.roovi.com\/fr\/wp-json\/wp\/v2\/product"}],"about":[{"href":"https:\/\/business.roovi.com\/fr\/wp-json\/wp\/v2\/types\/product"}],"version-history":[{"count":0,"href":"https:\/\/business.roovi.com\/fr\/wp-json\/wp\/v2\/product\/53605\/revisions"}],"wp:featuredmedia":[{"embeddable":true,"href":"https:\/\/business.roovi.com\/fr\/wp-json\/wp\/v2\/media\/44709"}],"wp:attachment":[{"href":"https:\/\/business.roovi.com\/fr\/wp-json\/wp\/v2\/media?parent=53605"}],"wp:term":[{"taxonomy":"product_brand","embeddable":true,"href":"https:\/\/business.roovi.com\/fr\/wp-json\/wp\/v2\/product_brand?post=53605"},{"taxonomy":"product_cat","embeddable":true,"href":"https:\/\/business.roovi.com\/fr\/wp-json\/wp\/v2\/product_cat?post=53605"},{"taxonomy":"product_tag","embeddable":true,"href":"https:\/\/business.roovi.com\/fr\/wp-json\/wp\/v2\/product_tag?post=53605"}],"curies":[{"name":"wp","href":"https:\/\/api.w.org\/{rel}","templated":true}]}}