{"id":53619,"date":"2018-04-16T10:56:04","date_gmt":"2018-04-16T10:56:04","guid":{"rendered":"https:\/\/business.roovi.com\/joc-educativ-tabla-multifunctionala-educativa-cu-alfabet\/p\/"},"modified":"2022-07-13T10:46:57","modified_gmt":"2022-07-13T10:46:57","slug":"tableau-magnetique-polyvalent-avec-lalphabet-jeu-educatif","status":"publish","type":"product","link":"https:\/\/business.roovi.com\/fr\/tableau-magnetique-polyvalent-avec-lalphabet-jeu-educatif\/p\/","title":{"rendered":"Tableau magn\u00e9tique polyvalent avec l&rsquo;alphabet &#8211; Jeu \u00e9ducatif"},"content":{"rendered":"<p>Les petits sont invit\u00e9s dans le monde enchanteur des lettres pour apprendre en jouant de mani\u00e8re intuitive et amusante. L&rsquo;ensemble contient un tableau multifonctionnel double face, une craie, une \u00e9ponge \u00e0 effacer, des pi\u00e8ces de jeu magn\u00e9tiques et un crayon sp\u00e9cial.<\/p>\n","protected":false},"excerpt":{"rendered":"<p>Les petits sont invit\u00e9s dans le monde enchanteur des lettres pour apprendre en jouant de mani\u00e8re intuitive et amusante. L&rsquo;ensemble<\/p>\n","protected":false},"featured_media":44730,"template":"","meta":[],"product_brand":[],"product_cat":[2320,2336],"product_tag":[],"class_list":{"0":"post-53619","1":"product","2":"type-product","3":"status-publish","4":"has-post-thumbnail","6":"product_cat-jeux-magnetiques","7":"product_cat-plus-de-categories","8":"pa_bax-10-fr","9":"pa_brand-d_toys-fr","10":"pa_country_of_manufacture-ro-fr","11":"pa_filter_age-5_7-fr","12":"pa_filter_age-7_9-fr","13":"pa_tip_ambalaj-boite","15":"first","16":"instock","17":"taxable","18":"shipping-taxable","19":"product-type-simple"},"yoast_head":"<!-- This site is optimized with the Yoast SEO plugin v20.1 - https:\/\/yoast.com\/wordpress\/plugins\/seo\/ -->\n<title>Tableau magn\u00e9tique polyvalent avec l&#039;alphabet - Jeu \u00e9ducatif<\/title>\n<meta name=\"description\" content=\"Tableau magn\u00e9tique polyvalent avec l&#039;alphabet - Jeu \u00e9ducatif\" \/>\n<meta name=\"robots\" content=\"index, follow, max-snippet:-1, max-image-preview:large, max-video-preview:-1\" \/>\n<link rel=\"canonical\" href=\"https:\/\/business.roovi.com\/fr\/tableau-magnetique-polyvalent-avec-lalphabet-jeu-educatif\/p\/\" \/>\n<meta property=\"og:locale\" content=\"fr_FR\" \/>\n<meta property=\"og:type\" content=\"article\" \/>\n<meta property=\"og:title\" content=\"Tableau magn\u00e9tique polyvalent avec l&#039;alphabet - Jeu \u00e9ducatif\" \/>\n<meta property=\"og:description\" content=\"Tableau magn\u00e9tique polyvalent avec l&#039;alphabet - Jeu \u00e9ducatif\" \/>\n<meta property=\"og:url\" content=\"https:\/\/business.roovi.com\/fr\/tableau-magnetique-polyvalent-avec-lalphabet-jeu-educatif\/p\/\" \/>\n<meta property=\"og:site_name\" content=\"Roovi B2B\" \/>\n<meta property=\"article:publisher\" content=\"https:\/\/www.facebook.com\/wwwjucariero\" \/>\n<meta property=\"article:modified_time\" content=\"2022-07-13T10:46:57+00:00\" \/>\n<meta property=\"og:image\" content=\"https:\/\/business.roovi.com\/wp-content\/uploads\/2018\/04\/67258_elo.jpg\" \/>\n\t<meta property=\"og:image:width\" content=\"1200\" \/>\n\t<meta property=\"og:image:height\" content=\"1200\" \/>\n\t<meta property=\"og:image:type\" content=\"image\/jpeg\" \/>\n<script type=\"application\/ld+json\" class=\"yoast-schema-graph\">{\"@context\":\"https:\/\/schema.org\",\"@graph\":[{\"@type\":\"WebPage\",\"@id\":\"https:\/\/business.roovi.com\/fr\/tableau-magnetique-polyvalent-avec-lalphabet-jeu-educatif\/p\/\",\"url\":\"https:\/\/business.roovi.com\/fr\/tableau-magnetique-polyvalent-avec-lalphabet-jeu-educatif\/p\/\",\"name\":\"Tableau magn\u00e9tique polyvalent avec l'alphabet - Jeu \u00e9ducatif\",\"isPartOf\":{\"@id\":\"https:\/\/business.roovi.com\/fr\/#website\"},\"datePublished\":\"2018-04-16T10:56:04+00:00\",\"dateModified\":\"2022-07-13T10:46:57+00:00\",\"description\":\"Tableau magn\u00e9tique polyvalent avec l'alphabet - Jeu \u00e9ducatif\",\"breadcrumb\":{\"@id\":\"https:\/\/business.roovi.com\/fr\/tableau-magnetique-polyvalent-avec-lalphabet-jeu-educatif\/p\/#breadcrumb\"},\"inLanguage\":\"fr-FR\",\"potentialAction\":[{\"@type\":\"ReadAction\",\"target\":[\"https:\/\/business.roovi.com\/fr\/tableau-magnetique-polyvalent-avec-lalphabet-jeu-educatif\/p\/\"]}]},{\"@type\":\"BreadcrumbList\",\"@id\":\"https:\/\/business.roovi.com\/fr\/tableau-magnetique-polyvalent-avec-lalphabet-jeu-educatif\/p\/#breadcrumb\",\"itemListElement\":[{\"@type\":\"ListItem\",\"position\":1,\"name\":\"Home\",\"item\":\"https:\/\/business.roovi.com\/fr\/\"},{\"@type\":\"ListItem\",\"position\":2,\"name\":\"Boutique\",\"item\":\"https:\/\/business.roovi.com\/fr\/boutique\/\"},{\"@type\":\"ListItem\",\"position\":3,\"name\":\"Tableau magn\u00e9tique polyvalent avec l&#8217;alphabet &#8211; Jeu \u00e9ducatif\"}]},{\"@type\":\"WebSite\",\"@id\":\"https:\/\/business.roovi.com\/fr\/#website\",\"url\":\"https:\/\/business.roovi.com\/fr\/\",\"name\":\"Roovi B2B\",\"description\":\"Roovi Business Website\",\"potentialAction\":[{\"@type\":\"SearchAction\",\"target\":{\"@type\":\"EntryPoint\",\"urlTemplate\":\"https:\/\/business.roovi.com\/fr\/?s={search_term_string}\"},\"query-input\":\"required name=search_term_string\"}],\"inLanguage\":\"fr-FR\"}]}<\/script>\n<!-- \/ Yoast SEO plugin. -->","yoast_head_json":{"title":"Tableau magn\u00e9tique polyvalent avec l'alphabet - Jeu \u00e9ducatif","description":"Tableau magn\u00e9tique polyvalent avec l'alphabet - Jeu \u00e9ducatif","robots":{"index":"index","follow":"follow","max-snippet":"max-snippet:-1","max-image-preview":"max-image-preview:large","max-video-preview":"max-video-preview:-1"},"canonical":"https:\/\/business.roovi.com\/fr\/tableau-magnetique-polyvalent-avec-lalphabet-jeu-educatif\/p\/","og_locale":"fr_FR","og_type":"article","og_title":"Tableau magn\u00e9tique polyvalent avec l'alphabet - Jeu \u00e9ducatif","og_description":"Tableau magn\u00e9tique polyvalent avec l'alphabet - Jeu \u00e9ducatif","og_url":"https:\/\/business.roovi.com\/fr\/tableau-magnetique-polyvalent-avec-lalphabet-jeu-educatif\/p\/","og_site_name":"Roovi B2B","article_publisher":"https:\/\/www.facebook.com\/wwwjucariero","article_modified_time":"2022-07-13T10:46:57+00:00","og_image":[{"width":1200,"height":1200,"url":"https:\/\/business.roovi.com\/wp-content\/uploads\/2018\/04\/67258_elo.jpg","type":"image\/jpeg"}],"schema":{"@context":"https:\/\/schema.org","@graph":[{"@type":"WebPage","@id":"https:\/\/business.roovi.com\/fr\/tableau-magnetique-polyvalent-avec-lalphabet-jeu-educatif\/p\/","url":"https:\/\/business.roovi.com\/fr\/tableau-magnetique-polyvalent-avec-lalphabet-jeu-educatif\/p\/","name":"Tableau magn\u00e9tique polyvalent avec l'alphabet - Jeu \u00e9ducatif","isPartOf":{"@id":"https:\/\/business.roovi.com\/fr\/#website"},"datePublished":"2018-04-16T10:56:04+00:00","dateModified":"2022-07-13T10:46:57+00:00","description":"Tableau magn\u00e9tique polyvalent avec l'alphabet - Jeu \u00e9ducatif","breadcrumb":{"@id":"https:\/\/business.roovi.com\/fr\/tableau-magnetique-polyvalent-avec-lalphabet-jeu-educatif\/p\/#breadcrumb"},"inLanguage":"fr-FR","potentialAction":[{"@type":"ReadAction","target":["https:\/\/business.roovi.com\/fr\/tableau-magnetique-polyvalent-avec-lalphabet-jeu-educatif\/p\/"]}]},{"@type":"BreadcrumbList","@id":"https:\/\/business.roovi.com\/fr\/tableau-magnetique-polyvalent-avec-lalphabet-jeu-educatif\/p\/#breadcrumb","itemListElement":[{"@type":"ListItem","position":1,"name":"Home","item":"https:\/\/business.roovi.com\/fr\/"},{"@type":"ListItem","position":2,"name":"Boutique","item":"https:\/\/business.roovi.com\/fr\/boutique\/"},{"@type":"ListItem","position":3,"name":"Tableau magn\u00e9tique polyvalent avec l&#8217;alphabet &#8211; Jeu \u00e9ducatif"}]},{"@type":"WebSite","@id":"https:\/\/business.roovi.com\/fr\/#website","url":"https:\/\/business.roovi.com\/fr\/","name":"Roovi B2B","description":"Roovi Business Website","potentialAction":[{"@type":"SearchAction","target":{"@type":"EntryPoint","urlTemplate":"https:\/\/business.roovi.com\/fr\/?s={search_term_string}"},"query-input":"required name=search_term_string"}],"inLanguage":"fr-FR"}]}},"_links":{"self":[{"href":"https:\/\/business.roovi.com\/fr\/wp-json\/wp\/v2\/product\/53619","targetHints":{"allow":["GET"]}}],"collection":[{"href":"https:\/\/business.roovi.com\/fr\/wp-json\/wp\/v2\/product"}],"about":[{"href":"https:\/\/business.roovi.com\/fr\/wp-json\/wp\/v2\/types\/product"}],"version-history":[{"count":0,"href":"https:\/\/business.roovi.com\/fr\/wp-json\/wp\/v2\/product\/53619\/revisions"}],"wp:featuredmedia":[{"embeddable":true,"href":"https:\/\/business.roovi.com\/fr\/wp-json\/wp\/v2\/media\/44730"}],"wp:attachment":[{"href":"https:\/\/business.roovi.com\/fr\/wp-json\/wp\/v2\/media?parent=53619"}],"wp:term":[{"taxonomy":"product_brand","embeddable":true,"href":"https:\/\/business.roovi.com\/fr\/wp-json\/wp\/v2\/product_brand?post=53619"},{"taxonomy":"product_cat","embeddable":true,"href":"https:\/\/business.roovi.com\/fr\/wp-json\/wp\/v2\/product_cat?post=53619"},{"taxonomy":"product_tag","embeddable":true,"href":"https:\/\/business.roovi.com\/fr\/wp-json\/wp\/v2\/product_tag?post=53619"}],"curies":[{"name":"wp","href":"https:\/\/api.w.org\/{rel}","templated":true}]}}