{"id":53623,"date":"2018-04-16T10:56:04","date_gmt":"2018-04-16T10:56:04","guid":{"rendered":"https:\/\/business.roovi.com\/joc-matematica-distractiva\/p\/"},"modified":"2022-07-13T10:47:00","modified_gmt":"2022-07-13T10:47:00","slug":"fun-maths-jeu-educatif","status":"publish","type":"product","link":"https:\/\/business.roovi.com\/fr\/fun-maths-jeu-educatif\/p\/","title":{"rendered":"Fun Maths &#8211; Jeu \u00e9ducatif"},"content":{"rendered":"<p><span style=\"font-weight: 400;\">Vraiment, qui savait qu&rsquo;on pouvait s&rsquo;amuser en faisant des maths ? Aurais-tu pens\u00e9 que tu pourrais aider ton enfant \u00e0 apprendre les math\u00e9matiques en jouant \u00e0 un jeu de math\u00e9matiques ?<\/span><\/p>\n<p><span style=\"font-weight: 400;\">Nous avons pens\u00e9 \u00e0 tous les petits qui paniquent quand ils entendent le mot maths et nous avons cr\u00e9\u00e9 un jeu super amusant pour les aider \u00e0 s&rsquo;exercer sans stress <\/span><\/p>\n<p><span style=\"font-weight: 400;\">L&rsquo;addition, la soustraction, la multiplication et la division deviennent des d\u00e9fis amusants sur le tableau que les petits jonglent pour obtenir le meilleur score <\/span><\/p>\n<p><span style=\"font-weight: 400;\">Les calculs simples ou plus complexes deviendront un jeu d&rsquo;enfant avec un peu de pratique et l&rsquo;aide d&rsquo;un adulte <\/span><\/p>\n<h2><span style=\"font-weight: 400;\">Savais-tu que le jeu de maths Fun..<\/span><\/h2>\n<ul>\n<li><span style=\"font-weight: 400;\">C&rsquo;est un moyen efficace d&rsquo;initier les enfants aux math\u00e9matiques.<\/span><\/li>\n<li><span style=\"font-weight: 400;\">Il d\u00e9veloppe la pens\u00e9e associative.<\/span><\/li>\n<li><span style=\"font-weight: 400;\">Il aide les enfants \u00e0 suivre les r\u00e8gles et \u00e0 exercer leur patience, en attendant leur tour au jeu.<\/span><\/li>\n<li><span style=\"font-weight: 400;\">Stimule et d\u00e9veloppe un esprit de comp\u00e9tition.<\/span><\/li>\n<li><span style=\"font-weight: 400;\">Favorise le d\u00e9veloppement de la pens\u00e9e logique-math\u00e9matique.<\/span><\/li>\n<li><span style=\"font-weight: 400;\">Peut \u00eatre utilis\u00e9 avec succ\u00e8s \u00e0 des fins d&rsquo;enseignement.<\/span><\/li>\n<li><span style=\"font-weight: 400;\">C&rsquo;est amusant et stimulant.<\/span><\/li>\n<\/ul>\n<h2><span style=\"font-weight: 400;\">Pourquoi choisir Fun Maths<\/span><\/h2>\n<p><span style=\"font-weight: 400;\">Le jeu peut \u00eatre utilis\u00e9 avec succ\u00e8s dans les classes de maternelle et d&rsquo;\u00e9cole \u00e0 des fins p\u00e9dagogiques et \u00e9ducatives <\/span><\/p>\n<p><span style=\"font-weight: 400;\">Il peut \u00eatre utilis\u00e9 \u00e0 la maison pour exercer et familiariser les enfants avec des op\u00e9rations math\u00e9matiques simples et basiques comme l&rsquo;addition et la soustraction. Au fur et \u00e0 mesure de leurs progr\u00e8s, tu peux introduire progressivement la multiplication et la division.  <\/span><\/p>\n<p><span style=\"font-weight: 400;\">Fun Maths est plus qu&rsquo;un simple jeu de maths. C&rsquo;est un jeu bas\u00e9 sur la strat\u00e9gie, qui met les enfants au d\u00e9fi de devenir comp\u00e9titifs, de collecter autant de points que possible et de faire attention aux jetons sur la table.<\/span><\/p>\n<p><span style=\"font-weight: 400;\">Les enfants apprennent \u00e0 effectuer des calculs mentaux rapides pour former facilement des op\u00e9rations math\u00e9matiques avec des r\u00e9ponses correctes. Bien que l&rsquo;\u00e2ge recommand\u00e9 soit d&rsquo;au moins 8 ans, il peut aussi \u00eatre utilis\u00e9 avec succ\u00e8s par des enfants plus jeunes sous la surveillance d&rsquo;un adulte.<\/span><\/p>\n<p><span style=\"font-weight: 400;\">Les tuiles sont en bois et les jetons sont en plastique, ce qui garantit une utilisation durable et une grande r\u00e9sistance \u00e0 l&rsquo;usure <\/span><\/p>\n<p><span style=\"font-weight: 400;\">Montre \u00e0 ton enfant que les maths ne sont pas le croque-mitaine, elles peuvent m\u00eame \u00eatre amusantes quand elles sont faites en jeu avec le Jeu de maths amusant.<\/span><\/p>\n<p><span style=\"font-weight: 400;\">\u00c2ge recommand\u00e9 : 8+<\/span><\/p>\n<p><span style=\"font-weight: 400;\">Joueurs : 1-4 personnes<\/span><\/p>\n<p><span style=\"font-weight: 400;\">La bo\u00eete contient <\/span><span style=\"font-weight: 400;\">84 jetons de jeu en plastique, 4 supports de jetons en bois, r\u00e8gles du jeu.<\/span><\/p>\n<p><span style=\"font-weight: 400;\">Le jeu n&rsquo;est pas recommand\u00e9 pour les enfants de moins de 3 ans.<\/span><\/p><\/p>\n","protected":false},"excerpt":{"rendered":"<p>Vraiment, qui savait qu&rsquo;on pouvait s&rsquo;amuser en faisant des maths ? Aurais-tu pens\u00e9 que tu pourrais aider ton enfant \u00e0<\/p>\n","protected":false},"featured_media":70871,"template":"","meta":[],"product_brand":[],"product_cat":[2303,2306],"product_tag":[],"class_list":{"0":"post-53623","1":"product","2":"type-product","3":"status-publish","4":"has-post-thumbnail","6":"product_cat-jeux-de-societe","7":"product_cat-jeux-educatifs-et-jeux-de-quiz","8":"pa_bax-10-fr","9":"pa_brand-d_toys-fr","10":"pa_country_of_manufacture-ro-fr","11":"pa_filter_age-3_5-fr","12":"pa_filter_age-5_7-fr","13":"pa_filter_age-7_9-fr","14":"pa_tip_ambalaj-boite","16":"first","17":"instock","18":"taxable","19":"shipping-taxable","20":"product-type-simple"},"yoast_head":"<!-- This site is optimized with the Yoast SEO plugin v20.1 - https:\/\/yoast.com\/wordpress\/plugins\/seo\/ -->\n<title>Fun Maths - Jeu \u00e9ducatif<\/title>\n<meta name=\"description\" content=\"Fun Maths - Jeu \u00e9ducatif\" \/>\n<meta name=\"robots\" content=\"index, follow, max-snippet:-1, max-image-preview:large, max-video-preview:-1\" \/>\n<link rel=\"canonical\" href=\"https:\/\/business.roovi.com\/fr\/fun-maths-jeu-educatif\/p\/\" \/>\n<meta property=\"og:locale\" content=\"fr_FR\" \/>\n<meta property=\"og:type\" content=\"article\" \/>\n<meta property=\"og:title\" content=\"Fun Maths - Jeu \u00e9ducatif\" \/>\n<meta property=\"og:description\" content=\"Fun Maths - Jeu \u00e9ducatif\" \/>\n<meta property=\"og:url\" content=\"https:\/\/business.roovi.com\/fr\/fun-maths-jeu-educatif\/p\/\" \/>\n<meta property=\"og:site_name\" content=\"Roovi B2B\" \/>\n<meta property=\"article:publisher\" content=\"https:\/\/www.facebook.com\/wwwjucariero\" \/>\n<meta property=\"article:modified_time\" content=\"2022-07-13T10:47:00+00:00\" \/>\n<meta property=\"og:image\" content=\"https:\/\/business.roovi.com\/wp-content\/uploads\/2018\/04\/67180_elo_1.jpg\" \/>\n\t<meta property=\"og:image:width\" content=\"1200\" \/>\n\t<meta property=\"og:image:height\" content=\"1200\" \/>\n\t<meta property=\"og:image:type\" content=\"image\/jpeg\" \/>\n<meta name=\"twitter:label1\" content=\"Dur\u00e9e de lecture estim\u00e9e\" \/>\n\t<meta name=\"twitter:data1\" content=\"2 minutes\" \/>\n<script type=\"application\/ld+json\" class=\"yoast-schema-graph\">{\"@context\":\"https:\/\/schema.org\",\"@graph\":[{\"@type\":\"WebPage\",\"@id\":\"https:\/\/business.roovi.com\/fr\/fun-maths-jeu-educatif\/p\/\",\"url\":\"https:\/\/business.roovi.com\/fr\/fun-maths-jeu-educatif\/p\/\",\"name\":\"Fun Maths - Jeu \u00e9ducatif\",\"isPartOf\":{\"@id\":\"https:\/\/business.roovi.com\/fr\/#website\"},\"datePublished\":\"2018-04-16T10:56:04+00:00\",\"dateModified\":\"2022-07-13T10:47:00+00:00\",\"description\":\"Fun Maths - Jeu \u00e9ducatif\",\"breadcrumb\":{\"@id\":\"https:\/\/business.roovi.com\/fr\/fun-maths-jeu-educatif\/p\/#breadcrumb\"},\"inLanguage\":\"fr-FR\",\"potentialAction\":[{\"@type\":\"ReadAction\",\"target\":[\"https:\/\/business.roovi.com\/fr\/fun-maths-jeu-educatif\/p\/\"]}]},{\"@type\":\"BreadcrumbList\",\"@id\":\"https:\/\/business.roovi.com\/fr\/fun-maths-jeu-educatif\/p\/#breadcrumb\",\"itemListElement\":[{\"@type\":\"ListItem\",\"position\":1,\"name\":\"Home\",\"item\":\"https:\/\/business.roovi.com\/fr\/\"},{\"@type\":\"ListItem\",\"position\":2,\"name\":\"Boutique\",\"item\":\"https:\/\/business.roovi.com\/fr\/boutique\/\"},{\"@type\":\"ListItem\",\"position\":3,\"name\":\"Fun Maths &#8211; Jeu \u00e9ducatif\"}]},{\"@type\":\"WebSite\",\"@id\":\"https:\/\/business.roovi.com\/fr\/#website\",\"url\":\"https:\/\/business.roovi.com\/fr\/\",\"name\":\"Roovi B2B\",\"description\":\"Roovi Business Website\",\"potentialAction\":[{\"@type\":\"SearchAction\",\"target\":{\"@type\":\"EntryPoint\",\"urlTemplate\":\"https:\/\/business.roovi.com\/fr\/?s={search_term_string}\"},\"query-input\":\"required name=search_term_string\"}],\"inLanguage\":\"fr-FR\"}]}<\/script>\n<!-- \/ Yoast SEO plugin. -->","yoast_head_json":{"title":"Fun Maths - Jeu \u00e9ducatif","description":"Fun Maths - Jeu \u00e9ducatif","robots":{"index":"index","follow":"follow","max-snippet":"max-snippet:-1","max-image-preview":"max-image-preview:large","max-video-preview":"max-video-preview:-1"},"canonical":"https:\/\/business.roovi.com\/fr\/fun-maths-jeu-educatif\/p\/","og_locale":"fr_FR","og_type":"article","og_title":"Fun Maths - Jeu \u00e9ducatif","og_description":"Fun Maths - Jeu \u00e9ducatif","og_url":"https:\/\/business.roovi.com\/fr\/fun-maths-jeu-educatif\/p\/","og_site_name":"Roovi B2B","article_publisher":"https:\/\/www.facebook.com\/wwwjucariero","article_modified_time":"2022-07-13T10:47:00+00:00","og_image":[{"width":1200,"height":1200,"url":"https:\/\/business.roovi.com\/wp-content\/uploads\/2018\/04\/67180_elo_1.jpg","type":"image\/jpeg"}],"twitter_misc":{"Dur\u00e9e de lecture estim\u00e9e":"2 minutes"},"schema":{"@context":"https:\/\/schema.org","@graph":[{"@type":"WebPage","@id":"https:\/\/business.roovi.com\/fr\/fun-maths-jeu-educatif\/p\/","url":"https:\/\/business.roovi.com\/fr\/fun-maths-jeu-educatif\/p\/","name":"Fun Maths - Jeu \u00e9ducatif","isPartOf":{"@id":"https:\/\/business.roovi.com\/fr\/#website"},"datePublished":"2018-04-16T10:56:04+00:00","dateModified":"2022-07-13T10:47:00+00:00","description":"Fun Maths - Jeu \u00e9ducatif","breadcrumb":{"@id":"https:\/\/business.roovi.com\/fr\/fun-maths-jeu-educatif\/p\/#breadcrumb"},"inLanguage":"fr-FR","potentialAction":[{"@type":"ReadAction","target":["https:\/\/business.roovi.com\/fr\/fun-maths-jeu-educatif\/p\/"]}]},{"@type":"BreadcrumbList","@id":"https:\/\/business.roovi.com\/fr\/fun-maths-jeu-educatif\/p\/#breadcrumb","itemListElement":[{"@type":"ListItem","position":1,"name":"Home","item":"https:\/\/business.roovi.com\/fr\/"},{"@type":"ListItem","position":2,"name":"Boutique","item":"https:\/\/business.roovi.com\/fr\/boutique\/"},{"@type":"ListItem","position":3,"name":"Fun Maths &#8211; Jeu \u00e9ducatif"}]},{"@type":"WebSite","@id":"https:\/\/business.roovi.com\/fr\/#website","url":"https:\/\/business.roovi.com\/fr\/","name":"Roovi B2B","description":"Roovi Business Website","potentialAction":[{"@type":"SearchAction","target":{"@type":"EntryPoint","urlTemplate":"https:\/\/business.roovi.com\/fr\/?s={search_term_string}"},"query-input":"required name=search_term_string"}],"inLanguage":"fr-FR"}]}},"_links":{"self":[{"href":"https:\/\/business.roovi.com\/fr\/wp-json\/wp\/v2\/product\/53623","targetHints":{"allow":["GET"]}}],"collection":[{"href":"https:\/\/business.roovi.com\/fr\/wp-json\/wp\/v2\/product"}],"about":[{"href":"https:\/\/business.roovi.com\/fr\/wp-json\/wp\/v2\/types\/product"}],"version-history":[{"count":0,"href":"https:\/\/business.roovi.com\/fr\/wp-json\/wp\/v2\/product\/53623\/revisions"}],"wp:featuredmedia":[{"embeddable":true,"href":"https:\/\/business.roovi.com\/fr\/wp-json\/wp\/v2\/media\/70871"}],"wp:attachment":[{"href":"https:\/\/business.roovi.com\/fr\/wp-json\/wp\/v2\/media?parent=53623"}],"wp:term":[{"taxonomy":"product_brand","embeddable":true,"href":"https:\/\/business.roovi.com\/fr\/wp-json\/wp\/v2\/product_brand?post=53623"},{"taxonomy":"product_cat","embeddable":true,"href":"https:\/\/business.roovi.com\/fr\/wp-json\/wp\/v2\/product_cat?post=53623"},{"taxonomy":"product_tag","embeddable":true,"href":"https:\/\/business.roovi.com\/fr\/wp-json\/wp\/v2\/product_tag?post=53623"}],"curies":[{"name":"wp","href":"https:\/\/api.w.org\/{rel}","templated":true}]}}