{"id":53632,"date":"2018-04-16T10:56:04","date_gmt":"2018-04-16T10:56:04","guid":{"rendered":"https:\/\/business.roovi.com\/jocul-numerelor-clasic\/p\/"},"modified":"2022-07-13T10:47:11","modified_gmt":"2022-07-13T10:47:11","slug":"le-jeu-des-nombres-jeu-educatif","status":"publish","type":"product","link":"https:\/\/business.roovi.com\/fr\/le-jeu-des-nombres-jeu-educatif\/p\/","title":{"rendered":"Le jeu des nombres &#8211; Jeu \u00e9ducatif"},"content":{"rendered":"<p><span style=\"font-weight: 400;\">Le jeu est le moyen le plus simple et le plus efficace pour les jeunes enfants d&rsquo;apprendre des concepts de base et des informations passionnantes. Le jeu, sous toutes ses formes, est une ressource inestimable pour le d\u00e9veloppement harmonieux des enfants de tous \u00e2ges.<\/span><\/p>\n<p><span style=\"font-weight: 400;\">Le jeu des nombres est l&rsquo;un de ces jeux \u00e9ducatifs \u00e0 la fois amusants et interactifs qui laissent la porte des connaissances ouverte aux petits explorateurs pour qu&rsquo;ils d\u00e9couvrent le monde fascinant des foules, des suites logiques de chiffres et de quantit\u00e9s.<\/span><\/p>\n<p><span style=\"font-weight: 400;\">Une aide indispensable pour les \u00e9ducateurs de maternelle, Le jeu des nombres est une fa\u00e7on amusante de poser les bases des math\u00e9matiques et d&rsquo;initier les enfants aux chiffres <\/span><\/p>\n<h2><span style=\"font-weight: 400;\">Savais-tu que le Jeu des nombres..<\/span><\/h2>\n<ul>\n<li><span style=\"font-weight: 400;\">Cr\u00e9e les conditions pr\u00e9alables au d\u00e9veloppement de la pens\u00e9e logique-analytique.<\/span><\/li>\n<li><span style=\"font-weight: 400;\">Il pr\u00e9sente aux enfants les foules et leur corr\u00e9lation avec les chiffres.<\/span><\/li>\n<li><span style=\"font-weight: 400;\">\u00c9tablit les concepts \u00e9l\u00e9mentaires d&rsquo;addition et de soustraction en comprenant la notion de \u00ab\u00a0plus\u00a0\u00bb et de \u00ab\u00a0moins\u00a0\u00bb.<\/span><\/li>\n<li><span style=\"font-weight: 400;\">Stimule le travail d&rsquo;\u00e9quipe et la collaboration avec les autres enfants.<\/span><\/li>\n<li><span style=\"font-weight: 400;\">D\u00e9veloppe l&rsquo;attention aux d\u00e9tails en remarquant les diff\u00e9rences.<\/span><\/li>\n<li><span style=\"font-weight: 400;\">C&rsquo;est un jeu tr\u00e8s utile pour aider les enfants \u00e0 apprendre que les maths peuvent \u00eatre amusantes.<\/span><\/li>\n<\/ul>\n<h2><span style=\"font-weight: 400;\">Pourquoi choisir le Jeu des nombres<\/span><\/h2>\n<p><span style=\"font-weight: 400;\">Le Jeu des nombres a \u00e9t\u00e9 con\u00e7u et cr\u00e9\u00e9 sp\u00e9cialement \u00e0 des fins p\u00e9dagogiques et est utilis\u00e9 et aim\u00e9 par les enseignants de maternelle, dont le travail consiste \u00e0 poser les bases sur lesquelles les enfants construiront plus tard un ensemble de connaissances riches et vari\u00e9es <\/span><\/p>\n<p><span style=\"font-weight: 400;\">Les math\u00e9matiques sont l&rsquo;une des mati\u00e8res que tu aimes ou que tu acceptes par n\u00e9cessit\u00e9. Avec l&rsquo;aide du Jeu des nombres et de la bonne activit\u00e9 p\u00e9dagogique, les maths peuvent devenir la mati\u00e8re qui reste dans la t\u00eate.<\/span><\/p>\n<p><span style=\"font-weight: 400;\">D\u00e9couvre un jeu p\u00e9dagogique cr\u00e9atif et astucieux, tr\u00e8s utile dans les classes de maternelle.<\/span><\/p>\n<p><span style=\"font-weight: 400;\"> <\/span><span style=\"font-weight: 400;\">\u00c2ge recommand\u00e9 : 5+<\/span><\/p>\n<p><span style=\"font-weight: 400;\">Joueurs : groupes ou \u00e9quipes<\/span><\/p>\n<p><span style=\"font-weight: 400;\">La bo\u00eete contient : 4 planches de chiffres et de foule diff\u00e9rentes<\/span><\/p>\n<p><span style=\"font-weight: 400;\">Non recommand\u00e9 pour les enfants de moins de 3 ans <\/span><\/p><\/p>\n","protected":false},"excerpt":{"rendered":"<p>Le jeu est le moyen le plus simple et le plus efficace pour les jeunes enfants d&rsquo;apprendre des concepts de<\/p>\n","protected":false},"featured_media":73684,"template":"","meta":[],"product_brand":[],"product_cat":[2386,2328],"product_tag":[],"class_list":{"0":"post-53632","1":"product","2":"type-product","3":"status-publish","4":"has-post-thumbnail","6":"product_cat-jeux-educatifs","7":"product_cat-jeux-educatifs-et-scientifiques","8":"pa_bax-100-fr","9":"pa_brand-d_toys-fr","10":"pa_country_of_manufacture-ro-fr","11":"pa_filter_age-5_7-fr","12":"pa_filter_age-7_9-fr","14":"first","15":"instock","16":"taxable","17":"shipping-taxable","18":"product-type-simple"},"yoast_head":"<!-- This site is optimized with the Yoast SEO plugin v20.1 - https:\/\/yoast.com\/wordpress\/plugins\/seo\/ -->\n<title>Le jeu des nombres - Jeu \u00e9ducatif<\/title>\n<meta name=\"description\" content=\"Le jeu des nombres - Jeu \u00e9ducatif\" \/>\n<meta name=\"robots\" content=\"index, follow, max-snippet:-1, max-image-preview:large, max-video-preview:-1\" \/>\n<link rel=\"canonical\" href=\"https:\/\/business.roovi.com\/fr\/le-jeu-des-nombres-jeu-educatif\/p\/\" \/>\n<meta property=\"og:locale\" content=\"fr_FR\" \/>\n<meta property=\"og:type\" content=\"article\" \/>\n<meta property=\"og:title\" content=\"Le jeu des nombres - Jeu \u00e9ducatif\" \/>\n<meta property=\"og:description\" content=\"Le jeu des nombres - Jeu \u00e9ducatif\" \/>\n<meta property=\"og:url\" content=\"https:\/\/business.roovi.com\/fr\/le-jeu-des-nombres-jeu-educatif\/p\/\" \/>\n<meta property=\"og:site_name\" content=\"Roovi B2B\" \/>\n<meta property=\"article:publisher\" content=\"https:\/\/www.facebook.com\/wwwjucariero\" \/>\n<meta property=\"article:modified_time\" content=\"2022-07-13T10:47:11+00:00\" \/>\n<meta property=\"og:image\" content=\"https:\/\/business.roovi.com\/wp-content\/uploads\/2018\/04\/62697_jocul_numerelor.jpg\" \/>\n\t<meta property=\"og:image:width\" content=\"1200\" \/>\n\t<meta property=\"og:image:height\" content=\"1200\" \/>\n\t<meta property=\"og:image:type\" content=\"image\/jpeg\" \/>\n<meta name=\"twitter:label1\" content=\"Dur\u00e9e de lecture estim\u00e9e\" \/>\n\t<meta name=\"twitter:data1\" content=\"2 minutes\" \/>\n<script type=\"application\/ld+json\" class=\"yoast-schema-graph\">{\"@context\":\"https:\/\/schema.org\",\"@graph\":[{\"@type\":\"WebPage\",\"@id\":\"https:\/\/business.roovi.com\/fr\/le-jeu-des-nombres-jeu-educatif\/p\/\",\"url\":\"https:\/\/business.roovi.com\/fr\/le-jeu-des-nombres-jeu-educatif\/p\/\",\"name\":\"Le jeu des nombres - Jeu \u00e9ducatif\",\"isPartOf\":{\"@id\":\"https:\/\/business.roovi.com\/fr\/#website\"},\"datePublished\":\"2018-04-16T10:56:04+00:00\",\"dateModified\":\"2022-07-13T10:47:11+00:00\",\"description\":\"Le jeu des nombres - Jeu \u00e9ducatif\",\"breadcrumb\":{\"@id\":\"https:\/\/business.roovi.com\/fr\/le-jeu-des-nombres-jeu-educatif\/p\/#breadcrumb\"},\"inLanguage\":\"fr-FR\",\"potentialAction\":[{\"@type\":\"ReadAction\",\"target\":[\"https:\/\/business.roovi.com\/fr\/le-jeu-des-nombres-jeu-educatif\/p\/\"]}]},{\"@type\":\"BreadcrumbList\",\"@id\":\"https:\/\/business.roovi.com\/fr\/le-jeu-des-nombres-jeu-educatif\/p\/#breadcrumb\",\"itemListElement\":[{\"@type\":\"ListItem\",\"position\":1,\"name\":\"Home\",\"item\":\"https:\/\/business.roovi.com\/fr\/\"},{\"@type\":\"ListItem\",\"position\":2,\"name\":\"Boutique\",\"item\":\"https:\/\/business.roovi.com\/fr\/boutique\/\"},{\"@type\":\"ListItem\",\"position\":3,\"name\":\"Le jeu des nombres &#8211; Jeu \u00e9ducatif\"}]},{\"@type\":\"WebSite\",\"@id\":\"https:\/\/business.roovi.com\/fr\/#website\",\"url\":\"https:\/\/business.roovi.com\/fr\/\",\"name\":\"Roovi B2B\",\"description\":\"Roovi Business Website\",\"potentialAction\":[{\"@type\":\"SearchAction\",\"target\":{\"@type\":\"EntryPoint\",\"urlTemplate\":\"https:\/\/business.roovi.com\/fr\/?s={search_term_string}\"},\"query-input\":\"required name=search_term_string\"}],\"inLanguage\":\"fr-FR\"}]}<\/script>\n<!-- \/ Yoast SEO plugin. -->","yoast_head_json":{"title":"Le jeu des nombres - Jeu \u00e9ducatif","description":"Le jeu des nombres - Jeu \u00e9ducatif","robots":{"index":"index","follow":"follow","max-snippet":"max-snippet:-1","max-image-preview":"max-image-preview:large","max-video-preview":"max-video-preview:-1"},"canonical":"https:\/\/business.roovi.com\/fr\/le-jeu-des-nombres-jeu-educatif\/p\/","og_locale":"fr_FR","og_type":"article","og_title":"Le jeu des nombres - Jeu \u00e9ducatif","og_description":"Le jeu des nombres - Jeu \u00e9ducatif","og_url":"https:\/\/business.roovi.com\/fr\/le-jeu-des-nombres-jeu-educatif\/p\/","og_site_name":"Roovi B2B","article_publisher":"https:\/\/www.facebook.com\/wwwjucariero","article_modified_time":"2022-07-13T10:47:11+00:00","og_image":[{"width":1200,"height":1200,"url":"https:\/\/business.roovi.com\/wp-content\/uploads\/2018\/04\/62697_jocul_numerelor.jpg","type":"image\/jpeg"}],"twitter_misc":{"Dur\u00e9e de lecture estim\u00e9e":"2 minutes"},"schema":{"@context":"https:\/\/schema.org","@graph":[{"@type":"WebPage","@id":"https:\/\/business.roovi.com\/fr\/le-jeu-des-nombres-jeu-educatif\/p\/","url":"https:\/\/business.roovi.com\/fr\/le-jeu-des-nombres-jeu-educatif\/p\/","name":"Le jeu des nombres - Jeu \u00e9ducatif","isPartOf":{"@id":"https:\/\/business.roovi.com\/fr\/#website"},"datePublished":"2018-04-16T10:56:04+00:00","dateModified":"2022-07-13T10:47:11+00:00","description":"Le jeu des nombres - Jeu \u00e9ducatif","breadcrumb":{"@id":"https:\/\/business.roovi.com\/fr\/le-jeu-des-nombres-jeu-educatif\/p\/#breadcrumb"},"inLanguage":"fr-FR","potentialAction":[{"@type":"ReadAction","target":["https:\/\/business.roovi.com\/fr\/le-jeu-des-nombres-jeu-educatif\/p\/"]}]},{"@type":"BreadcrumbList","@id":"https:\/\/business.roovi.com\/fr\/le-jeu-des-nombres-jeu-educatif\/p\/#breadcrumb","itemListElement":[{"@type":"ListItem","position":1,"name":"Home","item":"https:\/\/business.roovi.com\/fr\/"},{"@type":"ListItem","position":2,"name":"Boutique","item":"https:\/\/business.roovi.com\/fr\/boutique\/"},{"@type":"ListItem","position":3,"name":"Le jeu des nombres &#8211; Jeu \u00e9ducatif"}]},{"@type":"WebSite","@id":"https:\/\/business.roovi.com\/fr\/#website","url":"https:\/\/business.roovi.com\/fr\/","name":"Roovi B2B","description":"Roovi Business Website","potentialAction":[{"@type":"SearchAction","target":{"@type":"EntryPoint","urlTemplate":"https:\/\/business.roovi.com\/fr\/?s={search_term_string}"},"query-input":"required name=search_term_string"}],"inLanguage":"fr-FR"}]}},"_links":{"self":[{"href":"https:\/\/business.roovi.com\/fr\/wp-json\/wp\/v2\/product\/53632","targetHints":{"allow":["GET"]}}],"collection":[{"href":"https:\/\/business.roovi.com\/fr\/wp-json\/wp\/v2\/product"}],"about":[{"href":"https:\/\/business.roovi.com\/fr\/wp-json\/wp\/v2\/types\/product"}],"version-history":[{"count":0,"href":"https:\/\/business.roovi.com\/fr\/wp-json\/wp\/v2\/product\/53632\/revisions"}],"wp:featuredmedia":[{"embeddable":true,"href":"https:\/\/business.roovi.com\/fr\/wp-json\/wp\/v2\/media\/73684"}],"wp:attachment":[{"href":"https:\/\/business.roovi.com\/fr\/wp-json\/wp\/v2\/media?parent=53632"}],"wp:term":[{"taxonomy":"product_brand","embeddable":true,"href":"https:\/\/business.roovi.com\/fr\/wp-json\/wp\/v2\/product_brand?post=53632"},{"taxonomy":"product_cat","embeddable":true,"href":"https:\/\/business.roovi.com\/fr\/wp-json\/wp\/v2\/product_cat?post=53632"},{"taxonomy":"product_tag","embeddable":true,"href":"https:\/\/business.roovi.com\/fr\/wp-json\/wp\/v2\/product_tag?post=53632"}],"curies":[{"name":"wp","href":"https:\/\/api.w.org\/{rel}","templated":true}]}}