{"id":53670,"date":"2018-04-16T10:56:04","date_gmt":"2018-04-16T10:56:04","guid":{"rendered":"https:\/\/business.roovi.com\/joc-eduscience-academia-cateilor\/p\/"},"modified":"2022-07-13T10:47:44","modified_gmt":"2022-07-13T10:47:44","slug":"puppy-academy-jeu-interactif-pour-le-dressage-des-chiots","status":"publish","type":"product","link":"https:\/\/business.roovi.com\/fr\/puppy-academy-jeu-interactif-pour-le-dressage-des-chiots\/p\/","title":{"rendered":"Puppy Academy &#8211; Jeu interactif pour le dressage des chiots"},"content":{"rendered":"<p>D\u00e9couvre \u00e0 quel point ton chiot est intelligent, comment il r\u00e9ussit les tests d&rsquo;intelligence et de m\u00e9moire inclus dans le set ou \u00e0 quelle vitesse il peut apprendre les ordres les plus importants ! Avec la m\u00e9thode de dressage au clicker, tu peux maintenant le dresser comme un professionnel. Ce produit ing\u00e9nieux, con\u00e7u sp\u00e9cialement pour les chiots joueurs et leurs propri\u00e9taires de tous \u00e2ges, transforme le temps pass\u00e9 avec nos amis \u00e0 quatre pattes en de fantastiques s\u00e9ances de jeu et d&rsquo;entra\u00eenement.<\/p>\n","protected":false},"excerpt":{"rendered":"<p>D\u00e9couvre \u00e0 quel point ton chiot est intelligent, comment il r\u00e9ussit les tests d&rsquo;intelligence et de m\u00e9moire inclus dans le<\/p>\n","protected":false},"featured_media":69661,"template":"","meta":[],"product_brand":[],"product_cat":[2328,2329],"product_tag":[],"class_list":{"0":"post-53670","1":"product","2":"type-product","3":"status-publish","4":"has-post-thumbnail","6":"product_cat-jeux-educatifs-et-scientifiques","7":"product_cat-jeux-scientifiques","8":"pa_bax-12-fr","9":"pa_brand-treetoys-fr","10":"pa_country_of_manufacture-ro-fr","11":"pa_filter_age-14-fr","12":"pa_filter_age-5_7-fr","13":"pa_filter_age-7_9-fr","14":"pa_filter_age-9_14-fr","15":"pa_tip_ambalaj-boite","17":"first","18":"instock","19":"taxable","20":"shipping-taxable","21":"product-type-simple"},"yoast_head":"<!-- This site is optimized with the Yoast SEO plugin v20.1 - https:\/\/yoast.com\/wordpress\/plugins\/seo\/ -->\n<title>Puppy Academy - Jeu interactif pour le dressage des chiots<\/title>\n<meta name=\"description\" content=\"Puppy Academy - Jeu interactif pour le dressage des chiots\" \/>\n<meta name=\"robots\" content=\"index, follow, max-snippet:-1, max-image-preview:large, max-video-preview:-1\" \/>\n<link rel=\"canonical\" href=\"https:\/\/business.roovi.com\/fr\/puppy-academy-jeu-interactif-pour-le-dressage-des-chiots\/p\/\" \/>\n<meta property=\"og:locale\" content=\"fr_FR\" \/>\n<meta property=\"og:type\" content=\"article\" \/>\n<meta property=\"og:title\" content=\"Puppy Academy - Jeu interactif pour le dressage des chiots\" \/>\n<meta property=\"og:description\" content=\"Puppy Academy - Jeu interactif pour le dressage des chiots\" \/>\n<meta property=\"og:url\" content=\"https:\/\/business.roovi.com\/fr\/puppy-academy-jeu-interactif-pour-le-dressage-des-chiots\/p\/\" \/>\n<meta property=\"og:site_name\" content=\"Roovi B2B\" \/>\n<meta property=\"article:publisher\" content=\"https:\/\/www.facebook.com\/wwwjucariero\" \/>\n<meta property=\"article:modified_time\" content=\"2022-07-13T10:47:44+00:00\" \/>\n<meta property=\"og:image\" content=\"https:\/\/business.roovi.com\/wp-content\/uploads\/2018\/04\/67883_elo.jpg\" \/>\n\t<meta property=\"og:image:width\" content=\"1200\" \/>\n\t<meta property=\"og:image:height\" content=\"1200\" \/>\n\t<meta property=\"og:image:type\" content=\"image\/jpeg\" \/>\n<script type=\"application\/ld+json\" class=\"yoast-schema-graph\">{\"@context\":\"https:\/\/schema.org\",\"@graph\":[{\"@type\":\"WebPage\",\"@id\":\"https:\/\/business.roovi.com\/fr\/puppy-academy-jeu-interactif-pour-le-dressage-des-chiots\/p\/\",\"url\":\"https:\/\/business.roovi.com\/fr\/puppy-academy-jeu-interactif-pour-le-dressage-des-chiots\/p\/\",\"name\":\"Puppy Academy - Jeu interactif pour le dressage des chiots\",\"isPartOf\":{\"@id\":\"https:\/\/business.roovi.com\/fr\/#website\"},\"datePublished\":\"2018-04-16T10:56:04+00:00\",\"dateModified\":\"2022-07-13T10:47:44+00:00\",\"description\":\"Puppy Academy - Jeu interactif pour le dressage des chiots\",\"breadcrumb\":{\"@id\":\"https:\/\/business.roovi.com\/fr\/puppy-academy-jeu-interactif-pour-le-dressage-des-chiots\/p\/#breadcrumb\"},\"inLanguage\":\"fr-FR\",\"potentialAction\":[{\"@type\":\"ReadAction\",\"target\":[\"https:\/\/business.roovi.com\/fr\/puppy-academy-jeu-interactif-pour-le-dressage-des-chiots\/p\/\"]}]},{\"@type\":\"BreadcrumbList\",\"@id\":\"https:\/\/business.roovi.com\/fr\/puppy-academy-jeu-interactif-pour-le-dressage-des-chiots\/p\/#breadcrumb\",\"itemListElement\":[{\"@type\":\"ListItem\",\"position\":1,\"name\":\"Home\",\"item\":\"https:\/\/business.roovi.com\/fr\/\"},{\"@type\":\"ListItem\",\"position\":2,\"name\":\"Boutique\",\"item\":\"https:\/\/business.roovi.com\/fr\/boutique\/\"},{\"@type\":\"ListItem\",\"position\":3,\"name\":\"Puppy Academy &#8211; Jeu interactif pour le dressage des chiots\"}]},{\"@type\":\"WebSite\",\"@id\":\"https:\/\/business.roovi.com\/fr\/#website\",\"url\":\"https:\/\/business.roovi.com\/fr\/\",\"name\":\"Roovi B2B\",\"description\":\"Roovi Business Website\",\"potentialAction\":[{\"@type\":\"SearchAction\",\"target\":{\"@type\":\"EntryPoint\",\"urlTemplate\":\"https:\/\/business.roovi.com\/fr\/?s={search_term_string}\"},\"query-input\":\"required name=search_term_string\"}],\"inLanguage\":\"fr-FR\"}]}<\/script>\n<!-- \/ Yoast SEO plugin. -->","yoast_head_json":{"title":"Puppy Academy - Jeu interactif pour le dressage des chiots","description":"Puppy Academy - Jeu interactif pour le dressage des chiots","robots":{"index":"index","follow":"follow","max-snippet":"max-snippet:-1","max-image-preview":"max-image-preview:large","max-video-preview":"max-video-preview:-1"},"canonical":"https:\/\/business.roovi.com\/fr\/puppy-academy-jeu-interactif-pour-le-dressage-des-chiots\/p\/","og_locale":"fr_FR","og_type":"article","og_title":"Puppy Academy - Jeu interactif pour le dressage des chiots","og_description":"Puppy Academy - Jeu interactif pour le dressage des chiots","og_url":"https:\/\/business.roovi.com\/fr\/puppy-academy-jeu-interactif-pour-le-dressage-des-chiots\/p\/","og_site_name":"Roovi B2B","article_publisher":"https:\/\/www.facebook.com\/wwwjucariero","article_modified_time":"2022-07-13T10:47:44+00:00","og_image":[{"width":1200,"height":1200,"url":"https:\/\/business.roovi.com\/wp-content\/uploads\/2018\/04\/67883_elo.jpg","type":"image\/jpeg"}],"schema":{"@context":"https:\/\/schema.org","@graph":[{"@type":"WebPage","@id":"https:\/\/business.roovi.com\/fr\/puppy-academy-jeu-interactif-pour-le-dressage-des-chiots\/p\/","url":"https:\/\/business.roovi.com\/fr\/puppy-academy-jeu-interactif-pour-le-dressage-des-chiots\/p\/","name":"Puppy Academy - Jeu interactif pour le dressage des chiots","isPartOf":{"@id":"https:\/\/business.roovi.com\/fr\/#website"},"datePublished":"2018-04-16T10:56:04+00:00","dateModified":"2022-07-13T10:47:44+00:00","description":"Puppy Academy - Jeu interactif pour le dressage des chiots","breadcrumb":{"@id":"https:\/\/business.roovi.com\/fr\/puppy-academy-jeu-interactif-pour-le-dressage-des-chiots\/p\/#breadcrumb"},"inLanguage":"fr-FR","potentialAction":[{"@type":"ReadAction","target":["https:\/\/business.roovi.com\/fr\/puppy-academy-jeu-interactif-pour-le-dressage-des-chiots\/p\/"]}]},{"@type":"BreadcrumbList","@id":"https:\/\/business.roovi.com\/fr\/puppy-academy-jeu-interactif-pour-le-dressage-des-chiots\/p\/#breadcrumb","itemListElement":[{"@type":"ListItem","position":1,"name":"Home","item":"https:\/\/business.roovi.com\/fr\/"},{"@type":"ListItem","position":2,"name":"Boutique","item":"https:\/\/business.roovi.com\/fr\/boutique\/"},{"@type":"ListItem","position":3,"name":"Puppy Academy &#8211; Jeu interactif pour le dressage des chiots"}]},{"@type":"WebSite","@id":"https:\/\/business.roovi.com\/fr\/#website","url":"https:\/\/business.roovi.com\/fr\/","name":"Roovi B2B","description":"Roovi Business Website","potentialAction":[{"@type":"SearchAction","target":{"@type":"EntryPoint","urlTemplate":"https:\/\/business.roovi.com\/fr\/?s={search_term_string}"},"query-input":"required name=search_term_string"}],"inLanguage":"fr-FR"}]}},"_links":{"self":[{"href":"https:\/\/business.roovi.com\/fr\/wp-json\/wp\/v2\/product\/53670","targetHints":{"allow":["GET"]}}],"collection":[{"href":"https:\/\/business.roovi.com\/fr\/wp-json\/wp\/v2\/product"}],"about":[{"href":"https:\/\/business.roovi.com\/fr\/wp-json\/wp\/v2\/types\/product"}],"version-history":[{"count":0,"href":"https:\/\/business.roovi.com\/fr\/wp-json\/wp\/v2\/product\/53670\/revisions"}],"wp:featuredmedia":[{"embeddable":true,"href":"https:\/\/business.roovi.com\/fr\/wp-json\/wp\/v2\/media\/69661"}],"wp:attachment":[{"href":"https:\/\/business.roovi.com\/fr\/wp-json\/wp\/v2\/media?parent=53670"}],"wp:term":[{"taxonomy":"product_brand","embeddable":true,"href":"https:\/\/business.roovi.com\/fr\/wp-json\/wp\/v2\/product_brand?post=53670"},{"taxonomy":"product_cat","embeddable":true,"href":"https:\/\/business.roovi.com\/fr\/wp-json\/wp\/v2\/product_cat?post=53670"},{"taxonomy":"product_tag","embeddable":true,"href":"https:\/\/business.roovi.com\/fr\/wp-json\/wp\/v2\/product_tag?post=53670"}],"curies":[{"name":"wp","href":"https:\/\/api.w.org\/{rel}","templated":true}]}}