{"id":53682,"date":"2018-04-16T10:56:04","date_gmt":"2018-04-16T10:56:04","guid":{"rendered":"https:\/\/business.roovi.com\/addict-a-ball-mic\/p\/"},"modified":"2023-03-20T07:18:47","modified_gmt":"2023-03-20T07:18:47","slug":"addict-a-ball-petite-version-jeu-dadresse","status":"publish","type":"product","link":"https:\/\/business.roovi.com\/fr\/addict-a-ball-petite-version-jeu-dadresse\/p\/","title":{"rendered":"Addict a Ball &#8211; Un incroyable jeu de labyrinthe en 3D"},"content":{"rendered":"<p>Tu es tr\u00e8s pratique ? Guide la balle dans le labyrinthe 3D du D\u00c9PART \u00e0 la FIN en passant par les 100 sections. Si tu as d\u00e9j\u00e0 l&rsquo;impression d&rsquo;\u00eatre le ma\u00eetre du labyrinthe, acc\u00e9l\u00e8re et atteins un nouveau record. Tu veux un plus grand d\u00e9fi et plus de sections ? Essaie Addict une boule grande avec 138 sections ! Les jeux d&rsquo;Addict a ball stimulent le d\u00e9veloppement de la dext\u00e9rit\u00e9, de la coordination main-\u0153il, de la concentration et de la patience.<\/p>\n","protected":false},"excerpt":{"rendered":"<p>Tu es tr\u00e8s pratique ? Guide la balle dans le labyrinthe 3D du D\u00c9PART \u00e0 la FIN en passant par<\/p>\n","protected":false},"featured_media":44811,"template":"","meta":[],"product_brand":[],"product_cat":[2339,2328],"product_tag":[],"class_list":{"0":"post-53682","1":"product","2":"type-product","3":"status-publish","4":"has-post-thumbnail","6":"product_cat-jeux-dhabilete-fr","7":"product_cat-jeux-educatifs-et-scientifiques","8":"pa_bax-12-fr","9":"pa_brand-d_toys-fr","10":"pa_country_of_manufacture-ro-fr","11":"pa_filter_age-14-fr","12":"pa_filter_age-7_9-fr","13":"pa_filter_age-9_14-fr","14":"pa_tip_ambalaj-boite","16":"first","17":"instock","18":"taxable","19":"shipping-taxable","20":"product-type-simple"},"yoast_head":"<!-- This site is optimized with the Yoast SEO plugin v20.1 - https:\/\/yoast.com\/wordpress\/plugins\/seo\/ -->\n<title>Addict a Ball, petite version - Jeu d&#039;adresse<\/title>\n<meta name=\"description\" content=\"Addict a Ball, petite version - Jeu d&#039;adresse\" \/>\n<meta name=\"robots\" content=\"index, follow, max-snippet:-1, max-image-preview:large, max-video-preview:-1\" \/>\n<link rel=\"canonical\" href=\"https:\/\/business.roovi.com\/fr\/addict-a-ball-petite-version-jeu-dadresse\/p\/\" \/>\n<meta property=\"og:locale\" content=\"fr_FR\" \/>\n<meta property=\"og:type\" content=\"article\" \/>\n<meta property=\"og:title\" content=\"Addict a Ball, petite version - Jeu d&#039;adresse\" \/>\n<meta property=\"og:description\" content=\"Addict a Ball, petite version - Jeu d&#039;adresse\" \/>\n<meta property=\"og:url\" content=\"https:\/\/business.roovi.com\/fr\/addict-a-ball-petite-version-jeu-dadresse\/p\/\" \/>\n<meta property=\"og:site_name\" content=\"Roovi B2B\" \/>\n<meta property=\"article:publisher\" content=\"https:\/\/www.facebook.com\/wwwjucariero\" \/>\n<meta property=\"article:modified_time\" content=\"2023-03-20T07:18:47+00:00\" \/>\n<meta property=\"og:image\" content=\"https:\/\/business.roovi.com\/wp-content\/uploads\/2018\/04\/addictaball_mica.jpg\" \/>\n\t<meta property=\"og:image:width\" content=\"1216\" \/>\n\t<meta property=\"og:image:height\" content=\"1200\" \/>\n\t<meta property=\"og:image:type\" content=\"image\/jpeg\" \/>\n<meta name=\"twitter:label1\" content=\"Dur\u00e9e de lecture estim\u00e9e\" \/>\n\t<meta name=\"twitter:data1\" content=\"1 minute\" \/>\n<script type=\"application\/ld+json\" class=\"yoast-schema-graph\">{\"@context\":\"https:\/\/schema.org\",\"@graph\":[{\"@type\":\"WebPage\",\"@id\":\"https:\/\/business.roovi.com\/fr\/addict-a-ball-petite-version-jeu-dadresse\/p\/\",\"url\":\"https:\/\/business.roovi.com\/fr\/addict-a-ball-petite-version-jeu-dadresse\/p\/\",\"name\":\"Addict a Ball, petite version - Jeu d'adresse\",\"isPartOf\":{\"@id\":\"https:\/\/business.roovi.com\/fr\/#website\"},\"datePublished\":\"2018-04-16T10:56:04+00:00\",\"dateModified\":\"2023-03-20T07:18:47+00:00\",\"description\":\"Addict a Ball, petite version - Jeu d'adresse\",\"breadcrumb\":{\"@id\":\"https:\/\/business.roovi.com\/fr\/addict-a-ball-petite-version-jeu-dadresse\/p\/#breadcrumb\"},\"inLanguage\":\"fr-FR\",\"potentialAction\":[{\"@type\":\"ReadAction\",\"target\":[\"https:\/\/business.roovi.com\/fr\/addict-a-ball-petite-version-jeu-dadresse\/p\/\"]}]},{\"@type\":\"BreadcrumbList\",\"@id\":\"https:\/\/business.roovi.com\/fr\/addict-a-ball-petite-version-jeu-dadresse\/p\/#breadcrumb\",\"itemListElement\":[{\"@type\":\"ListItem\",\"position\":1,\"name\":\"Home\",\"item\":\"https:\/\/business.roovi.com\/fr\/\"},{\"@type\":\"ListItem\",\"position\":2,\"name\":\"Boutique\",\"item\":\"https:\/\/business.roovi.com\/fr\/boutique\/\"},{\"@type\":\"ListItem\",\"position\":3,\"name\":\"Addict a Ball &#8211; Un incroyable jeu de labyrinthe en 3D\"}]},{\"@type\":\"WebSite\",\"@id\":\"https:\/\/business.roovi.com\/fr\/#website\",\"url\":\"https:\/\/business.roovi.com\/fr\/\",\"name\":\"Roovi B2B\",\"description\":\"Roovi Business Website\",\"potentialAction\":[{\"@type\":\"SearchAction\",\"target\":{\"@type\":\"EntryPoint\",\"urlTemplate\":\"https:\/\/business.roovi.com\/fr\/?s={search_term_string}\"},\"query-input\":\"required name=search_term_string\"}],\"inLanguage\":\"fr-FR\"}]}<\/script>\n<!-- \/ Yoast SEO plugin. -->","yoast_head_json":{"title":"Addict a Ball, petite version - Jeu d'adresse","description":"Addict a Ball, petite version - Jeu d'adresse","robots":{"index":"index","follow":"follow","max-snippet":"max-snippet:-1","max-image-preview":"max-image-preview:large","max-video-preview":"max-video-preview:-1"},"canonical":"https:\/\/business.roovi.com\/fr\/addict-a-ball-petite-version-jeu-dadresse\/p\/","og_locale":"fr_FR","og_type":"article","og_title":"Addict a Ball, petite version - Jeu d'adresse","og_description":"Addict a Ball, petite version - Jeu d'adresse","og_url":"https:\/\/business.roovi.com\/fr\/addict-a-ball-petite-version-jeu-dadresse\/p\/","og_site_name":"Roovi B2B","article_publisher":"https:\/\/www.facebook.com\/wwwjucariero","article_modified_time":"2023-03-20T07:18:47+00:00","og_image":[{"width":1216,"height":1200,"url":"https:\/\/business.roovi.com\/wp-content\/uploads\/2018\/04\/addictaball_mica.jpg","type":"image\/jpeg"}],"twitter_misc":{"Dur\u00e9e de lecture estim\u00e9e":"1 minute"},"schema":{"@context":"https:\/\/schema.org","@graph":[{"@type":"WebPage","@id":"https:\/\/business.roovi.com\/fr\/addict-a-ball-petite-version-jeu-dadresse\/p\/","url":"https:\/\/business.roovi.com\/fr\/addict-a-ball-petite-version-jeu-dadresse\/p\/","name":"Addict a Ball, petite version - Jeu d'adresse","isPartOf":{"@id":"https:\/\/business.roovi.com\/fr\/#website"},"datePublished":"2018-04-16T10:56:04+00:00","dateModified":"2023-03-20T07:18:47+00:00","description":"Addict a Ball, petite version - Jeu d'adresse","breadcrumb":{"@id":"https:\/\/business.roovi.com\/fr\/addict-a-ball-petite-version-jeu-dadresse\/p\/#breadcrumb"},"inLanguage":"fr-FR","potentialAction":[{"@type":"ReadAction","target":["https:\/\/business.roovi.com\/fr\/addict-a-ball-petite-version-jeu-dadresse\/p\/"]}]},{"@type":"BreadcrumbList","@id":"https:\/\/business.roovi.com\/fr\/addict-a-ball-petite-version-jeu-dadresse\/p\/#breadcrumb","itemListElement":[{"@type":"ListItem","position":1,"name":"Home","item":"https:\/\/business.roovi.com\/fr\/"},{"@type":"ListItem","position":2,"name":"Boutique","item":"https:\/\/business.roovi.com\/fr\/boutique\/"},{"@type":"ListItem","position":3,"name":"Addict a Ball &#8211; Un incroyable jeu de labyrinthe en 3D"}]},{"@type":"WebSite","@id":"https:\/\/business.roovi.com\/fr\/#website","url":"https:\/\/business.roovi.com\/fr\/","name":"Roovi B2B","description":"Roovi Business Website","potentialAction":[{"@type":"SearchAction","target":{"@type":"EntryPoint","urlTemplate":"https:\/\/business.roovi.com\/fr\/?s={search_term_string}"},"query-input":"required name=search_term_string"}],"inLanguage":"fr-FR"}]}},"_links":{"self":[{"href":"https:\/\/business.roovi.com\/fr\/wp-json\/wp\/v2\/product\/53682","targetHints":{"allow":["GET"]}}],"collection":[{"href":"https:\/\/business.roovi.com\/fr\/wp-json\/wp\/v2\/product"}],"about":[{"href":"https:\/\/business.roovi.com\/fr\/wp-json\/wp\/v2\/types\/product"}],"version-history":[{"count":0,"href":"https:\/\/business.roovi.com\/fr\/wp-json\/wp\/v2\/product\/53682\/revisions"}],"wp:featuredmedia":[{"embeddable":true,"href":"https:\/\/business.roovi.com\/fr\/wp-json\/wp\/v2\/media\/44811"}],"wp:attachment":[{"href":"https:\/\/business.roovi.com\/fr\/wp-json\/wp\/v2\/media?parent=53682"}],"wp:term":[{"taxonomy":"product_brand","embeddable":true,"href":"https:\/\/business.roovi.com\/fr\/wp-json\/wp\/v2\/product_brand?post=53682"},{"taxonomy":"product_cat","embeddable":true,"href":"https:\/\/business.roovi.com\/fr\/wp-json\/wp\/v2\/product_cat?post=53682"},{"taxonomy":"product_tag","embeddable":true,"href":"https:\/\/business.roovi.com\/fr\/wp-json\/wp\/v2\/product_tag?post=53682"}],"curies":[{"name":"wp","href":"https:\/\/api.w.org\/{rel}","templated":true}]}}