{"id":53725,"date":"2018-04-16T10:56:07","date_gmt":"2018-04-16T10:56:07","guid":{"rendered":"https:\/\/business.roovi.com\/tolo-primii-prieteni-girafa\/p\/"},"modified":"2022-07-13T10:48:22","modified_gmt":"2022-07-13T10:48:22","slug":"girafe-tolo-jouet-pour-bebe","status":"publish","type":"product","link":"https:\/\/business.roovi.com\/fr\/girafe-tolo-jouet-pour-bebe\/p\/","title":{"rendered":"Girafe Tolo &#8211; Jouet pour b\u00e9b\u00e9"},"content":{"rendered":"<p>Le nouveau premier ami de la girafe aime grignoter les feuilles des arbres. La t\u00eate, la queue et les jambes de la figurine sont mobiles, elles cliquent lorsque tu les d\u00e9places. Les jouets \u00e0 collectionner First Friends d\u00e9veloppent la perception des couleurs, la sensibilit\u00e9 auditive et le sens du toucher, ainsi que la fantaisie gr\u00e2ce au jeu imaginatif.<\/p>\n","protected":false},"excerpt":{"rendered":"<p>Le nouveau premier ami de la girafe aime grignoter les feuilles des arbres. La t\u00eate, la queue et les jambes<\/p>\n","protected":false},"featured_media":45239,"template":"","meta":[],"product_brand":[],"product_cat":[2336,2354,2382],"product_tag":[],"class_list":{"0":"post-53725","1":"product","2":"type-product","3":"status-publish","4":"has-post-thumbnail","6":"product_cat-plus-de-categories","7":"product_cat-jouets-pour-bebes","8":"product_cat-jouets-en-peluche-pour-bebes","9":"pa_bax-12-fr","10":"pa_brand-tolo-fr","11":"pa_filter_age-0_3-fr","12":"pa_filter_age-3_5-fr","13":"pa_tip_ambalaj-boite","15":"first","16":"instock","17":"taxable","18":"shipping-taxable","19":"product-type-simple"},"yoast_head":"<!-- This site is optimized with the Yoast SEO plugin v20.1 - https:\/\/yoast.com\/wordpress\/plugins\/seo\/ -->\n<title>Girafe Tolo - Jouet pour b\u00e9b\u00e9<\/title>\n<meta name=\"description\" content=\"Girafe Tolo - Jouet pour b\u00e9b\u00e9\" \/>\n<meta name=\"robots\" content=\"index, follow, max-snippet:-1, max-image-preview:large, max-video-preview:-1\" \/>\n<link rel=\"canonical\" href=\"https:\/\/business.roovi.com\/fr\/girafe-tolo-jouet-pour-bebe\/p\/\" \/>\n<meta property=\"og:locale\" content=\"fr_FR\" \/>\n<meta property=\"og:type\" content=\"article\" \/>\n<meta property=\"og:title\" content=\"Girafe Tolo - Jouet pour b\u00e9b\u00e9\" \/>\n<meta property=\"og:description\" content=\"Girafe Tolo - Jouet pour b\u00e9b\u00e9\" \/>\n<meta property=\"og:url\" content=\"https:\/\/business.roovi.com\/fr\/girafe-tolo-jouet-pour-bebe\/p\/\" \/>\n<meta property=\"og:site_name\" content=\"Roovi B2B\" \/>\n<meta property=\"article:publisher\" content=\"https:\/\/www.facebook.com\/wwwjucariero\" \/>\n<meta property=\"article:modified_time\" content=\"2022-07-13T10:48:22+00:00\" \/>\n<meta property=\"og:image\" content=\"https:\/\/business.roovi.com\/wp-content\/uploads\/2018\/04\/86584.jpg\" \/>\n\t<meta property=\"og:image:width\" content=\"700\" \/>\n\t<meta property=\"og:image:height\" content=\"514\" \/>\n\t<meta property=\"og:image:type\" content=\"image\/jpeg\" \/>\n<script type=\"application\/ld+json\" class=\"yoast-schema-graph\">{\"@context\":\"https:\/\/schema.org\",\"@graph\":[{\"@type\":\"WebPage\",\"@id\":\"https:\/\/business.roovi.com\/fr\/girafe-tolo-jouet-pour-bebe\/p\/\",\"url\":\"https:\/\/business.roovi.com\/fr\/girafe-tolo-jouet-pour-bebe\/p\/\",\"name\":\"Girafe Tolo - Jouet pour b\u00e9b\u00e9\",\"isPartOf\":{\"@id\":\"https:\/\/business.roovi.com\/fr\/#website\"},\"datePublished\":\"2018-04-16T10:56:07+00:00\",\"dateModified\":\"2022-07-13T10:48:22+00:00\",\"description\":\"Girafe Tolo - Jouet pour b\u00e9b\u00e9\",\"breadcrumb\":{\"@id\":\"https:\/\/business.roovi.com\/fr\/girafe-tolo-jouet-pour-bebe\/p\/#breadcrumb\"},\"inLanguage\":\"fr-FR\",\"potentialAction\":[{\"@type\":\"ReadAction\",\"target\":[\"https:\/\/business.roovi.com\/fr\/girafe-tolo-jouet-pour-bebe\/p\/\"]}]},{\"@type\":\"BreadcrumbList\",\"@id\":\"https:\/\/business.roovi.com\/fr\/girafe-tolo-jouet-pour-bebe\/p\/#breadcrumb\",\"itemListElement\":[{\"@type\":\"ListItem\",\"position\":1,\"name\":\"Home\",\"item\":\"https:\/\/business.roovi.com\/fr\/\"},{\"@type\":\"ListItem\",\"position\":2,\"name\":\"Boutique\",\"item\":\"https:\/\/business.roovi.com\/fr\/boutique\/\"},{\"@type\":\"ListItem\",\"position\":3,\"name\":\"Girafe Tolo &#8211; Jouet pour b\u00e9b\u00e9\"}]},{\"@type\":\"WebSite\",\"@id\":\"https:\/\/business.roovi.com\/fr\/#website\",\"url\":\"https:\/\/business.roovi.com\/fr\/\",\"name\":\"Roovi B2B\",\"description\":\"Roovi Business Website\",\"potentialAction\":[{\"@type\":\"SearchAction\",\"target\":{\"@type\":\"EntryPoint\",\"urlTemplate\":\"https:\/\/business.roovi.com\/fr\/?s={search_term_string}\"},\"query-input\":\"required name=search_term_string\"}],\"inLanguage\":\"fr-FR\"}]}<\/script>\n<!-- \/ Yoast SEO plugin. -->","yoast_head_json":{"title":"Girafe Tolo - Jouet pour b\u00e9b\u00e9","description":"Girafe Tolo - Jouet pour b\u00e9b\u00e9","robots":{"index":"index","follow":"follow","max-snippet":"max-snippet:-1","max-image-preview":"max-image-preview:large","max-video-preview":"max-video-preview:-1"},"canonical":"https:\/\/business.roovi.com\/fr\/girafe-tolo-jouet-pour-bebe\/p\/","og_locale":"fr_FR","og_type":"article","og_title":"Girafe Tolo - Jouet pour b\u00e9b\u00e9","og_description":"Girafe Tolo - Jouet pour b\u00e9b\u00e9","og_url":"https:\/\/business.roovi.com\/fr\/girafe-tolo-jouet-pour-bebe\/p\/","og_site_name":"Roovi B2B","article_publisher":"https:\/\/www.facebook.com\/wwwjucariero","article_modified_time":"2022-07-13T10:48:22+00:00","og_image":[{"width":700,"height":514,"url":"https:\/\/business.roovi.com\/wp-content\/uploads\/2018\/04\/86584.jpg","type":"image\/jpeg"}],"schema":{"@context":"https:\/\/schema.org","@graph":[{"@type":"WebPage","@id":"https:\/\/business.roovi.com\/fr\/girafe-tolo-jouet-pour-bebe\/p\/","url":"https:\/\/business.roovi.com\/fr\/girafe-tolo-jouet-pour-bebe\/p\/","name":"Girafe Tolo - Jouet pour b\u00e9b\u00e9","isPartOf":{"@id":"https:\/\/business.roovi.com\/fr\/#website"},"datePublished":"2018-04-16T10:56:07+00:00","dateModified":"2022-07-13T10:48:22+00:00","description":"Girafe Tolo - Jouet pour b\u00e9b\u00e9","breadcrumb":{"@id":"https:\/\/business.roovi.com\/fr\/girafe-tolo-jouet-pour-bebe\/p\/#breadcrumb"},"inLanguage":"fr-FR","potentialAction":[{"@type":"ReadAction","target":["https:\/\/business.roovi.com\/fr\/girafe-tolo-jouet-pour-bebe\/p\/"]}]},{"@type":"BreadcrumbList","@id":"https:\/\/business.roovi.com\/fr\/girafe-tolo-jouet-pour-bebe\/p\/#breadcrumb","itemListElement":[{"@type":"ListItem","position":1,"name":"Home","item":"https:\/\/business.roovi.com\/fr\/"},{"@type":"ListItem","position":2,"name":"Boutique","item":"https:\/\/business.roovi.com\/fr\/boutique\/"},{"@type":"ListItem","position":3,"name":"Girafe Tolo &#8211; Jouet pour b\u00e9b\u00e9"}]},{"@type":"WebSite","@id":"https:\/\/business.roovi.com\/fr\/#website","url":"https:\/\/business.roovi.com\/fr\/","name":"Roovi B2B","description":"Roovi Business Website","potentialAction":[{"@type":"SearchAction","target":{"@type":"EntryPoint","urlTemplate":"https:\/\/business.roovi.com\/fr\/?s={search_term_string}"},"query-input":"required name=search_term_string"}],"inLanguage":"fr-FR"}]}},"_links":{"self":[{"href":"https:\/\/business.roovi.com\/fr\/wp-json\/wp\/v2\/product\/53725","targetHints":{"allow":["GET"]}}],"collection":[{"href":"https:\/\/business.roovi.com\/fr\/wp-json\/wp\/v2\/product"}],"about":[{"href":"https:\/\/business.roovi.com\/fr\/wp-json\/wp\/v2\/types\/product"}],"version-history":[{"count":0,"href":"https:\/\/business.roovi.com\/fr\/wp-json\/wp\/v2\/product\/53725\/revisions"}],"wp:featuredmedia":[{"embeddable":true,"href":"https:\/\/business.roovi.com\/fr\/wp-json\/wp\/v2\/media\/45239"}],"wp:attachment":[{"href":"https:\/\/business.roovi.com\/fr\/wp-json\/wp\/v2\/media?parent=53725"}],"wp:term":[{"taxonomy":"product_brand","embeddable":true,"href":"https:\/\/business.roovi.com\/fr\/wp-json\/wp\/v2\/product_brand?post=53725"},{"taxonomy":"product_cat","embeddable":true,"href":"https:\/\/business.roovi.com\/fr\/wp-json\/wp\/v2\/product_cat?post=53725"},{"taxonomy":"product_tag","embeddable":true,"href":"https:\/\/business.roovi.com\/fr\/wp-json\/wp\/v2\/product_tag?post=53725"}],"curies":[{"name":"wp","href":"https:\/\/api.w.org\/{rel}","templated":true}]}}