{"id":53745,"date":"2018-04-16T10:56:07","date_gmt":"2018-04-16T10:56:07","guid":{"rendered":"https:\/\/business.roovi.com\/tolo-primii-prieteni-in-safari\/p\/"},"modified":"2022-07-13T10:48:30","modified_gmt":"2022-07-13T10:48:30","slug":"figurine-safari-pour-bebe-tolo-jouets-pour-bebes","status":"publish","type":"product","link":"https:\/\/business.roovi.com\/fr\/figurine-safari-pour-bebe-tolo-jouets-pour-bebes\/p\/","title":{"rendered":"Figurine safari pour b\u00e9b\u00e9 &#8211; Tolo &#8211; Jouets pour b\u00e9b\u00e9s"},"content":{"rendered":"<p>Le vilain gar\u00e7on de la gamme de jouets Tolo First Friends est \u00e9quip\u00e9 d&rsquo;un chapeau sp\u00e9cial pour les aventures de safari. Le chapeau peut \u00eatre d\u00e9plac\u00e9 pour obtenir diff\u00e9rents looks. La t\u00eate, les bras et les jambes de la figurine sont mobiles, ils cliquent lorsque tu les d\u00e9places. Les jouets \u00e0 collectionner First Friends d\u00e9veloppent la perception des couleurs, la sensibilit\u00e9 auditive et le sens du toucher, ainsi que la fantaisie gr\u00e2ce au jeu imaginatif.<\/p>\n","protected":false},"excerpt":{"rendered":"<p>Le vilain gar\u00e7on de la gamme de jouets Tolo First Friends est \u00e9quip\u00e9 d&rsquo;un chapeau sp\u00e9cial pour les aventures de<\/p>\n","protected":false},"featured_media":45249,"template":"","meta":[],"product_brand":[],"product_cat":[2382,2354,2336],"product_tag":[],"class_list":{"0":"post-53745","1":"product","2":"type-product","3":"status-publish","4":"has-post-thumbnail","6":"product_cat-jouets-en-peluche-pour-bebes","7":"product_cat-jouets-pour-bebes","8":"product_cat-plus-de-categories","9":"pa_bax-12-fr","10":"pa_brand-tolo-fr","11":"pa_filter_age-0_3-fr","12":"pa_filter_age-3_5-fr","13":"pa_tip_ambalaj-boite","15":"first","16":"instock","17":"taxable","18":"shipping-taxable","19":"product-type-simple"},"yoast_head":"<!-- This site is optimized with the Yoast SEO plugin v20.1 - https:\/\/yoast.com\/wordpress\/plugins\/seo\/ -->\n<title>Figurine safari pour b\u00e9b\u00e9 - Tolo - Jouets pour b\u00e9b\u00e9s<\/title>\n<meta name=\"description\" content=\"Figurine safari pour b\u00e9b\u00e9 - Tolo - Jouets pour b\u00e9b\u00e9s\" \/>\n<meta name=\"robots\" content=\"index, follow, max-snippet:-1, max-image-preview:large, max-video-preview:-1\" \/>\n<link rel=\"canonical\" href=\"https:\/\/business.roovi.com\/fr\/figurine-safari-pour-bebe-tolo-jouets-pour-bebes\/p\/\" \/>\n<meta property=\"og:locale\" content=\"fr_FR\" \/>\n<meta property=\"og:type\" content=\"article\" \/>\n<meta property=\"og:title\" content=\"Figurine safari pour b\u00e9b\u00e9 - Tolo - Jouets pour b\u00e9b\u00e9s\" \/>\n<meta property=\"og:description\" content=\"Figurine safari pour b\u00e9b\u00e9 - Tolo - Jouets pour b\u00e9b\u00e9s\" \/>\n<meta property=\"og:url\" content=\"https:\/\/business.roovi.com\/fr\/figurine-safari-pour-bebe-tolo-jouets-pour-bebes\/p\/\" \/>\n<meta property=\"og:site_name\" content=\"Roovi B2B\" \/>\n<meta property=\"article:publisher\" content=\"https:\/\/www.facebook.com\/wwwjucariero\" \/>\n<meta property=\"article:modified_time\" content=\"2022-07-13T10:48:30+00:00\" \/>\n<meta property=\"og:image\" content=\"https:\/\/business.roovi.com\/wp-content\/uploads\/2018\/04\/89777.jpg\" \/>\n\t<meta property=\"og:image:width\" content=\"700\" \/>\n\t<meta property=\"og:image:height\" content=\"514\" \/>\n\t<meta property=\"og:image:type\" content=\"image\/jpeg\" \/>\n<script type=\"application\/ld+json\" class=\"yoast-schema-graph\">{\"@context\":\"https:\/\/schema.org\",\"@graph\":[{\"@type\":\"WebPage\",\"@id\":\"https:\/\/business.roovi.com\/fr\/figurine-safari-pour-bebe-tolo-jouets-pour-bebes\/p\/\",\"url\":\"https:\/\/business.roovi.com\/fr\/figurine-safari-pour-bebe-tolo-jouets-pour-bebes\/p\/\",\"name\":\"Figurine safari pour b\u00e9b\u00e9 - Tolo - Jouets pour b\u00e9b\u00e9s\",\"isPartOf\":{\"@id\":\"https:\/\/business.roovi.com\/fr\/#website\"},\"datePublished\":\"2018-04-16T10:56:07+00:00\",\"dateModified\":\"2022-07-13T10:48:30+00:00\",\"description\":\"Figurine safari pour b\u00e9b\u00e9 - Tolo - Jouets pour b\u00e9b\u00e9s\",\"breadcrumb\":{\"@id\":\"https:\/\/business.roovi.com\/fr\/figurine-safari-pour-bebe-tolo-jouets-pour-bebes\/p\/#breadcrumb\"},\"inLanguage\":\"fr-FR\",\"potentialAction\":[{\"@type\":\"ReadAction\",\"target\":[\"https:\/\/business.roovi.com\/fr\/figurine-safari-pour-bebe-tolo-jouets-pour-bebes\/p\/\"]}]},{\"@type\":\"BreadcrumbList\",\"@id\":\"https:\/\/business.roovi.com\/fr\/figurine-safari-pour-bebe-tolo-jouets-pour-bebes\/p\/#breadcrumb\",\"itemListElement\":[{\"@type\":\"ListItem\",\"position\":1,\"name\":\"Home\",\"item\":\"https:\/\/business.roovi.com\/fr\/\"},{\"@type\":\"ListItem\",\"position\":2,\"name\":\"Boutique\",\"item\":\"https:\/\/business.roovi.com\/fr\/boutique\/\"},{\"@type\":\"ListItem\",\"position\":3,\"name\":\"Figurine safari pour b\u00e9b\u00e9 &#8211; Tolo &#8211; Jouets pour b\u00e9b\u00e9s\"}]},{\"@type\":\"WebSite\",\"@id\":\"https:\/\/business.roovi.com\/fr\/#website\",\"url\":\"https:\/\/business.roovi.com\/fr\/\",\"name\":\"Roovi B2B\",\"description\":\"Roovi Business Website\",\"potentialAction\":[{\"@type\":\"SearchAction\",\"target\":{\"@type\":\"EntryPoint\",\"urlTemplate\":\"https:\/\/business.roovi.com\/fr\/?s={search_term_string}\"},\"query-input\":\"required name=search_term_string\"}],\"inLanguage\":\"fr-FR\"}]}<\/script>\n<!-- \/ Yoast SEO plugin. -->","yoast_head_json":{"title":"Figurine safari pour b\u00e9b\u00e9 - Tolo - Jouets pour b\u00e9b\u00e9s","description":"Figurine safari pour b\u00e9b\u00e9 - Tolo - Jouets pour b\u00e9b\u00e9s","robots":{"index":"index","follow":"follow","max-snippet":"max-snippet:-1","max-image-preview":"max-image-preview:large","max-video-preview":"max-video-preview:-1"},"canonical":"https:\/\/business.roovi.com\/fr\/figurine-safari-pour-bebe-tolo-jouets-pour-bebes\/p\/","og_locale":"fr_FR","og_type":"article","og_title":"Figurine safari pour b\u00e9b\u00e9 - Tolo - Jouets pour b\u00e9b\u00e9s","og_description":"Figurine safari pour b\u00e9b\u00e9 - Tolo - Jouets pour b\u00e9b\u00e9s","og_url":"https:\/\/business.roovi.com\/fr\/figurine-safari-pour-bebe-tolo-jouets-pour-bebes\/p\/","og_site_name":"Roovi B2B","article_publisher":"https:\/\/www.facebook.com\/wwwjucariero","article_modified_time":"2022-07-13T10:48:30+00:00","og_image":[{"width":700,"height":514,"url":"https:\/\/business.roovi.com\/wp-content\/uploads\/2018\/04\/89777.jpg","type":"image\/jpeg"}],"schema":{"@context":"https:\/\/schema.org","@graph":[{"@type":"WebPage","@id":"https:\/\/business.roovi.com\/fr\/figurine-safari-pour-bebe-tolo-jouets-pour-bebes\/p\/","url":"https:\/\/business.roovi.com\/fr\/figurine-safari-pour-bebe-tolo-jouets-pour-bebes\/p\/","name":"Figurine safari pour b\u00e9b\u00e9 - Tolo - Jouets pour b\u00e9b\u00e9s","isPartOf":{"@id":"https:\/\/business.roovi.com\/fr\/#website"},"datePublished":"2018-04-16T10:56:07+00:00","dateModified":"2022-07-13T10:48:30+00:00","description":"Figurine safari pour b\u00e9b\u00e9 - Tolo - Jouets pour b\u00e9b\u00e9s","breadcrumb":{"@id":"https:\/\/business.roovi.com\/fr\/figurine-safari-pour-bebe-tolo-jouets-pour-bebes\/p\/#breadcrumb"},"inLanguage":"fr-FR","potentialAction":[{"@type":"ReadAction","target":["https:\/\/business.roovi.com\/fr\/figurine-safari-pour-bebe-tolo-jouets-pour-bebes\/p\/"]}]},{"@type":"BreadcrumbList","@id":"https:\/\/business.roovi.com\/fr\/figurine-safari-pour-bebe-tolo-jouets-pour-bebes\/p\/#breadcrumb","itemListElement":[{"@type":"ListItem","position":1,"name":"Home","item":"https:\/\/business.roovi.com\/fr\/"},{"@type":"ListItem","position":2,"name":"Boutique","item":"https:\/\/business.roovi.com\/fr\/boutique\/"},{"@type":"ListItem","position":3,"name":"Figurine safari pour b\u00e9b\u00e9 &#8211; Tolo &#8211; Jouets pour b\u00e9b\u00e9s"}]},{"@type":"WebSite","@id":"https:\/\/business.roovi.com\/fr\/#website","url":"https:\/\/business.roovi.com\/fr\/","name":"Roovi B2B","description":"Roovi Business Website","potentialAction":[{"@type":"SearchAction","target":{"@type":"EntryPoint","urlTemplate":"https:\/\/business.roovi.com\/fr\/?s={search_term_string}"},"query-input":"required name=search_term_string"}],"inLanguage":"fr-FR"}]}},"_links":{"self":[{"href":"https:\/\/business.roovi.com\/fr\/wp-json\/wp\/v2\/product\/53745","targetHints":{"allow":["GET"]}}],"collection":[{"href":"https:\/\/business.roovi.com\/fr\/wp-json\/wp\/v2\/product"}],"about":[{"href":"https:\/\/business.roovi.com\/fr\/wp-json\/wp\/v2\/types\/product"}],"version-history":[{"count":0,"href":"https:\/\/business.roovi.com\/fr\/wp-json\/wp\/v2\/product\/53745\/revisions"}],"wp:featuredmedia":[{"embeddable":true,"href":"https:\/\/business.roovi.com\/fr\/wp-json\/wp\/v2\/media\/45249"}],"wp:attachment":[{"href":"https:\/\/business.roovi.com\/fr\/wp-json\/wp\/v2\/media?parent=53745"}],"wp:term":[{"taxonomy":"product_brand","embeddable":true,"href":"https:\/\/business.roovi.com\/fr\/wp-json\/wp\/v2\/product_brand?post=53745"},{"taxonomy":"product_cat","embeddable":true,"href":"https:\/\/business.roovi.com\/fr\/wp-json\/wp\/v2\/product_cat?post=53745"},{"taxonomy":"product_tag","embeddable":true,"href":"https:\/\/business.roovi.com\/fr\/wp-json\/wp\/v2\/product_tag?post=53745"}],"curies":[{"name":"wp","href":"https:\/\/api.w.org\/{rel}","templated":true}]}}