{"id":53811,"date":"2018-04-16T10:56:07","date_gmt":"2018-04-16T10:56:07","guid":{"rendered":"https:\/\/business.roovi.com\/tolo-primii-prieteni-capitan\/p\/"},"modified":"2022-07-13T10:49:09","modified_gmt":"2022-07-13T10:49:09","slug":"figurine-du-capitaine-tolo-jouets-pour-bebes-2","status":"publish","type":"product","link":"https:\/\/business.roovi.com\/fr\/figurine-du-capitaine-tolo-jouets-pour-bebes-2\/p\/","title":{"rendered":"Figurine du capitaine &#8211; Tolo &#8211; Jouets pour b\u00e9b\u00e9s"},"content":{"rendered":"<p>Le sympathique capitaine de la gamme de jouets Tolo first friends attend que tu le rencontres ! Les bras et les jambes du petit bonhomme sont mobiles, ils cliquent quand tu les bouges. Les jouets de la collection First Friends d\u00e9veloppent la perception des couleurs, la sensibilit\u00e9 auditive et le sens du toucher ainsi que l&rsquo;imagination par le biais de jeux imaginatifs.<\/p>\n","protected":false},"excerpt":{"rendered":"<p>Le sympathique capitaine de la gamme de jouets Tolo first friends attend que tu le rencontres ! Les bras et<\/p>\n","protected":false},"featured_media":45276,"template":"","meta":[],"product_brand":[],"product_cat":[2382,2354,2336],"product_tag":[],"class_list":{"0":"post-53811","1":"product","2":"type-product","3":"status-publish","4":"has-post-thumbnail","6":"product_cat-jouets-en-peluche-pour-bebes","7":"product_cat-jouets-pour-bebes","8":"product_cat-plus-de-categories","9":"pa_bax-6-fr","10":"pa_brand-tolo-fr","11":"pa_filter_age-0_3-fr","12":"pa_filter_age-3_5-fr","14":"first","15":"instock","16":"taxable","17":"shipping-taxable","18":"product-type-simple"},"yoast_head":"<!-- This site is optimized with the Yoast SEO plugin v20.1 - https:\/\/yoast.com\/wordpress\/plugins\/seo\/ -->\n<title>Figurine du capitaine - Tolo - Jouets pour b\u00e9b\u00e9s<\/title>\n<meta name=\"description\" content=\"Figurine du capitaine - Tolo - Jouets pour b\u00e9b\u00e9s\" \/>\n<meta name=\"robots\" content=\"index, follow, max-snippet:-1, max-image-preview:large, max-video-preview:-1\" \/>\n<link rel=\"canonical\" href=\"https:\/\/business.roovi.com\/fr\/figurine-du-capitaine-tolo-jouets-pour-bebes-2\/p\/\" \/>\n<meta property=\"og:locale\" content=\"fr_FR\" \/>\n<meta property=\"og:type\" content=\"article\" \/>\n<meta property=\"og:title\" content=\"Figurine du capitaine - Tolo - Jouets pour b\u00e9b\u00e9s\" \/>\n<meta property=\"og:description\" content=\"Figurine du capitaine - Tolo - Jouets pour b\u00e9b\u00e9s\" \/>\n<meta property=\"og:url\" content=\"https:\/\/business.roovi.com\/fr\/figurine-du-capitaine-tolo-jouets-pour-bebes-2\/p\/\" \/>\n<meta property=\"og:site_name\" content=\"Roovi B2B\" \/>\n<meta property=\"article:publisher\" content=\"https:\/\/www.facebook.com\/wwwjucariero\" \/>\n<meta property=\"article:modified_time\" content=\"2022-07-13T10:49:09+00:00\" \/>\n<meta property=\"og:image\" content=\"https:\/\/business.roovi.com\/wp-content\/uploads\/2018\/04\/89611.jpg\" \/>\n\t<meta property=\"og:image:width\" content=\"700\" \/>\n\t<meta property=\"og:image:height\" content=\"700\" \/>\n\t<meta property=\"og:image:type\" content=\"image\/jpeg\" \/>\n<script type=\"application\/ld+json\" class=\"yoast-schema-graph\">{\"@context\":\"https:\/\/schema.org\",\"@graph\":[{\"@type\":\"WebPage\",\"@id\":\"https:\/\/business.roovi.com\/fr\/figurine-du-capitaine-tolo-jouets-pour-bebes-2\/p\/\",\"url\":\"https:\/\/business.roovi.com\/fr\/figurine-du-capitaine-tolo-jouets-pour-bebes-2\/p\/\",\"name\":\"Figurine du capitaine - Tolo - Jouets pour b\u00e9b\u00e9s\",\"isPartOf\":{\"@id\":\"https:\/\/business.roovi.com\/fr\/#website\"},\"datePublished\":\"2018-04-16T10:56:07+00:00\",\"dateModified\":\"2022-07-13T10:49:09+00:00\",\"description\":\"Figurine du capitaine - Tolo - Jouets pour b\u00e9b\u00e9s\",\"breadcrumb\":{\"@id\":\"https:\/\/business.roovi.com\/fr\/figurine-du-capitaine-tolo-jouets-pour-bebes-2\/p\/#breadcrumb\"},\"inLanguage\":\"fr-FR\",\"potentialAction\":[{\"@type\":\"ReadAction\",\"target\":[\"https:\/\/business.roovi.com\/fr\/figurine-du-capitaine-tolo-jouets-pour-bebes-2\/p\/\"]}]},{\"@type\":\"BreadcrumbList\",\"@id\":\"https:\/\/business.roovi.com\/fr\/figurine-du-capitaine-tolo-jouets-pour-bebes-2\/p\/#breadcrumb\",\"itemListElement\":[{\"@type\":\"ListItem\",\"position\":1,\"name\":\"Home\",\"item\":\"https:\/\/business.roovi.com\/fr\/\"},{\"@type\":\"ListItem\",\"position\":2,\"name\":\"Boutique\",\"item\":\"https:\/\/business.roovi.com\/fr\/boutique\/\"},{\"@type\":\"ListItem\",\"position\":3,\"name\":\"Figurine du capitaine &#8211; Tolo &#8211; Jouets pour b\u00e9b\u00e9s\"}]},{\"@type\":\"WebSite\",\"@id\":\"https:\/\/business.roovi.com\/fr\/#website\",\"url\":\"https:\/\/business.roovi.com\/fr\/\",\"name\":\"Roovi B2B\",\"description\":\"Roovi Business Website\",\"potentialAction\":[{\"@type\":\"SearchAction\",\"target\":{\"@type\":\"EntryPoint\",\"urlTemplate\":\"https:\/\/business.roovi.com\/fr\/?s={search_term_string}\"},\"query-input\":\"required name=search_term_string\"}],\"inLanguage\":\"fr-FR\"}]}<\/script>\n<!-- \/ Yoast SEO plugin. -->","yoast_head_json":{"title":"Figurine du capitaine - Tolo - Jouets pour b\u00e9b\u00e9s","description":"Figurine du capitaine - Tolo - Jouets pour b\u00e9b\u00e9s","robots":{"index":"index","follow":"follow","max-snippet":"max-snippet:-1","max-image-preview":"max-image-preview:large","max-video-preview":"max-video-preview:-1"},"canonical":"https:\/\/business.roovi.com\/fr\/figurine-du-capitaine-tolo-jouets-pour-bebes-2\/p\/","og_locale":"fr_FR","og_type":"article","og_title":"Figurine du capitaine - Tolo - Jouets pour b\u00e9b\u00e9s","og_description":"Figurine du capitaine - Tolo - Jouets pour b\u00e9b\u00e9s","og_url":"https:\/\/business.roovi.com\/fr\/figurine-du-capitaine-tolo-jouets-pour-bebes-2\/p\/","og_site_name":"Roovi B2B","article_publisher":"https:\/\/www.facebook.com\/wwwjucariero","article_modified_time":"2022-07-13T10:49:09+00:00","og_image":[{"width":700,"height":700,"url":"https:\/\/business.roovi.com\/wp-content\/uploads\/2018\/04\/89611.jpg","type":"image\/jpeg"}],"schema":{"@context":"https:\/\/schema.org","@graph":[{"@type":"WebPage","@id":"https:\/\/business.roovi.com\/fr\/figurine-du-capitaine-tolo-jouets-pour-bebes-2\/p\/","url":"https:\/\/business.roovi.com\/fr\/figurine-du-capitaine-tolo-jouets-pour-bebes-2\/p\/","name":"Figurine du capitaine - Tolo - Jouets pour b\u00e9b\u00e9s","isPartOf":{"@id":"https:\/\/business.roovi.com\/fr\/#website"},"datePublished":"2018-04-16T10:56:07+00:00","dateModified":"2022-07-13T10:49:09+00:00","description":"Figurine du capitaine - Tolo - Jouets pour b\u00e9b\u00e9s","breadcrumb":{"@id":"https:\/\/business.roovi.com\/fr\/figurine-du-capitaine-tolo-jouets-pour-bebes-2\/p\/#breadcrumb"},"inLanguage":"fr-FR","potentialAction":[{"@type":"ReadAction","target":["https:\/\/business.roovi.com\/fr\/figurine-du-capitaine-tolo-jouets-pour-bebes-2\/p\/"]}]},{"@type":"BreadcrumbList","@id":"https:\/\/business.roovi.com\/fr\/figurine-du-capitaine-tolo-jouets-pour-bebes-2\/p\/#breadcrumb","itemListElement":[{"@type":"ListItem","position":1,"name":"Home","item":"https:\/\/business.roovi.com\/fr\/"},{"@type":"ListItem","position":2,"name":"Boutique","item":"https:\/\/business.roovi.com\/fr\/boutique\/"},{"@type":"ListItem","position":3,"name":"Figurine du capitaine &#8211; Tolo &#8211; Jouets pour b\u00e9b\u00e9s"}]},{"@type":"WebSite","@id":"https:\/\/business.roovi.com\/fr\/#website","url":"https:\/\/business.roovi.com\/fr\/","name":"Roovi B2B","description":"Roovi Business Website","potentialAction":[{"@type":"SearchAction","target":{"@type":"EntryPoint","urlTemplate":"https:\/\/business.roovi.com\/fr\/?s={search_term_string}"},"query-input":"required name=search_term_string"}],"inLanguage":"fr-FR"}]}},"_links":{"self":[{"href":"https:\/\/business.roovi.com\/fr\/wp-json\/wp\/v2\/product\/53811","targetHints":{"allow":["GET"]}}],"collection":[{"href":"https:\/\/business.roovi.com\/fr\/wp-json\/wp\/v2\/product"}],"about":[{"href":"https:\/\/business.roovi.com\/fr\/wp-json\/wp\/v2\/types\/product"}],"version-history":[{"count":0,"href":"https:\/\/business.roovi.com\/fr\/wp-json\/wp\/v2\/product\/53811\/revisions"}],"wp:featuredmedia":[{"embeddable":true,"href":"https:\/\/business.roovi.com\/fr\/wp-json\/wp\/v2\/media\/45276"}],"wp:attachment":[{"href":"https:\/\/business.roovi.com\/fr\/wp-json\/wp\/v2\/media?parent=53811"}],"wp:term":[{"taxonomy":"product_brand","embeddable":true,"href":"https:\/\/business.roovi.com\/fr\/wp-json\/wp\/v2\/product_brand?post=53811"},{"taxonomy":"product_cat","embeddable":true,"href":"https:\/\/business.roovi.com\/fr\/wp-json\/wp\/v2\/product_cat?post=53811"},{"taxonomy":"product_tag","embeddable":true,"href":"https:\/\/business.roovi.com\/fr\/wp-json\/wp\/v2\/product_tag?post=53811"}],"curies":[{"name":"wp","href":"https:\/\/api.w.org\/{rel}","templated":true}]}}