{"id":53903,"date":"2018-04-16T10:56:06","date_gmt":"2018-04-16T10:56:06","guid":{"rendered":"https:\/\/business.roovi.com\/joc-eduscience-laboratorul-de-saruri-si-bombe-de-baie\/p\/"},"modified":"2022-07-13T10:50:08","modified_gmt":"2022-07-13T10:50:08","slug":"jeu-laboratoire-de-sels-et-de-bombes-de-bain-jeu-educatif-eduscience","status":"publish","type":"product","link":"https:\/\/business.roovi.com\/fr\/jeu-laboratoire-de-sels-et-de-bombes-de-bain-jeu-educatif-eduscience\/p\/","title":{"rendered":"Jeu Laboratoire de sels et de bombes de bain &#8211; Jeu \u00e9ducatif EduScience"},"content":{"rendered":"<p>Tout le monde aime les bombes de bain ! Les enfants peuvent maintenant cr\u00e9er leurs propres bombes de bain luxueuses et \u00e0 l&rsquo;odeur splendide en \u00e9tudiant la science du \u00ab\u00a0fizz\u00a0\u00bb. Ils peuvent exp\u00e9rimenter la cr\u00e9ation de sels de bain de diff\u00e9rentes couleurs, cr\u00e9er des volcans en \u00e9ruption et des fontaines de lave moussante qui transformeront leurs bains en plaisir effervescent. Le set contient : du sel de mer, du bicarbonate de soude, de l&rsquo;acide citrique, de la f\u00e9cule de ma\u00efs, de la glyc\u00e9rine, 2 b\u00e9chers, 1 moule pour bombes de bain de diff\u00e9rentes formes, 1 paire de gants de laboratoire, 1 paire de lunettes, 2 cuill\u00e8res \u00e0 caf\u00e9, 2 colorants liquides, 1 parfum vanille, 3 b\u00e2tonnets m\u00e9langeurs, des autocollants d\u00e9coratifs, 4 sacs cadeaux, un livret d&rsquo;instructions d\u00e9taill\u00e9.<\/p>\n","protected":false},"excerpt":{"rendered":"<p>Tout le monde aime les bombes de bain ! Les enfants peuvent maintenant cr\u00e9er leurs propres bombes de bain luxueuses<\/p>\n","protected":false},"featured_media":44879,"template":"","meta":[],"product_brand":[],"product_cat":[2328,2329],"product_tag":[],"class_list":{"0":"post-53903","1":"product","2":"type-product","3":"status-publish","4":"has-post-thumbnail","6":"product_cat-jeux-educatifs-et-scientifiques","7":"product_cat-jeux-scientifiques","8":"pa_bax-12-fr","9":"pa_brand-treetoys-fr","10":"pa_country_of_manufacture-ro-fr","11":"pa_filter_age-9_14-fr","12":"pa_filter_age-14-fr","13":"pa_tip_ambalaj-boite","15":"first","16":"outofstock","17":"taxable","18":"shipping-taxable","19":"product-type-simple"},"yoast_head":"<!-- This site is optimized with the Yoast SEO plugin v20.1 - https:\/\/yoast.com\/wordpress\/plugins\/seo\/ -->\n<title>Jeu Laboratoire de sels et de bombes de bain - Jeu \u00e9ducatif EduScience<\/title>\n<meta name=\"description\" content=\"Jeu Laboratoire de sels et de bombes de bain - Jeu \u00e9ducatif EduScience\" \/>\n<meta name=\"robots\" content=\"index, follow, max-snippet:-1, max-image-preview:large, max-video-preview:-1\" \/>\n<link rel=\"canonical\" href=\"https:\/\/business.roovi.com\/fr\/jeu-laboratoire-de-sels-et-de-bombes-de-bain-jeu-educatif-eduscience\/p\/\" \/>\n<meta property=\"og:locale\" content=\"fr_FR\" \/>\n<meta property=\"og:type\" content=\"article\" \/>\n<meta property=\"og:title\" content=\"Jeu Laboratoire de sels et de bombes de bain - Jeu \u00e9ducatif EduScience\" \/>\n<meta property=\"og:description\" content=\"Jeu Laboratoire de sels et de bombes de bain - Jeu \u00e9ducatif EduScience\" \/>\n<meta property=\"og:url\" content=\"https:\/\/business.roovi.com\/fr\/jeu-laboratoire-de-sels-et-de-bombes-de-bain-jeu-educatif-eduscience\/p\/\" \/>\n<meta property=\"og:site_name\" content=\"Roovi B2B\" \/>\n<meta property=\"article:publisher\" content=\"https:\/\/www.facebook.com\/wwwjucariero\" \/>\n<meta property=\"article:modified_time\" content=\"2022-07-13T10:50:08+00:00\" \/>\n<meta property=\"og:image\" content=\"https:\/\/business.roovi.com\/wp-content\/uploads\/2018\/04\/laboratorul_de_saruri_si_bombe.jpg\" \/>\n\t<meta property=\"og:image:width\" content=\"1200\" \/>\n\t<meta property=\"og:image:height\" content=\"1200\" \/>\n\t<meta property=\"og:image:type\" content=\"image\/jpeg\" \/>\n<meta name=\"twitter:label1\" content=\"Dur\u00e9e de lecture estim\u00e9e\" \/>\n\t<meta name=\"twitter:data1\" content=\"1 minute\" \/>\n<script type=\"application\/ld+json\" class=\"yoast-schema-graph\">{\"@context\":\"https:\/\/schema.org\",\"@graph\":[{\"@type\":\"WebPage\",\"@id\":\"https:\/\/business.roovi.com\/fr\/jeu-laboratoire-de-sels-et-de-bombes-de-bain-jeu-educatif-eduscience\/p\/\",\"url\":\"https:\/\/business.roovi.com\/fr\/jeu-laboratoire-de-sels-et-de-bombes-de-bain-jeu-educatif-eduscience\/p\/\",\"name\":\"Jeu Laboratoire de sels et de bombes de bain - Jeu \u00e9ducatif EduScience\",\"isPartOf\":{\"@id\":\"https:\/\/business.roovi.com\/fr\/#website\"},\"datePublished\":\"2018-04-16T10:56:06+00:00\",\"dateModified\":\"2022-07-13T10:50:08+00:00\",\"description\":\"Jeu Laboratoire de sels et de bombes de bain - Jeu \u00e9ducatif EduScience\",\"breadcrumb\":{\"@id\":\"https:\/\/business.roovi.com\/fr\/jeu-laboratoire-de-sels-et-de-bombes-de-bain-jeu-educatif-eduscience\/p\/#breadcrumb\"},\"inLanguage\":\"fr-FR\",\"potentialAction\":[{\"@type\":\"ReadAction\",\"target\":[\"https:\/\/business.roovi.com\/fr\/jeu-laboratoire-de-sels-et-de-bombes-de-bain-jeu-educatif-eduscience\/p\/\"]}]},{\"@type\":\"BreadcrumbList\",\"@id\":\"https:\/\/business.roovi.com\/fr\/jeu-laboratoire-de-sels-et-de-bombes-de-bain-jeu-educatif-eduscience\/p\/#breadcrumb\",\"itemListElement\":[{\"@type\":\"ListItem\",\"position\":1,\"name\":\"Home\",\"item\":\"https:\/\/business.roovi.com\/fr\/\"},{\"@type\":\"ListItem\",\"position\":2,\"name\":\"Boutique\",\"item\":\"https:\/\/business.roovi.com\/fr\/boutique\/\"},{\"@type\":\"ListItem\",\"position\":3,\"name\":\"Jeu Laboratoire de sels et de bombes de bain &#8211; Jeu \u00e9ducatif EduScience\"}]},{\"@type\":\"WebSite\",\"@id\":\"https:\/\/business.roovi.com\/fr\/#website\",\"url\":\"https:\/\/business.roovi.com\/fr\/\",\"name\":\"Roovi B2B\",\"description\":\"Roovi Business Website\",\"potentialAction\":[{\"@type\":\"SearchAction\",\"target\":{\"@type\":\"EntryPoint\",\"urlTemplate\":\"https:\/\/business.roovi.com\/fr\/?s={search_term_string}\"},\"query-input\":\"required name=search_term_string\"}],\"inLanguage\":\"fr-FR\"}]}<\/script>\n<!-- \/ Yoast SEO plugin. -->","yoast_head_json":{"title":"Jeu Laboratoire de sels et de bombes de bain - Jeu \u00e9ducatif EduScience","description":"Jeu Laboratoire de sels et de bombes de bain - Jeu \u00e9ducatif EduScience","robots":{"index":"index","follow":"follow","max-snippet":"max-snippet:-1","max-image-preview":"max-image-preview:large","max-video-preview":"max-video-preview:-1"},"canonical":"https:\/\/business.roovi.com\/fr\/jeu-laboratoire-de-sels-et-de-bombes-de-bain-jeu-educatif-eduscience\/p\/","og_locale":"fr_FR","og_type":"article","og_title":"Jeu Laboratoire de sels et de bombes de bain - Jeu \u00e9ducatif EduScience","og_description":"Jeu Laboratoire de sels et de bombes de bain - Jeu \u00e9ducatif EduScience","og_url":"https:\/\/business.roovi.com\/fr\/jeu-laboratoire-de-sels-et-de-bombes-de-bain-jeu-educatif-eduscience\/p\/","og_site_name":"Roovi B2B","article_publisher":"https:\/\/www.facebook.com\/wwwjucariero","article_modified_time":"2022-07-13T10:50:08+00:00","og_image":[{"width":1200,"height":1200,"url":"https:\/\/business.roovi.com\/wp-content\/uploads\/2018\/04\/laboratorul_de_saruri_si_bombe.jpg","type":"image\/jpeg"}],"twitter_misc":{"Dur\u00e9e de lecture estim\u00e9e":"1 minute"},"schema":{"@context":"https:\/\/schema.org","@graph":[{"@type":"WebPage","@id":"https:\/\/business.roovi.com\/fr\/jeu-laboratoire-de-sels-et-de-bombes-de-bain-jeu-educatif-eduscience\/p\/","url":"https:\/\/business.roovi.com\/fr\/jeu-laboratoire-de-sels-et-de-bombes-de-bain-jeu-educatif-eduscience\/p\/","name":"Jeu Laboratoire de sels et de bombes de bain - Jeu \u00e9ducatif EduScience","isPartOf":{"@id":"https:\/\/business.roovi.com\/fr\/#website"},"datePublished":"2018-04-16T10:56:06+00:00","dateModified":"2022-07-13T10:50:08+00:00","description":"Jeu Laboratoire de sels et de bombes de bain - Jeu \u00e9ducatif EduScience","breadcrumb":{"@id":"https:\/\/business.roovi.com\/fr\/jeu-laboratoire-de-sels-et-de-bombes-de-bain-jeu-educatif-eduscience\/p\/#breadcrumb"},"inLanguage":"fr-FR","potentialAction":[{"@type":"ReadAction","target":["https:\/\/business.roovi.com\/fr\/jeu-laboratoire-de-sels-et-de-bombes-de-bain-jeu-educatif-eduscience\/p\/"]}]},{"@type":"BreadcrumbList","@id":"https:\/\/business.roovi.com\/fr\/jeu-laboratoire-de-sels-et-de-bombes-de-bain-jeu-educatif-eduscience\/p\/#breadcrumb","itemListElement":[{"@type":"ListItem","position":1,"name":"Home","item":"https:\/\/business.roovi.com\/fr\/"},{"@type":"ListItem","position":2,"name":"Boutique","item":"https:\/\/business.roovi.com\/fr\/boutique\/"},{"@type":"ListItem","position":3,"name":"Jeu Laboratoire de sels et de bombes de bain &#8211; Jeu \u00e9ducatif EduScience"}]},{"@type":"WebSite","@id":"https:\/\/business.roovi.com\/fr\/#website","url":"https:\/\/business.roovi.com\/fr\/","name":"Roovi B2B","description":"Roovi Business Website","potentialAction":[{"@type":"SearchAction","target":{"@type":"EntryPoint","urlTemplate":"https:\/\/business.roovi.com\/fr\/?s={search_term_string}"},"query-input":"required name=search_term_string"}],"inLanguage":"fr-FR"}]}},"_links":{"self":[{"href":"https:\/\/business.roovi.com\/fr\/wp-json\/wp\/v2\/product\/53903","targetHints":{"allow":["GET"]}}],"collection":[{"href":"https:\/\/business.roovi.com\/fr\/wp-json\/wp\/v2\/product"}],"about":[{"href":"https:\/\/business.roovi.com\/fr\/wp-json\/wp\/v2\/types\/product"}],"version-history":[{"count":0,"href":"https:\/\/business.roovi.com\/fr\/wp-json\/wp\/v2\/product\/53903\/revisions"}],"wp:featuredmedia":[{"embeddable":true,"href":"https:\/\/business.roovi.com\/fr\/wp-json\/wp\/v2\/media\/44879"}],"wp:attachment":[{"href":"https:\/\/business.roovi.com\/fr\/wp-json\/wp\/v2\/media?parent=53903"}],"wp:term":[{"taxonomy":"product_brand","embeddable":true,"href":"https:\/\/business.roovi.com\/fr\/wp-json\/wp\/v2\/product_brand?post=53903"},{"taxonomy":"product_cat","embeddable":true,"href":"https:\/\/business.roovi.com\/fr\/wp-json\/wp\/v2\/product_cat?post=53903"},{"taxonomy":"product_tag","embeddable":true,"href":"https:\/\/business.roovi.com\/fr\/wp-json\/wp\/v2\/product_tag?post=53903"}],"curies":[{"name":"wp","href":"https:\/\/api.w.org\/{rel}","templated":true}]}}