{"id":53957,"date":"2018-04-16T10:56:07","date_gmt":"2018-04-16T10:56:07","guid":{"rendered":"https:\/\/business.roovi.com\/cuburi-constructie-94-piese\/p\/"},"modified":"2022-07-13T10:50:40","modified_gmt":"2022-07-13T10:50:40","slug":"blocs-de-construction-en-bois-colores-94-pieces","status":"publish","type":"product","link":"https:\/\/business.roovi.com\/fr\/blocs-de-construction-en-bois-colores-94-pieces\/p\/","title":{"rendered":"Blocs de construction en bois color\u00e9s, 94 pi\u00e8ces"},"content":{"rendered":"<p>Les blocs de construction en bois de 94 pi\u00e8ces, durables et de haute qualit\u00e9, donnent aux enfants la possibilit\u00e9 d&rsquo;exprimer leur imagination en construisant des structures \u00e9l\u00e9mentaires, de petits animaux, de petites maisons, ou m\u00eame des b\u00e2timents imposants, des ch\u00e2teaux grandioses, des \u00e9difices monumentaux. Le jeu d\u00e9veloppe les capacit\u00e9s motrices, l&rsquo;imagination et la dext\u00e9rit\u00e9 des jeunes architectes.<\/p>\n","protected":false},"excerpt":{"rendered":"<p>Les blocs de construction en bois de 94 pi\u00e8ces, durables et de haute qualit\u00e9, donnent aux enfants la possibilit\u00e9 d&rsquo;exprimer<\/p>\n","protected":false},"featured_media":45098,"template":"","meta":[],"product_brand":[],"product_cat":[2380,2327,2336],"product_tag":[],"class_list":{"0":"post-53957","1":"product","2":"type-product","3":"status-publish","4":"has-post-thumbnail","6":"product_cat-jeux-de-construction","7":"product_cat-jeux-en-bois","8":"product_cat-plus-de-categories","9":"pa_brand-deico-fr","10":"pa_country_of_manufacture-ro-fr","11":"pa_filter_age-3_5-fr","12":"pa_filter_age-5_7-fr","13":"pa_filter_age-7_9-fr","14":"pa_tip_ambalaj-boite","16":"first","17":"instock","18":"taxable","19":"shipping-taxable","20":"product-type-simple"},"yoast_head":"<!-- This site is optimized with the Yoast SEO plugin v20.1 - https:\/\/yoast.com\/wordpress\/plugins\/seo\/ -->\n<title>Blocs de construction en bois color\u00e9s, 94 pi\u00e8ces<\/title>\n<meta name=\"description\" content=\"Blocs de construction en bois color\u00e9s, 94 pi\u00e8ces\" \/>\n<meta name=\"robots\" content=\"index, follow, max-snippet:-1, max-image-preview:large, max-video-preview:-1\" \/>\n<link rel=\"canonical\" href=\"https:\/\/business.roovi.com\/fr\/blocs-de-construction-en-bois-colores-94-pieces\/p\/\" \/>\n<meta property=\"og:locale\" content=\"fr_FR\" \/>\n<meta property=\"og:type\" content=\"article\" \/>\n<meta property=\"og:title\" content=\"Blocs de construction en bois color\u00e9s, 94 pi\u00e8ces\" \/>\n<meta property=\"og:description\" content=\"Blocs de construction en bois color\u00e9s, 94 pi\u00e8ces\" \/>\n<meta property=\"og:url\" content=\"https:\/\/business.roovi.com\/fr\/blocs-de-construction-en-bois-colores-94-pieces\/p\/\" \/>\n<meta property=\"og:site_name\" content=\"Roovi B2B\" \/>\n<meta property=\"article:publisher\" content=\"https:\/\/www.facebook.com\/wwwjucariero\" \/>\n<meta property=\"article:modified_time\" content=\"2022-07-13T10:50:40+00:00\" \/>\n<meta property=\"og:image\" content=\"https:\/\/business.roovi.com\/wp-content\/uploads\/2018\/04\/cuburi_de_construc_ie_94_piese_copy.jpg\" \/>\n\t<meta property=\"og:image:width\" content=\"1200\" \/>\n\t<meta property=\"og:image:height\" content=\"1200\" \/>\n\t<meta property=\"og:image:type\" content=\"image\/jpeg\" \/>\n<script type=\"application\/ld+json\" class=\"yoast-schema-graph\">{\"@context\":\"https:\/\/schema.org\",\"@graph\":[{\"@type\":\"WebPage\",\"@id\":\"https:\/\/business.roovi.com\/fr\/blocs-de-construction-en-bois-colores-94-pieces\/p\/\",\"url\":\"https:\/\/business.roovi.com\/fr\/blocs-de-construction-en-bois-colores-94-pieces\/p\/\",\"name\":\"Blocs de construction en bois color\u00e9s, 94 pi\u00e8ces\",\"isPartOf\":{\"@id\":\"https:\/\/business.roovi.com\/fr\/#website\"},\"datePublished\":\"2018-04-16T10:56:07+00:00\",\"dateModified\":\"2022-07-13T10:50:40+00:00\",\"description\":\"Blocs de construction en bois color\u00e9s, 94 pi\u00e8ces\",\"breadcrumb\":{\"@id\":\"https:\/\/business.roovi.com\/fr\/blocs-de-construction-en-bois-colores-94-pieces\/p\/#breadcrumb\"},\"inLanguage\":\"fr-FR\",\"potentialAction\":[{\"@type\":\"ReadAction\",\"target\":[\"https:\/\/business.roovi.com\/fr\/blocs-de-construction-en-bois-colores-94-pieces\/p\/\"]}]},{\"@type\":\"BreadcrumbList\",\"@id\":\"https:\/\/business.roovi.com\/fr\/blocs-de-construction-en-bois-colores-94-pieces\/p\/#breadcrumb\",\"itemListElement\":[{\"@type\":\"ListItem\",\"position\":1,\"name\":\"Home\",\"item\":\"https:\/\/business.roovi.com\/fr\/\"},{\"@type\":\"ListItem\",\"position\":2,\"name\":\"Boutique\",\"item\":\"https:\/\/business.roovi.com\/fr\/boutique\/\"},{\"@type\":\"ListItem\",\"position\":3,\"name\":\"Blocs de construction en bois color\u00e9s, 94 pi\u00e8ces\"}]},{\"@type\":\"WebSite\",\"@id\":\"https:\/\/business.roovi.com\/fr\/#website\",\"url\":\"https:\/\/business.roovi.com\/fr\/\",\"name\":\"Roovi B2B\",\"description\":\"Roovi Business Website\",\"potentialAction\":[{\"@type\":\"SearchAction\",\"target\":{\"@type\":\"EntryPoint\",\"urlTemplate\":\"https:\/\/business.roovi.com\/fr\/?s={search_term_string}\"},\"query-input\":\"required name=search_term_string\"}],\"inLanguage\":\"fr-FR\"}]}<\/script>\n<!-- \/ Yoast SEO plugin. -->","yoast_head_json":{"title":"Blocs de construction en bois color\u00e9s, 94 pi\u00e8ces","description":"Blocs de construction en bois color\u00e9s, 94 pi\u00e8ces","robots":{"index":"index","follow":"follow","max-snippet":"max-snippet:-1","max-image-preview":"max-image-preview:large","max-video-preview":"max-video-preview:-1"},"canonical":"https:\/\/business.roovi.com\/fr\/blocs-de-construction-en-bois-colores-94-pieces\/p\/","og_locale":"fr_FR","og_type":"article","og_title":"Blocs de construction en bois color\u00e9s, 94 pi\u00e8ces","og_description":"Blocs de construction en bois color\u00e9s, 94 pi\u00e8ces","og_url":"https:\/\/business.roovi.com\/fr\/blocs-de-construction-en-bois-colores-94-pieces\/p\/","og_site_name":"Roovi B2B","article_publisher":"https:\/\/www.facebook.com\/wwwjucariero","article_modified_time":"2022-07-13T10:50:40+00:00","og_image":[{"width":1200,"height":1200,"url":"https:\/\/business.roovi.com\/wp-content\/uploads\/2018\/04\/cuburi_de_construc_ie_94_piese_copy.jpg","type":"image\/jpeg"}],"schema":{"@context":"https:\/\/schema.org","@graph":[{"@type":"WebPage","@id":"https:\/\/business.roovi.com\/fr\/blocs-de-construction-en-bois-colores-94-pieces\/p\/","url":"https:\/\/business.roovi.com\/fr\/blocs-de-construction-en-bois-colores-94-pieces\/p\/","name":"Blocs de construction en bois color\u00e9s, 94 pi\u00e8ces","isPartOf":{"@id":"https:\/\/business.roovi.com\/fr\/#website"},"datePublished":"2018-04-16T10:56:07+00:00","dateModified":"2022-07-13T10:50:40+00:00","description":"Blocs de construction en bois color\u00e9s, 94 pi\u00e8ces","breadcrumb":{"@id":"https:\/\/business.roovi.com\/fr\/blocs-de-construction-en-bois-colores-94-pieces\/p\/#breadcrumb"},"inLanguage":"fr-FR","potentialAction":[{"@type":"ReadAction","target":["https:\/\/business.roovi.com\/fr\/blocs-de-construction-en-bois-colores-94-pieces\/p\/"]}]},{"@type":"BreadcrumbList","@id":"https:\/\/business.roovi.com\/fr\/blocs-de-construction-en-bois-colores-94-pieces\/p\/#breadcrumb","itemListElement":[{"@type":"ListItem","position":1,"name":"Home","item":"https:\/\/business.roovi.com\/fr\/"},{"@type":"ListItem","position":2,"name":"Boutique","item":"https:\/\/business.roovi.com\/fr\/boutique\/"},{"@type":"ListItem","position":3,"name":"Blocs de construction en bois color\u00e9s, 94 pi\u00e8ces"}]},{"@type":"WebSite","@id":"https:\/\/business.roovi.com\/fr\/#website","url":"https:\/\/business.roovi.com\/fr\/","name":"Roovi B2B","description":"Roovi Business Website","potentialAction":[{"@type":"SearchAction","target":{"@type":"EntryPoint","urlTemplate":"https:\/\/business.roovi.com\/fr\/?s={search_term_string}"},"query-input":"required name=search_term_string"}],"inLanguage":"fr-FR"}]}},"_links":{"self":[{"href":"https:\/\/business.roovi.com\/fr\/wp-json\/wp\/v2\/product\/53957","targetHints":{"allow":["GET"]}}],"collection":[{"href":"https:\/\/business.roovi.com\/fr\/wp-json\/wp\/v2\/product"}],"about":[{"href":"https:\/\/business.roovi.com\/fr\/wp-json\/wp\/v2\/types\/product"}],"version-history":[{"count":0,"href":"https:\/\/business.roovi.com\/fr\/wp-json\/wp\/v2\/product\/53957\/revisions"}],"wp:featuredmedia":[{"embeddable":true,"href":"https:\/\/business.roovi.com\/fr\/wp-json\/wp\/v2\/media\/45098"}],"wp:attachment":[{"href":"https:\/\/business.roovi.com\/fr\/wp-json\/wp\/v2\/media?parent=53957"}],"wp:term":[{"taxonomy":"product_brand","embeddable":true,"href":"https:\/\/business.roovi.com\/fr\/wp-json\/wp\/v2\/product_brand?post=53957"},{"taxonomy":"product_cat","embeddable":true,"href":"https:\/\/business.roovi.com\/fr\/wp-json\/wp\/v2\/product_cat?post=53957"},{"taxonomy":"product_tag","embeddable":true,"href":"https:\/\/business.roovi.com\/fr\/wp-json\/wp\/v2\/product_tag?post=53957"}],"curies":[{"name":"wp","href":"https:\/\/api.w.org\/{rel}","templated":true}]}}