{"id":53958,"date":"2018-04-16T10:56:07","date_gmt":"2018-04-16T10:56:07","guid":{"rendered":"https:\/\/business.roovi.com\/joc-set-de-tesut\/p\/"},"modified":"2022-07-13T10:50:41","modified_gmt":"2022-07-13T10:50:41","slug":"set-de-tissage-pour-enfants","status":"publish","type":"product","link":"https:\/\/business.roovi.com\/fr\/set-de-tissage-pour-enfants\/p\/","title":{"rendered":"Set de tissage pour enfants"},"content":{"rendered":"<p><span style=\"font-weight: 400;\">Le tissage de guerre a des origines tr\u00e8s anciennes dans la tradition du peuple roumain, des tapis color\u00e9s qui d\u00e9coraient les sols des vieilles maisons, au tissu sur lequel \u00e9taient cousus les jougs port\u00e9s avec fiert\u00e9 les jours de f\u00eate.<\/span><\/p>\n<p><span style=\"font-weight: 400;\">Donne aux enfants l&rsquo;occasion de rester connect\u00e9s aux traditions et d&rsquo;apprendre une coutume aussi amusante que complexe, qui devient de plus en plus populaire <\/span><\/p>\n<p><span style=\"font-weight: 400;\">\u00c0 l&rsquo;aide d&rsquo;un set de tissage, les enfants utiliseront leur cr\u00e9ativit\u00e9, en jouant avec les couleurs pour cr\u00e9er des objets originaux qu&rsquo;ils pourront montrer \u00e0 leurs amis <\/span><\/p>\n<h2><span style=\"font-weight: 400;\">Savais-tu que le jeu de tissage..<\/span><\/h2>\n<ul>\n<li><span style=\"font-weight: 400;\">Il est tr\u00e8s adapt\u00e9 pour stimuler la coordination motrice, car plusieurs mouvements diff\u00e9rents sont n\u00e9cessaires pour fixer le fil dans le tissu.<\/span><\/li>\n<li><span style=\"font-weight: 400;\">C&rsquo;est un stimulus efficace pour la coordination main-\u0153il n\u00e9cessaire pour faire passer le fil dans les fils de cha\u00eene.<\/span><\/li>\n<li><span style=\"font-weight: 400;\">D\u00e9veloppe la pens\u00e9e logique en apprenant des mouvements corrects et s\u00e9quentiels, menant \u00e0 un r\u00e9sultat final harmonieux.<\/span><\/li>\n<li><span style=\"font-weight: 400;\">Les enfants peuvent reprendre des notions de colorim\u00e9trie et apprendre des choses int\u00e9ressantes sur les couleurs et leur correspondance.<\/span><\/li>\n<li><span style=\"font-weight: 400;\">Il est facile \u00e0 manipuler pour les enfants, et changer de rang est m\u00eame amusant.<\/span><\/li>\n<li><span style=\"font-weight: 400;\">Il convient \u00e0 un enfant qui aime jouer seul ou \u00e0 celui qui pr\u00e9f\u00e8re jouer avec ses amis &#8211; tout le monde peut contribuer au r\u00e9sultat final.<\/span><\/li>\n<li><span style=\"font-weight: 400;\">Il stimule le d\u00e9veloppement des comp\u00e9tences et aide \u00e0 renforcer la confiance et l&rsquo;estime de soi car le travail devient plus int\u00e9ressant <\/span><\/li>\n<li><span style=\"font-weight: 400;\">Les travaux manuels stimulent l&rsquo;utilisation et le d\u00e9veloppement des deux h\u00e9misph\u00e8res du cerveau et sont privil\u00e9gi\u00e9s dans tous les syst\u00e8mes \u00e9ducatifs  <\/span><\/li>\n<\/ul>\n<h2><span style=\"font-weight: 400;\">Pourquoi choisir un set de tissage<\/span><\/h2>\n<p><span style=\"font-weight: 400;\">La structure en bois est tr\u00e8s durable et s\u00fbre pour les enfants, et elle est fabriqu\u00e9e avec des mat\u00e9riaux de qualit\u00e9.<\/span><\/p>\n<p><span style=\"font-weight: 400;\">La cha\u00eene de Fabric Set peut \u00eatre facilement chang\u00e9e par les adultes ou m\u00eame les enfants plus \u00e2g\u00e9s, et est pr\u00eate pour une nouvelle activit\u00e9 amusante en un rien de temps.<\/span><\/p>\n<p><span style=\"font-weight: 400;\">C&rsquo;est un moyen agr\u00e9able pour les enfants de se concentrer sur une t\u00e2che, tout en combinant une activit\u00e9 de comp\u00e9tence avec la fascination de voir un objet cr\u00e9\u00e9 de leurs propres mains prendre forme <\/span><\/p>\n<p><span style=\"font-weight: 400;\">\u00c2ge recommand\u00e9 : 5+<\/span><\/p>\n<p><span style=\"font-weight: 400;\">Joueurs : une personne<\/span><\/p>\n<p><span style=\"font-weight: 400;\">La bo\u00eete contient : un cadre de tissage, une truie, une spatule, un peigne de tissage, 7 sculptures color\u00e9es et 2 sculptures blanches <\/span><\/p>\n<p><span style=\"font-weight: 400;\">Jeu non recommand\u00e9 pour les enfants de moins de 3 ans <\/span><\/p><\/p>\n","protected":false},"excerpt":{"rendered":"<p>Le tissage de guerre a des origines tr\u00e8s anciennes dans la tradition du peuple roumain, des tapis color\u00e9s qui d\u00e9coraient<\/p>\n","protected":false},"featured_media":70811,"template":"","meta":[],"product_brand":[],"product_cat":[2327],"product_tag":[],"class_list":{"0":"post-53958","1":"product","2":"type-product","3":"status-publish","4":"has-post-thumbnail","6":"product_cat-jeux-en-bois","7":"pa_brand-deico-fr","8":"pa_country_of_manufacture-ro-fr","9":"pa_filter_age-5_7-fr","10":"pa_filter_age-7_9-fr","11":"pa_tip_ambalaj-boite","13":"first","14":"onbackorder","15":"taxable","16":"shipping-taxable","17":"product-type-simple"},"yoast_head":"<!-- This site is optimized with the Yoast SEO plugin v20.1 - https:\/\/yoast.com\/wordpress\/plugins\/seo\/ -->\n<title>Set de tissage pour enfants<\/title>\n<meta name=\"description\" content=\"Set de tissage pour enfants\" \/>\n<meta name=\"robots\" content=\"index, follow, max-snippet:-1, max-image-preview:large, max-video-preview:-1\" \/>\n<link rel=\"canonical\" href=\"https:\/\/business.roovi.com\/fr\/set-de-tissage-pour-enfants\/p\/\" \/>\n<meta property=\"og:locale\" content=\"fr_FR\" \/>\n<meta property=\"og:type\" content=\"article\" \/>\n<meta property=\"og:title\" content=\"Set de tissage pour enfants\" \/>\n<meta property=\"og:description\" content=\"Set de tissage pour enfants\" \/>\n<meta property=\"og:url\" content=\"https:\/\/business.roovi.com\/fr\/set-de-tissage-pour-enfants\/p\/\" \/>\n<meta property=\"og:site_name\" content=\"Roovi B2B\" \/>\n<meta property=\"article:publisher\" content=\"https:\/\/www.facebook.com\/wwwjucariero\" \/>\n<meta property=\"article:modified_time\" content=\"2022-07-13T10:50:41+00:00\" \/>\n<meta property=\"og:image\" content=\"https:\/\/business.roovi.com\/wp-content\/uploads\/2018\/04\/61348_cutie_set_de_tesut_elo.jpg\" \/>\n\t<meta property=\"og:image:width\" content=\"1200\" \/>\n\t<meta property=\"og:image:height\" content=\"1200\" \/>\n\t<meta property=\"og:image:type\" content=\"image\/jpeg\" \/>\n<meta name=\"twitter:label1\" content=\"Dur\u00e9e de lecture estim\u00e9e\" \/>\n\t<meta name=\"twitter:data1\" content=\"2 minutes\" \/>\n<script type=\"application\/ld+json\" class=\"yoast-schema-graph\">{\"@context\":\"https:\/\/schema.org\",\"@graph\":[{\"@type\":\"WebPage\",\"@id\":\"https:\/\/business.roovi.com\/fr\/set-de-tissage-pour-enfants\/p\/\",\"url\":\"https:\/\/business.roovi.com\/fr\/set-de-tissage-pour-enfants\/p\/\",\"name\":\"Set de tissage pour enfants\",\"isPartOf\":{\"@id\":\"https:\/\/business.roovi.com\/fr\/#website\"},\"datePublished\":\"2018-04-16T10:56:07+00:00\",\"dateModified\":\"2022-07-13T10:50:41+00:00\",\"description\":\"Set de tissage pour enfants\",\"breadcrumb\":{\"@id\":\"https:\/\/business.roovi.com\/fr\/set-de-tissage-pour-enfants\/p\/#breadcrumb\"},\"inLanguage\":\"fr-FR\",\"potentialAction\":[{\"@type\":\"ReadAction\",\"target\":[\"https:\/\/business.roovi.com\/fr\/set-de-tissage-pour-enfants\/p\/\"]}]},{\"@type\":\"BreadcrumbList\",\"@id\":\"https:\/\/business.roovi.com\/fr\/set-de-tissage-pour-enfants\/p\/#breadcrumb\",\"itemListElement\":[{\"@type\":\"ListItem\",\"position\":1,\"name\":\"Home\",\"item\":\"https:\/\/business.roovi.com\/fr\/\"},{\"@type\":\"ListItem\",\"position\":2,\"name\":\"Boutique\",\"item\":\"https:\/\/business.roovi.com\/fr\/boutique\/\"},{\"@type\":\"ListItem\",\"position\":3,\"name\":\"Set de tissage pour enfants\"}]},{\"@type\":\"WebSite\",\"@id\":\"https:\/\/business.roovi.com\/fr\/#website\",\"url\":\"https:\/\/business.roovi.com\/fr\/\",\"name\":\"Roovi B2B\",\"description\":\"Roovi Business Website\",\"potentialAction\":[{\"@type\":\"SearchAction\",\"target\":{\"@type\":\"EntryPoint\",\"urlTemplate\":\"https:\/\/business.roovi.com\/fr\/?s={search_term_string}\"},\"query-input\":\"required name=search_term_string\"}],\"inLanguage\":\"fr-FR\"}]}<\/script>\n<!-- \/ Yoast SEO plugin. -->","yoast_head_json":{"title":"Set de tissage pour enfants","description":"Set de tissage pour enfants","robots":{"index":"index","follow":"follow","max-snippet":"max-snippet:-1","max-image-preview":"max-image-preview:large","max-video-preview":"max-video-preview:-1"},"canonical":"https:\/\/business.roovi.com\/fr\/set-de-tissage-pour-enfants\/p\/","og_locale":"fr_FR","og_type":"article","og_title":"Set de tissage pour enfants","og_description":"Set de tissage pour enfants","og_url":"https:\/\/business.roovi.com\/fr\/set-de-tissage-pour-enfants\/p\/","og_site_name":"Roovi B2B","article_publisher":"https:\/\/www.facebook.com\/wwwjucariero","article_modified_time":"2022-07-13T10:50:41+00:00","og_image":[{"width":1200,"height":1200,"url":"https:\/\/business.roovi.com\/wp-content\/uploads\/2018\/04\/61348_cutie_set_de_tesut_elo.jpg","type":"image\/jpeg"}],"twitter_misc":{"Dur\u00e9e de lecture estim\u00e9e":"2 minutes"},"schema":{"@context":"https:\/\/schema.org","@graph":[{"@type":"WebPage","@id":"https:\/\/business.roovi.com\/fr\/set-de-tissage-pour-enfants\/p\/","url":"https:\/\/business.roovi.com\/fr\/set-de-tissage-pour-enfants\/p\/","name":"Set de tissage pour enfants","isPartOf":{"@id":"https:\/\/business.roovi.com\/fr\/#website"},"datePublished":"2018-04-16T10:56:07+00:00","dateModified":"2022-07-13T10:50:41+00:00","description":"Set de tissage pour enfants","breadcrumb":{"@id":"https:\/\/business.roovi.com\/fr\/set-de-tissage-pour-enfants\/p\/#breadcrumb"},"inLanguage":"fr-FR","potentialAction":[{"@type":"ReadAction","target":["https:\/\/business.roovi.com\/fr\/set-de-tissage-pour-enfants\/p\/"]}]},{"@type":"BreadcrumbList","@id":"https:\/\/business.roovi.com\/fr\/set-de-tissage-pour-enfants\/p\/#breadcrumb","itemListElement":[{"@type":"ListItem","position":1,"name":"Home","item":"https:\/\/business.roovi.com\/fr\/"},{"@type":"ListItem","position":2,"name":"Boutique","item":"https:\/\/business.roovi.com\/fr\/boutique\/"},{"@type":"ListItem","position":3,"name":"Set de tissage pour enfants"}]},{"@type":"WebSite","@id":"https:\/\/business.roovi.com\/fr\/#website","url":"https:\/\/business.roovi.com\/fr\/","name":"Roovi B2B","description":"Roovi Business Website","potentialAction":[{"@type":"SearchAction","target":{"@type":"EntryPoint","urlTemplate":"https:\/\/business.roovi.com\/fr\/?s={search_term_string}"},"query-input":"required name=search_term_string"}],"inLanguage":"fr-FR"}]}},"_links":{"self":[{"href":"https:\/\/business.roovi.com\/fr\/wp-json\/wp\/v2\/product\/53958","targetHints":{"allow":["GET"]}}],"collection":[{"href":"https:\/\/business.roovi.com\/fr\/wp-json\/wp\/v2\/product"}],"about":[{"href":"https:\/\/business.roovi.com\/fr\/wp-json\/wp\/v2\/types\/product"}],"version-history":[{"count":0,"href":"https:\/\/business.roovi.com\/fr\/wp-json\/wp\/v2\/product\/53958\/revisions"}],"wp:featuredmedia":[{"embeddable":true,"href":"https:\/\/business.roovi.com\/fr\/wp-json\/wp\/v2\/media\/70811"}],"wp:attachment":[{"href":"https:\/\/business.roovi.com\/fr\/wp-json\/wp\/v2\/media?parent=53958"}],"wp:term":[{"taxonomy":"product_brand","embeddable":true,"href":"https:\/\/business.roovi.com\/fr\/wp-json\/wp\/v2\/product_brand?post=53958"},{"taxonomy":"product_cat","embeddable":true,"href":"https:\/\/business.roovi.com\/fr\/wp-json\/wp\/v2\/product_cat?post=53958"},{"taxonomy":"product_tag","embeddable":true,"href":"https:\/\/business.roovi.com\/fr\/wp-json\/wp\/v2\/product_tag?post=53958"}],"curies":[{"name":"wp","href":"https:\/\/api.w.org\/{rel}","templated":true}]}}