{"id":53961,"date":"2018-04-16T10:56:07","date_gmt":"2018-04-16T10:56:07","guid":{"rendered":"https:\/\/business.roovi.com\/joc-turnul-instabil\/p\/"},"modified":"2022-07-13T10:50:42","modified_gmt":"2022-07-13T10:50:42","slug":"tour-instable-avec-des-pieces-en-bois-jeu-dadresse","status":"publish","type":"product","link":"https:\/\/business.roovi.com\/fr\/tour-instable-avec-des-pieces-en-bois-jeu-dadresse\/p\/","title":{"rendered":"Tour instable avec des pi\u00e8ces en bois &#8211; Jeu d&rsquo;adresse"},"content":{"rendered":"<p><span style=\"font-weight: 400;\">Qu&rsquo;est-ce que la gravit\u00e9 ? Qu&rsquo;est-ce qu&rsquo;un centre de gravit\u00e9 et pourquoi la tour s&rsquo;effondre-t-elle ? Mais qu&rsquo;est-ce que l&rsquo;\u00e9quilibre ?<\/span><\/p>\n<p><span style=\"font-weight: 400;\">Juste quelques questions auxquelles tu peux r\u00e9pondre en jouant avec ton petit. Un voyage fascinant dans le monde de la science, transform\u00e9 en un jeu amusant avec Tour instable.<\/span><\/p>\n<p><span style=\"font-weight: 400;\">Un jeu de soci\u00e9t\u00e9 fascinant, convenant aussi bien aux enfants qu&rsquo;aux adultes, offrant des heures de plaisir et d&rsquo;amusement loin des \u00e9crans et autres distractions num\u00e9riques.<\/span><\/p>\n<p><span style=\"font-weight: 400;\">Construis la tour ensemble \u00e0 l&rsquo;aide des 57 pi\u00e8ces en bois, puis tire soigneusement chaque pi\u00e8ce \u00e0 tour de r\u00f4le pour que la tour ne s&rsquo;effondre pas. Chaque d\u00e9placement d\u00e9place le centre de gravit\u00e9 et affecte l&rsquo;\u00e9quilibre de la tour, qui devient donc de plus en plus instable <\/span><\/p>\n<p><span style=\"font-weight: 400;\">\u00c0 qui reviendra-t-il finalement ?<\/span><\/p>\n<h2><span style=\"font-weight: 400;\">Savais-tu que le jeu Unstable Tower..<\/span><\/h2>\n<ul>\n<li><span style=\"font-weight: 400;\">Il est id\u00e9al pour parler aux enfants de la science et des concepts de base qui affectent notre vie quotidienne, comme la gravit\u00e9.<\/span><\/li>\n<li><span style=\"font-weight: 400;\">C&rsquo;est un exercice parfait pour la coordination des mouvements, l&rsquo;attention et la dext\u00e9rit\u00e9.<\/span><\/li>\n<li><span style=\"font-weight: 400;\">Un jeu fascinant d&rsquo;adresse et de pr\u00e9cision.<\/span><\/li>\n<li><span style=\"font-weight: 400;\">Il aide les enfants \u00e0 comprendre de mani\u00e8re amusante comment fonctionnent certaines des choses qui les entourent.<\/span><\/li>\n<li><span style=\"font-weight: 400;\">D\u00e9veloppe et soutient un esprit de comp\u00e9tition, chacun \u00e9tant responsable de ses propres r\u00e9sultats.<\/span><\/li>\n<li><span style=\"font-weight: 400;\">Stimule la concentration et la coordination main-\u0153il.<\/span><\/li>\n<li><span style=\"font-weight: 400;\">C&rsquo;est super amusant et tu vas s\u00fbrement d\u00e9clencher des fous rires.<\/span><\/li>\n<\/ul>\n<h2><span style=\"font-weight: 400;\">Pourquoi choisir le jeu de la Tour instable<\/span><\/h2>\n<p><span style=\"font-weight: 400;\">Le jeu Tour instable est durable et tr\u00e8s r\u00e9sistant, gr\u00e2ce aux pi\u00e8ces en bois naturel.<\/span><\/p>\n<p><span style=\"font-weight: 400;\">Il est sans danger pour les enfants de tous \u00e2ges. Chaque pi\u00e8ce est fabriqu\u00e9e de mani\u00e8re responsable afin qu&rsquo;il ne reste aucune \u00e9charde ou zone non finie  <\/span><\/p>\n<p><span style=\"font-weight: 400;\">Il stimule l&rsquo;imagination et la cr\u00e9ativit\u00e9, car les petits sont libres d&rsquo;utiliser les pi\u00e8ces d&rsquo;une myriade de fa\u00e7ons, des pistes de cal\u00e8che aux constructions diverses ou aux cha\u00eenes de r\u00e9action en cha\u00eene. Et qui sait quelles autres id\u00e9es spectaculaires les enfants ont ?<\/span><\/p>\n<p><span style=\"font-weight: 400;\">\u00c2ge recommand\u00e9 : 4+<\/span><\/p>\n<p><span style=\"font-weight: 400;\">Joueurs : minimum 2 joueurs<\/span><\/p>\n<p><span style=\"font-weight: 400;\">La bo\u00eete contient : 57 pi\u00e8ces de jeu en bois naturel  <\/span><\/p>\n<p><span style=\"font-weight: 400;\">Non recommand\u00e9 pour les enfants de moins de 3 ans.<\/span><\/p><\/p>\n","protected":false},"excerpt":{"rendered":"<p>Qu&rsquo;est-ce que la gravit\u00e9 ? Qu&rsquo;est-ce qu&rsquo;un centre de gravit\u00e9 et pourquoi la tour s&rsquo;effondre-t-elle ? Mais qu&rsquo;est-ce que l&rsquo;\u00e9quilibre<\/p>\n","protected":false},"featured_media":45102,"template":"","meta":[],"product_brand":[],"product_cat":[2327],"product_tag":[],"class_list":{"0":"post-53961","1":"product","2":"type-product","3":"status-publish","4":"has-post-thumbnail","6":"product_cat-jeux-en-bois","7":"pa_brand-deico-fr","8":"pa_country_of_manufacture-ro-fr","9":"pa_filter_age-14-fr","10":"pa_filter_age-5_7-fr","11":"pa_filter_age-7_9-fr","12":"pa_filter_age-9_14-fr","13":"pa_tip_ambalaj-boite","15":"first","16":"instock","17":"taxable","18":"shipping-taxable","19":"product-type-simple"},"yoast_head":"<!-- This site is optimized with the Yoast SEO plugin v20.1 - https:\/\/yoast.com\/wordpress\/plugins\/seo\/ -->\n<title>Tour instable avec des pi\u00e8ces en bois - Jeu d&#039;adresse<\/title>\n<meta name=\"description\" content=\"Tour instable avec des pi\u00e8ces en bois - Jeu d&#039;adresse\" \/>\n<meta name=\"robots\" content=\"index, follow, max-snippet:-1, max-image-preview:large, max-video-preview:-1\" \/>\n<link rel=\"canonical\" href=\"https:\/\/business.roovi.com\/fr\/tour-instable-avec-des-pieces-en-bois-jeu-dadresse\/p\/\" \/>\n<meta property=\"og:locale\" content=\"fr_FR\" \/>\n<meta property=\"og:type\" content=\"article\" \/>\n<meta property=\"og:title\" content=\"Tour instable avec des pi\u00e8ces en bois - Jeu d&#039;adresse\" \/>\n<meta property=\"og:description\" content=\"Tour instable avec des pi\u00e8ces en bois - Jeu d&#039;adresse\" \/>\n<meta property=\"og:url\" content=\"https:\/\/business.roovi.com\/fr\/tour-instable-avec-des-pieces-en-bois-jeu-dadresse\/p\/\" \/>\n<meta property=\"og:site_name\" content=\"Roovi B2B\" \/>\n<meta property=\"article:publisher\" content=\"https:\/\/www.facebook.com\/wwwjucariero\" \/>\n<meta property=\"article:modified_time\" content=\"2022-07-13T10:50:42+00:00\" \/>\n<meta property=\"og:image\" content=\"https:\/\/business.roovi.com\/wp-content\/uploads\/2018\/04\/turnul_instabil_classic_front.jpg\" \/>\n\t<meta property=\"og:image:width\" content=\"1200\" \/>\n\t<meta property=\"og:image:height\" content=\"1200\" \/>\n\t<meta property=\"og:image:type\" content=\"image\/jpeg\" \/>\n<meta name=\"twitter:label1\" content=\"Dur\u00e9e de lecture estim\u00e9e\" \/>\n\t<meta name=\"twitter:data1\" content=\"2 minutes\" \/>\n<script type=\"application\/ld+json\" class=\"yoast-schema-graph\">{\"@context\":\"https:\/\/schema.org\",\"@graph\":[{\"@type\":\"WebPage\",\"@id\":\"https:\/\/business.roovi.com\/fr\/tour-instable-avec-des-pieces-en-bois-jeu-dadresse\/p\/\",\"url\":\"https:\/\/business.roovi.com\/fr\/tour-instable-avec-des-pieces-en-bois-jeu-dadresse\/p\/\",\"name\":\"Tour instable avec des pi\u00e8ces en bois - Jeu d'adresse\",\"isPartOf\":{\"@id\":\"https:\/\/business.roovi.com\/fr\/#website\"},\"datePublished\":\"2018-04-16T10:56:07+00:00\",\"dateModified\":\"2022-07-13T10:50:42+00:00\",\"description\":\"Tour instable avec des pi\u00e8ces en bois - Jeu d'adresse\",\"breadcrumb\":{\"@id\":\"https:\/\/business.roovi.com\/fr\/tour-instable-avec-des-pieces-en-bois-jeu-dadresse\/p\/#breadcrumb\"},\"inLanguage\":\"fr-FR\",\"potentialAction\":[{\"@type\":\"ReadAction\",\"target\":[\"https:\/\/business.roovi.com\/fr\/tour-instable-avec-des-pieces-en-bois-jeu-dadresse\/p\/\"]}]},{\"@type\":\"BreadcrumbList\",\"@id\":\"https:\/\/business.roovi.com\/fr\/tour-instable-avec-des-pieces-en-bois-jeu-dadresse\/p\/#breadcrumb\",\"itemListElement\":[{\"@type\":\"ListItem\",\"position\":1,\"name\":\"Home\",\"item\":\"https:\/\/business.roovi.com\/fr\/\"},{\"@type\":\"ListItem\",\"position\":2,\"name\":\"Boutique\",\"item\":\"https:\/\/business.roovi.com\/fr\/boutique\/\"},{\"@type\":\"ListItem\",\"position\":3,\"name\":\"Tour instable avec des pi\u00e8ces en bois &#8211; Jeu d&#8217;adresse\"}]},{\"@type\":\"WebSite\",\"@id\":\"https:\/\/business.roovi.com\/fr\/#website\",\"url\":\"https:\/\/business.roovi.com\/fr\/\",\"name\":\"Roovi B2B\",\"description\":\"Roovi Business Website\",\"potentialAction\":[{\"@type\":\"SearchAction\",\"target\":{\"@type\":\"EntryPoint\",\"urlTemplate\":\"https:\/\/business.roovi.com\/fr\/?s={search_term_string}\"},\"query-input\":\"required name=search_term_string\"}],\"inLanguage\":\"fr-FR\"}]}<\/script>\n<!-- \/ Yoast SEO plugin. -->","yoast_head_json":{"title":"Tour instable avec des pi\u00e8ces en bois - Jeu d'adresse","description":"Tour instable avec des pi\u00e8ces en bois - Jeu d'adresse","robots":{"index":"index","follow":"follow","max-snippet":"max-snippet:-1","max-image-preview":"max-image-preview:large","max-video-preview":"max-video-preview:-1"},"canonical":"https:\/\/business.roovi.com\/fr\/tour-instable-avec-des-pieces-en-bois-jeu-dadresse\/p\/","og_locale":"fr_FR","og_type":"article","og_title":"Tour instable avec des pi\u00e8ces en bois - Jeu d'adresse","og_description":"Tour instable avec des pi\u00e8ces en bois - Jeu d'adresse","og_url":"https:\/\/business.roovi.com\/fr\/tour-instable-avec-des-pieces-en-bois-jeu-dadresse\/p\/","og_site_name":"Roovi B2B","article_publisher":"https:\/\/www.facebook.com\/wwwjucariero","article_modified_time":"2022-07-13T10:50:42+00:00","og_image":[{"width":1200,"height":1200,"url":"https:\/\/business.roovi.com\/wp-content\/uploads\/2018\/04\/turnul_instabil_classic_front.jpg","type":"image\/jpeg"}],"twitter_misc":{"Dur\u00e9e de lecture estim\u00e9e":"2 minutes"},"schema":{"@context":"https:\/\/schema.org","@graph":[{"@type":"WebPage","@id":"https:\/\/business.roovi.com\/fr\/tour-instable-avec-des-pieces-en-bois-jeu-dadresse\/p\/","url":"https:\/\/business.roovi.com\/fr\/tour-instable-avec-des-pieces-en-bois-jeu-dadresse\/p\/","name":"Tour instable avec des pi\u00e8ces en bois - Jeu d'adresse","isPartOf":{"@id":"https:\/\/business.roovi.com\/fr\/#website"},"datePublished":"2018-04-16T10:56:07+00:00","dateModified":"2022-07-13T10:50:42+00:00","description":"Tour instable avec des pi\u00e8ces en bois - Jeu d'adresse","breadcrumb":{"@id":"https:\/\/business.roovi.com\/fr\/tour-instable-avec-des-pieces-en-bois-jeu-dadresse\/p\/#breadcrumb"},"inLanguage":"fr-FR","potentialAction":[{"@type":"ReadAction","target":["https:\/\/business.roovi.com\/fr\/tour-instable-avec-des-pieces-en-bois-jeu-dadresse\/p\/"]}]},{"@type":"BreadcrumbList","@id":"https:\/\/business.roovi.com\/fr\/tour-instable-avec-des-pieces-en-bois-jeu-dadresse\/p\/#breadcrumb","itemListElement":[{"@type":"ListItem","position":1,"name":"Home","item":"https:\/\/business.roovi.com\/fr\/"},{"@type":"ListItem","position":2,"name":"Boutique","item":"https:\/\/business.roovi.com\/fr\/boutique\/"},{"@type":"ListItem","position":3,"name":"Tour instable avec des pi\u00e8ces en bois &#8211; Jeu d&#8217;adresse"}]},{"@type":"WebSite","@id":"https:\/\/business.roovi.com\/fr\/#website","url":"https:\/\/business.roovi.com\/fr\/","name":"Roovi B2B","description":"Roovi Business Website","potentialAction":[{"@type":"SearchAction","target":{"@type":"EntryPoint","urlTemplate":"https:\/\/business.roovi.com\/fr\/?s={search_term_string}"},"query-input":"required name=search_term_string"}],"inLanguage":"fr-FR"}]}},"_links":{"self":[{"href":"https:\/\/business.roovi.com\/fr\/wp-json\/wp\/v2\/product\/53961","targetHints":{"allow":["GET"]}}],"collection":[{"href":"https:\/\/business.roovi.com\/fr\/wp-json\/wp\/v2\/product"}],"about":[{"href":"https:\/\/business.roovi.com\/fr\/wp-json\/wp\/v2\/types\/product"}],"version-history":[{"count":0,"href":"https:\/\/business.roovi.com\/fr\/wp-json\/wp\/v2\/product\/53961\/revisions"}],"wp:featuredmedia":[{"embeddable":true,"href":"https:\/\/business.roovi.com\/fr\/wp-json\/wp\/v2\/media\/45102"}],"wp:attachment":[{"href":"https:\/\/business.roovi.com\/fr\/wp-json\/wp\/v2\/media?parent=53961"}],"wp:term":[{"taxonomy":"product_brand","embeddable":true,"href":"https:\/\/business.roovi.com\/fr\/wp-json\/wp\/v2\/product_brand?post=53961"},{"taxonomy":"product_cat","embeddable":true,"href":"https:\/\/business.roovi.com\/fr\/wp-json\/wp\/v2\/product_cat?post=53961"},{"taxonomy":"product_tag","embeddable":true,"href":"https:\/\/business.roovi.com\/fr\/wp-json\/wp\/v2\/product_tag?post=53961"}],"curies":[{"name":"wp","href":"https:\/\/api.w.org\/{rel}","templated":true}]}}