{"id":53967,"date":"2018-04-16T10:56:07","date_gmt":"2018-04-16T10:56:07","guid":{"rendered":"https:\/\/business.roovi.com\/joc-creativ-boozoo-animals-2\/p\/"},"modified":"2022-07-13T10:50:46","modified_gmt":"2022-07-13T10:50:46","slug":"jeu-boozoo-animals-jeu-creatif-de-modelage-danimaux-en-pate-a-modeler","status":"publish","type":"product","link":"https:\/\/business.roovi.com\/fr\/jeu-boozoo-animals-jeu-creatif-de-modelage-danimaux-en-pate-a-modeler\/p\/","title":{"rendered":"Jeu BooZoo Animals &#8211; Jeu cr\u00e9atif de modelage d&rsquo;animaux en p\u00e2te \u00e0 modeler"},"content":{"rendered":"<p>Mod\u00e9lise les animaux de BooZoo avec de la p\u00e2te \u00e0 modeler et des pi\u00e8ces en plastique de haute qualit\u00e9 ! Une bo\u00eete comprend des pi\u00e8ces en plastique pour fabriquer UN animal BooZoo et un jeu de p\u00e2te \u00e0 modeler (12 couleurs). Collectionne les 8 animaux BooZoo : ours, cerf, chiot, lapin, lion, girafe, z\u00e8bre et \u00e9l\u00e9phant.<\/p>\n","protected":false},"excerpt":{"rendered":"<p>Mod\u00e9lise les animaux de BooZoo avec de la p\u00e2te \u00e0 modeler et des pi\u00e8ces en plastique de haute qualit\u00e9 !<\/p>\n","protected":false},"featured_media":45110,"template":"","meta":[],"product_brand":[],"product_cat":[2321,2451],"product_tag":[],"class_list":{"0":"post-53967","1":"product","2":"type-product","3":"status-publish","4":"has-post-thumbnail","6":"product_cat-jeux-creatifs","7":"product_cat-mousse-a-modeler-et-pate-a-modeler","8":"pa_bax-24-fr","9":"pa_brand-d_toys-fr","10":"pa_country_of_manufacture-ro-fr","11":"pa_filter_age-3_5-fr","12":"pa_filter_age-5_7-fr","13":"pa_tip_ambalaj-boite","15":"first","16":"outofstock","17":"taxable","18":"shipping-taxable","19":"product-type-simple"},"yoast_head":"<!-- This site is optimized with the Yoast SEO plugin v20.1 - https:\/\/yoast.com\/wordpress\/plugins\/seo\/ -->\n<title>Jeu BooZoo Animals - Jeu cr\u00e9atif de modelage d&#039;animaux en p\u00e2te \u00e0 modeler<\/title>\n<meta name=\"description\" content=\"Jeu BooZoo Animals - Jeu cr\u00e9atif de modelage d&#039;animaux en p\u00e2te \u00e0 modeler\" \/>\n<meta name=\"robots\" content=\"index, follow, max-snippet:-1, max-image-preview:large, max-video-preview:-1\" \/>\n<link rel=\"canonical\" href=\"https:\/\/business.roovi.com\/fr\/jeu-boozoo-animals-jeu-creatif-de-modelage-danimaux-en-pate-a-modeler\/p\/\" \/>\n<meta property=\"og:locale\" content=\"fr_FR\" \/>\n<meta property=\"og:type\" content=\"article\" \/>\n<meta property=\"og:title\" content=\"Jeu BooZoo Animals - Jeu cr\u00e9atif de modelage d&#039;animaux en p\u00e2te \u00e0 modeler\" \/>\n<meta property=\"og:description\" content=\"Jeu BooZoo Animals - Jeu cr\u00e9atif de modelage d&#039;animaux en p\u00e2te \u00e0 modeler\" \/>\n<meta property=\"og:url\" content=\"https:\/\/business.roovi.com\/fr\/jeu-boozoo-animals-jeu-creatif-de-modelage-danimaux-en-pate-a-modeler\/p\/\" \/>\n<meta property=\"og:site_name\" content=\"Roovi B2B\" \/>\n<meta property=\"article:publisher\" content=\"https:\/\/www.facebook.com\/wwwjucariero\" \/>\n<meta property=\"article:modified_time\" content=\"2022-07-13T10:50:46+00:00\" \/>\n<meta property=\"og:image\" content=\"https:\/\/business.roovi.com\/wp-content\/uploads\/2018\/04\/68071_02_elo.jpg\" \/>\n\t<meta property=\"og:image:width\" content=\"1200\" \/>\n\t<meta property=\"og:image:height\" content=\"1200\" \/>\n\t<meta property=\"og:image:type\" content=\"image\/jpeg\" \/>\n<script type=\"application\/ld+json\" class=\"yoast-schema-graph\">{\"@context\":\"https:\/\/schema.org\",\"@graph\":[{\"@type\":\"WebPage\",\"@id\":\"https:\/\/business.roovi.com\/fr\/jeu-boozoo-animals-jeu-creatif-de-modelage-danimaux-en-pate-a-modeler\/p\/\",\"url\":\"https:\/\/business.roovi.com\/fr\/jeu-boozoo-animals-jeu-creatif-de-modelage-danimaux-en-pate-a-modeler\/p\/\",\"name\":\"Jeu BooZoo Animals - Jeu cr\u00e9atif de modelage d'animaux en p\u00e2te \u00e0 modeler\",\"isPartOf\":{\"@id\":\"https:\/\/business.roovi.com\/fr\/#website\"},\"datePublished\":\"2018-04-16T10:56:07+00:00\",\"dateModified\":\"2022-07-13T10:50:46+00:00\",\"description\":\"Jeu BooZoo Animals - Jeu cr\u00e9atif de modelage d'animaux en p\u00e2te \u00e0 modeler\",\"breadcrumb\":{\"@id\":\"https:\/\/business.roovi.com\/fr\/jeu-boozoo-animals-jeu-creatif-de-modelage-danimaux-en-pate-a-modeler\/p\/#breadcrumb\"},\"inLanguage\":\"fr-FR\",\"potentialAction\":[{\"@type\":\"ReadAction\",\"target\":[\"https:\/\/business.roovi.com\/fr\/jeu-boozoo-animals-jeu-creatif-de-modelage-danimaux-en-pate-a-modeler\/p\/\"]}]},{\"@type\":\"BreadcrumbList\",\"@id\":\"https:\/\/business.roovi.com\/fr\/jeu-boozoo-animals-jeu-creatif-de-modelage-danimaux-en-pate-a-modeler\/p\/#breadcrumb\",\"itemListElement\":[{\"@type\":\"ListItem\",\"position\":1,\"name\":\"Home\",\"item\":\"https:\/\/business.roovi.com\/fr\/\"},{\"@type\":\"ListItem\",\"position\":2,\"name\":\"Boutique\",\"item\":\"https:\/\/business.roovi.com\/fr\/boutique\/\"},{\"@type\":\"ListItem\",\"position\":3,\"name\":\"Jeu BooZoo Animals &#8211; Jeu cr\u00e9atif de modelage d&#8217;animaux en p\u00e2te \u00e0 modeler\"}]},{\"@type\":\"WebSite\",\"@id\":\"https:\/\/business.roovi.com\/fr\/#website\",\"url\":\"https:\/\/business.roovi.com\/fr\/\",\"name\":\"Roovi B2B\",\"description\":\"Roovi Business Website\",\"potentialAction\":[{\"@type\":\"SearchAction\",\"target\":{\"@type\":\"EntryPoint\",\"urlTemplate\":\"https:\/\/business.roovi.com\/fr\/?s={search_term_string}\"},\"query-input\":\"required name=search_term_string\"}],\"inLanguage\":\"fr-FR\"}]}<\/script>\n<!-- \/ Yoast SEO plugin. -->","yoast_head_json":{"title":"Jeu BooZoo Animals - Jeu cr\u00e9atif de modelage d'animaux en p\u00e2te \u00e0 modeler","description":"Jeu BooZoo Animals - Jeu cr\u00e9atif de modelage d'animaux en p\u00e2te \u00e0 modeler","robots":{"index":"index","follow":"follow","max-snippet":"max-snippet:-1","max-image-preview":"max-image-preview:large","max-video-preview":"max-video-preview:-1"},"canonical":"https:\/\/business.roovi.com\/fr\/jeu-boozoo-animals-jeu-creatif-de-modelage-danimaux-en-pate-a-modeler\/p\/","og_locale":"fr_FR","og_type":"article","og_title":"Jeu BooZoo Animals - Jeu cr\u00e9atif de modelage d'animaux en p\u00e2te \u00e0 modeler","og_description":"Jeu BooZoo Animals - Jeu cr\u00e9atif de modelage d'animaux en p\u00e2te \u00e0 modeler","og_url":"https:\/\/business.roovi.com\/fr\/jeu-boozoo-animals-jeu-creatif-de-modelage-danimaux-en-pate-a-modeler\/p\/","og_site_name":"Roovi B2B","article_publisher":"https:\/\/www.facebook.com\/wwwjucariero","article_modified_time":"2022-07-13T10:50:46+00:00","og_image":[{"width":1200,"height":1200,"url":"https:\/\/business.roovi.com\/wp-content\/uploads\/2018\/04\/68071_02_elo.jpg","type":"image\/jpeg"}],"schema":{"@context":"https:\/\/schema.org","@graph":[{"@type":"WebPage","@id":"https:\/\/business.roovi.com\/fr\/jeu-boozoo-animals-jeu-creatif-de-modelage-danimaux-en-pate-a-modeler\/p\/","url":"https:\/\/business.roovi.com\/fr\/jeu-boozoo-animals-jeu-creatif-de-modelage-danimaux-en-pate-a-modeler\/p\/","name":"Jeu BooZoo Animals - Jeu cr\u00e9atif de modelage d'animaux en p\u00e2te \u00e0 modeler","isPartOf":{"@id":"https:\/\/business.roovi.com\/fr\/#website"},"datePublished":"2018-04-16T10:56:07+00:00","dateModified":"2022-07-13T10:50:46+00:00","description":"Jeu BooZoo Animals - Jeu cr\u00e9atif de modelage d'animaux en p\u00e2te \u00e0 modeler","breadcrumb":{"@id":"https:\/\/business.roovi.com\/fr\/jeu-boozoo-animals-jeu-creatif-de-modelage-danimaux-en-pate-a-modeler\/p\/#breadcrumb"},"inLanguage":"fr-FR","potentialAction":[{"@type":"ReadAction","target":["https:\/\/business.roovi.com\/fr\/jeu-boozoo-animals-jeu-creatif-de-modelage-danimaux-en-pate-a-modeler\/p\/"]}]},{"@type":"BreadcrumbList","@id":"https:\/\/business.roovi.com\/fr\/jeu-boozoo-animals-jeu-creatif-de-modelage-danimaux-en-pate-a-modeler\/p\/#breadcrumb","itemListElement":[{"@type":"ListItem","position":1,"name":"Home","item":"https:\/\/business.roovi.com\/fr\/"},{"@type":"ListItem","position":2,"name":"Boutique","item":"https:\/\/business.roovi.com\/fr\/boutique\/"},{"@type":"ListItem","position":3,"name":"Jeu BooZoo Animals &#8211; Jeu cr\u00e9atif de modelage d&#8217;animaux en p\u00e2te \u00e0 modeler"}]},{"@type":"WebSite","@id":"https:\/\/business.roovi.com\/fr\/#website","url":"https:\/\/business.roovi.com\/fr\/","name":"Roovi B2B","description":"Roovi Business Website","potentialAction":[{"@type":"SearchAction","target":{"@type":"EntryPoint","urlTemplate":"https:\/\/business.roovi.com\/fr\/?s={search_term_string}"},"query-input":"required name=search_term_string"}],"inLanguage":"fr-FR"}]}},"_links":{"self":[{"href":"https:\/\/business.roovi.com\/fr\/wp-json\/wp\/v2\/product\/53967","targetHints":{"allow":["GET"]}}],"collection":[{"href":"https:\/\/business.roovi.com\/fr\/wp-json\/wp\/v2\/product"}],"about":[{"href":"https:\/\/business.roovi.com\/fr\/wp-json\/wp\/v2\/types\/product"}],"version-history":[{"count":0,"href":"https:\/\/business.roovi.com\/fr\/wp-json\/wp\/v2\/product\/53967\/revisions"}],"wp:featuredmedia":[{"embeddable":true,"href":"https:\/\/business.roovi.com\/fr\/wp-json\/wp\/v2\/media\/45110"}],"wp:attachment":[{"href":"https:\/\/business.roovi.com\/fr\/wp-json\/wp\/v2\/media?parent=53967"}],"wp:term":[{"taxonomy":"product_brand","embeddable":true,"href":"https:\/\/business.roovi.com\/fr\/wp-json\/wp\/v2\/product_brand?post=53967"},{"taxonomy":"product_cat","embeddable":true,"href":"https:\/\/business.roovi.com\/fr\/wp-json\/wp\/v2\/product_cat?post=53967"},{"taxonomy":"product_tag","embeddable":true,"href":"https:\/\/business.roovi.com\/fr\/wp-json\/wp\/v2\/product_tag?post=53967"}],"curies":[{"name":"wp","href":"https:\/\/api.w.org\/{rel}","templated":true}]}}