{"id":54009,"date":"2018-04-16T10:56:07","date_gmt":"2018-04-16T10:56:07","guid":{"rendered":"https:\/\/business.roovi.com\/set-de-creatie-animale-din-margele-2\/p\/"},"modified":"2022-07-13T10:51:08","modified_gmt":"2022-07-13T10:51:08","slug":"set-de-creation-bead-animals-2","status":"publish","type":"product","link":"https:\/\/business.roovi.com\/fr\/set-de-creation-bead-animals-2\/p\/","title":{"rendered":"Set de cr\u00e9ation &#8211; Bead Animals"},"content":{"rendered":"<p>Cr\u00e9e tes propres figures en perles. Ce set contient de nombreuses perles et du fil de remplissage pour r\u00e9aliser une araign\u00e9e, un crocodile ou un serpent. Il suffit de suivre nos instructions et tu vas t&rsquo;amuser pendant des heures.<\/p>\n<p><\/p>\n<p><\/p>\n<p><em>Contient :<\/em><\/p>\n<p><\/p>\n<ul><\/p>\n<li><\/li>\n<p><\/p>\n<li>fil fil\u00e9<\/li>\n<p><\/p>\n<li>instructions<\/li>\n<p><\/ul>\n<p><\/p>\n<p><\/p>\n<p>Tu peux fabriquer : une araign\u00e9e, un serpent et un crocodile.<\/p>\n<p><\/p>\n<p>Dur\u00e9e de l&rsquo;activit\u00e9 : 3-5 heures.<\/p>\n","protected":false},"excerpt":{"rendered":"<p>Cr\u00e9e tes propres figures en perles. Ce set contient de nombreuses perles et du fil de remplissage pour r\u00e9aliser une<\/p>\n","protected":false},"featured_media":45134,"template":"","meta":[],"product_brand":[],"product_cat":[2321,2396],"product_tag":[],"class_list":{"0":"post-54009","1":"product","2":"type-product","3":"status-publish","4":"has-post-thumbnail","6":"product_cat-jeux-creatifs","7":"product_cat-jeux-de-creation","8":"pa_brand-totum-fr","9":"pa_filter_age-3_5-fr","10":"pa_filter_age-5_7-fr","11":"pa_filter_age-7_9-fr","12":"pa_tip_ambalaj-boite-a5","14":"first","15":"instock","16":"taxable","17":"shipping-taxable","18":"product-type-simple"},"yoast_head":"<!-- This site is optimized with the Yoast SEO plugin v20.1 - https:\/\/yoast.com\/wordpress\/plugins\/seo\/ -->\n<title>Set de cr\u00e9ation - Bead Animals<\/title>\n<meta name=\"description\" content=\"Set de cr\u00e9ation - Bead Animals\" \/>\n<meta name=\"robots\" content=\"index, follow, max-snippet:-1, max-image-preview:large, max-video-preview:-1\" \/>\n<link rel=\"canonical\" href=\"https:\/\/business.roovi.com\/fr\/set-de-creation-bead-animals-2\/p\/\" \/>\n<meta property=\"og:locale\" content=\"fr_FR\" \/>\n<meta property=\"og:type\" content=\"article\" \/>\n<meta property=\"og:title\" content=\"Set de cr\u00e9ation - Bead Animals\" \/>\n<meta property=\"og:description\" content=\"Set de cr\u00e9ation - Bead Animals\" \/>\n<meta property=\"og:url\" content=\"https:\/\/business.roovi.com\/fr\/set-de-creation-bead-animals-2\/p\/\" \/>\n<meta property=\"og:site_name\" content=\"Roovi B2B\" \/>\n<meta property=\"article:publisher\" content=\"https:\/\/www.facebook.com\/wwwjucariero\" \/>\n<meta property=\"article:modified_time\" content=\"2022-07-13T10:51:08+00:00\" \/>\n<meta property=\"og:image\" content=\"https:\/\/business.roovi.com\/wp-content\/uploads\/2018\/04\/029446_jungle.jpg\" \/>\n\t<meta property=\"og:image:width\" content=\"565\" \/>\n\t<meta property=\"og:image:height\" content=\"800\" \/>\n\t<meta property=\"og:image:type\" content=\"image\/jpeg\" \/>\n<script type=\"application\/ld+json\" class=\"yoast-schema-graph\">{\"@context\":\"https:\/\/schema.org\",\"@graph\":[{\"@type\":\"WebPage\",\"@id\":\"https:\/\/business.roovi.com\/fr\/set-de-creation-bead-animals-2\/p\/\",\"url\":\"https:\/\/business.roovi.com\/fr\/set-de-creation-bead-animals-2\/p\/\",\"name\":\"Set de cr\u00e9ation - Bead Animals\",\"isPartOf\":{\"@id\":\"https:\/\/business.roovi.com\/fr\/#website\"},\"datePublished\":\"2018-04-16T10:56:07+00:00\",\"dateModified\":\"2022-07-13T10:51:08+00:00\",\"description\":\"Set de cr\u00e9ation - Bead Animals\",\"breadcrumb\":{\"@id\":\"https:\/\/business.roovi.com\/fr\/set-de-creation-bead-animals-2\/p\/#breadcrumb\"},\"inLanguage\":\"fr-FR\",\"potentialAction\":[{\"@type\":\"ReadAction\",\"target\":[\"https:\/\/business.roovi.com\/fr\/set-de-creation-bead-animals-2\/p\/\"]}]},{\"@type\":\"BreadcrumbList\",\"@id\":\"https:\/\/business.roovi.com\/fr\/set-de-creation-bead-animals-2\/p\/#breadcrumb\",\"itemListElement\":[{\"@type\":\"ListItem\",\"position\":1,\"name\":\"Home\",\"item\":\"https:\/\/business.roovi.com\/fr\/\"},{\"@type\":\"ListItem\",\"position\":2,\"name\":\"Boutique\",\"item\":\"https:\/\/business.roovi.com\/fr\/boutique\/\"},{\"@type\":\"ListItem\",\"position\":3,\"name\":\"Set de cr\u00e9ation &#8211; Bead Animals\"}]},{\"@type\":\"WebSite\",\"@id\":\"https:\/\/business.roovi.com\/fr\/#website\",\"url\":\"https:\/\/business.roovi.com\/fr\/\",\"name\":\"Roovi B2B\",\"description\":\"Roovi Business Website\",\"potentialAction\":[{\"@type\":\"SearchAction\",\"target\":{\"@type\":\"EntryPoint\",\"urlTemplate\":\"https:\/\/business.roovi.com\/fr\/?s={search_term_string}\"},\"query-input\":\"required name=search_term_string\"}],\"inLanguage\":\"fr-FR\"}]}<\/script>\n<!-- \/ Yoast SEO plugin. -->","yoast_head_json":{"title":"Set de cr\u00e9ation - Bead Animals","description":"Set de cr\u00e9ation - Bead Animals","robots":{"index":"index","follow":"follow","max-snippet":"max-snippet:-1","max-image-preview":"max-image-preview:large","max-video-preview":"max-video-preview:-1"},"canonical":"https:\/\/business.roovi.com\/fr\/set-de-creation-bead-animals-2\/p\/","og_locale":"fr_FR","og_type":"article","og_title":"Set de cr\u00e9ation - Bead Animals","og_description":"Set de cr\u00e9ation - Bead Animals","og_url":"https:\/\/business.roovi.com\/fr\/set-de-creation-bead-animals-2\/p\/","og_site_name":"Roovi B2B","article_publisher":"https:\/\/www.facebook.com\/wwwjucariero","article_modified_time":"2022-07-13T10:51:08+00:00","og_image":[{"width":565,"height":800,"url":"https:\/\/business.roovi.com\/wp-content\/uploads\/2018\/04\/029446_jungle.jpg","type":"image\/jpeg"}],"schema":{"@context":"https:\/\/schema.org","@graph":[{"@type":"WebPage","@id":"https:\/\/business.roovi.com\/fr\/set-de-creation-bead-animals-2\/p\/","url":"https:\/\/business.roovi.com\/fr\/set-de-creation-bead-animals-2\/p\/","name":"Set de cr\u00e9ation - Bead Animals","isPartOf":{"@id":"https:\/\/business.roovi.com\/fr\/#website"},"datePublished":"2018-04-16T10:56:07+00:00","dateModified":"2022-07-13T10:51:08+00:00","description":"Set de cr\u00e9ation - Bead Animals","breadcrumb":{"@id":"https:\/\/business.roovi.com\/fr\/set-de-creation-bead-animals-2\/p\/#breadcrumb"},"inLanguage":"fr-FR","potentialAction":[{"@type":"ReadAction","target":["https:\/\/business.roovi.com\/fr\/set-de-creation-bead-animals-2\/p\/"]}]},{"@type":"BreadcrumbList","@id":"https:\/\/business.roovi.com\/fr\/set-de-creation-bead-animals-2\/p\/#breadcrumb","itemListElement":[{"@type":"ListItem","position":1,"name":"Home","item":"https:\/\/business.roovi.com\/fr\/"},{"@type":"ListItem","position":2,"name":"Boutique","item":"https:\/\/business.roovi.com\/fr\/boutique\/"},{"@type":"ListItem","position":3,"name":"Set de cr\u00e9ation &#8211; Bead Animals"}]},{"@type":"WebSite","@id":"https:\/\/business.roovi.com\/fr\/#website","url":"https:\/\/business.roovi.com\/fr\/","name":"Roovi B2B","description":"Roovi Business Website","potentialAction":[{"@type":"SearchAction","target":{"@type":"EntryPoint","urlTemplate":"https:\/\/business.roovi.com\/fr\/?s={search_term_string}"},"query-input":"required name=search_term_string"}],"inLanguage":"fr-FR"}]}},"_links":{"self":[{"href":"https:\/\/business.roovi.com\/fr\/wp-json\/wp\/v2\/product\/54009","targetHints":{"allow":["GET"]}}],"collection":[{"href":"https:\/\/business.roovi.com\/fr\/wp-json\/wp\/v2\/product"}],"about":[{"href":"https:\/\/business.roovi.com\/fr\/wp-json\/wp\/v2\/types\/product"}],"version-history":[{"count":0,"href":"https:\/\/business.roovi.com\/fr\/wp-json\/wp\/v2\/product\/54009\/revisions"}],"wp:featuredmedia":[{"embeddable":true,"href":"https:\/\/business.roovi.com\/fr\/wp-json\/wp\/v2\/media\/45134"}],"wp:attachment":[{"href":"https:\/\/business.roovi.com\/fr\/wp-json\/wp\/v2\/media?parent=54009"}],"wp:term":[{"taxonomy":"product_brand","embeddable":true,"href":"https:\/\/business.roovi.com\/fr\/wp-json\/wp\/v2\/product_brand?post=54009"},{"taxonomy":"product_cat","embeddable":true,"href":"https:\/\/business.roovi.com\/fr\/wp-json\/wp\/v2\/product_cat?post=54009"},{"taxonomy":"product_tag","embeddable":true,"href":"https:\/\/business.roovi.com\/fr\/wp-json\/wp\/v2\/product_tag?post=54009"}],"curies":[{"name":"wp","href":"https:\/\/api.w.org\/{rel}","templated":true}]}}