{"id":54014,"date":"2018-04-16T10:56:07","date_gmt":"2018-04-16T10:56:07","guid":{"rendered":"https:\/\/business.roovi.com\/set-creatie-autocolant\/p\/"},"modified":"2022-07-13T10:51:10","modified_gmt":"2022-07-13T10:51:10","slug":"set-de-creation-sticker","status":"publish","type":"product","link":"https:\/\/business.roovi.com\/fr\/set-de-creation-sticker\/p\/","title":{"rendered":"Set de cr\u00e9ation &#8211; Sticker"},"content":{"rendered":"<p>Cr\u00e9e tes propres autocollants de football. Trace un motif avec le marqueur noir, puis colorie le motif avec les autocollants. Plusieurs mod\u00e8les d&rsquo;autocollants sont inclus dans le set. Colle les motifs des autocollants sur les fen\u00eatres, les v\u00eatements ou les lunettes et d\u00e9core ta chambre comme un vrai supporter. Les petits footballeurs peuvent maintenant profiter de nombreuses id\u00e9es cr\u00e9atives.<\/p>\n<p><\/p>\n<p><\/p>\n<p><em>Contient :<\/em><\/p>\n<p><\/p>\n<ul><\/p>\n<li>5 tubes d&rsquo;autocollants<\/li>\n<p><\/p>\n<li>1 marqueur noir pour les bords<\/li>\n<p><\/p>\n<li>feuille transparente<\/li>\n<p><\/p>\n<li>instructions<\/li>\n<p><\/ul>\n<p><\/p>\n<p><\/p>\n<p>Il est possible de fabriquer environ 10 autocollants.<\/p>\n<p><\/p>\n<p>Dur\u00e9e d&rsquo;activit\u00e9 : 3-6 heures (temps de s\u00e9chage non compris).<\/p>\n<p><\/p>\n","protected":false},"excerpt":{"rendered":"<p>Cr\u00e9e tes propres autocollants de football. Trace un motif avec le marqueur noir, puis colorie le motif avec les autocollants.<\/p>\n","protected":false},"featured_media":45135,"template":"","meta":[],"product_brand":[],"product_cat":[2321,2396],"product_tag":[],"class_list":{"0":"post-54014","1":"product","2":"type-product","3":"status-publish","4":"has-post-thumbnail","6":"product_cat-jeux-creatifs","7":"product_cat-jeux-de-creation","8":"pa_brand-totum-fr","9":"pa_filter_age-3_5-fr","10":"pa_filter_age-5_7-fr","11":"pa_tip_ambalaj-boite-a5","13":"first","14":"instock","15":"taxable","16":"shipping-taxable","17":"product-type-simple"},"yoast_head":"<!-- This site is optimized with the Yoast SEO plugin v20.1 - https:\/\/yoast.com\/wordpress\/plugins\/seo\/ -->\n<title>Set de cr\u00e9ation - Sticker<\/title>\n<meta name=\"description\" content=\"Set de cr\u00e9ation - Sticker\" \/>\n<meta name=\"robots\" content=\"index, follow, max-snippet:-1, max-image-preview:large, max-video-preview:-1\" \/>\n<link rel=\"canonical\" href=\"https:\/\/business.roovi.com\/fr\/set-de-creation-sticker\/p\/\" \/>\n<meta property=\"og:locale\" content=\"fr_FR\" \/>\n<meta property=\"og:type\" content=\"article\" \/>\n<meta property=\"og:title\" content=\"Set de cr\u00e9ation - Sticker\" \/>\n<meta property=\"og:description\" content=\"Set de cr\u00e9ation - Sticker\" \/>\n<meta property=\"og:url\" content=\"https:\/\/business.roovi.com\/fr\/set-de-creation-sticker\/p\/\" \/>\n<meta property=\"og:site_name\" content=\"Roovi B2B\" \/>\n<meta property=\"article:publisher\" content=\"https:\/\/www.facebook.com\/wwwjucariero\" \/>\n<meta property=\"article:modified_time\" content=\"2022-07-13T10:51:10+00:00\" \/>\n<meta property=\"og:image\" content=\"https:\/\/business.roovi.com\/wp-content\/uploads\/2018\/04\/029453_goal.jpg\" \/>\n\t<meta property=\"og:image:width\" content=\"800\" \/>\n\t<meta property=\"og:image:height\" content=\"794\" \/>\n\t<meta property=\"og:image:type\" content=\"image\/jpeg\" \/>\n<script type=\"application\/ld+json\" class=\"yoast-schema-graph\">{\"@context\":\"https:\/\/schema.org\",\"@graph\":[{\"@type\":\"WebPage\",\"@id\":\"https:\/\/business.roovi.com\/fr\/set-de-creation-sticker\/p\/\",\"url\":\"https:\/\/business.roovi.com\/fr\/set-de-creation-sticker\/p\/\",\"name\":\"Set de cr\u00e9ation - Sticker\",\"isPartOf\":{\"@id\":\"https:\/\/business.roovi.com\/fr\/#website\"},\"datePublished\":\"2018-04-16T10:56:07+00:00\",\"dateModified\":\"2022-07-13T10:51:10+00:00\",\"description\":\"Set de cr\u00e9ation - Sticker\",\"breadcrumb\":{\"@id\":\"https:\/\/business.roovi.com\/fr\/set-de-creation-sticker\/p\/#breadcrumb\"},\"inLanguage\":\"fr-FR\",\"potentialAction\":[{\"@type\":\"ReadAction\",\"target\":[\"https:\/\/business.roovi.com\/fr\/set-de-creation-sticker\/p\/\"]}]},{\"@type\":\"BreadcrumbList\",\"@id\":\"https:\/\/business.roovi.com\/fr\/set-de-creation-sticker\/p\/#breadcrumb\",\"itemListElement\":[{\"@type\":\"ListItem\",\"position\":1,\"name\":\"Home\",\"item\":\"https:\/\/business.roovi.com\/fr\/\"},{\"@type\":\"ListItem\",\"position\":2,\"name\":\"Boutique\",\"item\":\"https:\/\/business.roovi.com\/fr\/boutique\/\"},{\"@type\":\"ListItem\",\"position\":3,\"name\":\"Set de cr\u00e9ation &#8211; Sticker\"}]},{\"@type\":\"WebSite\",\"@id\":\"https:\/\/business.roovi.com\/fr\/#website\",\"url\":\"https:\/\/business.roovi.com\/fr\/\",\"name\":\"Roovi B2B\",\"description\":\"Roovi Business Website\",\"potentialAction\":[{\"@type\":\"SearchAction\",\"target\":{\"@type\":\"EntryPoint\",\"urlTemplate\":\"https:\/\/business.roovi.com\/fr\/?s={search_term_string}\"},\"query-input\":\"required name=search_term_string\"}],\"inLanguage\":\"fr-FR\"}]}<\/script>\n<!-- \/ Yoast SEO plugin. -->","yoast_head_json":{"title":"Set de cr\u00e9ation - Sticker","description":"Set de cr\u00e9ation - Sticker","robots":{"index":"index","follow":"follow","max-snippet":"max-snippet:-1","max-image-preview":"max-image-preview:large","max-video-preview":"max-video-preview:-1"},"canonical":"https:\/\/business.roovi.com\/fr\/set-de-creation-sticker\/p\/","og_locale":"fr_FR","og_type":"article","og_title":"Set de cr\u00e9ation - Sticker","og_description":"Set de cr\u00e9ation - Sticker","og_url":"https:\/\/business.roovi.com\/fr\/set-de-creation-sticker\/p\/","og_site_name":"Roovi B2B","article_publisher":"https:\/\/www.facebook.com\/wwwjucariero","article_modified_time":"2022-07-13T10:51:10+00:00","og_image":[{"width":800,"height":794,"url":"https:\/\/business.roovi.com\/wp-content\/uploads\/2018\/04\/029453_goal.jpg","type":"image\/jpeg"}],"schema":{"@context":"https:\/\/schema.org","@graph":[{"@type":"WebPage","@id":"https:\/\/business.roovi.com\/fr\/set-de-creation-sticker\/p\/","url":"https:\/\/business.roovi.com\/fr\/set-de-creation-sticker\/p\/","name":"Set de cr\u00e9ation - Sticker","isPartOf":{"@id":"https:\/\/business.roovi.com\/fr\/#website"},"datePublished":"2018-04-16T10:56:07+00:00","dateModified":"2022-07-13T10:51:10+00:00","description":"Set de cr\u00e9ation - Sticker","breadcrumb":{"@id":"https:\/\/business.roovi.com\/fr\/set-de-creation-sticker\/p\/#breadcrumb"},"inLanguage":"fr-FR","potentialAction":[{"@type":"ReadAction","target":["https:\/\/business.roovi.com\/fr\/set-de-creation-sticker\/p\/"]}]},{"@type":"BreadcrumbList","@id":"https:\/\/business.roovi.com\/fr\/set-de-creation-sticker\/p\/#breadcrumb","itemListElement":[{"@type":"ListItem","position":1,"name":"Home","item":"https:\/\/business.roovi.com\/fr\/"},{"@type":"ListItem","position":2,"name":"Boutique","item":"https:\/\/business.roovi.com\/fr\/boutique\/"},{"@type":"ListItem","position":3,"name":"Set de cr\u00e9ation &#8211; Sticker"}]},{"@type":"WebSite","@id":"https:\/\/business.roovi.com\/fr\/#website","url":"https:\/\/business.roovi.com\/fr\/","name":"Roovi B2B","description":"Roovi Business Website","potentialAction":[{"@type":"SearchAction","target":{"@type":"EntryPoint","urlTemplate":"https:\/\/business.roovi.com\/fr\/?s={search_term_string}"},"query-input":"required name=search_term_string"}],"inLanguage":"fr-FR"}]}},"_links":{"self":[{"href":"https:\/\/business.roovi.com\/fr\/wp-json\/wp\/v2\/product\/54014","targetHints":{"allow":["GET"]}}],"collection":[{"href":"https:\/\/business.roovi.com\/fr\/wp-json\/wp\/v2\/product"}],"about":[{"href":"https:\/\/business.roovi.com\/fr\/wp-json\/wp\/v2\/types\/product"}],"version-history":[{"count":0,"href":"https:\/\/business.roovi.com\/fr\/wp-json\/wp\/v2\/product\/54014\/revisions"}],"wp:featuredmedia":[{"embeddable":true,"href":"https:\/\/business.roovi.com\/fr\/wp-json\/wp\/v2\/media\/45135"}],"wp:attachment":[{"href":"https:\/\/business.roovi.com\/fr\/wp-json\/wp\/v2\/media?parent=54014"}],"wp:term":[{"taxonomy":"product_brand","embeddable":true,"href":"https:\/\/business.roovi.com\/fr\/wp-json\/wp\/v2\/product_brand?post=54014"},{"taxonomy":"product_cat","embeddable":true,"href":"https:\/\/business.roovi.com\/fr\/wp-json\/wp\/v2\/product_cat?post=54014"},{"taxonomy":"product_tag","embeddable":true,"href":"https:\/\/business.roovi.com\/fr\/wp-json\/wp\/v2\/product_tag?post=54014"}],"curies":[{"name":"wp","href":"https:\/\/api.w.org\/{rel}","templated":true}]}}