{"id":54063,"date":"2018-04-16T10:56:07","date_gmt":"2018-04-16T10:56:07","guid":{"rendered":"https:\/\/business.roovi.com\/set-confectionat-medalioane-diferite-forme-aloha\/p\/"},"modified":"2022-07-13T10:51:33","modified_gmt":"2022-07-13T10:51:33","slug":"made-set-medaillons-en-forme-daloha-2","status":"publish","type":"product","link":"https:\/\/business.roovi.com\/fr\/made-set-medaillons-en-forme-daloha-2\/p\/","title":{"rendered":"Made Set &#8211; M\u00e9daillons en forme d&rsquo;Aloha !"},"content":{"rendered":"<p>Cr\u00e9e tes propres accessoires de fleurs. Ce joli set t&rsquo;offre un large \u00e9ventail de couleurs et de motifs pour r\u00e9aliser de superbes bracelets, bracelets et barrettes \u00e0 cheveux qui conviendront \u00e0 tout le monde. De jolies fleurs en tissu accentuent la beaut\u00e9 de tes accessoires.<\/p>\n<p><\/p>\n<p><\/p>\n<p><em>Contient<\/em>:<\/p>\n<p><\/p>\n<ul><\/p>\n<li>m\u00e9daillon en forme de fleur<\/li>\n<p><\/p>\n<li>fleurs textiles<\/li>\n<p><\/p>\n<li><\/li>\n<p><\/p>\n<li>perles en plastique assorties<\/li>\n<p><\/p>\n<li>4 types de rubans<\/li>\n<p><\/p>\n<li>ruban de satin<\/li>\n<p><\/p>\n<li>2 \u00e9pingles \u00e0 cheveux<\/li>\n<p><\/p>\n<li>fermoirs<\/li>\n<p><\/p>\n<li>instructions<\/li>\n<p><\/ul>\n<p><\/p>\n<p><\/p>\n<p>Tu peux faire : 2 pinces \u00e0 cheveux, environ 2 m\u00e9daillons et environ 3 bracelets.<\/p>\n<p><\/p>\n<p>Dur\u00e9e de l&rsquo;activit\u00e9 : 4-8 heures.<\/p>\n","protected":false},"excerpt":{"rendered":"<p>Cr\u00e9e tes propres accessoires de fleurs. Ce joli set t&rsquo;offre un large \u00e9ventail de couleurs et de motifs pour r\u00e9aliser<\/p>\n","protected":false},"featured_media":45153,"template":"","meta":[],"product_brand":[],"product_cat":[2321,2396],"product_tag":[],"class_list":{"0":"post-54063","1":"product","2":"type-product","3":"status-publish","4":"has-post-thumbnail","6":"product_cat-jeux-creatifs","7":"product_cat-jeux-de-creation","8":"pa_brand-totum-fr","9":"pa_filter_age-3_5-fr","10":"pa_filter_age-5_7-fr","11":"pa_tip_ambalaj-boite-a4","13":"first","14":"instock","15":"taxable","16":"shipping-taxable","17":"product-type-simple"},"yoast_head":"<!-- This site is optimized with the Yoast SEO plugin v20.1 - https:\/\/yoast.com\/wordpress\/plugins\/seo\/ -->\n<title>Made Set - M\u00e9daillons en forme d&#039;Aloha !<\/title>\n<meta name=\"description\" content=\"Made Set - M\u00e9daillons en forme d&#039;Aloha !\" \/>\n<meta name=\"robots\" content=\"index, follow, max-snippet:-1, max-image-preview:large, max-video-preview:-1\" \/>\n<link rel=\"canonical\" href=\"https:\/\/business.roovi.com\/fr\/made-set-medaillons-en-forme-daloha-2\/p\/\" \/>\n<meta property=\"og:locale\" content=\"fr_FR\" \/>\n<meta property=\"og:type\" content=\"article\" \/>\n<meta property=\"og:title\" content=\"Made Set - M\u00e9daillons en forme d&#039;Aloha !\" \/>\n<meta property=\"og:description\" content=\"Made Set - M\u00e9daillons en forme d&#039;Aloha !\" \/>\n<meta property=\"og:url\" content=\"https:\/\/business.roovi.com\/fr\/made-set-medaillons-en-forme-daloha-2\/p\/\" \/>\n<meta property=\"og:site_name\" content=\"Roovi B2B\" \/>\n<meta property=\"article:publisher\" content=\"https:\/\/www.facebook.com\/wwwjucariero\" \/>\n<meta property=\"article:modified_time\" content=\"2022-07-13T10:51:33+00:00\" \/>\n<meta property=\"og:image\" content=\"https:\/\/business.roovi.com\/wp-content\/uploads\/2018\/04\/020559_aloha.jpg\" \/>\n\t<meta property=\"og:image:width\" content=\"657\" \/>\n\t<meta property=\"og:image:height\" content=\"800\" \/>\n\t<meta property=\"og:image:type\" content=\"image\/jpeg\" \/>\n<script type=\"application\/ld+json\" class=\"yoast-schema-graph\">{\"@context\":\"https:\/\/schema.org\",\"@graph\":[{\"@type\":\"WebPage\",\"@id\":\"https:\/\/business.roovi.com\/fr\/made-set-medaillons-en-forme-daloha-2\/p\/\",\"url\":\"https:\/\/business.roovi.com\/fr\/made-set-medaillons-en-forme-daloha-2\/p\/\",\"name\":\"Made Set - M\u00e9daillons en forme d'Aloha !\",\"isPartOf\":{\"@id\":\"https:\/\/business.roovi.com\/fr\/#website\"},\"datePublished\":\"2018-04-16T10:56:07+00:00\",\"dateModified\":\"2022-07-13T10:51:33+00:00\",\"description\":\"Made Set - M\u00e9daillons en forme d'Aloha !\",\"breadcrumb\":{\"@id\":\"https:\/\/business.roovi.com\/fr\/made-set-medaillons-en-forme-daloha-2\/p\/#breadcrumb\"},\"inLanguage\":\"fr-FR\",\"potentialAction\":[{\"@type\":\"ReadAction\",\"target\":[\"https:\/\/business.roovi.com\/fr\/made-set-medaillons-en-forme-daloha-2\/p\/\"]}]},{\"@type\":\"BreadcrumbList\",\"@id\":\"https:\/\/business.roovi.com\/fr\/made-set-medaillons-en-forme-daloha-2\/p\/#breadcrumb\",\"itemListElement\":[{\"@type\":\"ListItem\",\"position\":1,\"name\":\"Home\",\"item\":\"https:\/\/business.roovi.com\/fr\/\"},{\"@type\":\"ListItem\",\"position\":2,\"name\":\"Boutique\",\"item\":\"https:\/\/business.roovi.com\/fr\/boutique\/\"},{\"@type\":\"ListItem\",\"position\":3,\"name\":\"Made Set &#8211; M\u00e9daillons en forme d&#8217;Aloha !\"}]},{\"@type\":\"WebSite\",\"@id\":\"https:\/\/business.roovi.com\/fr\/#website\",\"url\":\"https:\/\/business.roovi.com\/fr\/\",\"name\":\"Roovi B2B\",\"description\":\"Roovi Business Website\",\"potentialAction\":[{\"@type\":\"SearchAction\",\"target\":{\"@type\":\"EntryPoint\",\"urlTemplate\":\"https:\/\/business.roovi.com\/fr\/?s={search_term_string}\"},\"query-input\":\"required name=search_term_string\"}],\"inLanguage\":\"fr-FR\"}]}<\/script>\n<!-- \/ Yoast SEO plugin. -->","yoast_head_json":{"title":"Made Set - M\u00e9daillons en forme d'Aloha !","description":"Made Set - M\u00e9daillons en forme d'Aloha !","robots":{"index":"index","follow":"follow","max-snippet":"max-snippet:-1","max-image-preview":"max-image-preview:large","max-video-preview":"max-video-preview:-1"},"canonical":"https:\/\/business.roovi.com\/fr\/made-set-medaillons-en-forme-daloha-2\/p\/","og_locale":"fr_FR","og_type":"article","og_title":"Made Set - M\u00e9daillons en forme d'Aloha !","og_description":"Made Set - M\u00e9daillons en forme d'Aloha !","og_url":"https:\/\/business.roovi.com\/fr\/made-set-medaillons-en-forme-daloha-2\/p\/","og_site_name":"Roovi B2B","article_publisher":"https:\/\/www.facebook.com\/wwwjucariero","article_modified_time":"2022-07-13T10:51:33+00:00","og_image":[{"width":657,"height":800,"url":"https:\/\/business.roovi.com\/wp-content\/uploads\/2018\/04\/020559_aloha.jpg","type":"image\/jpeg"}],"schema":{"@context":"https:\/\/schema.org","@graph":[{"@type":"WebPage","@id":"https:\/\/business.roovi.com\/fr\/made-set-medaillons-en-forme-daloha-2\/p\/","url":"https:\/\/business.roovi.com\/fr\/made-set-medaillons-en-forme-daloha-2\/p\/","name":"Made Set - M\u00e9daillons en forme d'Aloha !","isPartOf":{"@id":"https:\/\/business.roovi.com\/fr\/#website"},"datePublished":"2018-04-16T10:56:07+00:00","dateModified":"2022-07-13T10:51:33+00:00","description":"Made Set - M\u00e9daillons en forme d'Aloha !","breadcrumb":{"@id":"https:\/\/business.roovi.com\/fr\/made-set-medaillons-en-forme-daloha-2\/p\/#breadcrumb"},"inLanguage":"fr-FR","potentialAction":[{"@type":"ReadAction","target":["https:\/\/business.roovi.com\/fr\/made-set-medaillons-en-forme-daloha-2\/p\/"]}]},{"@type":"BreadcrumbList","@id":"https:\/\/business.roovi.com\/fr\/made-set-medaillons-en-forme-daloha-2\/p\/#breadcrumb","itemListElement":[{"@type":"ListItem","position":1,"name":"Home","item":"https:\/\/business.roovi.com\/fr\/"},{"@type":"ListItem","position":2,"name":"Boutique","item":"https:\/\/business.roovi.com\/fr\/boutique\/"},{"@type":"ListItem","position":3,"name":"Made Set &#8211; M\u00e9daillons en forme d&#8217;Aloha !"}]},{"@type":"WebSite","@id":"https:\/\/business.roovi.com\/fr\/#website","url":"https:\/\/business.roovi.com\/fr\/","name":"Roovi B2B","description":"Roovi Business Website","potentialAction":[{"@type":"SearchAction","target":{"@type":"EntryPoint","urlTemplate":"https:\/\/business.roovi.com\/fr\/?s={search_term_string}"},"query-input":"required name=search_term_string"}],"inLanguage":"fr-FR"}]}},"_links":{"self":[{"href":"https:\/\/business.roovi.com\/fr\/wp-json\/wp\/v2\/product\/54063","targetHints":{"allow":["GET"]}}],"collection":[{"href":"https:\/\/business.roovi.com\/fr\/wp-json\/wp\/v2\/product"}],"about":[{"href":"https:\/\/business.roovi.com\/fr\/wp-json\/wp\/v2\/types\/product"}],"version-history":[{"count":0,"href":"https:\/\/business.roovi.com\/fr\/wp-json\/wp\/v2\/product\/54063\/revisions"}],"wp:featuredmedia":[{"embeddable":true,"href":"https:\/\/business.roovi.com\/fr\/wp-json\/wp\/v2\/media\/45153"}],"wp:attachment":[{"href":"https:\/\/business.roovi.com\/fr\/wp-json\/wp\/v2\/media?parent=54063"}],"wp:term":[{"taxonomy":"product_brand","embeddable":true,"href":"https:\/\/business.roovi.com\/fr\/wp-json\/wp\/v2\/product_brand?post=54063"},{"taxonomy":"product_cat","embeddable":true,"href":"https:\/\/business.roovi.com\/fr\/wp-json\/wp\/v2\/product_cat?post=54063"},{"taxonomy":"product_tag","embeddable":true,"href":"https:\/\/business.roovi.com\/fr\/wp-json\/wp\/v2\/product_tag?post=54063"}],"curies":[{"name":"wp","href":"https:\/\/api.w.org\/{rel}","templated":true}]}}