{"id":54064,"date":"2018-04-16T10:56:07","date_gmt":"2018-04-16T10:56:07","guid":{"rendered":"https:\/\/business.roovi.com\/set-de-tricotat-forme-maimuta-chimpy\/p\/"},"modified":"2022-07-13T10:51:34","modified_gmt":"2022-07-13T10:51:34","slug":"set-a-tricoter-en-forme-de-singe-chimpy","status":"publish","type":"product","link":"https:\/\/business.roovi.com\/fr\/set-a-tricoter-en-forme-de-singe-chimpy\/p\/","title":{"rendered":"Set \u00e0 tricoter en forme de singe Chimpy"},"content":{"rendered":"<p>Tricote ton propre singe mignon. Suis les instructions et apprends \u00e0 tricoter ! Tricote chaque partie s\u00e9par\u00e9ment, puis couds-les ensemble et tu auras un magnifique singe ! En ajoutant des perles et du ruban, tu obtiendras un singe au style unique.<\/p>\n<p><\/p>\n<p><\/p>\n<p><em>Contient :<\/em><\/p>\n<p><\/p>\n<ul><\/p>\n<li>2 aigu aigu aiguilles \u00e0 tr tr tr trer en bois<\/li>\n<p><\/p>\n<li>fil de laine de diff\u00e9rentes couleurs<\/li>\n<p><\/p>\n<li>mat\u00e9riau de rembourrage<\/li>\n<p><\/p>\n<li>perles<\/li>\n<p><\/p>\n<li>cha\u00eene de caract\u00e8res<\/li>\n<p><\/p>\n<li>ruban<\/li>\n<p><\/p>\n<li>aiguille en plastique<\/li>\n<p><\/p>\n<li>instructions<\/li>\n<p><\/ul>\n<p><\/p>\n<p><\/p>\n<p>Tu peux faire un singe tricot\u00e9.<\/p>\n<p><\/p>\n<p>Dur\u00e9e de l&rsquo;activit\u00e9 : 5-10 heures.<\/p>\n","protected":false},"excerpt":{"rendered":"<p>Tricote ton propre singe mignon. Suis les instructions et apprends \u00e0 tricoter ! Tricote chaque partie s\u00e9par\u00e9ment, puis couds-les ensemble<\/p>\n","protected":false},"featured_media":45154,"template":"","meta":[],"product_brand":[],"product_cat":[2321,2396],"product_tag":[],"class_list":{"0":"post-54064","1":"product","2":"type-product","3":"status-publish","4":"has-post-thumbnail","6":"product_cat-jeux-creatifs","7":"product_cat-jeux-de-creation","8":"pa_brand-totum-fr","9":"pa_filter_age-14-fr","10":"pa_filter_age-5_7-fr","11":"pa_filter_age-7_9-fr","12":"pa_filter_age-9_14-fr","13":"pa_tip_ambalaj-boite-a4","15":"first","16":"instock","17":"taxable","18":"shipping-taxable","19":"product-type-simple"},"yoast_head":"<!-- This site is optimized with the Yoast SEO plugin v20.1 - https:\/\/yoast.com\/wordpress\/plugins\/seo\/ -->\n<title>Set \u00e0 tricoter en forme de singe Chimpy<\/title>\n<meta name=\"description\" content=\"Set \u00e0 tricoter en forme de singe Chimpy\" \/>\n<meta name=\"robots\" content=\"index, follow, max-snippet:-1, max-image-preview:large, max-video-preview:-1\" \/>\n<link rel=\"canonical\" href=\"https:\/\/business.roovi.com\/fr\/set-a-tricoter-en-forme-de-singe-chimpy\/p\/\" \/>\n<meta property=\"og:locale\" content=\"fr_FR\" \/>\n<meta property=\"og:type\" content=\"article\" \/>\n<meta property=\"og:title\" content=\"Set \u00e0 tricoter en forme de singe Chimpy\" \/>\n<meta property=\"og:description\" content=\"Set \u00e0 tricoter en forme de singe Chimpy\" \/>\n<meta property=\"og:url\" content=\"https:\/\/business.roovi.com\/fr\/set-a-tricoter-en-forme-de-singe-chimpy\/p\/\" \/>\n<meta property=\"og:site_name\" content=\"Roovi B2B\" \/>\n<meta property=\"article:publisher\" content=\"https:\/\/www.facebook.com\/wwwjucariero\" \/>\n<meta property=\"article:modified_time\" content=\"2022-07-13T10:51:34+00:00\" \/>\n<meta property=\"og:image\" content=\"https:\/\/business.roovi.com\/wp-content\/uploads\/2018\/04\/020566_chimpy.jpg\" \/>\n\t<meta property=\"og:image:width\" content=\"698\" \/>\n\t<meta property=\"og:image:height\" content=\"800\" \/>\n\t<meta property=\"og:image:type\" content=\"image\/jpeg\" \/>\n<script type=\"application\/ld+json\" class=\"yoast-schema-graph\">{\"@context\":\"https:\/\/schema.org\",\"@graph\":[{\"@type\":\"WebPage\",\"@id\":\"https:\/\/business.roovi.com\/fr\/set-a-tricoter-en-forme-de-singe-chimpy\/p\/\",\"url\":\"https:\/\/business.roovi.com\/fr\/set-a-tricoter-en-forme-de-singe-chimpy\/p\/\",\"name\":\"Set \u00e0 tricoter en forme de singe Chimpy\",\"isPartOf\":{\"@id\":\"https:\/\/business.roovi.com\/fr\/#website\"},\"datePublished\":\"2018-04-16T10:56:07+00:00\",\"dateModified\":\"2022-07-13T10:51:34+00:00\",\"description\":\"Set \u00e0 tricoter en forme de singe Chimpy\",\"breadcrumb\":{\"@id\":\"https:\/\/business.roovi.com\/fr\/set-a-tricoter-en-forme-de-singe-chimpy\/p\/#breadcrumb\"},\"inLanguage\":\"fr-FR\",\"potentialAction\":[{\"@type\":\"ReadAction\",\"target\":[\"https:\/\/business.roovi.com\/fr\/set-a-tricoter-en-forme-de-singe-chimpy\/p\/\"]}]},{\"@type\":\"BreadcrumbList\",\"@id\":\"https:\/\/business.roovi.com\/fr\/set-a-tricoter-en-forme-de-singe-chimpy\/p\/#breadcrumb\",\"itemListElement\":[{\"@type\":\"ListItem\",\"position\":1,\"name\":\"Home\",\"item\":\"https:\/\/business.roovi.com\/fr\/\"},{\"@type\":\"ListItem\",\"position\":2,\"name\":\"Boutique\",\"item\":\"https:\/\/business.roovi.com\/fr\/boutique\/\"},{\"@type\":\"ListItem\",\"position\":3,\"name\":\"Set \u00e0 tricoter en forme de singe Chimpy\"}]},{\"@type\":\"WebSite\",\"@id\":\"https:\/\/business.roovi.com\/fr\/#website\",\"url\":\"https:\/\/business.roovi.com\/fr\/\",\"name\":\"Roovi B2B\",\"description\":\"Roovi Business Website\",\"potentialAction\":[{\"@type\":\"SearchAction\",\"target\":{\"@type\":\"EntryPoint\",\"urlTemplate\":\"https:\/\/business.roovi.com\/fr\/?s={search_term_string}\"},\"query-input\":\"required name=search_term_string\"}],\"inLanguage\":\"fr-FR\"}]}<\/script>\n<!-- \/ Yoast SEO plugin. -->","yoast_head_json":{"title":"Set \u00e0 tricoter en forme de singe Chimpy","description":"Set \u00e0 tricoter en forme de singe Chimpy","robots":{"index":"index","follow":"follow","max-snippet":"max-snippet:-1","max-image-preview":"max-image-preview:large","max-video-preview":"max-video-preview:-1"},"canonical":"https:\/\/business.roovi.com\/fr\/set-a-tricoter-en-forme-de-singe-chimpy\/p\/","og_locale":"fr_FR","og_type":"article","og_title":"Set \u00e0 tricoter en forme de singe Chimpy","og_description":"Set \u00e0 tricoter en forme de singe Chimpy","og_url":"https:\/\/business.roovi.com\/fr\/set-a-tricoter-en-forme-de-singe-chimpy\/p\/","og_site_name":"Roovi B2B","article_publisher":"https:\/\/www.facebook.com\/wwwjucariero","article_modified_time":"2022-07-13T10:51:34+00:00","og_image":[{"width":698,"height":800,"url":"https:\/\/business.roovi.com\/wp-content\/uploads\/2018\/04\/020566_chimpy.jpg","type":"image\/jpeg"}],"schema":{"@context":"https:\/\/schema.org","@graph":[{"@type":"WebPage","@id":"https:\/\/business.roovi.com\/fr\/set-a-tricoter-en-forme-de-singe-chimpy\/p\/","url":"https:\/\/business.roovi.com\/fr\/set-a-tricoter-en-forme-de-singe-chimpy\/p\/","name":"Set \u00e0 tricoter en forme de singe Chimpy","isPartOf":{"@id":"https:\/\/business.roovi.com\/fr\/#website"},"datePublished":"2018-04-16T10:56:07+00:00","dateModified":"2022-07-13T10:51:34+00:00","description":"Set \u00e0 tricoter en forme de singe Chimpy","breadcrumb":{"@id":"https:\/\/business.roovi.com\/fr\/set-a-tricoter-en-forme-de-singe-chimpy\/p\/#breadcrumb"},"inLanguage":"fr-FR","potentialAction":[{"@type":"ReadAction","target":["https:\/\/business.roovi.com\/fr\/set-a-tricoter-en-forme-de-singe-chimpy\/p\/"]}]},{"@type":"BreadcrumbList","@id":"https:\/\/business.roovi.com\/fr\/set-a-tricoter-en-forme-de-singe-chimpy\/p\/#breadcrumb","itemListElement":[{"@type":"ListItem","position":1,"name":"Home","item":"https:\/\/business.roovi.com\/fr\/"},{"@type":"ListItem","position":2,"name":"Boutique","item":"https:\/\/business.roovi.com\/fr\/boutique\/"},{"@type":"ListItem","position":3,"name":"Set \u00e0 tricoter en forme de singe Chimpy"}]},{"@type":"WebSite","@id":"https:\/\/business.roovi.com\/fr\/#website","url":"https:\/\/business.roovi.com\/fr\/","name":"Roovi B2B","description":"Roovi Business Website","potentialAction":[{"@type":"SearchAction","target":{"@type":"EntryPoint","urlTemplate":"https:\/\/business.roovi.com\/fr\/?s={search_term_string}"},"query-input":"required name=search_term_string"}],"inLanguage":"fr-FR"}]}},"_links":{"self":[{"href":"https:\/\/business.roovi.com\/fr\/wp-json\/wp\/v2\/product\/54064","targetHints":{"allow":["GET"]}}],"collection":[{"href":"https:\/\/business.roovi.com\/fr\/wp-json\/wp\/v2\/product"}],"about":[{"href":"https:\/\/business.roovi.com\/fr\/wp-json\/wp\/v2\/types\/product"}],"version-history":[{"count":0,"href":"https:\/\/business.roovi.com\/fr\/wp-json\/wp\/v2\/product\/54064\/revisions"}],"wp:featuredmedia":[{"embeddable":true,"href":"https:\/\/business.roovi.com\/fr\/wp-json\/wp\/v2\/media\/45154"}],"wp:attachment":[{"href":"https:\/\/business.roovi.com\/fr\/wp-json\/wp\/v2\/media?parent=54064"}],"wp:term":[{"taxonomy":"product_brand","embeddable":true,"href":"https:\/\/business.roovi.com\/fr\/wp-json\/wp\/v2\/product_brand?post=54064"},{"taxonomy":"product_cat","embeddable":true,"href":"https:\/\/business.roovi.com\/fr\/wp-json\/wp\/v2\/product_cat?post=54064"},{"taxonomy":"product_tag","embeddable":true,"href":"https:\/\/business.roovi.com\/fr\/wp-json\/wp\/v2\/product_tag?post=54064"}],"curies":[{"name":"wp","href":"https:\/\/api.w.org\/{rel}","templated":true}]}}