{"id":54067,"date":"2018-04-16T10:56:07","date_gmt":"2018-04-16T10:56:07","guid":{"rendered":"https:\/\/business.roovi.com\/set-creatie-diferite-forme-din-argila-dinomania\/p\/"},"modified":"2022-07-13T10:51:35","modified_gmt":"2022-07-13T10:51:35","slug":"set-dinomania-set-creatif-pour-faire-des-formes-a-partir-dargile-coloree","status":"publish","type":"product","link":"https:\/\/business.roovi.com\/fr\/set-dinomania-set-creatif-pour-faire-des-formes-a-partir-dargile-coloree\/p\/","title":{"rendered":"Set Dinomania &#8211; Set cr\u00e9atif pour faire des formes \u00e0 partir d&rsquo;argile color\u00e9e"},"content":{"rendered":"<p>Cr\u00e9e ton propre dinosaure \u00e0 partir de p\u00e2te \u00e0 modeler. Ce set contient de la p\u00e2te \u00e0 modeler pour fabriquer 5 dinosaures de diff\u00e9rentes couleurs. Applique les yeux autocollants pour compl\u00e9ter les figurines. Tu peux utiliser tes cr\u00e9ations pr\u00e9f\u00e9r\u00e9es comme porte-cl\u00e9s ou d\u00e9coration de crayon. Pas besoin de cuisson ! S\u00e9cher \u00e0 l&rsquo;air libre.<\/p>\n<p><\/p>\n<p><\/p>\n<p><em>Contient :<\/em><\/p>\n<p><\/p>\n<ul><\/p>\n<li>p\u00e2te \u00e0 modeler s\u00e9chant \u00e0 l&rsquo;air libre en 5 couleurs diff\u00e9rentes<\/li>\n<p><\/p>\n<li>10 oeillets auto-adh\u00e9sifs<\/li>\n<p><\/p>\n<li>outil de mod\u00e9lisation<\/li>\n<p><\/p>\n<li>porte-cl\u00e9s<\/li>\n<p><\/p>\n<li>pointe de crayon<\/li>\n<p><\/p>\n<li>instructions<\/li>\n<p><\/ul>\n<p><\/p>\n<p><\/p>\n<p>Tu peux fabriquer 5 dinosaures.<\/p>\n<p><\/p>\n<p>Dur\u00e9e de l&rsquo;activit\u00e9 : 2-5 heures.<\/p>\n","protected":false},"excerpt":{"rendered":"<p>Cr\u00e9e ton propre dinosaure \u00e0 partir de p\u00e2te \u00e0 modeler. Ce set contient de la p\u00e2te \u00e0 modeler pour fabriquer<\/p>\n","protected":false},"featured_media":45155,"template":"","meta":[],"product_brand":[],"product_cat":[1581,1588],"product_tag":[],"class_list":{"0":"post-54067","1":"product","2":"type-product","3":"status-publish","4":"has-post-thumbnail","6":"product_cat-creative-games","7":"product_cat-creative-kits","8":"pa_brand-totum-en","9":"pa_filter_age-5_7-en","10":"pa_filter_age-7_9-en","11":"pa_tip_ambalaj-box-a4","13":"first","14":"instock","15":"taxable","16":"shipping-taxable","17":"product-type-simple"},"yoast_head":"<!-- This site is optimized with the Yoast SEO plugin v20.1 - https:\/\/yoast.com\/wordpress\/plugins\/seo\/ -->\n<title>Set Dinomania - Set cr\u00e9atif pour faire des formes \u00e0 partir d&#039;argile color\u00e9e<\/title>\n<meta name=\"description\" content=\"Set Dinomania - Set cr\u00e9atif pour faire des formes \u00e0 partir d&#039;argile color\u00e9e\" \/>\n<meta name=\"robots\" content=\"index, follow, max-snippet:-1, max-image-preview:large, max-video-preview:-1\" \/>\n<link rel=\"canonical\" href=\"https:\/\/business.roovi.com\/fr\/set-dinomania-set-creatif-pour-faire-des-formes-a-partir-dargile-coloree\/p\/\" \/>\n<meta property=\"og:locale\" content=\"fr_FR\" \/>\n<meta property=\"og:type\" content=\"article\" \/>\n<meta property=\"og:title\" content=\"Set Dinomania - Set cr\u00e9atif pour faire des formes \u00e0 partir d&#039;argile color\u00e9e\" \/>\n<meta property=\"og:description\" content=\"Set Dinomania - Set cr\u00e9atif pour faire des formes \u00e0 partir d&#039;argile color\u00e9e\" \/>\n<meta property=\"og:url\" content=\"https:\/\/business.roovi.com\/fr\/set-dinomania-set-creatif-pour-faire-des-formes-a-partir-dargile-coloree\/p\/\" \/>\n<meta property=\"og:site_name\" content=\"Roovi B2B\" \/>\n<meta property=\"article:publisher\" content=\"https:\/\/www.facebook.com\/wwwjucariero\" \/>\n<meta property=\"article:modified_time\" content=\"2022-07-13T10:51:35+00:00\" \/>\n<meta property=\"og:image\" content=\"https:\/\/business.roovi.com\/wp-content\/uploads\/2018\/04\/020597_dinomania.jpg\" \/>\n\t<meta property=\"og:image:width\" content=\"647\" \/>\n\t<meta property=\"og:image:height\" content=\"800\" \/>\n\t<meta property=\"og:image:type\" content=\"image\/jpeg\" \/>\n<script type=\"application\/ld+json\" class=\"yoast-schema-graph\">{\"@context\":\"https:\/\/schema.org\",\"@graph\":[{\"@type\":\"WebPage\",\"@id\":\"https:\/\/business.roovi.com\/fr\/set-dinomania-set-creatif-pour-faire-des-formes-a-partir-dargile-coloree\/p\/\",\"url\":\"https:\/\/business.roovi.com\/fr\/set-dinomania-set-creatif-pour-faire-des-formes-a-partir-dargile-coloree\/p\/\",\"name\":\"Set Dinomania - Set cr\u00e9atif pour faire des formes \u00e0 partir d'argile color\u00e9e\",\"isPartOf\":{\"@id\":\"https:\/\/business.roovi.com\/fr\/#website\"},\"datePublished\":\"2018-04-16T10:56:07+00:00\",\"dateModified\":\"2022-07-13T10:51:35+00:00\",\"description\":\"Set Dinomania - Set cr\u00e9atif pour faire des formes \u00e0 partir d'argile color\u00e9e\",\"breadcrumb\":{\"@id\":\"https:\/\/business.roovi.com\/fr\/set-dinomania-set-creatif-pour-faire-des-formes-a-partir-dargile-coloree\/p\/#breadcrumb\"},\"inLanguage\":\"fr-FR\",\"potentialAction\":[{\"@type\":\"ReadAction\",\"target\":[\"https:\/\/business.roovi.com\/fr\/set-dinomania-set-creatif-pour-faire-des-formes-a-partir-dargile-coloree\/p\/\"]}]},{\"@type\":\"BreadcrumbList\",\"@id\":\"https:\/\/business.roovi.com\/fr\/set-dinomania-set-creatif-pour-faire-des-formes-a-partir-dargile-coloree\/p\/#breadcrumb\",\"itemListElement\":[{\"@type\":\"ListItem\",\"position\":1,\"name\":\"Home\",\"item\":\"https:\/\/business.roovi.com\/fr\/\"},{\"@type\":\"ListItem\",\"position\":2,\"name\":\"Boutique\",\"item\":\"https:\/\/business.roovi.com\/fr\/boutique\/\"},{\"@type\":\"ListItem\",\"position\":3,\"name\":\"Set Dinomania &#8211; Set cr\u00e9atif pour faire des formes \u00e0 partir d&#8217;argile color\u00e9e\"}]},{\"@type\":\"WebSite\",\"@id\":\"https:\/\/business.roovi.com\/fr\/#website\",\"url\":\"https:\/\/business.roovi.com\/fr\/\",\"name\":\"Roovi B2B\",\"description\":\"Roovi Business Website\",\"potentialAction\":[{\"@type\":\"SearchAction\",\"target\":{\"@type\":\"EntryPoint\",\"urlTemplate\":\"https:\/\/business.roovi.com\/fr\/?s={search_term_string}\"},\"query-input\":\"required name=search_term_string\"}],\"inLanguage\":\"fr-FR\"}]}<\/script>\n<!-- \/ Yoast SEO plugin. -->","yoast_head_json":{"title":"Set Dinomania - Set cr\u00e9atif pour faire des formes \u00e0 partir d'argile color\u00e9e","description":"Set Dinomania - Set cr\u00e9atif pour faire des formes \u00e0 partir d'argile color\u00e9e","robots":{"index":"index","follow":"follow","max-snippet":"max-snippet:-1","max-image-preview":"max-image-preview:large","max-video-preview":"max-video-preview:-1"},"canonical":"https:\/\/business.roovi.com\/fr\/set-dinomania-set-creatif-pour-faire-des-formes-a-partir-dargile-coloree\/p\/","og_locale":"fr_FR","og_type":"article","og_title":"Set Dinomania - Set cr\u00e9atif pour faire des formes \u00e0 partir d'argile color\u00e9e","og_description":"Set Dinomania - Set cr\u00e9atif pour faire des formes \u00e0 partir d'argile color\u00e9e","og_url":"https:\/\/business.roovi.com\/fr\/set-dinomania-set-creatif-pour-faire-des-formes-a-partir-dargile-coloree\/p\/","og_site_name":"Roovi B2B","article_publisher":"https:\/\/www.facebook.com\/wwwjucariero","article_modified_time":"2022-07-13T10:51:35+00:00","og_image":[{"width":647,"height":800,"url":"https:\/\/business.roovi.com\/wp-content\/uploads\/2018\/04\/020597_dinomania.jpg","type":"image\/jpeg"}],"schema":{"@context":"https:\/\/schema.org","@graph":[{"@type":"WebPage","@id":"https:\/\/business.roovi.com\/fr\/set-dinomania-set-creatif-pour-faire-des-formes-a-partir-dargile-coloree\/p\/","url":"https:\/\/business.roovi.com\/fr\/set-dinomania-set-creatif-pour-faire-des-formes-a-partir-dargile-coloree\/p\/","name":"Set Dinomania - Set cr\u00e9atif pour faire des formes \u00e0 partir d'argile color\u00e9e","isPartOf":{"@id":"https:\/\/business.roovi.com\/fr\/#website"},"datePublished":"2018-04-16T10:56:07+00:00","dateModified":"2022-07-13T10:51:35+00:00","description":"Set Dinomania - Set cr\u00e9atif pour faire des formes \u00e0 partir d'argile color\u00e9e","breadcrumb":{"@id":"https:\/\/business.roovi.com\/fr\/set-dinomania-set-creatif-pour-faire-des-formes-a-partir-dargile-coloree\/p\/#breadcrumb"},"inLanguage":"fr-FR","potentialAction":[{"@type":"ReadAction","target":["https:\/\/business.roovi.com\/fr\/set-dinomania-set-creatif-pour-faire-des-formes-a-partir-dargile-coloree\/p\/"]}]},{"@type":"BreadcrumbList","@id":"https:\/\/business.roovi.com\/fr\/set-dinomania-set-creatif-pour-faire-des-formes-a-partir-dargile-coloree\/p\/#breadcrumb","itemListElement":[{"@type":"ListItem","position":1,"name":"Home","item":"https:\/\/business.roovi.com\/fr\/"},{"@type":"ListItem","position":2,"name":"Boutique","item":"https:\/\/business.roovi.com\/fr\/boutique\/"},{"@type":"ListItem","position":3,"name":"Set Dinomania &#8211; Set cr\u00e9atif pour faire des formes \u00e0 partir d&#8217;argile color\u00e9e"}]},{"@type":"WebSite","@id":"https:\/\/business.roovi.com\/fr\/#website","url":"https:\/\/business.roovi.com\/fr\/","name":"Roovi B2B","description":"Roovi Business Website","potentialAction":[{"@type":"SearchAction","target":{"@type":"EntryPoint","urlTemplate":"https:\/\/business.roovi.com\/fr\/?s={search_term_string}"},"query-input":"required name=search_term_string"}],"inLanguage":"fr-FR"}]}},"_links":{"self":[{"href":"https:\/\/business.roovi.com\/fr\/wp-json\/wp\/v2\/product\/54067","targetHints":{"allow":["GET"]}}],"collection":[{"href":"https:\/\/business.roovi.com\/fr\/wp-json\/wp\/v2\/product"}],"about":[{"href":"https:\/\/business.roovi.com\/fr\/wp-json\/wp\/v2\/types\/product"}],"version-history":[{"count":0,"href":"https:\/\/business.roovi.com\/fr\/wp-json\/wp\/v2\/product\/54067\/revisions"}],"wp:featuredmedia":[{"embeddable":true,"href":"https:\/\/business.roovi.com\/fr\/wp-json\/wp\/v2\/media\/45155"}],"wp:attachment":[{"href":"https:\/\/business.roovi.com\/fr\/wp-json\/wp\/v2\/media?parent=54067"}],"wp:term":[{"taxonomy":"product_brand","embeddable":true,"href":"https:\/\/business.roovi.com\/fr\/wp-json\/wp\/v2\/product_brand?post=54067"},{"taxonomy":"product_cat","embeddable":true,"href":"https:\/\/business.roovi.com\/fr\/wp-json\/wp\/v2\/product_cat?post=54067"},{"taxonomy":"product_tag","embeddable":true,"href":"https:\/\/business.roovi.com\/fr\/wp-json\/wp\/v2\/product_tag?post=54067"}],"curies":[{"name":"wp","href":"https:\/\/api.w.org\/{rel}","templated":true}]}}