{"id":54077,"date":"2018-04-16T10:56:07","date_gmt":"2018-04-16T10:56:07","guid":{"rendered":"https:\/\/business.roovi.com\/set-de-creatie-curelusa-si-accesorii-pretty-creations\/p\/"},"modified":"2022-07-13T10:51:39","modified_gmt":"2022-07-13T10:51:39","slug":"set-pretty-creations-set-de-creation-de-bretelles-et-daccessoires-disney","status":"publish","type":"product","link":"https:\/\/business.roovi.com\/fr\/set-pretty-creations-set-de-creation-de-bretelles-et-daccessoires-disney\/p\/","title":{"rendered":"Set Pretty Creations &#8211; Set de cr\u00e9ation de bretelles et d&rsquo;accessoires Disney"},"content":{"rendered":"<p>Cr\u00e9e tes propres accessoires dans le style des princesses Disney. D\u00e9coupe les formes avec les blocs de pon\u00e7age, d\u00e9core-les avec des autocollants et enfile-les pour les utiliser comme ornements.<\/p>\n<p><\/p>\n<p><\/p>\n<p><em>Contient :<\/em><\/p>\n<p><\/p>\n<ul><\/p>\n<li>ficelle aspect cuir<\/li>\n<p><\/p>\n<li>feutre rose<\/li>\n<p><\/p>\n<li>diverses fleurs en tissu<\/li>\n<p><\/p>\n<li>perles color\u00e9es<\/li>\n<p><\/p>\n<li>autocollants sur feuille de transfert<\/li>\n<p><\/p>\n<li>colle paillet\u00e9e<\/li>\n<p><\/p>\n<li>instructions<\/li>\n<p><\/ul>\n<p><\/p>\n<p><\/p>\n<p>Tu peux faire une ceinture ou un collier et un bracelet selon la longueur de la ficelle utilis\u00e9e.<\/p>\n<p><\/p>\n<p>Dur\u00e9e de l&rsquo;activit\u00e9 : 2-3 heures.<\/p>\n<p><\/p>\n","protected":false},"excerpt":{"rendered":"<p>Cr\u00e9e tes propres accessoires dans le style des princesses Disney. D\u00e9coupe les formes avec les blocs de pon\u00e7age, d\u00e9core-les avec<\/p>\n","protected":false},"featured_media":45161,"template":"","meta":[],"product_brand":[],"product_cat":[2321,2396],"product_tag":[],"class_list":{"0":"post-54077","1":"product","2":"type-product","3":"status-publish","4":"has-post-thumbnail","6":"product_cat-jeux-creatifs","7":"product_cat-jeux-de-creation","8":"pa_brand-totum-fr","9":"pa_filter_age-3_5-fr","10":"pa_filter_age-5_7-fr","11":"pa_filter_age-7_9-fr","12":"pa_tip_ambalaj-boite-a4","14":"first","15":"instock","16":"taxable","17":"shipping-taxable","18":"product-type-simple"},"yoast_head":"<!-- This site is optimized with the Yoast SEO plugin v20.1 - https:\/\/yoast.com\/wordpress\/plugins\/seo\/ -->\n<title>Set Pretty Creations - Set de cr\u00e9ation de bretelles et d&#039;accessoires Disney<\/title>\n<meta name=\"description\" content=\"Set Pretty Creations - Set de cr\u00e9ation de bretelles et d&#039;accessoires Disney\" \/>\n<meta name=\"robots\" content=\"index, follow, max-snippet:-1, max-image-preview:large, max-video-preview:-1\" \/>\n<link rel=\"canonical\" href=\"https:\/\/business.roovi.com\/fr\/set-pretty-creations-set-de-creation-de-bretelles-et-daccessoires-disney\/p\/\" \/>\n<meta property=\"og:locale\" content=\"fr_FR\" \/>\n<meta property=\"og:type\" content=\"article\" \/>\n<meta property=\"og:title\" content=\"Set Pretty Creations - Set de cr\u00e9ation de bretelles et d&#039;accessoires Disney\" \/>\n<meta property=\"og:description\" content=\"Set Pretty Creations - Set de cr\u00e9ation de bretelles et d&#039;accessoires Disney\" \/>\n<meta property=\"og:url\" content=\"https:\/\/business.roovi.com\/fr\/set-pretty-creations-set-de-creation-de-bretelles-et-daccessoires-disney\/p\/\" \/>\n<meta property=\"og:site_name\" content=\"Roovi B2B\" \/>\n<meta property=\"article:publisher\" content=\"https:\/\/www.facebook.com\/wwwjucariero\" \/>\n<meta property=\"article:modified_time\" content=\"2022-07-13T10:51:39+00:00\" \/>\n<meta property=\"og:image\" content=\"https:\/\/business.roovi.com\/wp-content\/uploads\/2018\/04\/040625_pretty_creations.jpg\" \/>\n\t<meta property=\"og:image:width\" content=\"800\" \/>\n\t<meta property=\"og:image:height\" content=\"780\" \/>\n\t<meta property=\"og:image:type\" content=\"image\/jpeg\" \/>\n<script type=\"application\/ld+json\" class=\"yoast-schema-graph\">{\"@context\":\"https:\/\/schema.org\",\"@graph\":[{\"@type\":\"WebPage\",\"@id\":\"https:\/\/business.roovi.com\/fr\/set-pretty-creations-set-de-creation-de-bretelles-et-daccessoires-disney\/p\/\",\"url\":\"https:\/\/business.roovi.com\/fr\/set-pretty-creations-set-de-creation-de-bretelles-et-daccessoires-disney\/p\/\",\"name\":\"Set Pretty Creations - Set de cr\u00e9ation de bretelles et d'accessoires Disney\",\"isPartOf\":{\"@id\":\"https:\/\/business.roovi.com\/fr\/#website\"},\"datePublished\":\"2018-04-16T10:56:07+00:00\",\"dateModified\":\"2022-07-13T10:51:39+00:00\",\"description\":\"Set Pretty Creations - Set de cr\u00e9ation de bretelles et d'accessoires Disney\",\"breadcrumb\":{\"@id\":\"https:\/\/business.roovi.com\/fr\/set-pretty-creations-set-de-creation-de-bretelles-et-daccessoires-disney\/p\/#breadcrumb\"},\"inLanguage\":\"fr-FR\",\"potentialAction\":[{\"@type\":\"ReadAction\",\"target\":[\"https:\/\/business.roovi.com\/fr\/set-pretty-creations-set-de-creation-de-bretelles-et-daccessoires-disney\/p\/\"]}]},{\"@type\":\"BreadcrumbList\",\"@id\":\"https:\/\/business.roovi.com\/fr\/set-pretty-creations-set-de-creation-de-bretelles-et-daccessoires-disney\/p\/#breadcrumb\",\"itemListElement\":[{\"@type\":\"ListItem\",\"position\":1,\"name\":\"Home\",\"item\":\"https:\/\/business.roovi.com\/fr\/\"},{\"@type\":\"ListItem\",\"position\":2,\"name\":\"Boutique\",\"item\":\"https:\/\/business.roovi.com\/fr\/boutique\/\"},{\"@type\":\"ListItem\",\"position\":3,\"name\":\"Set Pretty Creations &#8211; Set de cr\u00e9ation de bretelles et d&#8217;accessoires Disney\"}]},{\"@type\":\"WebSite\",\"@id\":\"https:\/\/business.roovi.com\/fr\/#website\",\"url\":\"https:\/\/business.roovi.com\/fr\/\",\"name\":\"Roovi B2B\",\"description\":\"Roovi Business Website\",\"potentialAction\":[{\"@type\":\"SearchAction\",\"target\":{\"@type\":\"EntryPoint\",\"urlTemplate\":\"https:\/\/business.roovi.com\/fr\/?s={search_term_string}\"},\"query-input\":\"required name=search_term_string\"}],\"inLanguage\":\"fr-FR\"}]}<\/script>\n<!-- \/ Yoast SEO plugin. -->","yoast_head_json":{"title":"Set Pretty Creations - Set de cr\u00e9ation de bretelles et d'accessoires Disney","description":"Set Pretty Creations - Set de cr\u00e9ation de bretelles et d'accessoires Disney","robots":{"index":"index","follow":"follow","max-snippet":"max-snippet:-1","max-image-preview":"max-image-preview:large","max-video-preview":"max-video-preview:-1"},"canonical":"https:\/\/business.roovi.com\/fr\/set-pretty-creations-set-de-creation-de-bretelles-et-daccessoires-disney\/p\/","og_locale":"fr_FR","og_type":"article","og_title":"Set Pretty Creations - Set de cr\u00e9ation de bretelles et d'accessoires Disney","og_description":"Set Pretty Creations - Set de cr\u00e9ation de bretelles et d'accessoires Disney","og_url":"https:\/\/business.roovi.com\/fr\/set-pretty-creations-set-de-creation-de-bretelles-et-daccessoires-disney\/p\/","og_site_name":"Roovi B2B","article_publisher":"https:\/\/www.facebook.com\/wwwjucariero","article_modified_time":"2022-07-13T10:51:39+00:00","og_image":[{"width":800,"height":780,"url":"https:\/\/business.roovi.com\/wp-content\/uploads\/2018\/04\/040625_pretty_creations.jpg","type":"image\/jpeg"}],"schema":{"@context":"https:\/\/schema.org","@graph":[{"@type":"WebPage","@id":"https:\/\/business.roovi.com\/fr\/set-pretty-creations-set-de-creation-de-bretelles-et-daccessoires-disney\/p\/","url":"https:\/\/business.roovi.com\/fr\/set-pretty-creations-set-de-creation-de-bretelles-et-daccessoires-disney\/p\/","name":"Set Pretty Creations - Set de cr\u00e9ation de bretelles et d'accessoires Disney","isPartOf":{"@id":"https:\/\/business.roovi.com\/fr\/#website"},"datePublished":"2018-04-16T10:56:07+00:00","dateModified":"2022-07-13T10:51:39+00:00","description":"Set Pretty Creations - Set de cr\u00e9ation de bretelles et d'accessoires Disney","breadcrumb":{"@id":"https:\/\/business.roovi.com\/fr\/set-pretty-creations-set-de-creation-de-bretelles-et-daccessoires-disney\/p\/#breadcrumb"},"inLanguage":"fr-FR","potentialAction":[{"@type":"ReadAction","target":["https:\/\/business.roovi.com\/fr\/set-pretty-creations-set-de-creation-de-bretelles-et-daccessoires-disney\/p\/"]}]},{"@type":"BreadcrumbList","@id":"https:\/\/business.roovi.com\/fr\/set-pretty-creations-set-de-creation-de-bretelles-et-daccessoires-disney\/p\/#breadcrumb","itemListElement":[{"@type":"ListItem","position":1,"name":"Home","item":"https:\/\/business.roovi.com\/fr\/"},{"@type":"ListItem","position":2,"name":"Boutique","item":"https:\/\/business.roovi.com\/fr\/boutique\/"},{"@type":"ListItem","position":3,"name":"Set Pretty Creations &#8211; Set de cr\u00e9ation de bretelles et d&#8217;accessoires Disney"}]},{"@type":"WebSite","@id":"https:\/\/business.roovi.com\/fr\/#website","url":"https:\/\/business.roovi.com\/fr\/","name":"Roovi B2B","description":"Roovi Business Website","potentialAction":[{"@type":"SearchAction","target":{"@type":"EntryPoint","urlTemplate":"https:\/\/business.roovi.com\/fr\/?s={search_term_string}"},"query-input":"required name=search_term_string"}],"inLanguage":"fr-FR"}]}},"_links":{"self":[{"href":"https:\/\/business.roovi.com\/fr\/wp-json\/wp\/v2\/product\/54077","targetHints":{"allow":["GET"]}}],"collection":[{"href":"https:\/\/business.roovi.com\/fr\/wp-json\/wp\/v2\/product"}],"about":[{"href":"https:\/\/business.roovi.com\/fr\/wp-json\/wp\/v2\/types\/product"}],"version-history":[{"count":0,"href":"https:\/\/business.roovi.com\/fr\/wp-json\/wp\/v2\/product\/54077\/revisions"}],"wp:featuredmedia":[{"embeddable":true,"href":"https:\/\/business.roovi.com\/fr\/wp-json\/wp\/v2\/media\/45161"}],"wp:attachment":[{"href":"https:\/\/business.roovi.com\/fr\/wp-json\/wp\/v2\/media?parent=54077"}],"wp:term":[{"taxonomy":"product_brand","embeddable":true,"href":"https:\/\/business.roovi.com\/fr\/wp-json\/wp\/v2\/product_brand?post=54077"},{"taxonomy":"product_cat","embeddable":true,"href":"https:\/\/business.roovi.com\/fr\/wp-json\/wp\/v2\/product_cat?post=54077"},{"taxonomy":"product_tag","embeddable":true,"href":"https:\/\/business.roovi.com\/fr\/wp-json\/wp\/v2\/product_tag?post=54077"}],"curies":[{"name":"wp","href":"https:\/\/api.w.org\/{rel}","templated":true}]}}