{"id":54127,"date":"2018-04-16T10:56:07","date_gmt":"2018-04-16T10:56:07","guid":{"rendered":"https:\/\/business.roovi.com\/set-creatie-autocolant-cars-window-art\/p\/"},"modified":"2022-07-13T10:52:04","modified_gmt":"2022-07-13T10:52:04","slug":"cars-window-art-cars-sticker-art-set","status":"publish","type":"product","link":"https:\/\/business.roovi.com\/fr\/cars-window-art-cars-sticker-art-set\/p\/","title":{"rendered":"Cars Window Art &#8211; Cars Sticker Art Set"},"content":{"rendered":"<p>Cr\u00e9e de superbes motifs d&rsquo;autocollants que tu peux appliquer sur la fen\u00eatre de ta chambre. Marque un dessin avec un marqueur noir, puis colorie le dessin avec des peintures pour verre. M\u00e9lange les couleurs et applique avec un pinceau sur le motif. Colle l&rsquo;autocollant sur la fen\u00eatre ou le miroir de ta chambre pour une d\u00e9coration cool !<\/p>\n<p><\/p>\n<p><\/p>\n<p><em>Contient :<\/em><\/p>\n<p><\/p>\n<ul><\/p>\n<li>4 tubes de peintures de verre<\/li>\n<p><\/p>\n<li>1 marqueur noir pour faire des contour pour les t\u00e2ches<\/li>\n<p><\/p>\n<li>feuille transparente<\/li>\n<p><\/p>\n<li><\/li>\n<p><\/p>\n<li>brosse<\/li>\n<p><\/p>\n<li>instructions <\/li>\n<p><\/ul>\n<p><\/p>\n<p>Tu peux fabriquer 4 mod\u00e8les de voitures.<\/p>\n<p><\/p>\n<p>Dur\u00e9e de l&rsquo;activit\u00e9 : 4-5 heures (temps de s\u00e9chage non compris).<\/p>\n<p><\/p>\n","protected":false},"excerpt":{"rendered":"<p>Cr\u00e9e de superbes motifs d&rsquo;autocollants que tu peux appliquer sur la fen\u00eatre de ta chambre. Marque un dessin avec un<\/p>\n","protected":false},"featured_media":45182,"template":"","meta":[],"product_brand":[],"product_cat":[2321,2396],"product_tag":[],"class_list":{"0":"post-54127","1":"product","2":"type-product","3":"status-publish","4":"has-post-thumbnail","6":"product_cat-jeux-creatifs","7":"product_cat-jeux-de-creation","8":"pa_brand-totum-fr","9":"pa_filter_age-5_7-fr","10":"pa_filter_age-7_9-fr","11":"pa_tip_ambalaj-boite","13":"first","14":"instock","15":"taxable","16":"shipping-taxable","17":"product-type-simple"},"yoast_head":"<!-- This site is optimized with the Yoast SEO plugin v20.1 - https:\/\/yoast.com\/wordpress\/plugins\/seo\/ -->\n<title>Cars Window Art - Cars Sticker Art Set<\/title>\n<meta name=\"description\" content=\"Cars Window Art - Cars Sticker Art Set\" \/>\n<meta name=\"robots\" content=\"index, follow, max-snippet:-1, max-image-preview:large, max-video-preview:-1\" \/>\n<link rel=\"canonical\" href=\"https:\/\/business.roovi.com\/fr\/cars-window-art-cars-sticker-art-set\/p\/\" \/>\n<meta property=\"og:locale\" content=\"fr_FR\" \/>\n<meta property=\"og:type\" content=\"article\" \/>\n<meta property=\"og:title\" content=\"Cars Window Art - Cars Sticker Art Set\" \/>\n<meta property=\"og:description\" content=\"Cars Window Art - Cars Sticker Art Set\" \/>\n<meta property=\"og:url\" content=\"https:\/\/business.roovi.com\/fr\/cars-window-art-cars-sticker-art-set\/p\/\" \/>\n<meta property=\"og:site_name\" content=\"Roovi B2B\" \/>\n<meta property=\"article:publisher\" content=\"https:\/\/www.facebook.com\/wwwjucariero\" \/>\n<meta property=\"article:modified_time\" content=\"2022-07-13T10:52:04+00:00\" \/>\n<meta property=\"og:image\" content=\"https:\/\/business.roovi.com\/wp-content\/uploads\/2018\/04\/140011_super_stickers.jpg\" \/>\n\t<meta property=\"og:image:width\" content=\"800\" \/>\n\t<meta property=\"og:image:height\" content=\"543\" \/>\n\t<meta property=\"og:image:type\" content=\"image\/jpeg\" \/>\n<script type=\"application\/ld+json\" class=\"yoast-schema-graph\">{\"@context\":\"https:\/\/schema.org\",\"@graph\":[{\"@type\":\"WebPage\",\"@id\":\"https:\/\/business.roovi.com\/fr\/cars-window-art-cars-sticker-art-set\/p\/\",\"url\":\"https:\/\/business.roovi.com\/fr\/cars-window-art-cars-sticker-art-set\/p\/\",\"name\":\"Cars Window Art - Cars Sticker Art Set\",\"isPartOf\":{\"@id\":\"https:\/\/business.roovi.com\/fr\/#website\"},\"datePublished\":\"2018-04-16T10:56:07+00:00\",\"dateModified\":\"2022-07-13T10:52:04+00:00\",\"description\":\"Cars Window Art - Cars Sticker Art Set\",\"breadcrumb\":{\"@id\":\"https:\/\/business.roovi.com\/fr\/cars-window-art-cars-sticker-art-set\/p\/#breadcrumb\"},\"inLanguage\":\"fr-FR\",\"potentialAction\":[{\"@type\":\"ReadAction\",\"target\":[\"https:\/\/business.roovi.com\/fr\/cars-window-art-cars-sticker-art-set\/p\/\"]}]},{\"@type\":\"BreadcrumbList\",\"@id\":\"https:\/\/business.roovi.com\/fr\/cars-window-art-cars-sticker-art-set\/p\/#breadcrumb\",\"itemListElement\":[{\"@type\":\"ListItem\",\"position\":1,\"name\":\"Home\",\"item\":\"https:\/\/business.roovi.com\/fr\/\"},{\"@type\":\"ListItem\",\"position\":2,\"name\":\"Boutique\",\"item\":\"https:\/\/business.roovi.com\/fr\/boutique\/\"},{\"@type\":\"ListItem\",\"position\":3,\"name\":\"Cars Window Art &#8211; Cars Sticker Art Set\"}]},{\"@type\":\"WebSite\",\"@id\":\"https:\/\/business.roovi.com\/fr\/#website\",\"url\":\"https:\/\/business.roovi.com\/fr\/\",\"name\":\"Roovi B2B\",\"description\":\"Roovi Business Website\",\"potentialAction\":[{\"@type\":\"SearchAction\",\"target\":{\"@type\":\"EntryPoint\",\"urlTemplate\":\"https:\/\/business.roovi.com\/fr\/?s={search_term_string}\"},\"query-input\":\"required name=search_term_string\"}],\"inLanguage\":\"fr-FR\"}]}<\/script>\n<!-- \/ Yoast SEO plugin. -->","yoast_head_json":{"title":"Cars Window Art - Cars Sticker Art Set","description":"Cars Window Art - Cars Sticker Art Set","robots":{"index":"index","follow":"follow","max-snippet":"max-snippet:-1","max-image-preview":"max-image-preview:large","max-video-preview":"max-video-preview:-1"},"canonical":"https:\/\/business.roovi.com\/fr\/cars-window-art-cars-sticker-art-set\/p\/","og_locale":"fr_FR","og_type":"article","og_title":"Cars Window Art - Cars Sticker Art Set","og_description":"Cars Window Art - Cars Sticker Art Set","og_url":"https:\/\/business.roovi.com\/fr\/cars-window-art-cars-sticker-art-set\/p\/","og_site_name":"Roovi B2B","article_publisher":"https:\/\/www.facebook.com\/wwwjucariero","article_modified_time":"2022-07-13T10:52:04+00:00","og_image":[{"width":800,"height":543,"url":"https:\/\/business.roovi.com\/wp-content\/uploads\/2018\/04\/140011_super_stickers.jpg","type":"image\/jpeg"}],"schema":{"@context":"https:\/\/schema.org","@graph":[{"@type":"WebPage","@id":"https:\/\/business.roovi.com\/fr\/cars-window-art-cars-sticker-art-set\/p\/","url":"https:\/\/business.roovi.com\/fr\/cars-window-art-cars-sticker-art-set\/p\/","name":"Cars Window Art - Cars Sticker Art Set","isPartOf":{"@id":"https:\/\/business.roovi.com\/fr\/#website"},"datePublished":"2018-04-16T10:56:07+00:00","dateModified":"2022-07-13T10:52:04+00:00","description":"Cars Window Art - Cars Sticker Art Set","breadcrumb":{"@id":"https:\/\/business.roovi.com\/fr\/cars-window-art-cars-sticker-art-set\/p\/#breadcrumb"},"inLanguage":"fr-FR","potentialAction":[{"@type":"ReadAction","target":["https:\/\/business.roovi.com\/fr\/cars-window-art-cars-sticker-art-set\/p\/"]}]},{"@type":"BreadcrumbList","@id":"https:\/\/business.roovi.com\/fr\/cars-window-art-cars-sticker-art-set\/p\/#breadcrumb","itemListElement":[{"@type":"ListItem","position":1,"name":"Home","item":"https:\/\/business.roovi.com\/fr\/"},{"@type":"ListItem","position":2,"name":"Boutique","item":"https:\/\/business.roovi.com\/fr\/boutique\/"},{"@type":"ListItem","position":3,"name":"Cars Window Art &#8211; Cars Sticker Art Set"}]},{"@type":"WebSite","@id":"https:\/\/business.roovi.com\/fr\/#website","url":"https:\/\/business.roovi.com\/fr\/","name":"Roovi B2B","description":"Roovi Business Website","potentialAction":[{"@type":"SearchAction","target":{"@type":"EntryPoint","urlTemplate":"https:\/\/business.roovi.com\/fr\/?s={search_term_string}"},"query-input":"required name=search_term_string"}],"inLanguage":"fr-FR"}]}},"_links":{"self":[{"href":"https:\/\/business.roovi.com\/fr\/wp-json\/wp\/v2\/product\/54127","targetHints":{"allow":["GET"]}}],"collection":[{"href":"https:\/\/business.roovi.com\/fr\/wp-json\/wp\/v2\/product"}],"about":[{"href":"https:\/\/business.roovi.com\/fr\/wp-json\/wp\/v2\/types\/product"}],"version-history":[{"count":0,"href":"https:\/\/business.roovi.com\/fr\/wp-json\/wp\/v2\/product\/54127\/revisions"}],"wp:featuredmedia":[{"embeddable":true,"href":"https:\/\/business.roovi.com\/fr\/wp-json\/wp\/v2\/media\/45182"}],"wp:attachment":[{"href":"https:\/\/business.roovi.com\/fr\/wp-json\/wp\/v2\/media?parent=54127"}],"wp:term":[{"taxonomy":"product_brand","embeddable":true,"href":"https:\/\/business.roovi.com\/fr\/wp-json\/wp\/v2\/product_brand?post=54127"},{"taxonomy":"product_cat","embeddable":true,"href":"https:\/\/business.roovi.com\/fr\/wp-json\/wp\/v2\/product_cat?post=54127"},{"taxonomy":"product_tag","embeddable":true,"href":"https:\/\/business.roovi.com\/fr\/wp-json\/wp\/v2\/product_tag?post=54127"}],"curies":[{"name":"wp","href":"https:\/\/api.w.org\/{rel}","templated":true}]}}