{"id":54188,"date":"2018-04-16T10:56:07","date_gmt":"2018-04-16T10:56:07","guid":{"rendered":"https:\/\/business.roovi.com\/trendy-me-maxi-set-decorat-fire-din-piele\/p\/"},"modified":"2022-07-13T10:52:32","modified_gmt":"2022-07-13T10:52:32","slug":"set-pour-creer-divers-accessoires-avec-des-perles-des-pendentifs-et-des-fils-de-cuir-trendy-me","status":"publish","type":"product","link":"https:\/\/business.roovi.com\/fr\/set-pour-creer-divers-accessoires-avec-des-perles-des-pendentifs-et-des-fils-de-cuir-trendy-me\/p\/","title":{"rendered":"Set pour cr\u00e9er divers accessoires avec des perles, des pendentifs et des fils de cuir Trendy Me"},"content":{"rendered":"<p><em>Contient :<\/em><\/p>\n<p><\/p>\n<ul><\/p>\n<li>2m de ficelle blanche aspect cuir<\/li>\n<p><\/p>\n<li>2m de ficelle bleue aspect cuir<\/li>\n<p><\/p>\n<li>pendentifs en forme de c\u0153ur<\/li>\n<p><\/p>\n<li>pendentifs en forme de dent<\/li>\n<p><\/p>\n<li>perles de diff\u00e9rentes formes<\/li>\n<p><\/p>\n<li>fil de fer<\/li>\n<p><\/p>\n<li>plumes<\/li>\n<p><\/p>\n<li>fleurs en feutre<\/li>\n<p><\/p>\n<li>instructions<\/li>\n<p><\/ul>\n<p><\/p>\n<p><\/p>\n<p>Cr\u00e9e tes propres bijoux \u00e0 l&rsquo;aspect cuir. Coupe un morceau de la ficelle incluse et commence \u00e0 tisser. Ajoute des plumes, des pendentifs, des perles et laisse libre cours \u00e0 ton imagination pour fabriquer des tas d&rsquo;accessoires superbes et tendance.<\/p>\n<p><\/p>\n","protected":false},"excerpt":{"rendered":"<p>Contient : 2m de ficelle blanche aspect cuir 2m de ficelle bleue aspect cuir pendentifs en forme de c\u0153ur pendentifs<\/p>\n","protected":false},"featured_media":45208,"template":"","meta":[],"product_brand":[],"product_cat":[2321,2396],"product_tag":[],"class_list":{"0":"post-54188","1":"product","2":"type-product","3":"status-publish","4":"has-post-thumbnail","6":"product_cat-jeux-creatifs","7":"product_cat-jeux-de-creation","8":"pa_brand-totum-fr","9":"pa_filter_age-3_5-fr","10":"pa_filter_age-5_7-fr","11":"pa_filter_age-7_9-fr","12":"pa_tip_ambalaj-boite","14":"first","15":"instock","16":"taxable","17":"shipping-taxable","18":"product-type-simple"},"yoast_head":"<!-- This site is optimized with the Yoast SEO plugin v20.1 - https:\/\/yoast.com\/wordpress\/plugins\/seo\/ -->\n<title>Set pour cr\u00e9er divers accessoires avec des perles, des pendentifs et des fils de cuir Trendy Me<\/title>\n<meta name=\"description\" content=\"Set pour cr\u00e9er divers accessoires avec des perles, des pendentifs et des fils de cuir Trendy Me\" \/>\n<meta name=\"robots\" content=\"index, follow, max-snippet:-1, max-image-preview:large, max-video-preview:-1\" \/>\n<link rel=\"canonical\" href=\"https:\/\/business.roovi.com\/fr\/set-pour-creer-divers-accessoires-avec-des-perles-des-pendentifs-et-des-fils-de-cuir-trendy-me\/p\/\" \/>\n<meta property=\"og:locale\" content=\"fr_FR\" \/>\n<meta property=\"og:type\" content=\"article\" \/>\n<meta property=\"og:title\" content=\"Set pour cr\u00e9er divers accessoires avec des perles, des pendentifs et des fils de cuir Trendy Me\" \/>\n<meta property=\"og:description\" content=\"Set pour cr\u00e9er divers accessoires avec des perles, des pendentifs et des fils de cuir Trendy Me\" \/>\n<meta property=\"og:url\" content=\"https:\/\/business.roovi.com\/fr\/set-pour-creer-divers-accessoires-avec-des-perles-des-pendentifs-et-des-fils-de-cuir-trendy-me\/p\/\" \/>\n<meta property=\"og:site_name\" content=\"Roovi B2B\" \/>\n<meta property=\"article:publisher\" content=\"https:\/\/www.facebook.com\/wwwjucariero\" \/>\n<meta property=\"article:modified_time\" content=\"2022-07-13T10:52:32+00:00\" \/>\n<meta property=\"og:image\" content=\"https:\/\/business.roovi.com\/wp-content\/uploads\/2018\/04\/100077_fancy_jewellery.jpg\" \/>\n\t<meta property=\"og:image:width\" content=\"800\" \/>\n\t<meta property=\"og:image:height\" content=\"708\" \/>\n\t<meta property=\"og:image:type\" content=\"image\/jpeg\" \/>\n<script type=\"application\/ld+json\" class=\"yoast-schema-graph\">{\"@context\":\"https:\/\/schema.org\",\"@graph\":[{\"@type\":\"WebPage\",\"@id\":\"https:\/\/business.roovi.com\/fr\/set-pour-creer-divers-accessoires-avec-des-perles-des-pendentifs-et-des-fils-de-cuir-trendy-me\/p\/\",\"url\":\"https:\/\/business.roovi.com\/fr\/set-pour-creer-divers-accessoires-avec-des-perles-des-pendentifs-et-des-fils-de-cuir-trendy-me\/p\/\",\"name\":\"Set pour cr\u00e9er divers accessoires avec des perles, des pendentifs et des fils de cuir Trendy Me\",\"isPartOf\":{\"@id\":\"https:\/\/business.roovi.com\/fr\/#website\"},\"datePublished\":\"2018-04-16T10:56:07+00:00\",\"dateModified\":\"2022-07-13T10:52:32+00:00\",\"description\":\"Set pour cr\u00e9er divers accessoires avec des perles, des pendentifs et des fils de cuir Trendy Me\",\"breadcrumb\":{\"@id\":\"https:\/\/business.roovi.com\/fr\/set-pour-creer-divers-accessoires-avec-des-perles-des-pendentifs-et-des-fils-de-cuir-trendy-me\/p\/#breadcrumb\"},\"inLanguage\":\"fr-FR\",\"potentialAction\":[{\"@type\":\"ReadAction\",\"target\":[\"https:\/\/business.roovi.com\/fr\/set-pour-creer-divers-accessoires-avec-des-perles-des-pendentifs-et-des-fils-de-cuir-trendy-me\/p\/\"]}]},{\"@type\":\"BreadcrumbList\",\"@id\":\"https:\/\/business.roovi.com\/fr\/set-pour-creer-divers-accessoires-avec-des-perles-des-pendentifs-et-des-fils-de-cuir-trendy-me\/p\/#breadcrumb\",\"itemListElement\":[{\"@type\":\"ListItem\",\"position\":1,\"name\":\"Home\",\"item\":\"https:\/\/business.roovi.com\/fr\/\"},{\"@type\":\"ListItem\",\"position\":2,\"name\":\"Boutique\",\"item\":\"https:\/\/business.roovi.com\/fr\/boutique\/\"},{\"@type\":\"ListItem\",\"position\":3,\"name\":\"Set pour cr\u00e9er divers accessoires avec des perles, des pendentifs et des fils de cuir Trendy Me\"}]},{\"@type\":\"WebSite\",\"@id\":\"https:\/\/business.roovi.com\/fr\/#website\",\"url\":\"https:\/\/business.roovi.com\/fr\/\",\"name\":\"Roovi B2B\",\"description\":\"Roovi Business Website\",\"potentialAction\":[{\"@type\":\"SearchAction\",\"target\":{\"@type\":\"EntryPoint\",\"urlTemplate\":\"https:\/\/business.roovi.com\/fr\/?s={search_term_string}\"},\"query-input\":\"required name=search_term_string\"}],\"inLanguage\":\"fr-FR\"}]}<\/script>\n<!-- \/ Yoast SEO plugin. -->","yoast_head_json":{"title":"Set pour cr\u00e9er divers accessoires avec des perles, des pendentifs et des fils de cuir Trendy Me","description":"Set pour cr\u00e9er divers accessoires avec des perles, des pendentifs et des fils de cuir Trendy Me","robots":{"index":"index","follow":"follow","max-snippet":"max-snippet:-1","max-image-preview":"max-image-preview:large","max-video-preview":"max-video-preview:-1"},"canonical":"https:\/\/business.roovi.com\/fr\/set-pour-creer-divers-accessoires-avec-des-perles-des-pendentifs-et-des-fils-de-cuir-trendy-me\/p\/","og_locale":"fr_FR","og_type":"article","og_title":"Set pour cr\u00e9er divers accessoires avec des perles, des pendentifs et des fils de cuir Trendy Me","og_description":"Set pour cr\u00e9er divers accessoires avec des perles, des pendentifs et des fils de cuir Trendy Me","og_url":"https:\/\/business.roovi.com\/fr\/set-pour-creer-divers-accessoires-avec-des-perles-des-pendentifs-et-des-fils-de-cuir-trendy-me\/p\/","og_site_name":"Roovi B2B","article_publisher":"https:\/\/www.facebook.com\/wwwjucariero","article_modified_time":"2022-07-13T10:52:32+00:00","og_image":[{"width":800,"height":708,"url":"https:\/\/business.roovi.com\/wp-content\/uploads\/2018\/04\/100077_fancy_jewellery.jpg","type":"image\/jpeg"}],"schema":{"@context":"https:\/\/schema.org","@graph":[{"@type":"WebPage","@id":"https:\/\/business.roovi.com\/fr\/set-pour-creer-divers-accessoires-avec-des-perles-des-pendentifs-et-des-fils-de-cuir-trendy-me\/p\/","url":"https:\/\/business.roovi.com\/fr\/set-pour-creer-divers-accessoires-avec-des-perles-des-pendentifs-et-des-fils-de-cuir-trendy-me\/p\/","name":"Set pour cr\u00e9er divers accessoires avec des perles, des pendentifs et des fils de cuir Trendy Me","isPartOf":{"@id":"https:\/\/business.roovi.com\/fr\/#website"},"datePublished":"2018-04-16T10:56:07+00:00","dateModified":"2022-07-13T10:52:32+00:00","description":"Set pour cr\u00e9er divers accessoires avec des perles, des pendentifs et des fils de cuir Trendy Me","breadcrumb":{"@id":"https:\/\/business.roovi.com\/fr\/set-pour-creer-divers-accessoires-avec-des-perles-des-pendentifs-et-des-fils-de-cuir-trendy-me\/p\/#breadcrumb"},"inLanguage":"fr-FR","potentialAction":[{"@type":"ReadAction","target":["https:\/\/business.roovi.com\/fr\/set-pour-creer-divers-accessoires-avec-des-perles-des-pendentifs-et-des-fils-de-cuir-trendy-me\/p\/"]}]},{"@type":"BreadcrumbList","@id":"https:\/\/business.roovi.com\/fr\/set-pour-creer-divers-accessoires-avec-des-perles-des-pendentifs-et-des-fils-de-cuir-trendy-me\/p\/#breadcrumb","itemListElement":[{"@type":"ListItem","position":1,"name":"Home","item":"https:\/\/business.roovi.com\/fr\/"},{"@type":"ListItem","position":2,"name":"Boutique","item":"https:\/\/business.roovi.com\/fr\/boutique\/"},{"@type":"ListItem","position":3,"name":"Set pour cr\u00e9er divers accessoires avec des perles, des pendentifs et des fils de cuir Trendy Me"}]},{"@type":"WebSite","@id":"https:\/\/business.roovi.com\/fr\/#website","url":"https:\/\/business.roovi.com\/fr\/","name":"Roovi B2B","description":"Roovi Business Website","potentialAction":[{"@type":"SearchAction","target":{"@type":"EntryPoint","urlTemplate":"https:\/\/business.roovi.com\/fr\/?s={search_term_string}"},"query-input":"required name=search_term_string"}],"inLanguage":"fr-FR"}]}},"_links":{"self":[{"href":"https:\/\/business.roovi.com\/fr\/wp-json\/wp\/v2\/product\/54188","targetHints":{"allow":["GET"]}}],"collection":[{"href":"https:\/\/business.roovi.com\/fr\/wp-json\/wp\/v2\/product"}],"about":[{"href":"https:\/\/business.roovi.com\/fr\/wp-json\/wp\/v2\/types\/product"}],"version-history":[{"count":0,"href":"https:\/\/business.roovi.com\/fr\/wp-json\/wp\/v2\/product\/54188\/revisions"}],"wp:featuredmedia":[{"embeddable":true,"href":"https:\/\/business.roovi.com\/fr\/wp-json\/wp\/v2\/media\/45208"}],"wp:attachment":[{"href":"https:\/\/business.roovi.com\/fr\/wp-json\/wp\/v2\/media?parent=54188"}],"wp:term":[{"taxonomy":"product_brand","embeddable":true,"href":"https:\/\/business.roovi.com\/fr\/wp-json\/wp\/v2\/product_brand?post=54188"},{"taxonomy":"product_cat","embeddable":true,"href":"https:\/\/business.roovi.com\/fr\/wp-json\/wp\/v2\/product_cat?post=54188"},{"taxonomy":"product_tag","embeddable":true,"href":"https:\/\/business.roovi.com\/fr\/wp-json\/wp\/v2\/product_tag?post=54188"}],"curies":[{"name":"wp","href":"https:\/\/api.w.org\/{rel}","templated":true}]}}