{"id":54232,"date":"2018-04-16T10:56:08","date_gmt":"2018-04-16T10:56:08","guid":{"rendered":"https:\/\/business.roovi.com\/joc-scapa-de-lup\/p\/"},"modified":"2022-07-13T10:52:56","modified_gmt":"2022-07-13T10:52:56","slug":"jeu-de-plateau-et-de-strategie-escape-the-wolf","status":"publish","type":"product","link":"https:\/\/business.roovi.com\/fr\/jeu-de-plateau-et-de-strategie-escape-the-wolf\/p\/","title":{"rendered":"Jeu de plateau et de strat\u00e9gie Escape the Wolf"},"content":{"rendered":"<p>D\u00e9barrasse-toi du loup est un jeu de soci\u00e9t\u00e9 aux illustrations super mignonnes pour 2-4 joueurs mettant en sc\u00e8ne de gentils agneaux, des loups affam\u00e9s et des chiens intr\u00e9pides. Comme le dit le dicton : L\u00e0 o\u00f9 il y a de gentils troupeaux, il y a toujours des loups affam\u00e9s. Nos agneaux s&rsquo;abritent dans la bergerie et sont gard\u00e9s par les chiens de berger des joueurs. Les joueurs poss\u00e8dent \u00e9galement un loup, qu&rsquo;ils font entrer dans la bergerie pour attraper leurs proies jusqu&rsquo;\u00e0 ce qu&rsquo;ils en aient assez de 7 agneaux pill\u00e9s. Ou les chiens adverses peuvent-ils les chasser ? Mais que se passe-t-il si le loup de ton adversaire fait des ravages dans le troupeau et parvient \u00e0 rassembler 7 agneaux avant toi ? Quel probl\u00e8me ! <\/p>\n<p>Se d\u00e9barrasser du loup d\u00e9veloppe l&rsquo;attention, la pens\u00e9e strat\u00e9gique, la perspicacit\u00e9 et les comp\u00e9tences sociales. Contenu : 1 plateau de jeu, 60 jetons agneau, 8 pions avec chiens et loups, 12 supports de pions, 2 d\u00e9s, r\u00e8gles du jeu. Recommand\u00e9 pour les enfants de plus de 6 ans.<\/p>\n","protected":false},"excerpt":{"rendered":"<p>D\u00e9barrasse-toi du loup est un jeu de soci\u00e9t\u00e9 aux illustrations super mignonnes pour 2-4 joueurs mettant en sc\u00e8ne de gentils<\/p>\n","protected":false},"featured_media":45595,"template":"","meta":[],"product_brand":[],"product_cat":[2305,2303],"product_tag":[],"class_list":{"0":"post-54232","1":"product","2":"type-product","3":"status-publish","4":"has-post-thumbnail","6":"product_cat-jeux-de-famille","7":"product_cat-jeux-de-societe","8":"pa_brand-d_toys-fr","9":"pa_country_of_manufacture-ro-fr","10":"pa_filter_age-5_7-fr","11":"pa_filter_age-7_9-fr","12":"pa_filter_age-9_14-fr","13":"pa_tip_ambalaj-boite","15":"first","16":"instock","17":"taxable","18":"shipping-taxable","19":"product-type-simple"},"yoast_head":"<!-- This site is optimized with the Yoast SEO plugin v20.1 - https:\/\/yoast.com\/wordpress\/plugins\/seo\/ -->\n<title>Jeu de plateau et de strat\u00e9gie Escape the Wolf<\/title>\n<meta name=\"description\" content=\"Jeu de plateau et de strat\u00e9gie Escape the Wolf\" \/>\n<meta name=\"robots\" content=\"index, follow, max-snippet:-1, max-image-preview:large, max-video-preview:-1\" \/>\n<link rel=\"canonical\" href=\"https:\/\/business.roovi.com\/fr\/jeu-de-plateau-et-de-strategie-escape-the-wolf\/p\/\" \/>\n<meta property=\"og:locale\" content=\"fr_FR\" \/>\n<meta property=\"og:type\" content=\"article\" \/>\n<meta property=\"og:title\" content=\"Jeu de plateau et de strat\u00e9gie Escape the Wolf\" \/>\n<meta property=\"og:description\" content=\"Jeu de plateau et de strat\u00e9gie Escape the Wolf\" \/>\n<meta property=\"og:url\" content=\"https:\/\/business.roovi.com\/fr\/jeu-de-plateau-et-de-strategie-escape-the-wolf\/p\/\" \/>\n<meta property=\"og:site_name\" content=\"Roovi B2B\" \/>\n<meta property=\"article:publisher\" content=\"https:\/\/www.facebook.com\/wwwjucariero\" \/>\n<meta property=\"article:modified_time\" content=\"2022-07-13T10:52:56+00:00\" \/>\n<meta property=\"og:image\" content=\"https:\/\/business.roovi.com\/wp-content\/uploads\/2018\/04\/73686_elo_1.jpg\" \/>\n\t<meta property=\"og:image:width\" content=\"1200\" \/>\n\t<meta property=\"og:image:height\" content=\"1200\" \/>\n\t<meta property=\"og:image:type\" content=\"image\/jpeg\" \/>\n<meta name=\"twitter:label1\" content=\"Dur\u00e9e de lecture estim\u00e9e\" \/>\n\t<meta name=\"twitter:data1\" content=\"1 minute\" \/>\n<script type=\"application\/ld+json\" class=\"yoast-schema-graph\">{\"@context\":\"https:\/\/schema.org\",\"@graph\":[{\"@type\":\"WebPage\",\"@id\":\"https:\/\/business.roovi.com\/fr\/jeu-de-plateau-et-de-strategie-escape-the-wolf\/p\/\",\"url\":\"https:\/\/business.roovi.com\/fr\/jeu-de-plateau-et-de-strategie-escape-the-wolf\/p\/\",\"name\":\"Jeu de plateau et de strat\u00e9gie Escape the Wolf\",\"isPartOf\":{\"@id\":\"https:\/\/business.roovi.com\/fr\/#website\"},\"datePublished\":\"2018-04-16T10:56:08+00:00\",\"dateModified\":\"2022-07-13T10:52:56+00:00\",\"description\":\"Jeu de plateau et de strat\u00e9gie Escape the Wolf\",\"breadcrumb\":{\"@id\":\"https:\/\/business.roovi.com\/fr\/jeu-de-plateau-et-de-strategie-escape-the-wolf\/p\/#breadcrumb\"},\"inLanguage\":\"fr-FR\",\"potentialAction\":[{\"@type\":\"ReadAction\",\"target\":[\"https:\/\/business.roovi.com\/fr\/jeu-de-plateau-et-de-strategie-escape-the-wolf\/p\/\"]}]},{\"@type\":\"BreadcrumbList\",\"@id\":\"https:\/\/business.roovi.com\/fr\/jeu-de-plateau-et-de-strategie-escape-the-wolf\/p\/#breadcrumb\",\"itemListElement\":[{\"@type\":\"ListItem\",\"position\":1,\"name\":\"Home\",\"item\":\"https:\/\/business.roovi.com\/fr\/\"},{\"@type\":\"ListItem\",\"position\":2,\"name\":\"Boutique\",\"item\":\"https:\/\/business.roovi.com\/fr\/boutique\/\"},{\"@type\":\"ListItem\",\"position\":3,\"name\":\"Jeu de plateau et de strat\u00e9gie Escape the Wolf\"}]},{\"@type\":\"WebSite\",\"@id\":\"https:\/\/business.roovi.com\/fr\/#website\",\"url\":\"https:\/\/business.roovi.com\/fr\/\",\"name\":\"Roovi B2B\",\"description\":\"Roovi Business Website\",\"potentialAction\":[{\"@type\":\"SearchAction\",\"target\":{\"@type\":\"EntryPoint\",\"urlTemplate\":\"https:\/\/business.roovi.com\/fr\/?s={search_term_string}\"},\"query-input\":\"required name=search_term_string\"}],\"inLanguage\":\"fr-FR\"}]}<\/script>\n<!-- \/ Yoast SEO plugin. -->","yoast_head_json":{"title":"Jeu de plateau et de strat\u00e9gie Escape the Wolf","description":"Jeu de plateau et de strat\u00e9gie Escape the Wolf","robots":{"index":"index","follow":"follow","max-snippet":"max-snippet:-1","max-image-preview":"max-image-preview:large","max-video-preview":"max-video-preview:-1"},"canonical":"https:\/\/business.roovi.com\/fr\/jeu-de-plateau-et-de-strategie-escape-the-wolf\/p\/","og_locale":"fr_FR","og_type":"article","og_title":"Jeu de plateau et de strat\u00e9gie Escape the Wolf","og_description":"Jeu de plateau et de strat\u00e9gie Escape the Wolf","og_url":"https:\/\/business.roovi.com\/fr\/jeu-de-plateau-et-de-strategie-escape-the-wolf\/p\/","og_site_name":"Roovi B2B","article_publisher":"https:\/\/www.facebook.com\/wwwjucariero","article_modified_time":"2022-07-13T10:52:56+00:00","og_image":[{"width":1200,"height":1200,"url":"https:\/\/business.roovi.com\/wp-content\/uploads\/2018\/04\/73686_elo_1.jpg","type":"image\/jpeg"}],"twitter_misc":{"Dur\u00e9e de lecture estim\u00e9e":"1 minute"},"schema":{"@context":"https:\/\/schema.org","@graph":[{"@type":"WebPage","@id":"https:\/\/business.roovi.com\/fr\/jeu-de-plateau-et-de-strategie-escape-the-wolf\/p\/","url":"https:\/\/business.roovi.com\/fr\/jeu-de-plateau-et-de-strategie-escape-the-wolf\/p\/","name":"Jeu de plateau et de strat\u00e9gie Escape the Wolf","isPartOf":{"@id":"https:\/\/business.roovi.com\/fr\/#website"},"datePublished":"2018-04-16T10:56:08+00:00","dateModified":"2022-07-13T10:52:56+00:00","description":"Jeu de plateau et de strat\u00e9gie Escape the Wolf","breadcrumb":{"@id":"https:\/\/business.roovi.com\/fr\/jeu-de-plateau-et-de-strategie-escape-the-wolf\/p\/#breadcrumb"},"inLanguage":"fr-FR","potentialAction":[{"@type":"ReadAction","target":["https:\/\/business.roovi.com\/fr\/jeu-de-plateau-et-de-strategie-escape-the-wolf\/p\/"]}]},{"@type":"BreadcrumbList","@id":"https:\/\/business.roovi.com\/fr\/jeu-de-plateau-et-de-strategie-escape-the-wolf\/p\/#breadcrumb","itemListElement":[{"@type":"ListItem","position":1,"name":"Home","item":"https:\/\/business.roovi.com\/fr\/"},{"@type":"ListItem","position":2,"name":"Boutique","item":"https:\/\/business.roovi.com\/fr\/boutique\/"},{"@type":"ListItem","position":3,"name":"Jeu de plateau et de strat\u00e9gie Escape the Wolf"}]},{"@type":"WebSite","@id":"https:\/\/business.roovi.com\/fr\/#website","url":"https:\/\/business.roovi.com\/fr\/","name":"Roovi B2B","description":"Roovi Business Website","potentialAction":[{"@type":"SearchAction","target":{"@type":"EntryPoint","urlTemplate":"https:\/\/business.roovi.com\/fr\/?s={search_term_string}"},"query-input":"required name=search_term_string"}],"inLanguage":"fr-FR"}]}},"_links":{"self":[{"href":"https:\/\/business.roovi.com\/fr\/wp-json\/wp\/v2\/product\/54232","targetHints":{"allow":["GET"]}}],"collection":[{"href":"https:\/\/business.roovi.com\/fr\/wp-json\/wp\/v2\/product"}],"about":[{"href":"https:\/\/business.roovi.com\/fr\/wp-json\/wp\/v2\/types\/product"}],"version-history":[{"count":0,"href":"https:\/\/business.roovi.com\/fr\/wp-json\/wp\/v2\/product\/54232\/revisions"}],"wp:featuredmedia":[{"embeddable":true,"href":"https:\/\/business.roovi.com\/fr\/wp-json\/wp\/v2\/media\/45595"}],"wp:attachment":[{"href":"https:\/\/business.roovi.com\/fr\/wp-json\/wp\/v2\/media?parent=54232"}],"wp:term":[{"taxonomy":"product_brand","embeddable":true,"href":"https:\/\/business.roovi.com\/fr\/wp-json\/wp\/v2\/product_brand?post=54232"},{"taxonomy":"product_cat","embeddable":true,"href":"https:\/\/business.roovi.com\/fr\/wp-json\/wp\/v2\/product_cat?post=54232"},{"taxonomy":"product_tag","embeddable":true,"href":"https:\/\/business.roovi.com\/fr\/wp-json\/wp\/v2\/product_tag?post=54232"}],"curies":[{"name":"wp","href":"https:\/\/api.w.org\/{rel}","templated":true}]}}